{"id":6218,"date":"2022-02-22T11:49:46","date_gmt":"2022-02-22T10:49:46","guid":{"rendered":"https:\/\/liftingfx.girafdev.comprodotto\/01b5-gru-girevole-360-gradi-500kg-salita-e-discesa-elettrica-singola-velocita\/"},"modified":"2025-08-04T09:36:31","modified_gmt":"2025-08-04T07:36:31","slug":"01b5-500-kg-guindaste-movel-giratorio-360-elevacao-e-abaixamento-eletricos-de-velocidade-unica","status":"publish","type":"product","link":"https:\/\/liftingfx.girafdev.com\/pt-pt\/product\/01b5-500-kg-guindaste-movel-giratorio-360-elevacao-e-abaixamento-eletricos-de-velocidade-unica\/","title":{"rendered":"01B5 GUINDASTE HIDR\u00c1ULICO SEMI-EL\u00c9TRICO"},"content":{"rendered":"<p><b>O modelo 01B5 permite levantar e movimentar cargas de at\u00e9 500 kg.<\/b><span style=\"font-weight: 400\">\u00a0<\/span><b>Guindaste m\u00f3vel girat\u00f3rio 360\u00b0<\/b><span style=\"font-weight: 400\">\u00a0com rota\u00e7\u00e3o livre ou bloque\u00e1vel a cada 30\u00b0. Existem 2 al\u00e7as para tornar a rota\u00e7\u00e3o f\u00e1cil e suave. Equipado com 2 rodas girat\u00f3rias de alta capacidade com suportes de p\u00e1ra-choques e freios de estacionamento e com 2 rodas dianteiras fixas com rolamentos. Estrutura inteiramente em a\u00e7o pintado equipado na base com 2 suportes \u00fateis para empilhador (para levantar e transportar a grua para viagens longas com total seguran\u00e7a).\u00a0<\/span><\/p>\n<p><b>A eleva\u00e7\u00e3o e abaixamento do bra\u00e7o s\u00e3o el\u00e9tricas e com velocidade \u00fanica n\u00e3o ajust\u00e1vel. Controles operados por botoeira<\/b><span style=\"font-weight: 400\">\u00a0<\/span><b>pendente equipada com controle de parada de emerg\u00eancia.<\/b><span style=\"font-weight: 400\">\u00a0<\/span><\/p>\n<p><span style=\"font-weight: 400\">O sistema hidr\u00e1ulico est\u00e1 equipado com uma v\u00e1lvula de bloqueio que evita a queda da carga em caso de ruptura acidental das tubagens e uma v\u00e1lvula de al\u00edvio que evita a sobrecarga da grua.\u00a0<\/span><\/p>\n<p><span style=\"font-weight: 400\">A lan\u00e7a pode ser estendida em 4 posi\u00e7\u00f5es e 3 tipos de extens\u00f5es est\u00e3o dispon\u00edveis (opcional) para atingir at\u00e9 2050 mm de comprimento.<\/span><\/p>\n<p>Alimentado por bateria selada AGM sem manuten\u00e7\u00e3o, este guindaste tamb\u00e9m pode ser equipado com bateria de l\u00edtio. <b>Carregador de bateria externo. <\/b><\/p>\n<p><span style=\"font-weight: 400\">Gancho girat\u00f3rio com trava de seguran\u00e7a.\u00a0<\/span><\/p>\n<p><b>Display multifuncional que mostra o n\u00edvel de carga, tens\u00e3o da bateria e contador de horas de opera\u00e7\u00e3o.<\/b><\/p>\n","protected":false},"excerpt":{"rendered":"<p><span data-sheets-root=\"1\">CAPACIDADE DE ELEVA\u00c7\u00c3O<\/span> 500 KG<\/p>\n","protected":false},"featured_media":313417,"template":"","meta":{"_acf_changed":false,"_et_pb_use_builder":"","_et_pb_old_content":"","_et_gb_content_width":""},"product_brand":[],"product_cat":[338],"product_tag":[],"class_list":{"0":"post-6218","1":"product","2":"type-product","3":"status-publish","4":"has-post-thumbnail","6":"product_cat-guindaste-de-tracao-manual-giratorio-de-360","7":"pa_portata-max-kg-500-pt-pt-2","9":"first","10":"instock","11":"shipping-taxable","12":"product-type-simple"},"acf":[],"gallery_images":[313417,313447,313437,313427,313407,313397],"_links":{"self":[{"href":"https:\/\/liftingfx.girafdev.com\/pt-pt\/wp-json\/wp\/v2\/product\/6218","targetHints":{"allow":["GET"]}}],"collection":[{"href":"https:\/\/liftingfx.girafdev.com\/pt-pt\/wp-json\/wp\/v2\/product"}],"about":[{"href":"https:\/\/liftingfx.girafdev.com\/pt-pt\/wp-json\/wp\/v2\/types\/product"}],"wp:featuredmedia":[{"embeddable":true,"href":"https:\/\/liftingfx.girafdev.com\/pt-pt\/wp-json\/wp\/v2\/media\/313417"}],"wp:attachment":[{"href":"https:\/\/liftingfx.girafdev.com\/pt-pt\/wp-json\/wp\/v2\/media?parent=6218"}],"wp:term":[{"taxonomy":"product_brand","embeddable":true,"href":"https:\/\/liftingfx.girafdev.com\/pt-pt\/wp-json\/wp\/v2\/product_brand?post=6218"},{"taxonomy":"product_cat","embeddable":true,"href":"https:\/\/liftingfx.girafdev.com\/pt-pt\/wp-json\/wp\/v2\/product_cat?post=6218"},{"taxonomy":"product_tag","embeddable":true,"href":"https:\/\/liftingfx.girafdev.com\/pt-pt\/wp-json\/wp\/v2\/product_tag?post=6218"}],"curies":[{"name":"wp","href":"https:\/\/api.w.org\/{rel}","templated":true}]}}