{"id":6217,"date":"2022-02-22T12:04:00","date_gmt":"2022-02-22T11:04:00","guid":{"rendered":"https:\/\/liftingfx.girafdev.comprodotto\/01b2p-200-kg-gru-girevole-360-discesa-elettrica-velocita-regolabile\/"},"modified":"2025-08-04T09:36:48","modified_gmt":"2025-08-04T07:36:48","slug":"01b2p-200-kg-mini-guindaste-portatil-360-abaixamento-eletrico-com-velocidade-ajustavel","status":"publish","type":"product","link":"https:\/\/liftingfx.girafdev.com\/pt-pt\/product\/01b2p-200-kg-mini-guindaste-portatil-360-abaixamento-eletrico-com-velocidade-ajustavel\/","title":{"rendered":"01B2P GRUA DE CONTRAPESO"},"content":{"rendered":"<p><b>O modelo 01B2P permite levantar e movimentar cargas de at\u00e9 200 kg.<\/b><span style=\"font-weight: 400\">\u00a0<\/span><b>Mini guindaste port\u00e1til 360\u00b0<\/b><span style=\"font-weight: 400\">\u00a0com rota\u00e7\u00e3o livre ou bloque\u00e1vel a cada 30\u00b0. Existem 2 al\u00e7as para tornar a rota\u00e7\u00e3o f\u00e1cil e suave. Gra\u00e7as \u00e0 largura de apenas 780 mm, \u00e9 um guindaste extremamente manobr\u00e1vel, mesmo em espa\u00e7os confinados. Equipado com 2 rodas girat\u00f3rias de alta capacidade com suportes de p\u00e1ra-choques e freios de estacionamento e com 2 rodas dianteiras fixas com rolamentos. Estrutura inteiramente em a\u00e7o pintado equipado na base com 2 suportes \u00fateis para empilhador (para levantar e transportar a grua para viagens longas com total seguran\u00e7a).\u00a0<\/span><\/p>\n<p><b>O mini guindaste port\u00e1til 01B2P est\u00e1 equipado com uma esta\u00e7\u00e3o de controle pendente<\/b><span style=\"font-weight: 400\">\u00a0<\/span><b>que permite a eleva\u00e7\u00e3o do bra\u00e7o em velocidade \u00fanica e a descida em velocidade ajust\u00e1vel.<\/b><span style=\"font-weight: 400\">\u00a0<\/span><b>A descida milimetricamente ajust\u00e1vel \u00e9 um requisito fundamental quando se exige grande precis\u00e3o no posicionamento da carga.<\/b><span style=\"font-weight: 400\">\u00a0<\/span><\/p>\n<p><span style=\"font-weight: 400\">O sistema hidr\u00e1ulico est\u00e1 equipado com uma v\u00e1lvula de bloqueio que evita a queda da carga em caso de ruptura acidental das tubagens e uma v\u00e1lvula de al\u00edvio que evita a sobrecarga da grua.\u00a0<\/span><\/p>\n<p><span style=\"font-weight: 400\">A lan\u00e7a pode ser estendida em 4 posi\u00e7\u00f5es e 3 tipos de extens\u00f5es est\u00e3o dispon\u00edveis (opcional) para atingir at\u00e9 2050 mm de comprimento.<\/span><\/p>\n<p>Alimentado por bateria selada AGM sem manuten\u00e7\u00e3o, este guindaste tamb\u00e9m pode ser equipado com bateria de l\u00edtio. <b>Carregador de bateria externo. <\/b><\/p>\n<p><span style=\"font-weight: 400\">Gancho girat\u00f3rio com trava de seguran\u00e7a.<\/span><\/p>\n<p><b>Display multifuncional que mostra o n\u00edvel de carga, tens\u00e3o da bateria e contador de horas de opera\u00e7\u00e3o.<\/b><\/p>\n","protected":false},"excerpt":{"rendered":"<p><span data-sheets-root=\"1\">CAPACIDADE DE ELEVA\u00c7\u00c3O<\/span> 200 KG<\/p>\n","protected":false},"featured_media":317341,"template":"","meta":{"_acf_changed":false,"_et_pb_use_builder":"","_et_pb_old_content":"","_et_gb_content_width":""},"product_brand":[],"product_cat":[338],"product_tag":[],"class_list":{"0":"post-6217","1":"product","2":"type-product","3":"status-publish","4":"has-post-thumbnail","6":"product_cat-guindaste-de-tracao-manual-giratorio-de-360","7":"pa_portata-max-kg-200-pt-pt-2","9":"first","10":"instock","11":"shipping-taxable","12":"product-type-simple"},"acf":[],"gallery_images":[317334,317398,317384,317374,317354,317344],"_links":{"self":[{"href":"https:\/\/liftingfx.girafdev.com\/pt-pt\/wp-json\/wp\/v2\/product\/6217","targetHints":{"allow":["GET"]}}],"collection":[{"href":"https:\/\/liftingfx.girafdev.com\/pt-pt\/wp-json\/wp\/v2\/product"}],"about":[{"href":"https:\/\/liftingfx.girafdev.com\/pt-pt\/wp-json\/wp\/v2\/types\/product"}],"wp:featuredmedia":[{"embeddable":true,"href":"https:\/\/liftingfx.girafdev.com\/pt-pt\/wp-json\/wp\/v2\/media\/317341"}],"wp:attachment":[{"href":"https:\/\/liftingfx.girafdev.com\/pt-pt\/wp-json\/wp\/v2\/media?parent=6217"}],"wp:term":[{"taxonomy":"product_brand","embeddable":true,"href":"https:\/\/liftingfx.girafdev.com\/pt-pt\/wp-json\/wp\/v2\/product_brand?post=6217"},{"taxonomy":"product_cat","embeddable":true,"href":"https:\/\/liftingfx.girafdev.com\/pt-pt\/wp-json\/wp\/v2\/product_cat?post=6217"},{"taxonomy":"product_tag","embeddable":true,"href":"https:\/\/liftingfx.girafdev.com\/pt-pt\/wp-json\/wp\/v2\/product_tag?post=6217"}],"curies":[{"name":"wp","href":"https:\/\/api.w.org\/{rel}","templated":true}]}}