{"id":6214,"date":"2022-02-22T14:14:49","date_gmt":"2022-02-22T13:14:49","guid":{"rendered":"https:\/\/liftingfx.girafdev.comprodotto\/gru-a-trazione-manuale-01b5se-500kg-salita-discesa-e-sfilo-elettrici\/"},"modified":"2025-08-04T09:45:03","modified_gmt":"2025-08-04T07:45:03","slug":"01b5se-500-kg-guindaste-contrapesado-elevacao-descida-extensao-retracao-eletrica","status":"publish","type":"product","link":"https:\/\/liftingfx.girafdev.com\/pt-pt\/product\/01b5se-500-kg-guindaste-contrapesado-elevacao-descida-extensao-retracao-eletrica\/","title":{"rendered":"01B5SE_1000 GUINDASTE INDUSTRIAL M\u00d3VEL"},"content":{"rendered":"<p><b>O modelo 01B5SE_1000 permite levantar e movimentar cargas de at\u00e9 500 kg.<\/b><span style=\"font-weight: 400\">\u00a0Guindaste contrapesado giro de 360\u00b0 com rota\u00e7\u00e3o livre ou bloque\u00e1vel a cada 30\u00b0. Existem 2 al\u00e7as para tornar a rota\u00e7\u00e3o f\u00e1cil e suave. Uma extens\u00e3o de bra\u00e7o est\u00e1 dispon\u00edvel (opcional) para atingir at\u00e9 <\/span><b>1910 mm de comprimento.\u00a0<\/b><\/p>\n<p><span style=\"font-weight: 400\">As dimens\u00f5es totais frontais de apenas 980 mm tornam este guindaste com contrapeso a solu\u00e7\u00e3o ideal para uso em espa\u00e7os confinados Estrutura inteiramente em a\u00e7o pintado equipado na base com 2 suportes \u00fateis para empilhador (para levantar e transportar a grua para viagens longas com total seguran\u00e7a). Equipado com 2 rodas girat\u00f3rias de alta capacidade com suportes de p\u00e1ra-choques e freios de estacionamento e com 2 rodas dianteiras fixas com rolamentos.\u00a0<\/span><\/p>\n<p><b>O guindaste 01B5SE_1000 est\u00e1 equipado com um bra\u00e7o el\u00e9trico.<\/b><span style=\"font-weight: 400\">\u00a0<\/span><b>Os movimentos do bra\u00e7o ( eleva\u00e7\u00e3o, abaixamento, extens\u00e3o e retra\u00e7\u00e3o) s\u00e3o acionados atrav\u00e9s de uma alavanca conectada a um distribuidor de 4 fun\u00e7\u00f5es.<\/b><\/p>\n<p><b>Todos os movimentos s\u00e3o control\u00e1veis <\/b><b>\u200b\u200b<\/b><b>milimetricamente gra\u00e7as \u00e0 velocidade ajust\u00e1vel e permitem grande precis\u00e3o no posicionamento da carga.<\/b><span style=\"font-weight: 400\">\u00a0<\/span><\/p>\n<p><span style=\"font-weight: 400\">O sistema hidr\u00e1ulico est\u00e1 equipado com uma v\u00e1lvula de bloqueio que evita a queda da carga em caso de ruptura acidental das tubagens e uma v\u00e1lvula de al\u00edvio que evita a sobrecarga da grua.\u00a0<\/span><\/p>\n<p>Alimentado por bateria selada AGM sem manuten\u00e7\u00e3o, este guindaste tamb\u00e9m pode ser equipado com bateria de l\u00edtio. <span style=\"font-weight: 400\">Carregador de bateria externo.<\/span><b> <\/b><\/p>\n<p><b>Display multifuncional que mostra o n\u00edvel de carga, tens\u00e3o da bateria e contador de horas de opera\u00e7\u00e3o.<\/b><\/p>\n<p><span style=\"font-weight: 400\">O guindaste 01B5SE_1000, gra\u00e7as ao seu giro de 360\u00b0, \u00e9 o modelo mais utilizado por nossos clientes para movimenta\u00e7\u00e3o de cargas do solo em m\u00e1quinas CNC, tornos e em todas as aplica\u00e7\u00f5es em espa\u00e7os confinados onde n\u00e3o \u00e9 poss\u00edvel movimentar a carga com empilhadeira ou outros equipamentos de eleva\u00e7\u00e3o de grande porte.<\/span><\/p>\n","protected":false},"excerpt":{"rendered":"<p><span data-sheets-root=\"1\">CAPACIDADE DE ELEVA\u00c7\u00c3O<\/span> 500 KG<\/p>\n","protected":false},"featured_media":286870,"template":"","meta":{"_acf_changed":false,"_et_pb_use_builder":"","_et_pb_old_content":"","_et_gb_content_width":""},"product_brand":[],"product_cat":[338],"product_tag":[],"class_list":{"0":"post-6214","1":"product","2":"type-product","3":"status-publish","4":"has-post-thumbnail","6":"product_cat-guindaste-de-tracao-manual-giratorio-de-360","7":"pa_portata-max-kg-500-pt-pt-2","9":"first","10":"instock","11":"shipping-taxable","12":"product-type-simple"},"acf":[],"gallery_images":[286870,283374,286890,306631,306651,286830],"_links":{"self":[{"href":"https:\/\/liftingfx.girafdev.com\/pt-pt\/wp-json\/wp\/v2\/product\/6214","targetHints":{"allow":["GET"]}}],"collection":[{"href":"https:\/\/liftingfx.girafdev.com\/pt-pt\/wp-json\/wp\/v2\/product"}],"about":[{"href":"https:\/\/liftingfx.girafdev.com\/pt-pt\/wp-json\/wp\/v2\/types\/product"}],"wp:featuredmedia":[{"embeddable":true,"href":"https:\/\/liftingfx.girafdev.com\/pt-pt\/wp-json\/wp\/v2\/media\/286870"}],"wp:attachment":[{"href":"https:\/\/liftingfx.girafdev.com\/pt-pt\/wp-json\/wp\/v2\/media?parent=6214"}],"wp:term":[{"taxonomy":"product_brand","embeddable":true,"href":"https:\/\/liftingfx.girafdev.com\/pt-pt\/wp-json\/wp\/v2\/product_brand?post=6214"},{"taxonomy":"product_cat","embeddable":true,"href":"https:\/\/liftingfx.girafdev.com\/pt-pt\/wp-json\/wp\/v2\/product_cat?post=6214"},{"taxonomy":"product_tag","embeddable":true,"href":"https:\/\/liftingfx.girafdev.com\/pt-pt\/wp-json\/wp\/v2\/product_tag?post=6214"}],"curies":[{"name":"wp","href":"https:\/\/api.w.org\/{rel}","templated":true}]}}