{"id":6213,"date":"2022-02-22T14:32:27","date_gmt":"2022-02-22T13:32:27","guid":{"rendered":"https:\/\/liftingfx.girafdev.comprodotto\/gru-contrappesata-da-1000kg-salita-e-discesa-manuale\/"},"modified":"2025-07-03T08:46:55","modified_gmt":"2025-07-03T06:46:55","slug":"equipamento-de-elevacao-para-cargas-ate-1-000-kg-elevacao-descida-manual","status":"publish","type":"product","link":"https:\/\/liftingfx.girafdev.com\/pt-pt\/product\/equipamento-de-elevacao-para-cargas-ate-1-000-kg-elevacao-descida-manual\/","title":{"rendered":"GZ1000 GRUA DE OFICINA PROFISSIONAL"},"content":{"rendered":"<p><span style=\"font-weight: 400;\">O <\/span><b>guindaste contrabalan\u00e7ado modelo GZ1000<\/b><span style=\"font-weight: 400;\"> \u00e9 um equipamento m\u00f3vel compacto projetado para <\/span><b>eleva\u00e7\u00e3o de cargas de at\u00e9 1000 kg<\/b><span style=\"font-weight: 400;\">. Este tipo de grua \u00e9 ideal para utiliza\u00e7\u00e3o em ambientes industriais ou log\u00edsticos, onde \u00e9 necess\u00e1ria uma <\/span><b>solu\u00e7\u00e3o de eleva\u00e7\u00e3o m\u00f3vel e flex\u00edvel.<\/b><\/p>\n<p><span style=\"font-weight: 400;\">\u00c9 equipado com um volante com rodas de nylon de 200 mm de di\u00e2metro, o que permite que o guindaste seja facilmente dirigido sobre si mesmo. Este detalhe oferece grande facilidade de movimento e posicionamento mesmo em \u00e1reas restritas, gra\u00e7as tamb\u00e9m \u00e0 pegada frontal de 800 mm.<\/span><\/p>\n<p><span style=\"font-weight: 400;\">Estrutura totalmente em a\u00e7o pintado, equipada com dois pr\u00e1ticos suportes na base, ideais para levantar e transportar a grua em longas dist\u00e2ncias com empilhador. A eleva\u00e7\u00e3o do bra\u00e7o \u00e9 realizada atrav\u00e9s de uma bomba manual de dupla a\u00e7\u00e3o e o abaixamento da carga ocorre de forma ajust\u00e1vel, gra\u00e7as \u00e0 rota\u00e7\u00e3o de um bot\u00e3o ergon\u00f4mico, que permite um controle preciso da velocidade.<\/span><\/p>\n<p><span style=\"font-weight: 400;\">O sistema hidr\u00e1ulico est\u00e1 equipado com uma v\u00e1lvula de bloqueio que impede a descida da carga em caso de ruptura acidental das tubagens e uma v\u00e1lvula de seguran\u00e7a que protege a grua contra sobrecargas.<\/span><\/p>\n<p><span style=\"font-weight: 400;\">O bra\u00e7o \u00e9 ajust\u00e1vel em quatro posi\u00e7\u00f5es diferentes e, gra\u00e7as a uma extens\u00e3o opcional, \u00e9 poss\u00edvel <\/span><b>atingir um cantilever de at\u00e9 2.000 mm no m\u00e1ximo<\/b><span style=\"font-weight: 400;\">.<\/span><\/p>\n<p><span style=\"font-weight: 400;\">Esta grua \u00e9 particularmente adequada para a <\/span><b>montagem e desmontagem de pe\u00e7as mec\u00e2nica<\/b><span style=\"font-weight: 400;\">s que requerem manuten\u00e7\u00e3o frequente e <\/span><b>montagem de componentes em m\u00e1quinas industriais<\/b><span style=\"font-weight: 400;\">. A grua GZ 1000 facilita estas opera\u00e7\u00f5es, reduzindo a carga f\u00edsica de trabalho e permitindo interven\u00e7\u00f5es r\u00e1pidas e seguras.<\/span><\/p>\n","protected":false},"excerpt":{"rendered":"<p>CAPACIDADE DE ELEVA\u00c7\u00c3O 1000 KG<\/p>\n","protected":false},"featured_media":16270,"template":"","meta":{"_acf_changed":false,"_et_pb_use_builder":"","_et_pb_old_content":"","_et_gb_content_width":""},"product_brand":[],"product_cat":[337],"product_tag":[],"class_list":{"0":"post-6213","1":"product","2":"type-product","3":"status-publish","4":"has-post-thumbnail","6":"product_cat-guindaste-de-tracao-manual-de-grande-capacidade","7":"pa_portata-max-kg-1000-pt-pt-2","9":"first","10":"instock","11":"shipping-taxable","12":"product-type-simple"},"acf":[],"gallery_images":[288666,288656,288686,306684,306704,306694],"_links":{"self":[{"href":"https:\/\/liftingfx.girafdev.com\/pt-pt\/wp-json\/wp\/v2\/product\/6213","targetHints":{"allow":["GET"]}}],"collection":[{"href":"https:\/\/liftingfx.girafdev.com\/pt-pt\/wp-json\/wp\/v2\/product"}],"about":[{"href":"https:\/\/liftingfx.girafdev.com\/pt-pt\/wp-json\/wp\/v2\/types\/product"}],"wp:featuredmedia":[{"embeddable":true,"href":"https:\/\/liftingfx.girafdev.com\/pt-pt\/wp-json\/wp\/v2\/media\/16270"}],"wp:attachment":[{"href":"https:\/\/liftingfx.girafdev.com\/pt-pt\/wp-json\/wp\/v2\/media?parent=6213"}],"wp:term":[{"taxonomy":"product_brand","embeddable":true,"href":"https:\/\/liftingfx.girafdev.com\/pt-pt\/wp-json\/wp\/v2\/product_brand?post=6213"},{"taxonomy":"product_cat","embeddable":true,"href":"https:\/\/liftingfx.girafdev.com\/pt-pt\/wp-json\/wp\/v2\/product_cat?post=6213"},{"taxonomy":"product_tag","embeddable":true,"href":"https:\/\/liftingfx.girafdev.com\/pt-pt\/wp-json\/wp\/v2\/product_tag?post=6213"}],"curies":[{"name":"wp","href":"https:\/\/api.w.org\/{rel}","templated":true}]}}