{"id":6212,"date":"2022-02-22T14:49:12","date_gmt":"2022-02-22T13:49:12","guid":{"rendered":"https:\/\/liftingfx.girafdev.comprodotto\/gz1000bp-gru-contrappesata-da-1000kg-con-discesa-elettrica-a-velocita-regolabile\/"},"modified":"2025-08-04T09:47:34","modified_gmt":"2025-08-04T07:47:34","slug":"gz1000bp-equipamento-de-elevacao-movel-para-cargas-ate-1-000-kg","status":"publish","type":"product","link":"https:\/\/liftingfx.girafdev.com\/pt-pt\/product\/gz1000bp-equipamento-de-elevacao-movel-para-cargas-ate-1-000-kg\/","title":{"rendered":"GZ1000BP GRUA INDUSTRIAL COM CONTRAPESO"},"content":{"rendered":"<p><b>O equipamento de eleva\u00e7\u00e3o m\u00f3vel , modelo GZ1000BP mini guindaste profissional, permite levantar e movimentar cargas at\u00e9 1.000 kg.<\/b><span style=\"font-weight: 400\">\u00a0Este modelo \u00e9 facilmente manobr\u00e1vel em absoluta seguran\u00e7a, mesmo em corredores e espa\u00e7os estreitos, gra\u00e7as a: dimens\u00f5es frontais de apenas 800mm, volante manual articulado com mola a g\u00e1s e rodas duplas \u00d8 200mm com rolamentos de esferas e sistema de freio, rodas dianteiras de \u00d8 250mm com rolamentos de esferas.<\/span><\/p>\n<p><span style=\"font-weight: 400\">Estrutura inteiramente em a\u00e7o pintado equipado na base com 2 suportes \u00fateis para empilhador (para levantar e transportar a grua para viagens longas com total seguran\u00e7a).<\/span><\/p>\n<p><b>O mini guindaste port\u00e1til GZ1000BP est\u00e1 equipado com uma esta\u00e7\u00e3o de controle pendente<\/b><span style=\"font-weight: 400\">\u00a0<\/span><b>que permite a eleva\u00e7\u00e3o do bra\u00e7o em velocidade \u00fanica e a descida em velocidade ajust\u00e1vel.<\/b><span style=\"font-weight: 400\">\u00a0<\/span><b>A descida milimetricamente ajust\u00e1vel \u00e9 um requisito fundamental quando se exige grande precis\u00e3o no posicionamento da carga.<\/b><span style=\"font-weight: 400\">\u00a0<\/span><\/p>\n<p><span style=\"font-weight: 400\">O sistema hidr\u00e1ulico est\u00e1 equipado com uma v\u00e1lvula de bloqueio que evita a queda da carga em caso de ruptura acidental das tubagens e uma v\u00e1lvula de al\u00edvio que evita a sobrecarga da grua. A lan\u00e7a pode ser estendida em 4 posi\u00e7\u00f5es e uma extens\u00e3o est\u00e1 dispon\u00edvel (opcional) para atingir at\u00e9 2000 mm de comprimento.\u00a0<\/span><\/p>\n<p>Alimentado por bateria selada AGM sem manuten\u00e7\u00e3o, este guindaste tamb\u00e9m pode ser equipado com bateria de l\u00edtio. <span style=\"font-weight: 400\">Carregador de bateria externo.\u00a0<\/span><\/p>\n<p><b>Display multifuncional que mostra o n\u00edvel de carga, tens\u00e3o da bateria e contador de horas de opera\u00e7\u00e3o.<\/b><\/p>\n<p><span style=\"font-weight: 400\">A grua GZ1000BP representa uma solu\u00e7\u00e3o ideal para a preven\u00e7\u00e3o e seguran\u00e7a dos operadores na movimenta\u00e7\u00e3o de qualquer tipo de carga.<\/span><\/p>\n","protected":false},"excerpt":{"rendered":"<p><span data-sheets-root=\"1\">CAPACIDADE DE ELEVA\u00c7\u00c3O<\/span> 1000 KG<\/p>\n","protected":false},"featured_media":16280,"template":"","meta":{"_acf_changed":false,"_et_pb_use_builder":"","_et_pb_old_content":"","_et_gb_content_width":""},"product_brand":[],"product_cat":[337],"product_tag":[],"class_list":{"0":"post-6212","1":"product","2":"type-product","3":"status-publish","4":"has-post-thumbnail","6":"product_cat-guindaste-de-tracao-manual-de-grande-capacidade","7":"pa_portata-max-kg-1000-pt-pt-2","9":"first","10":"instock","11":"shipping-taxable","12":"product-type-simple"},"acf":[],"gallery_images":[287707,287727,287757,287767,287717,287737,287747],"_links":{"self":[{"href":"https:\/\/liftingfx.girafdev.com\/pt-pt\/wp-json\/wp\/v2\/product\/6212","targetHints":{"allow":["GET"]}}],"collection":[{"href":"https:\/\/liftingfx.girafdev.com\/pt-pt\/wp-json\/wp\/v2\/product"}],"about":[{"href":"https:\/\/liftingfx.girafdev.com\/pt-pt\/wp-json\/wp\/v2\/types\/product"}],"wp:featuredmedia":[{"embeddable":true,"href":"https:\/\/liftingfx.girafdev.com\/pt-pt\/wp-json\/wp\/v2\/media\/16280"}],"wp:attachment":[{"href":"https:\/\/liftingfx.girafdev.com\/pt-pt\/wp-json\/wp\/v2\/media?parent=6212"}],"wp:term":[{"taxonomy":"product_brand","embeddable":true,"href":"https:\/\/liftingfx.girafdev.com\/pt-pt\/wp-json\/wp\/v2\/product_brand?post=6212"},{"taxonomy":"product_cat","embeddable":true,"href":"https:\/\/liftingfx.girafdev.com\/pt-pt\/wp-json\/wp\/v2\/product_cat?post=6212"},{"taxonomy":"product_tag","embeddable":true,"href":"https:\/\/liftingfx.girafdev.com\/pt-pt\/wp-json\/wp\/v2\/product_tag?post=6212"}],"curies":[{"name":"wp","href":"https:\/\/api.w.org\/{rel}","templated":true}]}}