{"id":6211,"date":"2022-02-22T15:05:37","date_gmt":"2022-02-22T14:05:37","guid":{"rendered":"https:\/\/liftingfx.girafdev.comprodotto\/gz1000b-gru-contrappesata-da-1000kg-con-salita-e-discesa-elettrica-a-singola-velocita\/"},"modified":"2025-08-04T09:45:38","modified_gmt":"2025-08-04T07:45:38","slug":"gz1000b-dispositivo-de-elevacao-para-cargas-de-1000-kg","status":"publish","type":"product","link":"https:\/\/liftingfx.girafdev.com\/pt-pt\/product\/gz1000b-dispositivo-de-elevacao-para-cargas-de-1000-kg\/","title":{"rendered":"GZ1000B GRUA DE OFICINA PROFISSIONAL"},"content":{"rendered":"<p><b>O guindaste m\u00f3vel GZ1000B \u00e9 um dispositivo de eleva\u00e7\u00e3o que permite levantar e movimentar cargas de at\u00e9 1.000 kg.<\/b><span style=\"font-weight: 400\">\u00a0<\/span><\/p>\n<p><span style=\"font-weight: 400\">Este modelo \u00e9 facilmente manobr\u00e1vel em absoluta seguran\u00e7a, mesmo em corredores e espa\u00e7os estreitos, gra\u00e7as a: dimens\u00f5es frontais de apenas 800 mm, volante manual articulado com mola a g\u00e1s e rodas duplas \u00d8 200mm com rolamentos de esferas e sistema de freio, rodas dianteiras de \u00d8 250mm com rolamentos de esferas.<\/span><\/p>\n<p><span style=\"font-weight: 400\">Estrutura inteiramente em a\u00e7o pintado equipado na base com 2 suportes \u00fateis para empilhador (para levantar e transportar a grua para viagens longas com total seguran\u00e7a).\u00a0<\/span><\/p>\n<p><b>A eleva\u00e7\u00e3o e abaixamento do bra\u00e7o s\u00e3o el\u00e9tricas e com velocidade \u00fanica n\u00e3o ajust\u00e1vel. Controles operados por botoeira<\/b><span style=\"font-weight: 400\">\u00a0<\/span><b>pendente equipada com controle de parada de emerg\u00eancia.<\/b><span style=\"font-weight: 400\">\u00a0A lan\u00e7a pode ser estendida em 4 posi\u00e7\u00f5es e uma extens\u00e3o est\u00e1 dispon\u00edvel (opcional) para atingir at\u00e9 2000 mm de comprimento.\u00a0<\/span><\/p>\n<p>Alimentado por bateria selada AGM sem manuten\u00e7\u00e3o, este guindaste tamb\u00e9m pode ser equipado com bateria de l\u00edtio. <b>Carregador de bateria externo.\u00a0<\/b><\/p>\n<p><b>Display multifuncional que mostra o n\u00edvel de carga, tens\u00e3o da bateria e contador de horas de opera\u00e7\u00e3o.<\/b><\/p>\n<p><span style=\"font-weight: 400\">Ideal para uso em oficinas, ind\u00fastria; para desmontar motores de autom\u00f3veis ou mover objetos pesados, equipamentos, etc.<\/span><\/p>\n","protected":false},"excerpt":{"rendered":"<p><span data-sheets-root=\"1\">CAPACIDADE DE ELEVA\u00c7\u00c3O<\/span> 1000 KG<\/p>\n","protected":false},"featured_media":16290,"template":"","meta":{"_acf_changed":false,"_et_pb_use_builder":"","_et_pb_old_content":"","_et_gb_content_width":""},"product_brand":[],"product_cat":[337],"product_tag":[],"class_list":{"0":"post-6211","1":"product","2":"type-product","3":"status-publish","4":"has-post-thumbnail","6":"product_cat-guindaste-de-tracao-manual-de-grande-capacidade","7":"pa_portata-max-kg-1000-pt-pt-2","9":"first","10":"instock","11":"shipping-taxable","12":"product-type-simple"},"acf":[],"gallery_images":[291360,291340,291330,287496,287536,287526],"_links":{"self":[{"href":"https:\/\/liftingfx.girafdev.com\/pt-pt\/wp-json\/wp\/v2\/product\/6211","targetHints":{"allow":["GET"]}}],"collection":[{"href":"https:\/\/liftingfx.girafdev.com\/pt-pt\/wp-json\/wp\/v2\/product"}],"about":[{"href":"https:\/\/liftingfx.girafdev.com\/pt-pt\/wp-json\/wp\/v2\/types\/product"}],"wp:featuredmedia":[{"embeddable":true,"href":"https:\/\/liftingfx.girafdev.com\/pt-pt\/wp-json\/wp\/v2\/media\/16290"}],"wp:attachment":[{"href":"https:\/\/liftingfx.girafdev.com\/pt-pt\/wp-json\/wp\/v2\/media?parent=6211"}],"wp:term":[{"taxonomy":"product_brand","embeddable":true,"href":"https:\/\/liftingfx.girafdev.com\/pt-pt\/wp-json\/wp\/v2\/product_brand?post=6211"},{"taxonomy":"product_cat","embeddable":true,"href":"https:\/\/liftingfx.girafdev.com\/pt-pt\/wp-json\/wp\/v2\/product_cat?post=6211"},{"taxonomy":"product_tag","embeddable":true,"href":"https:\/\/liftingfx.girafdev.com\/pt-pt\/wp-json\/wp\/v2\/product_tag?post=6211"}],"curies":[{"name":"wp","href":"https:\/\/api.w.org\/{rel}","templated":true}]}}