{"id":6210,"date":"2022-02-22T15:19:40","date_gmt":"2022-02-22T14:19:40","guid":{"rendered":"https:\/\/liftingfx.girafdev.comprodotto\/gz1000bse-gru-contrappesata-da-1000kg-salita-discesa-avanzamento-e-rientro-elettrico-e-regolabile\/"},"modified":"2025-08-04T09:57:30","modified_gmt":"2025-08-04T07:57:30","slug":"gz1000bse-mini-grua-solucao-para-elevacao-para-cargas-de-1000-kg","status":"publish","type":"product","link":"https:\/\/liftingfx.girafdev.com\/pt-pt\/product\/gz1000bse-mini-grua-solucao-para-elevacao-para-cargas-de-1000-kg\/","title":{"rendered":"GZ1000BSE GUINDASTE INDUSTRIAL COM CONTRAPESO"},"content":{"rendered":"<p><span style=\"font-weight: 400\">O modelo GZ1000BSE \u00e9 um <\/span><b>guindaste contrabalan\u00e7ado<\/b><span style=\"font-weight: 400\"> que representa uma solu\u00e7\u00e3o flex\u00edvel e de alto desempenho para simplificar a <\/span><b>eleva\u00e7\u00e3o e movimenta\u00e7\u00e3o de cargas de at\u00e9 1000 kg.<\/b><\/p>\n<p><span style=\"font-weight: 400\">Gra\u00e7as \u00e0 barra de tra\u00e7\u00e3o ligada a dois volantes de nylon e \u00e0 largura compacta de 800 mm, esta grua oferece um raio de viragem excepcional. A estrutura \u00e9 em a\u00e7o pintado e est\u00e1 equipada na base com 2 suportes \u00fateis para levantar e transportar a grua com seguran\u00e7a em longas dist\u00e2ncias com uma empilhadeira.<\/span><\/p>\n<p><span style=\"font-weight: 400\">O <\/span><b>mini guindaste GZ1000BSE<\/b><span style=\"font-weight: 400\"> est\u00e1 equipado com uma extens\u00e3o el\u00e9trica. Os movimentos s\u00e3o acionados atrav\u00e9s de uma alavanca conectada a um distribuidor de 4 fun\u00e7\u00f5es que aciona a subida, descida, extens\u00e3o e retra\u00e7\u00e3o do bra\u00e7o. Todos os <\/span><b>movimentos s\u00e3o el\u00e9tricos, proporcionais e ajust\u00e1veis <\/b><b>\u200b\u200b<\/b><b>pelo operador com extrema precis\u00e3o<\/b><span style=\"font-weight: 400\">. \u00c9 o guindaste ideal quando \u00e9 necess\u00e1ria grande precis\u00e3o no posicionamento da carga.<\/span><\/p>\n<p><span style=\"font-weight: 400\">O sistema hidr\u00e1ulico est\u00e1 equipado com uma v\u00e1lvula de bloqueio que evita a queda da carga em caso de ruptura acidental da tubula\u00e7\u00e3o e uma v\u00e1lvula de press\u00e3o que evita a sobrecarga da grua.<\/span><\/p>\n<p><span style=\"font-weight: 400\">\u00c9 poss\u00edvel instalar uma extens\u00e3o (opcional) que permite estender o bra\u00e7o at\u00e9 um <\/span><b>comprimento m\u00e1ximo de 2000 mm<\/b><span style=\"font-weight: 400\">.<\/span><\/p>\n<p>Alimentado por bateria selada AGM sem manuten\u00e7\u00e3o, este guindaste tamb\u00e9m pode ser equipado com bateria de l\u00edtio. <span style=\"font-weight: 400\">Carregador de bateria externo.<\/span><\/p>\n<p><b>Display multifuncional que indica n\u00edvel de carga, tens\u00e3o da bateria e contador de horas de opera\u00e7\u00e3o.<\/b><\/p>\n<p><span style=\"font-weight: 400\">O <\/span><b>guindaste m\u00f3vel GZ1000BSE<\/b><span style=\"font-weight: 400\"> \u00e9 ideal para opera\u00e7\u00f5es de montagem e desmontagem de pe\u00e7as mec\u00e2nicas que necessitam de manuten\u00e7\u00e3o frequente, bem como para montagem de componentes em m\u00e1quinas industriais. Este modelo simplifica essas atividades, aliviando o trabalho f\u00edsico e garantindo interven\u00e7\u00f5es r\u00e1pidas e seguras.<\/span><\/p>\n","protected":false},"excerpt":{"rendered":"<p>CAPACIDADE DE ELEVA\u00c7\u00c3O 1000 KG<\/p>\n","protected":false},"featured_media":16299,"template":"","meta":{"_acf_changed":false,"_et_pb_use_builder":"","_et_pb_old_content":"","_et_gb_content_width":""},"product_brand":[],"product_cat":[337],"product_tag":[],"class_list":{"0":"post-6210","1":"product","2":"type-product","3":"status-publish","4":"has-post-thumbnail","6":"product_cat-guindaste-de-tracao-manual-de-grande-capacidade","7":"pa_portata-max-kg-1000-pt-pt-2","9":"first","10":"instock","11":"shipping-taxable","12":"product-type-simple"},"acf":[],"gallery_images":[287951,287991,287961,306724,287971,288001],"_links":{"self":[{"href":"https:\/\/liftingfx.girafdev.com\/pt-pt\/wp-json\/wp\/v2\/product\/6210","targetHints":{"allow":["GET"]}}],"collection":[{"href":"https:\/\/liftingfx.girafdev.com\/pt-pt\/wp-json\/wp\/v2\/product"}],"about":[{"href":"https:\/\/liftingfx.girafdev.com\/pt-pt\/wp-json\/wp\/v2\/types\/product"}],"wp:featuredmedia":[{"embeddable":true,"href":"https:\/\/liftingfx.girafdev.com\/pt-pt\/wp-json\/wp\/v2\/media\/16299"}],"wp:attachment":[{"href":"https:\/\/liftingfx.girafdev.com\/pt-pt\/wp-json\/wp\/v2\/media?parent=6210"}],"wp:term":[{"taxonomy":"product_brand","embeddable":true,"href":"https:\/\/liftingfx.girafdev.com\/pt-pt\/wp-json\/wp\/v2\/product_brand?post=6210"},{"taxonomy":"product_cat","embeddable":true,"href":"https:\/\/liftingfx.girafdev.com\/pt-pt\/wp-json\/wp\/v2\/product_cat?post=6210"},{"taxonomy":"product_tag","embeddable":true,"href":"https:\/\/liftingfx.girafdev.com\/pt-pt\/wp-json\/wp\/v2\/product_tag?post=6210"}],"curies":[{"name":"wp","href":"https:\/\/api.w.org\/{rel}","templated":true}]}}