{"id":316425,"date":"2025-05-08T11:04:46","date_gmt":"2025-05-08T09:04:46","guid":{"rendered":"https:\/\/liftingfx.girafdev.com?post_type=product&#038;p=316425"},"modified":"2025-06-25T17:28:26","modified_gmt":"2025-06-25T15:28:26","slug":"flex-g750dbl-guindaste-giratorio-movel-750-kg","status":"publish","type":"product","link":"https:\/\/liftingfx.girafdev.com\/pt-pt\/product\/flex-g750dbl-guindaste-giratorio-movel-750-kg\/","title":{"rendered":"FLEX G750DBL GUINDASTE GIRAT\u00d3RIO M\u00d3VEL"},"content":{"rendered":"<p><span style=\"font-weight: 400;\">O guindaste FLEX G750DBL \u00e9 um <\/span><b>guindaste girat\u00f3rio contrabalan\u00e7ado com acionamento el\u00e9trico<\/b><span style=\"font-weight: 400;\"> que pode levantar cargas de at\u00e9 750 kg.<\/span><\/p>\n<p><span style=\"font-weight: 400;\">Este <\/span><b>equipamento de eleva\u00e7\u00e3o<\/b><span style=\"font-weight: 400;\"> est\u00e1 equipado com um bra\u00e7o el\u00e9ctrico que garante um alcance de 2400 mm.\u00a0<\/span><\/p>\n<p><span style=\"font-weight: 400;\">A rota\u00e7\u00e3o do bra\u00e7o, trav\u00e1vel a cada 30\u00b0, \u00e9 feita manualmente e \u00e9 facilitada pela presen\u00e7a de rolamentos e duas al\u00e7as ergon\u00f4micas localizadas na parte superior do lastro. A grua est\u00e1 equipada com 2 rodas fixas e uma roda motorizada, ligadas diretamente \u00e0 barra de tra\u00e7\u00e3o, garantindo a m\u00e1xima manobrabilidade em espa\u00e7os apertados.<\/span><\/p>\n<p><span style=\"font-weight: 400;\">Equipamento padr\u00e3o: baterias AGM seladas e isentas de manuten\u00e7\u00e3o, carregador de bateria externo, coluna de luzes LED indicando o correto funcionamento da grua e aviso em caso de sobrecarga, interruptor de emerg\u00eancia.<\/span><\/p>\n<p><span style=\"font-weight: 400;\">O <\/span><b>guindaste Flex G750DBL<\/b><span style=\"font-weight: 400;\"> tamb\u00e9m \u00e9 equipado com um display multifuncional que mostra o n\u00edvel de carga, a tens\u00e3o da bateria e as horas de opera\u00e7\u00e3o.<\/span><\/p>\n<p><span style=\"font-weight: 400;\">A eleva\u00e7\u00e3o, descida, extens\u00e3o e retra\u00e7\u00e3o do bra\u00e7o s\u00e3o controladas eletricamente. Todos os movimentos s\u00e3o regulados pelo operador por meio de alavancas de controle localizadas no painel de controle do guindaste. <\/span><b>A velocidade e a proporcionalidade s\u00e3o controladas pelo movimento da alavanca.<\/b><\/p>\n<p><span style=\"font-weight: 400;\">\u00c9 um <\/span><b>guindaste m\u00f3vel universal<\/b><span style=\"font-weight: 400;\"> com possibilidades de aplica\u00e7\u00e3o ilimitadas. Utilizando o <\/span><b>mini guindaste FLEX G750DBL<\/b><span style=\"font-weight: 400;\">, gra\u00e7as \u00e0 sua rota\u00e7\u00e3o de 270\u00b0 e bra\u00e7o telesc\u00f3pico, \u00e9 poss\u00edvel posicionar componentes como moldes, pe\u00e7as de reposi\u00e7\u00e3o, produtos semiacabados e outras cargas em centros de usinagem CNC, prateleiras, mesas de montagem, etc.<\/span><\/p>\n<p><b>Recursos de seguran\u00e7a:<\/b><\/p>\n<p><b>Limitador de carga din\u00e2mico<\/b><span style=\"font-weight: 400;\"> que evita sobrecargas e poss\u00edveis acidentes. Monitora constantemente a carga que est\u00e1 sendo levantada ou movida e restringe automaticamente a opera\u00e7\u00e3o se a carga exceder o limite de seguran\u00e7a definido.<\/span><\/p>\n<p><span style=\"font-weight: 400;\">A <\/span><b>v\u00e1lvula de bloqueio<\/b><span style=\"font-weight: 400;\"> \u00e9 acionada automaticamente em caso de ruptura da mangueira hidr\u00e1ulica, evitando que a carga caia de forma incontrol\u00e1vel.<\/span><\/p>\n<p><span style=\"font-weight: 400;\">A cabe\u00e7a do tim\u00e3o est\u00e1 equipada com um seletor de velocidade que permite ajustar a velocidade do ve\u00edculo \u00e0s diversas necessidades operacionais. Existem dois itens dispon\u00edveis:<\/span><\/p>\n<ul>\n<li><span style=\"font-weight: 400;\"> Modo lento: limita a velocidade m\u00e1xima a 1,5 km\/h, ideal para manobras precisas em espa\u00e7os apertados e movimenta\u00e7\u00e3o delicada de cargas.<\/span><\/li>\n<li><span style=\"font-weight: 400;\"> Velocidade padr\u00e3o: permite uma velocidade m\u00e1xima de 3 km\/h, adequada para cobrir longas dist\u00e2ncias em condi\u00e7\u00f5es padr\u00e3o<\/span><\/li>\n<\/ul>\n<p><span style=\"font-weight: 400;\">O <\/span><b>guindaste contrabalan\u00e7ado FLEXG750DBL<\/b><span style=\"font-weight: 400;\"> permite movimentar e levantar cargas em total conformidade com os padr\u00f5es aplic\u00e1veis <\/span><span style=\"font-weight: 400;\">\u200b\u200b<\/span><span style=\"font-weight: 400;\">para proteger a seguran\u00e7a do operador.<\/span><\/p>\n","protected":false},"excerpt":{"rendered":"<p>CONTROLE POR MANIPULO<\/p>\n<p>CAPACIDADE DE ELEVA\u00c7\u00c3O 750 kg<\/p>\n","protected":false},"featured_media":316439,"template":"","meta":{"_acf_changed":false,"_et_pb_use_builder":"","_et_pb_old_content":"","_et_gb_content_width":""},"product_brand":[],"product_cat":[336],"product_tag":[],"class_list":{"0":"post-316425","1":"product","2":"type-product","3":"status-publish","4":"has-post-thumbnail","6":"product_cat-guindaste-de-tracao-eletrica-pick-carry-com-extensao-eletrica-dupla-e-tripla","7":"pa_portata-max-kg-750-pt-pt","9":"first","10":"instock","11":"shipping-taxable","12":"product-type-simple"},"acf":[],"gallery_images":[316442,316452,316462,316472,316482,316492,316502],"_links":{"self":[{"href":"https:\/\/liftingfx.girafdev.com\/pt-pt\/wp-json\/wp\/v2\/product\/316425","targetHints":{"allow":["GET"]}}],"collection":[{"href":"https:\/\/liftingfx.girafdev.com\/pt-pt\/wp-json\/wp\/v2\/product"}],"about":[{"href":"https:\/\/liftingfx.girafdev.com\/pt-pt\/wp-json\/wp\/v2\/types\/product"}],"wp:featuredmedia":[{"embeddable":true,"href":"https:\/\/liftingfx.girafdev.com\/pt-pt\/wp-json\/wp\/v2\/media\/316439"}],"wp:attachment":[{"href":"https:\/\/liftingfx.girafdev.com\/pt-pt\/wp-json\/wp\/v2\/media?parent=316425"}],"wp:term":[{"taxonomy":"product_brand","embeddable":true,"href":"https:\/\/liftingfx.girafdev.com\/pt-pt\/wp-json\/wp\/v2\/product_brand?post=316425"},{"taxonomy":"product_cat","embeddable":true,"href":"https:\/\/liftingfx.girafdev.com\/pt-pt\/wp-json\/wp\/v2\/product_cat?post=316425"},{"taxonomy":"product_tag","embeddable":true,"href":"https:\/\/liftingfx.girafdev.com\/pt-pt\/wp-json\/wp\/v2\/product_tag?post=316425"}],"curies":[{"name":"wp","href":"https:\/\/api.w.org\/{rel}","templated":true}]}}