{"id":307754,"date":"2025-01-22T17:24:17","date_gmt":"2025-01-22T16:24:17","guid":{"rendered":"https:\/\/liftingfx.girafdev.com?post_type=product&#038;p=307754"},"modified":"2025-01-22T17:46:06","modified_gmt":"2025-01-22T16:46:06","slug":"lbac500-viga-para-big-bag-capacidad-500-kg","status":"publish","type":"product","link":"https:\/\/liftingfx.girafdev.com\/pt-pt\/product\/lbac500-viga-para-big-bag-capacidad-500-kg\/","title":{"rendered":"LBAC500 Viga para big bag capacidad 500 kg"},"content":{"rendered":"<h2>CAPACIDADE MAX 500 KG<\/h2>\n<p>Fabricado pelo Grupo AxA o <strong>Balancim Big Bag<\/strong> LBAC500 \u00e9 usado para i\u00e7amento e transporte de Big Bags de 500 kg. Est\u00e1 equipado com quatro ganchos girat\u00f3rios de 360\u00b0 que garantem uma fixa\u00e7\u00e3o fi\u00e1vel em todas as condi\u00e7\u00f5es de funcionamento. Com uma capacidade m\u00e1xima de carga de 500 kg, a viga de eleva\u00e7\u00e3o LBAC500 destaca-se pela sua efici\u00eancia e fiabilidade, sendo concebida com uma estrutura de a\u00e7o robusta. Gama de regula\u00e7\u00e3o 800, 1100 e 1400 mm.<\/p>\n<p><a href=\"https:\/\/liftingfx.girafdev.comwp-content\/uploads\/2025\/01\/LBAC500-drawing.pdf\">Ver desenho<\/a><\/p>\n","protected":false},"excerpt":{"rendered":"<p>CAPACIDADE MAX 500 KG Fabricado pelo Grupo AxA o Balancim Big Bag LBAC500 \u00e9 usado para i\u00e7amento e transporte de Big Bags de 500 kg. Est\u00e1 equipado com quatro ganchos girat\u00f3rios de 360\u00b0 que garantem uma fixa\u00e7\u00e3o fi\u00e1vel em todas as condi\u00e7\u00f5es de funcionamento. Com uma capacidade m\u00e1xima de carga de 500 kg, a viga [&hellip;]<\/p>\n","protected":false},"featured_media":307763,"template":"","meta":{"_acf_changed":false,"_et_pb_use_builder":"off","_et_pb_old_content":"","_et_gb_content_width":""},"product_brand":[],"product_cat":[401],"product_tag":[],"class_list":{"0":"post-307754","1":"product","2":"type-product","3":"status-publish","4":"has-post-thumbnail","6":"product_cat-acessorios","8":"first","9":"instock","10":"shipping-taxable","11":"product-type-simple"},"acf":[],"gallery_images":[307756],"_links":{"self":[{"href":"https:\/\/liftingfx.girafdev.com\/pt-pt\/wp-json\/wp\/v2\/product\/307754","targetHints":{"allow":["GET"]}}],"collection":[{"href":"https:\/\/liftingfx.girafdev.com\/pt-pt\/wp-json\/wp\/v2\/product"}],"about":[{"href":"https:\/\/liftingfx.girafdev.com\/pt-pt\/wp-json\/wp\/v2\/types\/product"}],"wp:featuredmedia":[{"embeddable":true,"href":"https:\/\/liftingfx.girafdev.com\/pt-pt\/wp-json\/wp\/v2\/media\/307763"}],"wp:attachment":[{"href":"https:\/\/liftingfx.girafdev.com\/pt-pt\/wp-json\/wp\/v2\/media?parent=307754"}],"wp:term":[{"taxonomy":"product_brand","embeddable":true,"href":"https:\/\/liftingfx.girafdev.com\/pt-pt\/wp-json\/wp\/v2\/product_brand?post=307754"},{"taxonomy":"product_cat","embeddable":true,"href":"https:\/\/liftingfx.girafdev.com\/pt-pt\/wp-json\/wp\/v2\/product_cat?post=307754"},{"taxonomy":"product_tag","embeddable":true,"href":"https:\/\/liftingfx.girafdev.com\/pt-pt\/wp-json\/wp\/v2\/product_tag?post=307754"}],"curies":[{"name":"wp","href":"https:\/\/api.w.org\/{rel}","templated":true}]}}