{"id":303893,"date":"2024-12-18T17:26:27","date_gmt":"2024-12-18T16:26:27","guid":{"rendered":"https:\/\/flexlifting.girafdev.com\/?post_type=product&#038;p=303893"},"modified":"2025-01-22T14:34:58","modified_gmt":"2025-01-22T13:34:58","slug":"viga-de-elevacao-ajustavel-capacidad-500-kg","status":"publish","type":"product","link":"https:\/\/liftingfx.girafdev.com\/pt-pt\/product\/viga-de-elevacao-ajustavel-capacidad-500-kg\/","title":{"rendered":"LBA500 Viga de eleva\u00e7\u00e3o ajust\u00e1vel capacidad 500 kg"},"content":{"rendered":"<h2>PORTATA MAX 500 KG<\/h2>\n<p>A viga de eleva\u00e7\u00e3o LBA500 \u00e9 uma ferramenta de eleva\u00e7\u00e3o altamente vers\u00e1til, projetada para movimentar grandes cargas de forma equilibrada, otimizando as dimens\u00f5es gerais tanto em altura como em largura. Este dispositivo est\u00e1 equipado com dois ganchos de carga girat\u00f3rios 360\u00b0, equipados com travas de seguran\u00e7a que garantem uma veda\u00e7\u00e3o impec\u00e1vel em todas as condi\u00e7\u00f5es de opera\u00e7\u00e3o. Com capacidade de carga m\u00e1xima de 500 kg, a barra de suporte foi tratada com galvaniza\u00e7\u00e3o antioxidante, garantindo assim resist\u00eancia e durabilidade superiores.<br \/>\nAl\u00e9m disso, a viga de eleva\u00e7\u00e3o LBA500 \u00e9 ajust\u00e1vel em comprimento, permitindo sua adapta\u00e7\u00e3o aos diferentes tamanhos de cargas a serem levantadas. A posi\u00e7\u00e3o dos ganchos pode ser facilmente modificada em centros de 400, 700, 1000, 1300 e 1600 mm, gra\u00e7as aos pinos de seguran\u00e7a com batente mec\u00e2nico, garantindo assim uma utiliza\u00e7\u00e3o flex\u00edvel e segura.<\/p>\n<p><a href=\"https:\/\/liftingfx.girafdev.comwp-content\/uploads\/2024\/12\/LBA500-1.pdf\">Ver desenho<\/a><\/p>\n","protected":false},"excerpt":{"rendered":"<p>PORTATA MAX 500 KG A viga de eleva\u00e7\u00e3o LBA500 \u00e9 uma ferramenta de eleva\u00e7\u00e3o altamente vers\u00e1til, projetada para movimentar grandes cargas de forma equilibrada, otimizando as dimens\u00f5es gerais tanto em altura como em largura. Este dispositivo est\u00e1 equipado com dois ganchos de carga girat\u00f3rios 360\u00b0, equipados com travas de seguran\u00e7a que garantem uma veda\u00e7\u00e3o impec\u00e1vel [&hellip;]<\/p>\n","protected":false},"featured_media":307687,"template":"","meta":{"_acf_changed":false,"_et_pb_use_builder":"off","_et_pb_old_content":"","_et_gb_content_width":""},"product_brand":[],"product_cat":[401],"product_tag":[],"class_list":{"0":"post-303893","1":"product","2":"type-product","3":"status-publish","4":"has-post-thumbnail","6":"product_cat-acessorios","8":"first","9":"instock","10":"shipping-taxable","11":"product-type-simple"},"acf":[],"gallery_images":[307697],"_links":{"self":[{"href":"https:\/\/liftingfx.girafdev.com\/pt-pt\/wp-json\/wp\/v2\/product\/303893","targetHints":{"allow":["GET"]}}],"collection":[{"href":"https:\/\/liftingfx.girafdev.com\/pt-pt\/wp-json\/wp\/v2\/product"}],"about":[{"href":"https:\/\/liftingfx.girafdev.com\/pt-pt\/wp-json\/wp\/v2\/types\/product"}],"wp:featuredmedia":[{"embeddable":true,"href":"https:\/\/liftingfx.girafdev.com\/pt-pt\/wp-json\/wp\/v2\/media\/307687"}],"wp:attachment":[{"href":"https:\/\/liftingfx.girafdev.com\/pt-pt\/wp-json\/wp\/v2\/media?parent=303893"}],"wp:term":[{"taxonomy":"product_brand","embeddable":true,"href":"https:\/\/liftingfx.girafdev.com\/pt-pt\/wp-json\/wp\/v2\/product_brand?post=303893"},{"taxonomy":"product_cat","embeddable":true,"href":"https:\/\/liftingfx.girafdev.com\/pt-pt\/wp-json\/wp\/v2\/product_cat?post=303893"},{"taxonomy":"product_tag","embeddable":true,"href":"https:\/\/liftingfx.girafdev.com\/pt-pt\/wp-json\/wp\/v2\/product_tag?post=303893"}],"curies":[{"name":"wp","href":"https:\/\/api.w.org\/{rel}","templated":true}]}}