{"id":300796,"date":"2024-12-02T17:56:45","date_gmt":"2024-12-02T16:56:45","guid":{"rendered":"https:\/\/flexlifting.girafdev.com\/?post_type=product&#038;p=300796"},"modified":"2025-01-22T14:49:23","modified_gmt":"2025-01-22T13:49:23","slug":"viga-de-elevacao-250-kg","status":"publish","type":"product","link":"https:\/\/liftingfx.girafdev.com\/pt-pt\/product\/viga-de-elevacao-250-kg\/","title":{"rendered":"LBF250 Viga de eleva\u00e7\u00e3o capacidad 250 kg"},"content":{"rendered":"<h2>PORTATA MAX 250 KG<\/h2>\n<p>A viga de eleva\u00e7\u00e3o LBF250 representa um equipamento de eleva\u00e7\u00e3o altamente vers\u00e1til, projetado para facilitar o manuseio de cargas consideravelmente grandes de forma equilibrada, otimizando as dimens\u00f5es gerais tanto em altura quanto em largura.<\/p>\n<p>\u00c9 equipado com dois ganchos de carga girat\u00f3rios 360\u00b0 com dist\u00e2ncia entre centros de 600 mm, dotados de travas de seguran\u00e7a que garantem a m\u00e1xima veda\u00e7\u00e3o em todas as condi\u00e7\u00f5es de trabalho. Com capacidade de carga m\u00e1xima de 250 kg, a balan\u00e7a foi submetida a um processo de galvaniza\u00e7\u00e3o que garante alta resist\u00eancia e durabilidade ao longo do tempo.<\/p>\n<p><a href=\"https:\/\/liftingfx.girafdev.comwp-content\/uploads\/2024\/12\/LBF250-1.pdf\">Ver desenho<\/a><\/p>\n","protected":false},"excerpt":{"rendered":"<p>PORTATA MAX 250 KG A viga de eleva\u00e7\u00e3o LBF250 representa um equipamento de eleva\u00e7\u00e3o altamente vers\u00e1til, projetado para facilitar o manuseio de cargas consideravelmente grandes de forma equilibrada, otimizando as dimens\u00f5es gerais tanto em altura quanto em largura. \u00c9 equipado com dois ganchos de carga girat\u00f3rios 360\u00b0 com dist\u00e2ncia entre centros de 600 mm, dotados [&hellip;]<\/p>\n","protected":false},"featured_media":300786,"template":"","meta":{"_acf_changed":false,"_et_pb_use_builder":"off","_et_pb_old_content":"","_et_gb_content_width":""},"product_brand":[],"product_cat":[401],"product_tag":[],"class_list":{"0":"post-300796","1":"product","2":"type-product","3":"status-publish","4":"has-post-thumbnail","6":"product_cat-acessorios","8":"first","9":"instock","10":"shipping-taxable","11":"product-type-simple"},"acf":[],"gallery_images":[300786],"_links":{"self":[{"href":"https:\/\/liftingfx.girafdev.com\/pt-pt\/wp-json\/wp\/v2\/product\/300796","targetHints":{"allow":["GET"]}}],"collection":[{"href":"https:\/\/liftingfx.girafdev.com\/pt-pt\/wp-json\/wp\/v2\/product"}],"about":[{"href":"https:\/\/liftingfx.girafdev.com\/pt-pt\/wp-json\/wp\/v2\/types\/product"}],"wp:featuredmedia":[{"embeddable":true,"href":"https:\/\/liftingfx.girafdev.com\/pt-pt\/wp-json\/wp\/v2\/media\/300786"}],"wp:attachment":[{"href":"https:\/\/liftingfx.girafdev.com\/pt-pt\/wp-json\/wp\/v2\/media?parent=300796"}],"wp:term":[{"taxonomy":"product_brand","embeddable":true,"href":"https:\/\/liftingfx.girafdev.com\/pt-pt\/wp-json\/wp\/v2\/product_brand?post=300796"},{"taxonomy":"product_cat","embeddable":true,"href":"https:\/\/liftingfx.girafdev.com\/pt-pt\/wp-json\/wp\/v2\/product_cat?post=300796"},{"taxonomy":"product_tag","embeddable":true,"href":"https:\/\/liftingfx.girafdev.com\/pt-pt\/wp-json\/wp\/v2\/product_tag?post=300796"}],"curies":[{"name":"wp","href":"https:\/\/api.w.org\/{rel}","templated":true}]}}