{"id":296145,"date":"2024-09-02T13:38:19","date_gmt":"2024-09-02T11:38:19","guid":{"rendered":"https:\/\/flexlifting.girafdev.com\/prodotto\/01b5ser_400\/"},"modified":"2025-08-04T09:59:01","modified_gmt":"2025-08-04T07:59:01","slug":"01b5ser_400-guindaste-de-oficina-giratorio-de-500-kg-com-comando-remoto","status":"publish","type":"product","link":"https:\/\/liftingfx.girafdev.com\/pt-pt\/product\/01b5ser_400-guindaste-de-oficina-giratorio-de-500-kg-com-comando-remoto\/","title":{"rendered":"01B5SER_400 GRUA GIRAT\u00d3RIA SEMI EL\u00c9TRICA"},"content":{"rendered":"<p><span style=\"font-weight: 400\">O <\/span><b>guindaste m\u00f3vel contrabalan\u00e7ado 01B5SER_400 <\/b><span style=\"font-weight: 400\">foi projetado para ser f\u00e1cil de operar e seguro. Lastro com al\u00e7as ergon\u00f4micas e anel girat\u00f3rio com rolamentos garantem uma rota\u00e7\u00e3o f\u00e1cil e suave. A <\/span><b>capacidade de carga de 500 kg e a rota\u00e7\u00e3o de 360\u00b0<\/b><span style=\"font-weight: 400\"> tornam-no um equipamento vers\u00e1til e confi\u00e1vel para uma ampla gama de aplica\u00e7\u00f5es.<\/span><\/p>\n<p><span style=\"font-weight: 400\">Gra\u00e7as ao <\/span><b>controle remoto e \u00e0 capacidade de ajustar a velocidade por meio de um potenci\u00f4metro<\/b><span style=\"font-weight: 400\">, o mini guindaste 01B5SER_400 oferece <\/span><b>precis\u00e3o milim\u00e9trica<\/b><span style=\"font-weight: 400\"> nos movimentos de eleva\u00e7\u00e3o, abaixamento e extens\u00e3o dos bra\u00e7os.<\/span><\/p>\n<p><span style=\"font-weight: 400\">O <\/span><b>mini guindaste 01B5SER_400 <\/b><span style=\"font-weight: 400\">\u00e9 equipado com lan\u00e7a el\u00e9trica com curso de 400 mm e, com extens\u00e3o mec\u00e2nica opcional, atinge <\/span><b>comprimento m\u00e1ximo de 1312 mm<\/b><span style=\"font-weight: 400\">.<\/span><\/p>\n<p><span style=\"font-weight: 400\">O guindaste est\u00e1 equipado com quatro rodas de n\u00e1ilon. Esta configura\u00e7\u00e3o garante estabilidade excepcional e manobrabilidade precisa mesmo sob condi\u00e7\u00f5es de carga pesada. A estrutura \u00e9 fabricada em a\u00e7o pintado para maior resist\u00eancia \u00e0 corros\u00e3o e est\u00e1 equipada com suportes especiais de eleva\u00e7\u00e3o para empilhadeiras, permitindo a f\u00e1cil movimenta\u00e7\u00e3o da grua em qualquer ambiente de trabalho.<\/span><\/p>\n<p><b>O sistema hidr\u00e1ulico est\u00e1 equipado com uma v\u00e1lvula de bloqueio que evita a queda da carga em caso de ruptura acidental da tubula\u00e7\u00e3o e uma v\u00e1lvula de press\u00e3o que evita a sobrecarga da grua.<\/b><\/p>\n<p>Alimentado por bateria selada AGM sem manuten\u00e7\u00e3o, este guindaste tamb\u00e9m pode ser equipado com bateria de l\u00edtio. <span style=\"font-weight: 400\">Carregador de bateria externo. <\/span><\/p>\n<p><span style=\"font-weight: 400\">Gancho girat\u00f3rio com trava de seguran\u00e7a.\u00a0<\/span><\/p>\n<p><b>Display multifuncional que mostra o n\u00edvel de carga, tens\u00e3o da bateria e contador de horas de opera\u00e7\u00e3o.<\/b><\/p>\n<p><span style=\"font-weight: 400\">O 01B5SER_400 \u00e9 o modelo mais popular para movimenta\u00e7\u00e3o de cargas do solo em m\u00e1quinas 3D, tornos, prote\u00e7\u00e3o perimetral, v\u00e3os estreitos, etc., e gra\u00e7as \u00e0 sua rota\u00e7\u00e3o de 360\u00b0 em todas as aplica\u00e7\u00f5es onde n\u00e3o h\u00e1 espa\u00e7o para movimenta\u00e7\u00e3o, carregue com empilhadeira ou outro equipamento de eleva\u00e7\u00e3o de grande porte.<\/span><\/p>\n","protected":false},"excerpt":{"rendered":"<p><span data-sheets-root=\"1\">CAPACIDADE DE ELEVA\u00c7\u00c3O<\/span> 500 KG<\/p>\n","protected":false},"featured_media":285723,"template":"","meta":{"_acf_changed":false,"_et_pb_use_builder":"","_et_pb_old_content":"","_et_gb_content_width":""},"product_brand":[],"product_cat":[338],"product_tag":[],"class_list":{"0":"post-296145","1":"product","2":"type-product","3":"status-publish","4":"has-post-thumbnail","6":"product_cat-guindaste-de-tracao-manual-giratorio-de-360","7":"pa_portata-max-kg-500-pt-pt-2","9":"first","10":"instock","11":"shipping-taxable","12":"product-type-simple"},"acf":[],"gallery_images":[285723,307115,285683,285693,285713,285734],"_links":{"self":[{"href":"https:\/\/liftingfx.girafdev.com\/pt-pt\/wp-json\/wp\/v2\/product\/296145","targetHints":{"allow":["GET"]}}],"collection":[{"href":"https:\/\/liftingfx.girafdev.com\/pt-pt\/wp-json\/wp\/v2\/product"}],"about":[{"href":"https:\/\/liftingfx.girafdev.com\/pt-pt\/wp-json\/wp\/v2\/types\/product"}],"wp:featuredmedia":[{"embeddable":true,"href":"https:\/\/liftingfx.girafdev.com\/pt-pt\/wp-json\/wp\/v2\/media\/285723"}],"wp:attachment":[{"href":"https:\/\/liftingfx.girafdev.com\/pt-pt\/wp-json\/wp\/v2\/media?parent=296145"}],"wp:term":[{"taxonomy":"product_brand","embeddable":true,"href":"https:\/\/liftingfx.girafdev.com\/pt-pt\/wp-json\/wp\/v2\/product_brand?post=296145"},{"taxonomy":"product_cat","embeddable":true,"href":"https:\/\/liftingfx.girafdev.com\/pt-pt\/wp-json\/wp\/v2\/product_cat?post=296145"},{"taxonomy":"product_tag","embeddable":true,"href":"https:\/\/liftingfx.girafdev.com\/pt-pt\/wp-json\/wp\/v2\/product_tag?post=296145"}],"curies":[{"name":"wp","href":"https:\/\/api.w.org\/{rel}","templated":true}]}}