{"id":295992,"date":"2024-09-02T13:56:26","date_gmt":"2024-09-02T11:56:26","guid":{"rendered":"https:\/\/flexlifting.girafdev.com\/prodotto\/01b5l\/"},"modified":"2025-08-04T09:50:23","modified_gmt":"2025-08-04T07:50:23","slug":"01b5l-500-kg-mini-guindaste-giratorio-elevacao-e-abaixamento-eletricos","status":"publish","type":"product","link":"https:\/\/liftingfx.girafdev.com\/pt-pt\/product\/01b5l-500-kg-mini-guindaste-giratorio-elevacao-e-abaixamento-eletricos\/","title":{"rendered":"01B5L EQUIPAMENTO DE ELEVA\u00c7\u00c3O M\u00d3VEIS"},"content":{"rendered":"<p><span style=\"font-weight: 400\">O <\/span><b>guindaste girat\u00f3rio<\/b><span style=\"font-weight: 400\"> 01B5L permite <\/span><b>levantar e movimentar cargas de at\u00e9 500 kg<\/b><span style=\"font-weight: 400\">. Gra\u00e7as \u00e0 sua rota\u00e7\u00e3o livre de 360\u00b0 ou bloque\u00e1vel a cada 30\u00b0, \u00e9 poss\u00edvel posicionar cargas com a m\u00e1xima precis\u00e3o. O anel de rota\u00e7\u00e3o, equipado com rolamentos, garante movimentos suaves e sem esfor\u00e7o. A rota\u00e7\u00e3o do bra\u00e7o \u00e9 facilitada gra\u00e7as \u00e0s duas al\u00e7as ergon\u00f4micas posicionadas no lastro.<\/span><\/p>\n<p><b>A posi\u00e7\u00e3o da alavanca de controle foi projetada para oferecer ao operador a m\u00e1xima visibilidade e o controle seguro da carga em todas as fases do trabalho.<\/b><\/p>\n<p><span style=\"font-weight: 400\">O modelo 01B5L \u00e9 um guindaste compacto e de alto desempenho, caracterizado por <\/span><b>uma pegada frontal de apenas 980 mm<\/b><span style=\"font-weight: 400\">, o menor do mercado. O sistema de movimenta\u00e7\u00e3o, composto por 2 rodas girat\u00f3rias de alta capacidade com suportes de p\u00e1ra-choques e freio de estacionamento e 2 rodas dianteiras fixas com rolamentos, garante excepcional manobrabilidade. A estrutura de a\u00e7o pintada, os suportes integrados da empilhadeira, o gancho girat\u00f3rio com trava de seguran\u00e7a e a al\u00e7a remov\u00edvel fazem deste guindaste uma solu\u00e7\u00e3o vers\u00e1til e confi\u00e1vel para cada necessidade.&#8221;<\/span><\/p>\n<p><b>O bra\u00e7o \u00e9 levantado e abaixado atrav\u00e9s de uma alavanca ergon\u00f4mica que permite um ajuste preciso e gradual da velocidade.<\/b><span style=\"font-weight: 400\"> O sistema hidr\u00e1ulico, equipado com v\u00e1lvula de seguran\u00e7a e v\u00e1lvula de sobrecarga, garante a m\u00e1xima prote\u00e7\u00e3o em todas as condi\u00e7\u00f5es de trabalho. O bra\u00e7o, extens\u00edvel em quatro posi\u00e7\u00f5es e ainda mais expans\u00edvel gra\u00e7as a extens\u00f5es mec\u00e2nicas, oferece um <\/span><b>balan\u00e7o m\u00e1ximo de 2.050 mm<\/b><span style=\"font-weight: 400\">, garantindo flexibilidade e precis\u00e3o em cada opera\u00e7\u00e3o.<\/span><\/p>\n<p><span style=\"font-weight: 400\">Carregador de bateria externo.\u00a0<\/span>Alimentado por bateria selada AGM sem manuten\u00e7\u00e3o, este guindaste tamb\u00e9m pode ser equipado com bateria de l\u00edtio.<\/p>\n<p><b>Display multifuncional que indica n\u00edvel de carga, tens\u00e3o da bateria e contador de horas de opera\u00e7\u00e3o.<\/b><\/p>\n","protected":false},"excerpt":{"rendered":"<p><span data-sheets-root=\"1\">CAPACIDADE DE ELEVA\u00c7\u00c3O<\/span> 500 KG<\/p>\n","protected":false},"featured_media":315014,"template":"","meta":{"_acf_changed":false,"_et_pb_use_builder":"","_et_pb_old_content":"","_et_gb_content_width":""},"product_brand":[],"product_cat":[338],"product_tag":[],"class_list":{"0":"post-295992","1":"product","2":"type-product","3":"status-publish","4":"has-post-thumbnail","6":"product_cat-guindaste-de-tracao-manual-giratorio-de-360","7":"pa_portata-max-kg-500-pt-pt-2","9":"first","10":"instock","11":"shipping-taxable","12":"product-type-simple"},"acf":[],"gallery_images":[315014,315034,315024,315004,314994,314984],"_links":{"self":[{"href":"https:\/\/liftingfx.girafdev.com\/pt-pt\/wp-json\/wp\/v2\/product\/295992","targetHints":{"allow":["GET"]}}],"collection":[{"href":"https:\/\/liftingfx.girafdev.com\/pt-pt\/wp-json\/wp\/v2\/product"}],"about":[{"href":"https:\/\/liftingfx.girafdev.com\/pt-pt\/wp-json\/wp\/v2\/types\/product"}],"wp:featuredmedia":[{"embeddable":true,"href":"https:\/\/liftingfx.girafdev.com\/pt-pt\/wp-json\/wp\/v2\/media\/315014"}],"wp:attachment":[{"href":"https:\/\/liftingfx.girafdev.com\/pt-pt\/wp-json\/wp\/v2\/media?parent=295992"}],"wp:term":[{"taxonomy":"product_brand","embeddable":true,"href":"https:\/\/liftingfx.girafdev.com\/pt-pt\/wp-json\/wp\/v2\/product_brand?post=295992"},{"taxonomy":"product_cat","embeddable":true,"href":"https:\/\/liftingfx.girafdev.com\/pt-pt\/wp-json\/wp\/v2\/product_cat?post=295992"},{"taxonomy":"product_tag","embeddable":true,"href":"https:\/\/liftingfx.girafdev.com\/pt-pt\/wp-json\/wp\/v2\/product_tag?post=295992"}],"curies":[{"name":"wp","href":"https:\/\/api.w.org\/{rel}","templated":true}]}}