{"id":295843,"date":"2024-11-21T06:20:30","date_gmt":"2024-11-21T05:20:30","guid":{"rendered":"https:\/\/flexlifting.girafdev.com\/prodotto\/o1b2ser_400\/"},"modified":"2025-08-04T09:50:48","modified_gmt":"2025-08-04T07:50:48","slug":"01b2ser_400-guindaste-de-oficina-giratorio-de-200-kg-com-comando-remoto","status":"publish","type":"product","link":"https:\/\/liftingfx.girafdev.com\/pt-pt\/product\/01b2ser_400-guindaste-de-oficina-giratorio-de-200-kg-com-comando-remoto\/","title":{"rendered":"01B2SER_400 SOLU\u00c7\u00c3O DE ELEVA\u00c7\u00c3O M\u00d3VEL"},"content":{"rendered":"<p><span style=\"font-weight: 400\">O <\/span><b>guindaste m\u00f3vel contrabalan\u00e7ado 01B2SER_400<\/b><span style=\"font-weight: 400\"> foi projetado para ser f\u00e1cil de operar e seguro. Lastro com al\u00e7as ergon\u00f4micas e anel girat\u00f3rio com rolamentos garantem uma rota\u00e7\u00e3o f\u00e1cil e suave. A <\/span><b>capacidade de carga de 200 kg e a rota\u00e7\u00e3o de 360\u00b0<\/b><span style=\"font-weight: 400\"> tornam-no um equipamento vers\u00e1til e confi\u00e1vel para uma ampla gama de aplica\u00e7\u00f5es.<\/span><\/p>\n<p><span style=\"font-weight: 400\">Gra\u00e7as ao <\/span><b>controle remoto e \u00e0 capacidade de ajustar a velocidade por meio de um potenci\u00f4metro<\/b><span style=\"font-weight: 400\">, o mini guindaste 01B2SER_400 oferece <\/span><b>precis\u00e3o milim\u00e9trica<\/b><span style=\"font-weight: 400\"> nos movimentos de eleva\u00e7\u00e3o, abaixamento e extens\u00e3o dos bra\u00e7os.<\/span><\/p>\n<p><span style=\"font-weight: 400\">O <\/span><b>mini guindaste 01B2SER_400<\/b><span style=\"font-weight: 400\"> \u00e9 equipado com lan\u00e7a el\u00e9trica com curso de 400 mm e, com extens\u00e3o mec\u00e2nica opcional, atinge <\/span><b>comprimento m\u00e1ximo de 1312 mm<\/b><span style=\"font-weight: 400\">.<\/span><\/p>\n<p><span style=\"font-weight: 400\">O guindaste est\u00e1 equipado com quatro rodas de n\u00e1ilon. Esta configura\u00e7\u00e3o garante estabilidade excepcional e manobrabilidade precisa mesmo sob condi\u00e7\u00f5es de carga pesada. A estrutura \u00e9 fabricada em a\u00e7o pintado para maior resist\u00eancia \u00e0 corros\u00e3o e est\u00e1 equipada com suportes especiais de eleva\u00e7\u00e3o para empilhadeiras, permitindo a f\u00e1cil movimenta\u00e7\u00e3o da grua em qualquer ambiente de trabalho.<\/span><\/p>\n<p><b>O sistema hidr\u00e1ulico est\u00e1 equipado com uma v\u00e1lvula de bloqueio que evita a queda da carga em caso de ruptura acidental da tubula\u00e7\u00e3o e uma v\u00e1lvula de press\u00e3o que evita a sobrecarga da grua.<\/b><\/p>\n<p>Alimentado por bateria selada AGM sem manuten\u00e7\u00e3o, este guindaste tamb\u00e9m pode ser equipado com bateria de l\u00edtio.\u00a0<span style=\"font-weight: 400\">Carregador de bateria externo. <\/span><\/p>\n<p><span style=\"font-weight: 400\">Gancho girat\u00f3rio com trava de seguran\u00e7a.\u00a0<\/span><\/p>\n<p><b>Display multifuncional que mostra o n\u00edvel de carga, tens\u00e3o da bateria e contador de horas de opera\u00e7\u00e3o.<\/b><\/p>\n<p><span style=\"font-weight: 400\">O 01B2SER_400 \u00e9 o modelo mais popular para movimenta\u00e7\u00e3o de cargas do solo em m\u00e1quinas 3D, tornos, prote\u00e7\u00e3o perimetral, v\u00e3os estreitos, etc., e gra\u00e7as \u00e0 sua rota\u00e7\u00e3o de 360\u00b0 em todas as aplica\u00e7\u00f5es onde n\u00e3o h\u00e1 espa\u00e7o para movimenta\u00e7\u00e3o, carregue com empilhadeira ou outro equipamento de eleva\u00e7\u00e3o de grande porte.<\/span><\/p>\n","protected":false},"excerpt":{"rendered":"<p><span data-sheets-root=\"1\">CAPACIDADE DE ELEVA\u00c7\u00c3O<\/span> 200 KG<\/p>\n<p>&nbsp;<\/p>\n<p>&nbsp;<\/p>\n","protected":false},"featured_media":295823,"template":"","meta":{"_acf_changed":false,"_et_pb_use_builder":"","_et_pb_old_content":"<span style=\"font-weight: 400;\">O <\/span><b>guindaste m\u00f3vel contrabalan\u00e7ado 01B2SER_400<\/b><span style=\"font-weight: 400;\"> foi projetado para ser f\u00e1cil de operar e seguro. Lastro com al\u00e7as ergon\u00f4micas e anel girat\u00f3rio com rolamentos garantem uma rota\u00e7\u00e3o f\u00e1cil e suave. A <\/span><b>capacidade de carga de 200 kg e a rota\u00e7\u00e3o de 360\u00b0<\/b><span style=\"font-weight: 400;\"> tornam-no um equipamento vers\u00e1til e confi\u00e1vel para uma ampla gama de aplica\u00e7\u00f5es.<\/span>\r\n\r\n<span style=\"font-weight: 400;\">Gra\u00e7as ao <\/span><b>controle remoto e \u00e0 capacidade de ajustar a velocidade por meio de um potenci\u00f4metro<\/b><span style=\"font-weight: 400;\">, o mini guindaste 01B2SER_400 oferece <\/span><b>precis\u00e3o milim\u00e9trica<\/b><span style=\"font-weight: 400;\"> nos movimentos de eleva\u00e7\u00e3o, abaixamento e extens\u00e3o dos bra\u00e7os.<\/span>\r\n\r\n\u00a0\r\n\r\n<span style=\"font-weight: 400;\">O <\/span><b>mini guindaste 01B2SER_400<\/b><span style=\"font-weight: 400;\"> \u00e9 equipado com lan\u00e7a el\u00e9trica com curso de 400 mm e, com extens\u00e3o mec\u00e2nica opcional, atinge <\/span><b>comprimento m\u00e1ximo de 1312 mm<\/b><span style=\"font-weight: 400;\">.<\/span>\r\n\r\n<span style=\"font-weight: 400;\">O guindaste est\u00e1 equipado com quatro rodas de n\u00e1ilon. Esta configura\u00e7\u00e3o garante estabilidade excepcional e manobrabilidade precisa mesmo sob condi\u00e7\u00f5es de carga pesada. A estrutura \u00e9 fabricada em a\u00e7o pintado para maior resist\u00eancia \u00e0 corros\u00e3o e est\u00e1 equipada com suportes especiais de eleva\u00e7\u00e3o para empilhadeiras, permitindo a f\u00e1cil movimenta\u00e7\u00e3o da grua em qualquer ambiente de trabalho.<\/span>\r\n\r\n<b>O sistema hidr\u00e1ulico est\u00e1 equipado com uma v\u00e1lvula de bloqueio que evita a queda da carga em caso de ruptura acidental da tubula\u00e7\u00e3o e uma v\u00e1lvula de press\u00e3o que evita a sobrecarga da grua.<\/b>\r\n\r\n<span style=\"font-weight: 400;\">Este guindaste \u00e9 alimentado por uma bateria AGM selada e tamb\u00e9m pode ser equipado com uma bateria de l\u00edtio. Carregador de bateria externo. Gancho girat\u00f3rio com trava de seguran\u00e7a.\u00a0<\/span>\r\n\r\n<b>Display multifuncional que mostra o n\u00edvel de carga, tens\u00e3o da bateria e contador de horas de opera\u00e7\u00e3o.<\/b>\r\n\r\n<span style=\"font-weight: 400;\">O 01B2SER_400 \u00e9 o modelo mais popular para movimenta\u00e7\u00e3o de cargas do solo em m\u00e1quinas 3D, tornos, prote\u00e7\u00e3o perimetral, v\u00e3os estreitos, etc., e gra\u00e7as \u00e0 sua rota\u00e7\u00e3o de 360\u00b0 em todas as aplica\u00e7\u00f5es onde n\u00e3o h\u00e1 espa\u00e7o para movimenta\u00e7\u00e3o, carregue com empilhadeira ou outro equipamento de eleva\u00e7\u00e3o de grande porte.<\/span>","_et_gb_content_width":""},"product_brand":[],"product_cat":[336],"product_tag":[],"class_list":{"0":"post-295843","1":"product","2":"type-product","3":"status-publish","4":"has-post-thumbnail","6":"product_cat-guindaste-de-tracao-eletrica-pick-carry-com-extensao-eletrica-dupla-e-tripla","7":"pa_portata-max-kg-200-pt-pt-2","9":"first","10":"instock","11":"shipping-taxable","12":"product-type-simple"},"acf":[],"gallery_images":[295816,295796,295786,295766,295776,295806],"_links":{"self":[{"href":"https:\/\/liftingfx.girafdev.com\/pt-pt\/wp-json\/wp\/v2\/product\/295843","targetHints":{"allow":["GET"]}}],"collection":[{"href":"https:\/\/liftingfx.girafdev.com\/pt-pt\/wp-json\/wp\/v2\/product"}],"about":[{"href":"https:\/\/liftingfx.girafdev.com\/pt-pt\/wp-json\/wp\/v2\/types\/product"}],"wp:featuredmedia":[{"embeddable":true,"href":"https:\/\/liftingfx.girafdev.com\/pt-pt\/wp-json\/wp\/v2\/media\/295823"}],"wp:attachment":[{"href":"https:\/\/liftingfx.girafdev.com\/pt-pt\/wp-json\/wp\/v2\/media?parent=295843"}],"wp:term":[{"taxonomy":"product_brand","embeddable":true,"href":"https:\/\/liftingfx.girafdev.com\/pt-pt\/wp-json\/wp\/v2\/product_brand?post=295843"},{"taxonomy":"product_cat","embeddable":true,"href":"https:\/\/liftingfx.girafdev.com\/pt-pt\/wp-json\/wp\/v2\/product_cat?post=295843"},{"taxonomy":"product_tag","embeddable":true,"href":"https:\/\/liftingfx.girafdev.com\/pt-pt\/wp-json\/wp\/v2\/product_tag?post=295843"}],"curies":[{"name":"wp","href":"https:\/\/api.w.org\/{rel}","templated":true}]}}