{"id":16542,"date":"2023-12-15T09:04:10","date_gmt":"2023-12-15T08:04:10","guid":{"rendered":"https:\/\/liftingfx.girafdev.com?post_type=product&#038;p=16542"},"modified":"2025-06-27T18:23:57","modified_gmt":"2025-06-27T16:23:57","slug":"atlas1te3r-guindaste-movel-industrial-totalmente-eletrico-capacidade-1000-kg","status":"publish","type":"product","link":"https:\/\/liftingfx.girafdev.com\/pt-pt\/product\/atlas1te3r-guindaste-movel-industrial-totalmente-eletrico-capacidade-1000-kg\/","title":{"rendered":"ATLAS 1TE3R GRUA INDUSTRIAL COM CONTRAPESO"},"content":{"rendered":"<p><span style=\"font-weight: 400;\">O modelo ATLAS 1TE3R \u00e9 um <\/span><b>guindaste motorizado totalmente el\u00e9trico<\/b><span style=\"font-weight: 400;\"> com capacidade de carga de 1000 kg.<\/span><\/p>\n<p><span style=\"font-weight: 400;\">O <\/span><b>guindaste el\u00e9trico ATLAS 1TE3R<\/b><span style=\"font-weight: 400;\"> est\u00e1 equipado com tr\u00eas bra\u00e7os telesc\u00f3picos com comprimento superior a 3 metros.<\/span><\/p>\n<p><span style=\"font-weight: 400;\">A eleva\u00e7\u00e3o, descida, extens\u00e3o e retra\u00e7\u00e3o do bra\u00e7o s\u00e3o controladas eletricamente. Todos os movimentos s\u00e3o ajust\u00e1veis <\/span><span style=\"font-weight: 400;\">\u200b\u200b<\/span><span style=\"font-weight: 400;\">pelo operador atrav\u00e9s de um controle remoto. <\/span><b>O telecomando est\u00e1 equipado com um potenci\u00f3metro que permite gerir a velocidade e a proporcionalidade dos movimentos do bra\u00e7o da grua.<\/b><\/p>\n<p><span style=\"font-weight: 400;\">Uma das caracter\u00edsticas fundamentais desta <\/span><b>grua Pick &amp; Carry<\/b><span style=\"font-weight: 400;\"> \u00e9 a sua autopropuls\u00e3o, pois pode mover-se com a carga suspensa, pois n\u00e3o possui estabilizadores.<\/span><\/p>\n<p><span style=\"font-weight: 400;\">O ATLAS 1TE3R \u00e9 o <\/span><b>guindaste motorizado<\/b><span style=\"font-weight: 400;\"> com as menores dimens\u00f5es da sua categoria (apenas 800mm de largura) e, gra\u00e7as \u00e0 sua extrema manobrabilidade, oferece a m\u00e1xima flexibilidade para operar em qualquer condi\u00e7\u00e3o, mesmo em espa\u00e7os limitados. O excepcional \u00e2ngulo de dire\u00e7\u00e3o e a capacidade de girar sobre si mesmo tornam-no perfeito para trabalhar em ambientes complexos e espa\u00e7os limitados.<\/span><\/p>\n<p><span style=\"font-weight: 400;\">Equipamento padr\u00e3o: baterias AGM seladas e isentas de manuten\u00e7\u00e3o, carregador de bateria externo, indicador luminoso LED que indica o correto funcionamento e sinaliza qualquer sobrecarga, bot\u00e3o de parada de emerg\u00eancia. O <\/span><b>guindaste ATLAS 1TE3R<\/b><span style=\"font-weight: 400;\"> tamb\u00e9m est\u00e1 equipado com um display multifuncional que mostra o n\u00edvel de carga, a tens\u00e3o da bateria e as horas de opera\u00e7\u00e3o.<\/span><\/p>\n<p><span style=\"font-weight: 400;\">A eleva\u00e7\u00e3o, o abaixamento, a extens\u00e3o e a retra\u00e7\u00e3o da extens\u00e3o s\u00e3o controlados eletricamente. Todos os movimentos s\u00e3o ajust\u00e1veis <\/span><span style=\"font-weight: 400;\">\u200b\u200b<\/span><span style=\"font-weight: 400;\">pelo operador atrav\u00e9s de alavancas de controle posicionadas no painel de controle do guindaste. <\/span><b>A velocidade e a proporcionalidade s\u00e3o gerenciadas atrav\u00e9s do movimento das alavancas.<\/b><\/p>\n<p><b>Recursos de seguran\u00e7a:<\/b><\/p>\n<p><b>Limitador de carga din\u00e2mico<\/b><span style=\"font-weight: 400;\"> que evita sobrecargas e potenciais acidentes. Monitora constantemente a carga que est\u00e1 sendo levantada ou movimentada e limita automaticamente a opera\u00e7\u00e3o caso a carga ultrapasse o limite de seguran\u00e7a pr\u00e9-estabelecido.<\/span><\/p>\n<p><span style=\"font-weight: 400;\">Uma <\/span><b>v\u00e1lvula de bloqueio<\/b><span style=\"font-weight: 400;\"> \u00e9 acionada automaticamente em caso de rompimento das tubula\u00e7\u00f5es do sistema hidr\u00e1ulico, evitando que a carga des\u00e7a descontroladamente.<\/span><\/p>\n<p><span style=\"font-weight: 400;\">O leme est\u00e1 equipado com um seletor de velocidade que permite adaptar a velocidade do ve\u00edculo \u00e0s diferentes necessidades operacionais. Duas vagas est\u00e3o dispon\u00edveis:<\/span><\/p>\n<ul>\n<li><span style=\"font-weight: 400;\"> Modo lento: limita a velocidade m\u00e1xima a 1,5 km\/h, ideal para manobras precisas em espa\u00e7os apertados e movimenta\u00e7\u00e3o delicada de cargas.<\/span><\/li>\n<li><span style=\"font-weight: 400;\"> Velocidade padr\u00e3o: permite uma velocidade m\u00e1xima de 3 km\/h, adequada para percorrer longas dist\u00e2ncias em condi\u00e7\u00f5es padr\u00e3o<\/span><\/li>\n<\/ul>\n<p><span style=\"font-weight: 400;\">ATLAS 1TE3R pode ser equipado com qualquer tipo de acess\u00f3rios de eleva\u00e7\u00e3o para aplica\u00e7\u00f5es espec\u00edficas: ventosas de eleva\u00e7\u00e3o, balan\u00e7as, pin\u00e7as, basculantes, \u00edmanes permanentes, etc.<\/span><\/p>\n","protected":false},"excerpt":{"rendered":"<p>COM CONTROLE REMOTO<\/p>\n<p>CAPACIDADE DE ELEVA\u00c7\u00c3O\u00a01000 KG<\/p>\n","protected":false},"featured_media":16505,"template":"","meta":{"_acf_changed":false,"_et_pb_use_builder":"","_et_pb_old_content":"","_et_gb_content_width":""},"product_brand":[],"product_cat":[336],"product_tag":[],"class_list":{"0":"post-16542","1":"product","2":"type-product","3":"status-publish","4":"has-post-thumbnail","6":"product_cat-guindaste-de-tracao-eletrica-pick-carry-com-extensao-eletrica-dupla-e-tripla","7":"pa_portata-max-kg-1000-pt-pt-2","9":"first","10":"instock","11":"shipping-taxable","12":"product-type-simple"},"acf":[],"gallery_images":[283522,283512,283562,283552,283532,283542,283572],"_links":{"self":[{"href":"https:\/\/liftingfx.girafdev.com\/pt-pt\/wp-json\/wp\/v2\/product\/16542","targetHints":{"allow":["GET"]}}],"collection":[{"href":"https:\/\/liftingfx.girafdev.com\/pt-pt\/wp-json\/wp\/v2\/product"}],"about":[{"href":"https:\/\/liftingfx.girafdev.com\/pt-pt\/wp-json\/wp\/v2\/types\/product"}],"wp:featuredmedia":[{"embeddable":true,"href":"https:\/\/liftingfx.girafdev.com\/pt-pt\/wp-json\/wp\/v2\/media\/16505"}],"wp:attachment":[{"href":"https:\/\/liftingfx.girafdev.com\/pt-pt\/wp-json\/wp\/v2\/media?parent=16542"}],"wp:term":[{"taxonomy":"product_brand","embeddable":true,"href":"https:\/\/liftingfx.girafdev.com\/pt-pt\/wp-json\/wp\/v2\/product_brand?post=16542"},{"taxonomy":"product_cat","embeddable":true,"href":"https:\/\/liftingfx.girafdev.com\/pt-pt\/wp-json\/wp\/v2\/product_cat?post=16542"},{"taxonomy":"product_tag","embeddable":true,"href":"https:\/\/liftingfx.girafdev.com\/pt-pt\/wp-json\/wp\/v2\/product_tag?post=16542"}],"curies":[{"name":"wp","href":"https:\/\/api.w.org\/{rel}","templated":true}]}}