{"id":16412,"date":"2023-12-14T16:45:38","date_gmt":"2023-12-14T15:45:38","guid":{"rendered":"https:\/\/liftingfx.girafdev.com?post_type=product&#038;p=16412"},"modified":"2025-06-26T10:01:18","modified_gmt":"2025-06-26T08:01:18","slug":"flexf1000dbr-mini-grua-eletrica-com-contrapeso-capacidad-1000-kg","status":"publish","type":"product","link":"https:\/\/liftingfx.girafdev.com\/pt-pt\/product\/flexf1000dbr-mini-grua-eletrica-com-contrapeso-capacidad-1000-kg\/","title":{"rendered":"FLEX F1000DBR GRUA EL\u00c9TRICA INDUSTRIAL"},"content":{"rendered":"<p><b>A grua FLEX F1000DBR \u00e9 uma grua contrabalan\u00e7ada com coluna fixa e tra\u00e7\u00e3o el\u00e9trica que permite a eleva\u00e7\u00e3o de cargas at\u00e9 1000 kg.<\/b><\/p>\n<p><span style=\"font-weight: 400;\">Est\u00e1 equipado com um bra\u00e7o telesc\u00f3pico duplo que lhe permite atingir um cantilever de 2500 mm.<\/span><\/p>\n<p><span style=\"font-weight: 400;\">O <\/span><b>guindaste el\u00e9trico FLEX F1000DBR <\/b><span style=\"font-weight: 400;\">oferece controle preciso e seguro de todas as opera\u00e7\u00f5es. A roda motriz girat\u00f3ria e as rodas dianteiras fixas garantem uma manobrabilidade ideal mesmo em espa\u00e7os confinados. As fun\u00e7\u00f5es el\u00e9tricas, ajust\u00e1veis <\/span><span style=\"font-weight: 400;\">\u200b\u200b<\/span><span style=\"font-weight: 400;\">em velocidade, permitem adaptar a grua a qualquer carga e situa\u00e7\u00e3o.<\/span><\/p>\n<p><b>O controle remoto, equipado com potenci\u00f4metro, permite ao operador controlar todos os movimentos do bra\u00e7o telesc\u00f3pico com extrema precis\u00e3o e gradualidade, desde a eleva\u00e7\u00e3o at\u00e9 a extens\u00e3o.<\/b><\/p>\n<p><span style=\"font-weight: 400;\">Gra\u00e7as ao contrapeso integrado, \u00e9 uma <\/span><b>solu\u00e7\u00e3o de eleva\u00e7\u00e3o m\u00f3vel e vers\u00e1til<\/b><span style=\"font-weight: 400;\">. Sem a necessidade de estabilizadores, nosso guindaste pode operar em espa\u00e7os apertados e ser movido rapidamente de um ponto a outro. \u00c9 a solu\u00e7\u00e3o ideal para quem procura uma solu\u00e7\u00e3o flex\u00edvel e f\u00e1cil de usar.<\/span><\/p>\n<p><span style=\"font-weight: 400;\">Gra\u00e7as \u00e0 sua flexibilidade, o <\/span><b>guindaste motorizado FLEX F1000DBR <\/b><span style=\"font-weight: 400;\">permite alcan\u00e7ar e posicionar facilmente qualquer tipo de carga, mesmo em espa\u00e7os estreitos ou de dif\u00edcil acesso, como m\u00e1quinas-ferramentas, estantes e bancadas de montagem.<\/span><\/p>\n<p><b>Recursos de seguran\u00e7a:<\/b><\/p>\n<p><b>Limitador de carga din\u00e2mico<\/b><span style=\"font-weight: 400;\"> que evita sobrecargas e potenciais acidentes. Monitora constantemente a carga que est\u00e1 sendo levantada ou movimentada e limita automaticamente a opera\u00e7\u00e3o caso a carga ultrapasse o limite de seguran\u00e7a pr\u00e9-estabelecido.<\/span><\/p>\n<p><span style=\"font-weight: 400;\">Uma <\/span><b>v\u00e1lvula de bloqueio<\/b><span style=\"font-weight: 400;\"> \u00e9 acionada automaticamente em caso de rompimento das tubula\u00e7\u00f5es do sistema hidr\u00e1ulico, evitando que a carga des\u00e7a descontroladamente.<\/span><\/p>\n<p><span style=\"font-weight: 400;\">O leme est\u00e1 equipado com um seletor de velocidade que permite adaptar a velocidade do ve\u00edculo \u00e0s diferentes necessidades operacionais.<\/span><\/p>\n<ul>\n<li><span style=\"font-weight: 400;\"> Modo lento: limita a velocidade m\u00e1xima a 1,5 km\/h, ideal para manobras precisas em espa\u00e7os apertados e movimenta\u00e7\u00e3o delicada de cargas.<\/span><\/li>\n<li><span style=\"font-weight: 400;\"> Velocidade padr\u00e3o: permite uma velocidade m\u00e1xima de 3 km\/h, adequada para percorrer longas dist\u00e2ncias em condi\u00e7\u00f5es padr\u00e3o<\/span><\/li>\n<\/ul>\n<p><span style=\"font-weight: 400;\">Equipamento padr\u00e3o: baterias AGM seladas e isentas de manuten\u00e7\u00e3o, carregador de bateria externo, indicador luminoso LED indicando correto funcionamento e sinalizando qualquer sobrecarga, bot\u00e3o de parada de emerg\u00eancia. A <\/span><b>grua FLEX F1000DBR <\/b><span style=\"font-weight: 400;\">tamb\u00e9m est\u00e1 equipada com um display multifuncional que mostra o n\u00edvel de carga, a tens\u00e3o da bateria e as horas de funcionamento.<\/span><\/p>\n","protected":false},"excerpt":{"rendered":"<p>COM CONTROLE REMOTO<\/p>\n<p><span data-sheets-root=\"1\">CAPACIDADE DE ELEVA\u00c7\u00c3O<\/span> 1000 Kg<\/p>\n","protected":false},"featured_media":16400,"template":"","meta":{"_acf_changed":false,"_et_pb_use_builder":"","_et_pb_old_content":"","_et_gb_content_width":""},"product_brand":[],"product_cat":[335],"product_tag":[],"class_list":{"0":"post-16412","1":"product","2":"type-product","3":"status-publish","4":"has-post-thumbnail","6":"product_cat-guindaste-de-tracao-eletrica-com-extensao-unica","7":"pa_portata-max-kg-1000-pt-pt-2","9":"first","10":"instock","11":"shipping-taxable","12":"product-type-simple"},"acf":[],"gallery_images":[303762,303772,303752,303732,303742,303722,303712],"_links":{"self":[{"href":"https:\/\/liftingfx.girafdev.com\/pt-pt\/wp-json\/wp\/v2\/product\/16412","targetHints":{"allow":["GET"]}}],"collection":[{"href":"https:\/\/liftingfx.girafdev.com\/pt-pt\/wp-json\/wp\/v2\/product"}],"about":[{"href":"https:\/\/liftingfx.girafdev.com\/pt-pt\/wp-json\/wp\/v2\/types\/product"}],"wp:featuredmedia":[{"embeddable":true,"href":"https:\/\/liftingfx.girafdev.com\/pt-pt\/wp-json\/wp\/v2\/media\/16400"}],"wp:attachment":[{"href":"https:\/\/liftingfx.girafdev.com\/pt-pt\/wp-json\/wp\/v2\/media?parent=16412"}],"wp:term":[{"taxonomy":"product_brand","embeddable":true,"href":"https:\/\/liftingfx.girafdev.com\/pt-pt\/wp-json\/wp\/v2\/product_brand?post=16412"},{"taxonomy":"product_cat","embeddable":true,"href":"https:\/\/liftingfx.girafdev.com\/pt-pt\/wp-json\/wp\/v2\/product_cat?post=16412"},{"taxonomy":"product_tag","embeddable":true,"href":"https:\/\/liftingfx.girafdev.com\/pt-pt\/wp-json\/wp\/v2\/product_tag?post=16412"}],"curies":[{"name":"wp","href":"https:\/\/api.w.org\/{rel}","templated":true}]}}