{"id":15623,"date":"2023-08-05T09:32:22","date_gmt":"2023-08-05T07:32:22","guid":{"rendered":"https:\/\/liftingfx.girafdev.com?post_type=product&#038;p=15623"},"modified":"2025-06-26T10:46:26","modified_gmt":"2025-06-26T08:46:26","slug":"flexg1000dbl-grua-tracao-eletrica-extensao-eletrica-dupla-capacidade-1000-kg","status":"publish","type":"product","link":"https:\/\/liftingfx.girafdev.com\/pt-pt\/product\/flexg1000dbl-grua-tracao-eletrica-extensao-eletrica-dupla-capacidade-1000-kg\/","title":{"rendered":"FLEX G1000DBL GRUA GIRAT\u00d3RIA EL\u00c9TRICA"},"content":{"rendered":"<p><b>O guindaste FLEX G1000DBL \u00e9 um guindaste girat\u00f3rio totalmente el\u00e9trico que permite a eleva\u00e7\u00e3o de cargas de at\u00e9 1.000 kg.<\/b><\/p>\n<p>&nbsp;<\/p>\n<p><span style=\"font-weight: 400;\">Este <\/span><b>equipamento de eleva\u00e7\u00e3o m\u00f3vel<\/b><span style=\"font-weight: 400;\"> est\u00e1 equipado de s\u00e9rie com uma dupla extens\u00e3o el\u00e9ctrica que lhe permite atingir um cantilever de 2400 mm e um volante que permite a manobra da grua mesmo em espa\u00e7os confinados.<\/span><\/p>\n<p><b>O sistema de controle intuitivo, baseado em alavancas, permite ao operador movimentar o bra\u00e7o telesc\u00f3pico com extrema precis\u00e3o e fluidez. A velocidade de cada movimento do bra\u00e7o \u00e9 perfeitamente modul\u00e1vel, garantindo o posicionamento preciso da carga em qualquer ponto do raio de a\u00e7\u00e3o. A rota\u00e7\u00e3o motorizada completa a versatilidade desta grua, tornando-a ideal para opera\u00e7\u00f5es de eleva\u00e7\u00e3o em espa\u00e7os confinados.<\/b><\/p>\n<p><span style=\"font-weight: 400;\">A <\/span><b>grua motorizada Flex G1000DBL<\/b><span style=\"font-weight: 400;\"> \u00e9 uma <\/span><b>solu\u00e7\u00e3o de eleva\u00e7\u00e3o<\/b><span style=\"font-weight: 400;\"> completa que, gra\u00e7as \u00e0 sua rota\u00e7\u00e3o de 220\u00b0 e ao bra\u00e7o telesc\u00f3pico, simplifica e otimiza todas as opera\u00e7\u00f5es de carga e descarga de moldes, ferramental de centros de maquina\u00e7\u00e3o CNC, posicionamento de chapa em m\u00e1quinas de corte a plasma , manuten\u00e7\u00e3o e montagem de componentes em diversos tipos de m\u00e1quinas.<\/span><\/p>\n<p><span style=\"font-weight: 400;\">Para garantir a m\u00e1xima manobrabilidade mesmo em espa\u00e7os confinados, este guindaste eletro-hidr\u00e1ulico pode ser equipado com um <\/span><b>lastro ainda mais compacto, projetado para n\u00e3o ultrapassar o tamanho da pr\u00f3pria m\u00e1quina, independentemente da posi\u00e7\u00e3o do bra\u00e7o.<\/b><\/p>\n<p><span style=\"font-weight: 400;\">O <\/span><b>guindaste eletro-hidr\u00e1ulico Flex G1000DBL<\/b><span style=\"font-weight: 400;\"> \u00e9 equipado com comandos de alavanca para acionar as seguintes fun\u00e7\u00f5es com velocidade ajust\u00e1vel e proporcional: eleva\u00e7\u00e3o, abaixamento, extens\u00e3o, retra\u00e7\u00e3o e rota\u00e7\u00e3o do bra\u00e7o.<\/span><\/p>\n<p><span style=\"font-weight: 400;\">Equipamento padr\u00e3o: baterias AGM seladas e isentas de manuten\u00e7\u00e3o, carregador de bateria externo, indicador luminoso LED indicando correto funcionamento e sinalizando qualquer sobrecarga, bot\u00e3o de parada de emerg\u00eancia. A grua Flex G1000DBL tamb\u00e9m est\u00e1 equipada com um display multifuncional que mostra o n\u00edvel de carga, a tens\u00e3o da bateria e as horas de funcionamento.<\/span><\/p>\n<p><b>Recursos de seguran\u00e7a:<\/b><\/p>\n<p><b>Limitador de carga din\u00e2mico<\/b><span style=\"font-weight: 400;\"> que evita sobrecargas e potenciais acidentes. Monitora constantemente a carga que est\u00e1 sendo levantada ou movimentada e limita automaticamente a opera\u00e7\u00e3o caso a carga ultrapasse o limite de seguran\u00e7a pr\u00e9-estabelecido.<\/span><\/p>\n<p><span style=\"font-weight: 400;\">Uma <\/span><b>v\u00e1lvula de bloqueio<\/b><span style=\"font-weight: 400;\"> \u00e9 acionada automaticamente em caso de rompimento das tubula\u00e7\u00f5es do sistema hidr\u00e1ulico, evitando que a carga des\u00e7a descontroladamente.<\/span><\/p>\n<p><span style=\"font-weight: 400;\">Existe um seletor de velocidade no leme que permite adaptar a velocidade do ve\u00edculo \u00e0s diferentes necessidades operacionais.<\/span><\/p>\n<ul>\n<li><span style=\"font-weight: 400;\"> Modo lento: limita a velocidade m\u00e1xima a 1,5 km\/h, ideal para manobras precisas em espa\u00e7os apertados e movimenta\u00e7\u00e3o delicada de cargas.<\/span><\/li>\n<li><span style=\"font-weight: 400;\"> Velocidade padr\u00e3o: permite uma velocidade m\u00e1xima de 3 km\/h, adequada para percorrer longas dist\u00e2ncias em condi\u00e7\u00f5es padr\u00e3o<\/span><\/li>\n<\/ul>\n","protected":false},"excerpt":{"rendered":"<p>COM CONTROLES DE ALAVANCA<\/p>\n<p><span data-sheets-root=\"1\">CAPACIDADE DE ELEVA\u00c7\u00c3O <\/span>1000 KG<\/p>\n","protected":false},"featured_media":309003,"template":"","meta":{"_acf_changed":false,"_et_pb_use_builder":"","_et_pb_old_content":"","_et_gb_content_width":""},"product_brand":[],"product_cat":[335],"product_tag":[],"class_list":{"0":"post-15623","1":"product","2":"type-product","3":"status-publish","4":"has-post-thumbnail","6":"product_cat-guindaste-de-tracao-eletrica-com-extensao-unica","7":"pa_portata-max-kg-1000-pt-pt-2","9":"first","10":"instock","11":"shipping-taxable","12":"product-type-simple"},"acf":[],"gallery_images":[308986,309046,309036,309026,309016,309006,308996],"_links":{"self":[{"href":"https:\/\/liftingfx.girafdev.com\/pt-pt\/wp-json\/wp\/v2\/product\/15623","targetHints":{"allow":["GET"]}}],"collection":[{"href":"https:\/\/liftingfx.girafdev.com\/pt-pt\/wp-json\/wp\/v2\/product"}],"about":[{"href":"https:\/\/liftingfx.girafdev.com\/pt-pt\/wp-json\/wp\/v2\/types\/product"}],"wp:featuredmedia":[{"embeddable":true,"href":"https:\/\/liftingfx.girafdev.com\/pt-pt\/wp-json\/wp\/v2\/media\/309003"}],"wp:attachment":[{"href":"https:\/\/liftingfx.girafdev.com\/pt-pt\/wp-json\/wp\/v2\/media?parent=15623"}],"wp:term":[{"taxonomy":"product_brand","embeddable":true,"href":"https:\/\/liftingfx.girafdev.com\/pt-pt\/wp-json\/wp\/v2\/product_brand?post=15623"},{"taxonomy":"product_cat","embeddable":true,"href":"https:\/\/liftingfx.girafdev.com\/pt-pt\/wp-json\/wp\/v2\/product_cat?post=15623"},{"taxonomy":"product_tag","embeddable":true,"href":"https:\/\/liftingfx.girafdev.com\/pt-pt\/wp-json\/wp\/v2\/product_tag?post=15623"}],"curies":[{"name":"wp","href":"https:\/\/api.w.org\/{rel}","templated":true}]}}