{"id":13905,"date":"2022-08-02T11:00:53","date_gmt":"2022-08-02T09:00:53","guid":{"rendered":"https:\/\/liftingfx.girafdev.com?post_type=product&#038;p=13905"},"modified":"2025-06-04T07:48:49","modified_gmt":"2025-06-04T05:48:49","slug":"flexf1000sbl-grua-movel-electrica-para-levantar-1000-kg","status":"publish","type":"product","link":"https:\/\/liftingfx.girafdev.com\/pt-pt\/product\/flexf1000sbl-grua-movel-electrica-para-levantar-1000-kg\/","title":{"rendered":"FLEX F1000SBL COM CONTROLES DE ALAVANCA"},"content":{"rendered":"<p>O modelo FLEX F1000SBL \u00e9 uma <strong>mini grua m\u00f3vel com contrapeso<\/strong>, coluna fixa e tra\u00e7\u00e3o el\u00e9trica que permite o <strong>levantamento de cargas de at\u00e9 1.000 kg.<\/strong><\/p>\n<p>\u00c9 equipada com uma extens\u00e3o el\u00e9trica com um curso de 1000 mm com balan\u00e7o de 1400 mm.<\/p>\n<p>\u00c9 equipada com uma roda de tra\u00e7\u00e3o girat\u00f3ria que oferece um \u00e2ngulo de dire\u00e7\u00e3o excepcional e duas rodas dianteiras el\u00e1sticas fixas.\u00a0 Eleva\u00e7\u00e3o e descida s\u00e3o el\u00e9tricos. A velocidade de todas as fun\u00e7\u00f5es da lan\u00e7a \u00e9 ajust\u00e1vel pelo operador.<\/p>\n<p><strong>Flex F1000SBL com alavancas de controle com velocidade ajust\u00e1vel e proporcional para opera\u00e7\u00e3o do guindaste.<\/strong><\/p>\n<p>O sistema de lastro integrado permite levantar uma carga em balan\u00e7o sem a necessidade de instalar estabilizadores laterais. Portanto, \u00e9 um guindaste m\u00f3vel universal com possibilidades de aplica\u00e7\u00e3o ilimitadas e imediatamente pronto para uso. Com a <strong>mini grua FLEX F1000SBL<\/strong>, as pe\u00e7as (moldes, sobressalentes e todo o tipo de cargas) podem ser alojadas em m\u00e1quinas-ferramentas, prateleiras, bancadas de montagem e em qualquer local de dif\u00edcil acesso.<\/p>\n<p>LIMITADOR DE CARGA M\u00c1XIMA DIN\u00c2MICA: o FLEX F1000SBL est\u00e1 equipado de s\u00e9rie com um sistema de limita\u00e7\u00e3o da carga m\u00e1xima permitida em cada posi\u00e7\u00e3o de extens\u00e3o.<\/p>\n<p>No volante existe um seletor que regula a velocidade de tra\u00e7\u00e3o:<\/p>\n<p>Posi\u00e7\u00e3o &#8220;tartaruga&#8221;: condu\u00e7\u00e3o a velocidade reduzida para passagens estreitas e para deslocar a carga com seguran\u00e7a (m\u00e1x. 1,5 km\/h).<br \/>\nPosi\u00e7\u00e3o &#8220;Lebre&#8221;: condu\u00e7\u00e3o em velocidade normal e progressiva para longas dist\u00e2ncias (m\u00e1x. 3 km\/h)<\/p>\n<p>Condu\u00e7\u00e3o segura: a ergonomia especial permite que o operador segure o leme com as duas m\u00e3os.<\/p>\n<p>Interruptor de chave de 2 posi\u00e7\u00f5es<br \/>\nInterruptor de bateria em forma de cogumelo, buzina: buzina 24Vdc, completa com capacitor axial de poli\u00e9ster anti-dist\u00farbio; LED multivoltagem intermitente de 10 a 100V<br \/>\nBuzzer 24V Som intermitente quando o guindaste est\u00e1 em movimento, utilizado para aumentar a seguran\u00e7a do operador ao dar r\u00e9 no ve\u00edculo<\/p>\n<p>CARREGADOR DE BATERIA INTEGRADO<br \/>\nModelo de pulso com tens\u00e3o de entrada monof\u00e1sica de 220V de alta frequ\u00eancia e tens\u00e3o de sa\u00edda de 24V. Indicador de microprocessador com rel\u00e9 para bloco de eleva\u00e7\u00e3o<br \/>\nN\u00ba 3 LEDs que indicam o estado de funcionamento. Indicador RBC remoto para exibir a fase de carregamento do carregador de bateria<\/p>\n<p>O modelo FLEX F1000SBL permite mover e levantar cargas em total conformidade com as normas vigentes para a prote\u00e7\u00e3o da seguran\u00e7a do operador.<\/p>\n<p>O sistema hidr\u00e1ulico est\u00e1 equipado com uma v\u00e1lvula de bloqueio que impede a queda da carga em caso de ruptura acidental do tubo. A bomba est\u00e1 equipada com uma v\u00e1lvula de al\u00edvio que evita a sobrecarga da m\u00e1quina.<\/p>\n","protected":false},"excerpt":{"rendered":"<p>Mini grua de coluna fixa e com tra\u00e7\u00e3o el\u00e9trica 1 extens\u00e3o el\u00e9trica e capacidade de 1.000 kg<\/p>\n","protected":false},"featured_media":16361,"template":"","meta":{"_acf_changed":false,"_et_pb_use_builder":"","_et_pb_old_content":"","_et_gb_content_width":""},"product_brand":[],"product_cat":[335],"product_tag":[],"class_list":{"0":"post-13905","1":"product","2":"type-product","3":"status-publish","4":"has-post-thumbnail","6":"product_cat-guindaste-de-tracao-eletrica-com-extensao-unica","7":"pa_portata-max-kg-1000-pt-pt-2","9":"first","10":"instock","11":"shipping-taxable","12":"product-type-simple"},"acf":[],"gallery_images":[15935,13398,10316,10323,12031,12038,13059],"_links":{"self":[{"href":"https:\/\/liftingfx.girafdev.com\/pt-pt\/wp-json\/wp\/v2\/product\/13905","targetHints":{"allow":["GET"]}}],"collection":[{"href":"https:\/\/liftingfx.girafdev.com\/pt-pt\/wp-json\/wp\/v2\/product"}],"about":[{"href":"https:\/\/liftingfx.girafdev.com\/pt-pt\/wp-json\/wp\/v2\/types\/product"}],"wp:featuredmedia":[{"embeddable":true,"href":"https:\/\/liftingfx.girafdev.com\/pt-pt\/wp-json\/wp\/v2\/media\/16361"}],"wp:attachment":[{"href":"https:\/\/liftingfx.girafdev.com\/pt-pt\/wp-json\/wp\/v2\/media?parent=13905"}],"wp:term":[{"taxonomy":"product_brand","embeddable":true,"href":"https:\/\/liftingfx.girafdev.com\/pt-pt\/wp-json\/wp\/v2\/product_brand?post=13905"},{"taxonomy":"product_cat","embeddable":true,"href":"https:\/\/liftingfx.girafdev.com\/pt-pt\/wp-json\/wp\/v2\/product_cat?post=13905"},{"taxonomy":"product_tag","embeddable":true,"href":"https:\/\/liftingfx.girafdev.com\/pt-pt\/wp-json\/wp\/v2\/product_tag?post=13905"}],"curies":[{"name":"wp","href":"https:\/\/api.w.org\/{rel}","templated":true}]}}