{"id":6099,"date":"2022-02-17T14:53:19","date_gmt":"2022-02-17T13:53:19","guid":{"rendered":"https:\/\/liftingfx.girafdev.comgru-per-industria-farmaceutica\/"},"modified":"2025-01-29T18:38:46","modified_gmt":"2025-01-29T17:38:46","slug":"guindastes-para-a-industria-farmaceutica","status":"publish","type":"page","link":"https:\/\/liftingfx.girafdev.com\/pt-pt\/setores\/guindastes-para-a-industria-farmaceutica\/","title":{"rendered":"Guindastes para a ind\u00fastria farmac\u00eautica"},"content":{"rendered":"<h2>Solu\u00e7\u00f5es ergon\u00f4micas e flex\u00edveis em a\u00e7o inoxid\u00e1vel para a ind\u00fastria farmac\u00eautica<\/h2>\n<p>&nbsp;<\/p>\n<p>A Flex Lift oferece uma gama de guindastes com contrapeso para movimenta\u00e7\u00e3o e eleva\u00e7\u00e3o de cont\u00eaineres, cont\u00eaineres, paletes, componentes para linhas de embalagem, equipamentos de configura\u00e7\u00e3o de embalagens e cargas a granel para a ind\u00fastria farmac\u00eautica. Em particular, os modelos constru\u00eddos em a\u00e7o inoxid\u00e1vel AISI 316 e 304 garantem anticorros\u00e3o contra a agress\u00e3o de qualquer agente qu\u00edmico e permitem o cumprimento das mais rigorosas normas de higiene.<\/p>\n<p>A ergonomia e flexibilidade dos nossos guindastes m\u00f3veis facilitam a prepara\u00e7\u00e3o de novos layouts dedicados e a prote\u00e7\u00e3o da sa\u00fade dos trabalhadores em conformidade com as normas de seguran\u00e7a atuais.<\/p>\n<div class=\"mgl-root\" data-gallery-options=\"{&quot;image_ids&quot;:[&quot;289532&quot;,&quot;289502&quot;,&quot;289492&quot;,&quot;289482&quot;],&quot;id&quot;:&quot;69f8e3287630f&quot;,&quot;size&quot;:&quot;large&quot;,&quot;infinite&quot;:false,&quot;custom_class&quot;:null,&quot;link&quot;:&quot;file&quot;,&quot;is_preview&quot;:false,&quot;updir&quot;:&quot;https:\\\/\\\/liftingfx.girafdev.com\\\/wp-content\\\/uploads\\\/&quot;,&quot;captions&quot;:&quot;none&quot;,&quot;animation&quot;:false,&quot;layout&quot;:&quot;square&quot;,&quot;justified_row_height&quot;:200,&quot;justified_gutter&quot;:5,&quot;masonry_gutter&quot;:5,&quot;masonry_columns&quot;:3,&quot;square_gutter&quot;:5,&quot;square_columns&quot;:&quot;4&quot;,&quot;cascade_gutter&quot;:5,&quot;class_id&quot;:&quot;mgl-gallery-69f8e3287630f&quot;,&quot;layouts&quot;:[],&quot;tiles_gutter&quot;:5,&quot;tiles_gutter_tablet&quot;:5,&quot;tiles_gutter_mobile&quot;:5,&quot;tiles_density&quot;:&quot;high&quot;,&quot;tiles_density_tablet&quot;:&quot;medium&quot;,&quot;tiles_density_mobile&quot;:&quot;low&quot;,&quot;horizontal_gutter&quot;:5,&quot;horizontal_image_height&quot;:500,&quot;horizontal_hide_scrollbar&quot;:false,&quot;carousel_gutter&quot;:5,&quot;carousel_arrow_nav_enabled&quot;:true,&quot;carousel_dot_nav_enabled&quot;:true,&quot;carousel_image_height&quot;:500,&quot;map_gutter&quot;:10,&quot;map_height&quot;:400}\" data-gallery-images=\"[]\" data-atts=\"{&quot;link&quot;:&quot;file&quot;,&quot;columns&quot;:&quot;4&quot;,&quot;ids&quot;:&quot;289532,289502,289492,289482&quot;,&quot;layout&quot;:&quot;square&quot;}\"><div class=\"mgl-gallery-container\"><\/div><div class=\"mgl-gallery-images\"><\/div><\/div>\n<p>&nbsp;<\/p>\n","protected":false},"excerpt":{"rendered":"<p>Solu\u00e7\u00f5es ergon\u00f4micas e flex\u00edveis em a\u00e7o inoxid\u00e1vel para a ind\u00fastria farmac\u00eautica &nbsp; A Flex Lift oferece uma gama de guindastes com contrapeso para movimenta\u00e7\u00e3o e eleva\u00e7\u00e3o de cont\u00eaineres, cont\u00eaineres, paletes, componentes para linhas de embalagem, equipamentos de configura\u00e7\u00e3o de embalagens e cargas a granel para a ind\u00fastria farmac\u00eautica. Em particular, os modelos constru\u00eddos em a\u00e7o [&hellip;]<\/p>\n","protected":false},"author":11,"featured_media":0,"parent":6117,"menu_order":0,"comment_status":"closed","ping_status":"closed","template":"","meta":{"_acf_changed":false,"_et_pb_use_builder":"on","_et_pb_old_content":"","_et_gb_content_width":"","footnotes":""},"class_list":["post-6099","page","type-page","status-publish","hentry"],"acf":[],"_links":{"self":[{"href":"https:\/\/liftingfx.girafdev.com\/pt-pt\/wp-json\/wp\/v2\/pages\/6099","targetHints":{"allow":["GET"]}}],"collection":[{"href":"https:\/\/liftingfx.girafdev.com\/pt-pt\/wp-json\/wp\/v2\/pages"}],"about":[{"href":"https:\/\/liftingfx.girafdev.com\/pt-pt\/wp-json\/wp\/v2\/types\/page"}],"author":[{"embeddable":true,"href":"https:\/\/liftingfx.girafdev.com\/pt-pt\/wp-json\/wp\/v2\/users\/11"}],"replies":[{"embeddable":true,"href":"https:\/\/liftingfx.girafdev.com\/pt-pt\/wp-json\/wp\/v2\/comments?post=6099"}],"version-history":[{"count":6,"href":"https:\/\/liftingfx.girafdev.com\/pt-pt\/wp-json\/wp\/v2\/pages\/6099\/revisions"}],"predecessor-version":[{"id":308812,"href":"https:\/\/liftingfx.girafdev.com\/pt-pt\/wp-json\/wp\/v2\/pages\/6099\/revisions\/308812"}],"up":[{"embeddable":true,"href":"https:\/\/liftingfx.girafdev.com\/pt-pt\/wp-json\/wp\/v2\/pages\/6117"}],"wp:attachment":[{"href":"https:\/\/liftingfx.girafdev.com\/pt-pt\/wp-json\/wp\/v2\/media?parent=6099"}],"curies":[{"name":"wp","href":"https:\/\/api.w.org\/{rel}","templated":true}]}}