{"id":318467,"date":"2025-06-18T09:16:37","date_gmt":"2025-06-18T07:16:37","guid":{"rendered":"https:\/\/liftingfx.girafdev.com?page_id=318467"},"modified":"2025-06-20T11:31:02","modified_gmt":"2025-06-20T09:31:02","slug":"guindastes-com-certificacao-atex","status":"publish","type":"page","link":"https:\/\/liftingfx.girafdev.com\/pt-pt\/guindastes-com-certificacao-atex\/","title":{"rendered":"GUINDASTES COM CERTIFICA\u00c7\u00c3O ATEX"},"content":{"rendered":"<p>[et_pb_section fb_built=&#8221;1&#8243; _builder_version=&#8221;4.25.2&#8243; _module_preset=&#8221;default&#8221; background_color=&#8221;#000000&#8243; background_image=&#8221;https:\/\/liftingfx.girafdev.comwp-content\/uploads\/2024\/07\/pattren-123-20356-222025.png&#8221; background_size=&#8221;contain&#8221; background_position=&#8221;center_left&#8221; background_horizontal_offset=&#8221;100%&#8221; custom_margin=&#8221;|||0px|false|false&#8221; custom_padding=&#8221;8%|||0px|false|false&#8221; background_last_edited=&#8221;on|tablet&#8221; background_size_tablet=&#8221;cover&#8221; background_size_phone=&#8221;cover&#8221; da_disable_devices=&#8221;off|off|off&#8221; locked=&#8221;off&#8221; global_colors_info=&#8221;{}&#8221; da_is_popup=&#8221;off&#8221; da_exit_intent=&#8221;off&#8221; da_has_close=&#8221;on&#8221; da_alt_close=&#8221;off&#8221; da_dark_close=&#8221;off&#8221; da_not_modal=&#8221;on&#8221; da_is_singular=&#8221;off&#8221; da_with_loader=&#8221;off&#8221; da_has_shadow=&#8221;on&#8221;][et_pb_row column_structure=&#8221;2_3,1_3&#8243; _builder_version=&#8221;4.27.3&#8243; _module_preset=&#8221;default&#8221; custom_margin=&#8221;|auto|||false|false&#8221; custom_padding=&#8221;81px|||||&#8221; hover_enabled=&#8221;0&#8243; global_colors_info=&#8221;{}&#8221; module_class=&#8221;bn-head&#8221; sticky_enabled=&#8221;0&#8243;][et_pb_column type=&#8221;2_3&#8243; _builder_version=&#8221;4.22.2&#8243; _module_preset=&#8221;default&#8221; global_colors_info=&#8221;{}&#8221;][et_pb_heading title=&#8221;GUINDASTES COM CERTIFICA\u00c7\u00c3O ATEX&#8221; _builder_version=&#8221;4.27.3&#8243; _module_preset=&#8221;default&#8221; title_font=&#8221;Poppins|700||on|||||&#8221; title_text_color=&#8221;#FFFFFF&#8221; title_font_size=&#8221;60px&#8221; title_font_size_tablet=&#8221;60px&#8221; title_font_size_phone=&#8221;30px&#8221; title_font_size_last_edited=&#8221;on|phone&#8221; global_colors_info=&#8221;{}&#8221;][\/et_pb_heading][\/et_pb_column][et_pb_column type=&#8221;1_3&#8243; _builder_version=&#8221;4.22.2&#8243; _module_preset=&#8221;default&#8221; global_colors_info=&#8221;{}&#8221;][et_pb_image src=&#8221;https:\/\/liftingfx.girafdev.comwp-content\/uploads\/2025\/06\/atex.png&#8221; title_text=&#8221;atex&#8221; _builder_version=&#8221;4.27.3&#8243; _module_preset=&#8221;default&#8221; global_colors_info=&#8221;{}&#8221;][\/et_pb_image][\/et_pb_column][\/et_pb_row][et_pb_row _builder_version=&#8221;4.22.2&#8243; _module_preset=&#8221;default&#8221; custom_margin=&#8221;|auto|||false|false&#8221; border_width_top=&#8221;1px&#8221; border_color_top=&#8221;#444444&#8243; global_colors_info=&#8221;{}&#8221;][et_pb_column type=&#8221;4_4&#8243; _builder_version=&#8221;4.22.2&#8243; _module_preset=&#8221;default&#8221; global_colors_info=&#8221;{}&#8221;][lwp_divi_breadcrumbs _builder_version=&#8221;4.22.2&#8243; _module_preset=&#8221;default&#8221; module_text_color=&#8221;#e2e2e2&#8243; global_colors_info=&#8221;{}&#8221;][\/lwp_divi_breadcrumbs][\/et_pb_column][\/et_pb_row][\/et_pb_section][et_pb_section fb_built=&#8221;1&#8243; _builder_version=&#8221;4.22.2&#8243; _module_preset=&#8221;default&#8221; custom_padding=&#8221;20px|||||&#8221; top_divider_style=&#8221;waves2&#8243; top_divider_color=&#8221;#E02B20&#8243; top_divider_height=&#8221;33px&#8221; top_divider_flip=&#8221;vertical&#8221; da_disable_devices=&#8221;off|off|off&#8221; global_colors_info=&#8221;{}&#8221; da_is_popup=&#8221;off&#8221; da_exit_intent=&#8221;off&#8221; da_has_close=&#8221;on&#8221; da_alt_close=&#8221;off&#8221; da_dark_close=&#8221;off&#8221; da_not_modal=&#8221;on&#8221; da_is_singular=&#8221;off&#8221; da_with_loader=&#8221;off&#8221; da_has_shadow=&#8221;on&#8221;][et_pb_row _builder_version=&#8221;4.22.2&#8243; _module_preset=&#8221;default&#8221; global_colors_info=&#8221;{}&#8221;][et_pb_column type=&#8221;4_4&#8243; _builder_version=&#8221;4.22.2&#8243; _module_preset=&#8221;default&#8221; global_colors_info=&#8221;{}&#8221;][\/et_pb_column][\/et_pb_row][et_pb_row column_structure=&#8221;1_3,1_3,1_3&#8243; disabled_on=&#8221;off|off|off&#8221; _builder_version=&#8221;4.27.3&#8243; _module_preset=&#8221;default&#8221; global_colors_info=&#8221;{}&#8221;][et_pb_column type=&#8221;1_3&#8243; _builder_version=&#8221;4.27.3&#8243; _dynamic_attributes=&#8221;link_option_url&#8221; _module_preset=&#8221;default&#8221; link_option_url=&#8221;@ET-DC@eyJkeW5hbWljIjp0cnVlLCJjb250ZW50IjoicG9zdF9saW5rX3VybF9wYWdlIiwic2V0dGluZ3MiOnsicG9zdF9pZCI6IjIxMDkyIn19@&#8221; global_colors_info=&#8221;{}&#8221;][et_pb_image src=&#8221;https:\/\/liftingfx.girafdev.comwp-content\/uploads\/2025\/06\/290643-GRU-MANUALE-FLEXLIFT-3G-IIB-T2_095414.jpg&#8221; title_text=&#8221;290643-GRU-MANUALE-FLEXLIFT-3G-IIB-T2_095414&#8243; _builder_version=&#8221;4.27.3&#8243; _module_preset=&#8221;default&#8221; global_colors_info=&#8221;{}&#8221;][\/et_pb_image][\/et_pb_column][et_pb_column type=&#8221;1_3&#8243; _builder_version=&#8221;4.22.2&#8243; _module_preset=&#8221;default&#8221; global_colors_info=&#8221;{}&#8221;][et_pb_image src=&#8221;https:\/\/liftingfx.girafdev.comwp-content\/uploads\/2025\/06\/290643-GRU-MANUALE-FLEXLIFT-3G-IIB-T2_095453.jpg&#8221; title_text=&#8221;290643-GRU-MANUALE-FLEXLIFT-3G-IIB-T2_095453&#8243; _builder_version=&#8221;4.27.3&#8243; _module_preset=&#8221;default&#8221; global_colors_info=&#8221;{}&#8221;][\/et_pb_image][\/et_pb_column][et_pb_column type=&#8221;1_3&#8243; _builder_version=&#8221;4.22.2&#8243; _module_preset=&#8221;default&#8221; global_colors_info=&#8221;{}&#8221;][et_pb_image src=&#8221;https:\/\/liftingfx.girafdev.comwp-content\/uploads\/2025\/06\/img88.jpg&#8221; title_text=&#8221;img88&#8243; _builder_version=&#8221;4.27.3&#8243; _module_preset=&#8221;default&#8221; global_colors_info=&#8221;{}&#8221;][\/et_pb_image][\/et_pb_column][\/et_pb_row][\/et_pb_section][et_pb_section fb_built=&#8221;1&#8243; module_class=&#8221;under_hook&#8221; _builder_version=&#8221;4.25.2&#8243; _module_preset=&#8221;default&#8221; background_enable_color=&#8221;off&#8221; background_image=&#8221;https:\/\/liftingfx.girafdev.comwp-content\/uploads\/2022\/05\/mini-gru-500-kg-motorizzata-Flex-G500SB-con-trazione-elettrica.jpg&#8221; parallax=&#8221;on&#8221; parallax_method=&#8221;off&#8221; da_disable_devices=&#8221;off|off|off&#8221; locked=&#8221;off&#8221; global_colors_info=&#8221;{}&#8221; da_is_popup=&#8221;off&#8221; da_exit_intent=&#8221;off&#8221; da_has_close=&#8221;on&#8221; da_alt_close=&#8221;off&#8221; da_dark_close=&#8221;off&#8221; da_not_modal=&#8221;on&#8221; da_is_singular=&#8221;off&#8221; da_with_loader=&#8221;off&#8221; da_has_shadow=&#8221;on&#8221;][et_pb_row column_structure=&#8221;1_4,3_4&#8243; _builder_version=&#8221;4.25.2&#8243; _module_preset=&#8221;default&#8221; global_colors_info=&#8221;{}&#8221;][et_pb_column type=&#8221;1_4&#8243; _builder_version=&#8221;4.22.2&#8243; _module_preset=&#8221;default&#8221; global_colors_info=&#8221;{}&#8221;][et_pb_icon font_icon=&#8221;&#xf0a4;||fa||400&#8243; icon_color=&#8221;#ffffff&#8221; disabled_on=&#8221;on|on|off&#8221; _builder_version=&#8221;4.27.3&#8243; _module_preset=&#8221;default&#8221; global_colors_info=&#8221;{}&#8221;][\/et_pb_icon][et_pb_icon font_icon=&#8221;&#xf0a7;||fa||400&#8243; icon_color=&#8221;#ffffff&#8221; disabled_on=&#8221;off|off|on&#8221; _builder_version=&#8221;4.27.3&#8243; _module_preset=&#8221;default&#8221; global_colors_info=&#8221;{}&#8221;][\/et_pb_icon][\/et_pb_column][et_pb_column type=&#8221;3_4&#8243; _builder_version=&#8221;4.22.2&#8243; _module_preset=&#8221;default&#8221; global_colors_info=&#8221;{}&#8221;][et_pb_heading title=&#8221;Solu\u00e7\u00f5es de eleva\u00e7\u00e3o m\u00f3vel ATEX para ambientes perigosos&#8221; admin_label=&#8221;Header&#8221; _builder_version=&#8221;4.27.3&#8243; _module_preset=&#8221;default&#8221; title_level=&#8221;h3&#8243; title_text_align=&#8221;center&#8221; title_text_color=&#8221;#ec1c24&#8243; custom_margin=&#8221;||35px||false|false&#8221; global_colors_info=&#8221;{}&#8221;][\/et_pb_heading][et_pb_heading title=&#8221;Dispon\u00edvel mediante pedido e sujeito a verifica\u00e7\u00e3o de viabilidade de acordo com a diretiva ATEX&#8221; admin_label=&#8221;Header&#8221; _builder_version=&#8221;4.27.3&#8243; _module_preset=&#8221;default&#8221; title_level=&#8221;h2&#8243; title_text_align=&#8221;center&#8221; title_text_color=&#8221;#ec1c24&#8243; title_line_height=&#8221;1.5em&#8221; custom_margin=&#8221;||35px||false|false&#8221; custom_padding=&#8221;15px||||false|false&#8221; global_colors_info=&#8221;{}&#8221;][\/et_pb_heading][\/et_pb_column][\/et_pb_row][\/et_pb_section][et_pb_section fb_built=&#8221;1&#8243; _builder_version=&#8221;4.27.3&#8243; _module_preset=&#8221;default&#8221; da_disable_devices=&#8221;off|off|off&#8221; global_colors_info=&#8221;{}&#8221; da_is_popup=&#8221;off&#8221; da_exit_intent=&#8221;off&#8221; da_has_close=&#8221;on&#8221; da_alt_close=&#8221;off&#8221; da_dark_close=&#8221;off&#8221; da_not_modal=&#8221;on&#8221; da_is_singular=&#8221;off&#8221; da_with_loader=&#8221;off&#8221; da_has_shadow=&#8221;on&#8221;][et_pb_row _builder_version=&#8221;4.27.3&#8243; _module_preset=&#8221;default&#8221; global_colors_info=&#8221;{}&#8221;][et_pb_column type=&#8221;4_4&#8243; _builder_version=&#8221;4.27.3&#8243; _module_preset=&#8221;default&#8221; global_colors_info=&#8221;{}&#8221;][et_pb_text _builder_version=&#8221;4.27.3&#8243; _module_preset=&#8221;default&#8221; global_colors_info=&#8221;{}&#8221;]<\/p>\n<p><span style=\"font-weight: 400;\">As gruas Flex Lifting podem ser adaptadas para operar em ambientes perigosos, como plantas qu\u00edmicas e petroqu\u00edmicas, locais de extra\u00e7\u00e3o de petr\u00f3leo e g\u00e1s, opera\u00e7\u00f5es de minera\u00e7\u00e3o e \u00e1reas de constru\u00e7\u00e3o ou manuten\u00e7\u00e3o de t\u00faneis. S\u00e3o setores onde a seguran\u00e7a, a confiabilidade e o cumprimento das normas internacionais s\u00e3o essenciais.<\/span><\/p>\n<p><b>Certifica\u00e7\u00e3o ATEX a pedido<\/b><\/p>\n<p><span style=\"font-weight: 400;\">Vers\u00f5es certificadas ATEX de nossas gruas est\u00e3o dispon\u00edveis <\/span><b>sob encomenda<\/b><span style=\"font-weight: 400;\"> para uso em \u00e1reas classificadas como de risco de explos\u00e3o. Fornecemos modelos que est\u00e3o em <\/span><b>conformidade com a Diretiva ATEX 2014\/34\/UE<\/b><span style=\"font-weight: 400;\"> e atendem aos requisitos de normas <\/span><b>espec\u00edficas<\/b><span style=\"font-weight: 400;\"> para equipamentos utilizados em atmosferas potencialmente explosivas.<\/span><\/p>\n<p><span style=\"font-weight: 400;\">Estes guindastes podem ser configurados para operar em:<\/span><\/p>\n<ul>\n<li style=\"font-weight: 400;\" aria-level=\"1\"><b>Zona 1 e Zona 2<\/b><span style=\"font-weight: 400;\"> (g\u00e1s): onde podem estar presentes atmosferas explosivas causadas por gases, vapores ou n\u00e9voas.<\/span><\/li>\n<li style=\"font-weight: 400;\" aria-level=\"1\"><b>Zona 21 e Zona 22<\/b><span style=\"font-weight: 400;\"> (poeira): onde atmosferas explosivas podem resultar de poeira combust\u00edvel durante a opera\u00e7\u00e3o normal.<\/span><\/li>\n<\/ul>\n<p><span style=\"font-weight: 400;\">Cada unidade certificada ATEX \u00e9 fornecida com documenta\u00e7\u00e3o completa, incluindo:<\/span><\/p>\n<ul>\n<li style=\"font-weight: 400;\" aria-level=\"1\"><span style=\"font-weight: 400;\">Declara\u00e7\u00e3o de Conformidade<\/span><\/li>\n<li style=\"font-weight: 400;\" aria-level=\"1\"><span style=\"font-weight: 400;\">Documenta\u00e7\u00e3o de Prote\u00e7\u00e3o contra Explos\u00f5es<\/span><\/li>\n<li style=\"font-weight: 400;\" aria-level=\"1\"><span style=\"font-weight: 400;\">Manual de Uso e Manuten\u00e7\u00e3o com Instru\u00e7\u00f5es Espec\u00edficas para ATEX<\/span><\/li>\n<\/ul>\n<p><b>Caracter\u00edsticas T\u00e9cnicas<\/b><\/p>\n<p><span style=\"font-weight: 400;\">As gruas certificadas ATEX que fornecemos s\u00e3o especificamente projetadas para garantir uma opera\u00e7\u00e3o segura em ambientes com risco de explos\u00e3o. Os sistemas el\u00e9tricos s\u00e3o totalmente selados para evitar a infiltra\u00e7\u00e3o de gases ou poeira, e todos os componentes principais \u2014 como baterias, conectores, sensores e unidades de controle \u2014 s\u00e3o aprovados pela certifica\u00e7\u00e3o ATEX. Para minimizar o risco de igni\u00e7\u00e3o, tanto por fontes el\u00e9tricas quanto mec\u00e2nicas, as gruas s\u00e3o fabricadas com componentes e materiais que limitam a temperatura da superf\u00edcie e eliminam os riscos de fa\u00edscas. Esses fatores-chave garantem que as gruas possam operar de forma confi\u00e1vel e segura mesmo em zonas explosivas altamente regulamentadas, mantendo sua durabilidade e funcionalidade sob condi\u00e7\u00f5es exigentes.<\/span><\/p>\n<p>[\/et_pb_text][\/et_pb_column][\/et_pb_row][\/et_pb_section]<\/p>\n","protected":false},"excerpt":{"rendered":"<p><div class=\"et_pb_module lwp_divi_breadcrumbs lwp_divi_breadcrumbs_0\">\n\t\t\t\t\n\t\t\t\t\n\t\t\t\t\n\t\t\t\t\n\t\t\t\t\n\t\t\t\t\n\t\t\t\t<div class=\"et_pb_module_inner\">\n\t\t\t\t\t<div class=\"lwp-breadcrumbs\"> <span class=\"before\"><\/span> <span vocab=\"https:\/\/schema.org\/\" typeof=\"BreadcrumbList\"><span property=\"itemListElement\" typeof=\"ListItem\"><a property=\"item\" typeof=\"WebPage\" href=\"https:\/\/liftingfx.girafdev.com\/pt-pt\/\" class=\"home\"><span property=\"name\">Home<\/span><\/a><meta property=\"position\" content=\"1\"><\/span> <span class=\"separator et-pb-icon\">&amp;#x39;<\/span> <\/span><\/div>\n\t\t\t\t<\/div>\n\t\t\t<\/div>As gruas Flex Lifting podem ser adaptadas para operar em ambientes perigosos, como plantas qu\u00edmicas e petroqu\u00edmicas, locais de extra\u00e7\u00e3o de petr\u00f3leo e g\u00e1s, opera\u00e7\u00f5es de minera\u00e7\u00e3o e \u00e1reas de constru\u00e7\u00e3o ou manuten\u00e7\u00e3o de t\u00faneis. S\u00e3o setores onde a seguran\u00e7a, a confiabilidade e o cumprimento das normas internacionais s\u00e3o essenciais. Certifica\u00e7\u00e3o [&hellip;]<\/p>\n","protected":false},"author":11,"featured_media":0,"parent":0,"menu_order":0,"comment_status":"closed","ping_status":"closed","template":"","meta":{"_acf_changed":false,"_et_pb_use_builder":"on","_et_pb_old_content":"","_et_gb_content_width":"","footnotes":""},"class_list":["post-318467","page","type-page","status-publish","hentry"],"acf":[],"_links":{"self":[{"href":"https:\/\/liftingfx.girafdev.com\/pt-pt\/wp-json\/wp\/v2\/pages\/318467","targetHints":{"allow":["GET"]}}],"collection":[{"href":"https:\/\/liftingfx.girafdev.com\/pt-pt\/wp-json\/wp\/v2\/pages"}],"about":[{"href":"https:\/\/liftingfx.girafdev.com\/pt-pt\/wp-json\/wp\/v2\/types\/page"}],"author":[{"embeddable":true,"href":"https:\/\/liftingfx.girafdev.com\/pt-pt\/wp-json\/wp\/v2\/users\/11"}],"replies":[{"embeddable":true,"href":"https:\/\/liftingfx.girafdev.com\/pt-pt\/wp-json\/wp\/v2\/comments?post=318467"}],"version-history":[{"count":4,"href":"https:\/\/liftingfx.girafdev.com\/pt-pt\/wp-json\/wp\/v2\/pages\/318467\/revisions"}],"predecessor-version":[{"id":318890,"href":"https:\/\/liftingfx.girafdev.com\/pt-pt\/wp-json\/wp\/v2\/pages\/318467\/revisions\/318890"}],"wp:attachment":[{"href":"https:\/\/liftingfx.girafdev.com\/pt-pt\/wp-json\/wp\/v2\/media?parent=318467"}],"curies":[{"name":"wp","href":"https:\/\/api.w.org\/{rel}","templated":true}]}}