{"id":5492,"date":"2022-02-22T15:19:40","date_gmt":"2022-02-22T14:19:40","guid":{"rendered":"https:\/\/liftingfx.girafdev.com?post_type=product&#038;p=5492"},"modified":"2025-08-04T09:25:54","modified_gmt":"2025-08-04T07:25:54","slug":"gz1000bse-1-000-kg-mini-zuraw-samojezdny-o-duzym-udzwigu-elektryczne-podnoszenie-opuszczanie-wysuwanie-wsuwanie-ramienia-wysiegnika","status":"publish","type":"product","link":"https:\/\/liftingfx.girafdev.com\/pl\/product\/gz1000bse-1-000-kg-mini-zuraw-samojezdny-o-duzym-udzwigu-elektryczne-podnoszenie-opuszczanie-wysuwanie-wsuwanie-ramienia-wysiegnika\/","title":{"rendered":"GZ1000BSE \u017bURAW PRZEMYS\u0141OWY Z PRZECIWWAG\u0104"},"content":{"rendered":"<p><span style=\"font-weight: 400\">Model GZ1000BSE to <\/span><b>\u017curaw z przeciwwag\u0105<\/b><span style=\"font-weight: 400\">, kt\u00f3ry stanowi elastyczne i wydajne rozwi\u0105zanie upraszczaj\u0105ce <\/span><b>podnoszenie i przenoszenie \u0142adunk\u00f3w o masie do 1000 kg<\/b><span style=\"font-weight: 400\">.<\/span><\/p>\n<p><span style=\"font-weight: 400\">Dzi\u0119ki dyszlowi po\u0142\u0105czonemu z dwoma nylonowymi ko\u0142ami skr\u0119tnymi i kompaktowej szeroko\u015bci 800 mm \u017curaw ten oferuje wyj\u0105tkowy promie\u0144 skr\u0119tu. Rama wykonana jest z malowanej stali i wyposa\u017cona jest u podstawy w 2 podpory przydatne do podnoszenia i bezpiecznego transportu d\u017awigu na du\u017ce odleg\u0142o\u015bci za pomoc\u0105 w\u00f3zka wid\u0142owego.<\/span><\/p>\n<p><b>Mini \u017curaw GZ1000BSE<\/b><span style=\"font-weight: 400\"> jest wyposa\u017cony w wysi\u0119gnik elektryczny. Ruchami steruje si\u0119 za pomoc\u0105 d\u017awigni po\u0142\u0105czonej z 4-funkcyjnym dystrybutorem, kt\u00f3ry aktywuje podnoszenie, opuszczanie, wysuwanie i cofanie ramienia. Wszystkie ruchy s\u0105 elektryczne, proporcjonalne i regulowane przez operatora z niezwyk\u0142\u0105 precyzj\u0105. Jest to idealny \u017curaw, gdy wymagana jest du\u017ca precyzja w pozycjonowaniu \u0142adunku.<\/span><\/p>\n<p><span style=\"font-weight: 400\">Uk\u0142ad hydrauliczny wyposa\u017cony jest w zaw\u00f3r blokuj\u0105cy, kt\u00f3ry zapobiega opadni\u0119ciu \u0142adunku w przypadku przypadkowego p\u0119kni\u0119cia rury oraz zaw\u00f3r ci\u015bnieniowy, kt\u00f3ry zapobiega przeci\u0105\u017ceniu \u017curawia.<\/span><\/p>\n<p><span style=\"font-weight: 400\">Istnieje mo\u017cliwo\u015b\u0107 zamontowania przed\u0142u\u017cenia (opcjonalnie) umo\u017cliwiaj\u0105cego wyd\u0142u\u017cenie ramienia do maksymalnej d\u0142ugo\u015bci 2000 mm.<\/span><\/p>\n<p>Zasilany bezobs\u0142ugowym akumulatorem AGM, ten d\u017awig mo\u017ce by\u0107 r\u00f3wnie\u017c wyposa\u017cony w akumulator litowy. <span style=\"font-weight: 400\">Zewn\u0119trzna \u0142adowarka akumulator\u00f3w.<\/span><\/p>\n<p><b>Wielofunkcyjny wy\u015bwietlacz wskazuj\u0105cy poziom na\u0142adowania, napi\u0119cie akumulatora i licznik godzin pracy.<\/b><\/p>\n<p><b>\u017buraw samojezdny GZ1000BSE<\/b><span style=\"font-weight: 400\"> idealnie nadaje si\u0119 do operacji monta\u017cu i demonta\u017cu cz\u0119\u015bci mechanicznych wymagaj\u0105cych cz\u0119stej konserwacji, a tak\u017ce do monta\u017cu podzespo\u0142\u00f3w w maszynach przemys\u0142owych. Model ten upraszcza te czynno\u015bci, odci\u0105\u017ca prac\u0119 fizyczn\u0105 i gwarantuje szybk\u0105 i bezpieczn\u0105 interwencj\u0119.<\/span><\/p>\n","protected":false},"excerpt":{"rendered":"<p>UD\u0179WIG 1000 KG<\/p>\n","protected":false},"featured_media":16298,"template":"","meta":{"_acf_changed":false,"_et_pb_use_builder":"","_et_pb_old_content":"","_et_gb_content_width":""},"product_brand":[],"product_cat":[329],"product_tag":[],"class_list":{"0":"post-5492","1":"product","2":"type-product","3":"status-publish","4":"has-post-thumbnail","6":"product_cat-zurawie-o-duzym-udzwigu-trakcja-reczna","7":"pa_portata-max-kg-1000-pl","9":"first","10":"instock","11":"shipping-taxable","12":"product-type-simple"},"acf":[],"gallery_images":[287951,287991,287961,306724,287971,288001],"_links":{"self":[{"href":"https:\/\/liftingfx.girafdev.com\/pl\/wp-json\/wp\/v2\/product\/5492","targetHints":{"allow":["GET"]}}],"collection":[{"href":"https:\/\/liftingfx.girafdev.com\/pl\/wp-json\/wp\/v2\/product"}],"about":[{"href":"https:\/\/liftingfx.girafdev.com\/pl\/wp-json\/wp\/v2\/types\/product"}],"wp:featuredmedia":[{"embeddable":true,"href":"https:\/\/liftingfx.girafdev.com\/pl\/wp-json\/wp\/v2\/media\/16298"}],"wp:attachment":[{"href":"https:\/\/liftingfx.girafdev.com\/pl\/wp-json\/wp\/v2\/media?parent=5492"}],"wp:term":[{"taxonomy":"product_brand","embeddable":true,"href":"https:\/\/liftingfx.girafdev.com\/pl\/wp-json\/wp\/v2\/product_brand?post=5492"},{"taxonomy":"product_cat","embeddable":true,"href":"https:\/\/liftingfx.girafdev.com\/pl\/wp-json\/wp\/v2\/product_cat?post=5492"},{"taxonomy":"product_tag","embeddable":true,"href":"https:\/\/liftingfx.girafdev.com\/pl\/wp-json\/wp\/v2\/product_tag?post=5492"}],"curies":[{"name":"wp","href":"https:\/\/api.w.org\/{rel}","templated":true}]}}