{"id":5490,"date":"2022-02-22T14:49:12","date_gmt":"2022-02-22T13:49:12","guid":{"rendered":"https:\/\/liftingfx.girafdev.com?post_type=product&#038;p=5490"},"modified":"2025-08-04T09:24:48","modified_gmt":"2025-08-04T07:24:48","slug":"gz1000bp-1-000-kg-zurawik-przejezdny-o-duzym-udzwigu-elektryczny-progresywne-opuszczanie","status":"publish","type":"product","link":"https:\/\/liftingfx.girafdev.com\/pl\/product\/gz1000bp-1-000-kg-zurawik-przejezdny-o-duzym-udzwigu-elektryczny-progresywne-opuszczanie\/","title":{"rendered":"GZ1000BP \u017bURAW PRZEMYS\u0141OWY Z PRZECIWWAG\u0104"},"content":{"rendered":"<p><b>\u017burawik przejezdny o du\u017cym ud\u017awigu 1.000 kg i wysoko\u015bci podnoszenia do 3.030 mm.<\/b><span style=\"font-weight: 400\">\u00a0Naszym \u017curawiem mobilnym mo\u017cna \u0142atwo manewrowa\u0107, zachowuj\u0105c absolutne bezpiecze\u0144stwo, nawet w w\u0105skich korytarzach i przestrzeniach, dzi\u0119ki: wymiary frontu tylko 800mm, wytrzyma\u0142e i p\u0142ynnie poruszaj\u0105ce si\u0119 ko\u0142a skr\u0119tne wyposa\u017cone w hamulce postojowe.<\/span><\/p>\n<p><span style=\"font-weight: 400\">Rama dolna \u017curawika wyposa\u017cona jest w specjalne wsporniki dla w\u00f3zk\u00f3w wid\u0142owych- do bezpiecznego podnoszenia i transportu \u017curawika na d\u0142ugich dystansach.\u00a0<\/span><\/p>\n<p><b>\u017buraw wyposa\u017cony jest w kaseta sterownicza do podnoszenia i opuszczania ramienia.<\/b><span style=\"font-weight: 400\">\u00a0Regulowane co do milimetra opuszczanie jest podstawowym wymogiem, gdy wymagana jest du\u017ca precyzja pozycjonowania \u0142adunku.\u00a0<\/span><\/p>\n<p><b>Uk\u0142ad hydrauliczny \u017curawik\u00f3w wyposa\u017cony jest standardowo w zaw\u00f3r przeci\u0105\u017ceniowy oraz zaw\u00f3r zapobiegaj\u0105cy nag\u0142emu upuszczeniu \u0142adunku w przypadku p\u0119kni\u0119cia przewod\u00f3w.<\/b><span style=\"font-weight: 400\">\u00a0<\/span><\/p>\n<p><b>\u017burawie warsztatowe<\/b><span style=\"font-weight: 400\">\u00a0zastosowanie znajduj\u0105 nie tylko w du\u017cych zak\u0142adach przemys\u0142owych, gdzie s\u0142u\u017c\u0105 jako ergonomiczne i bezpieczne wyposa\u017cenie pojedynczych stanowisk pracy, ale te\u017c w mniejszych halach oraz warsztatach, okazuj\u0105c si\u0119 jednym z najwa\u017cniejszych urz\u0105dze\u0144 umo\u017cliwiaj\u0105cych podnoszenie i transport ci\u0119\u017ckich \u0142adunk\u00f3w. Zastosowanie g\u0142\u00f3wnie w zak\u0142adach i warsztatach do podnoszenia ci\u0119\u017ckich element\u00f3w.\u00a0<\/span><\/p>\n<p><b>Wielofunkcyjny wy\u015bwietlacz wskazuj\u0105cy poziom na\u0142adowania, napi\u0119cie akumulatora i licznik godzin pracy. <\/b><\/p>\n<p><span style=\"font-weight: 400\">Zewn\u0119trzna \u0142adowarka akumulatora.\u00a0<\/span>Zasilany bezobs\u0142ugowym akumulatorem AGM, ten d\u017awig mo\u017ce by\u0107 r\u00f3wnie\u017c wyposa\u017cony w akumulator litowy.<\/p>\n<p><span style=\"font-weight: 400\">Wszystkie \u017curawie firmy Flex Lifting\u00a0 s\u0105 produkowane z wysokiej jako\u015bci materia\u0142\u00f3w i posiadaj\u0105 certyfikat CE zgodnie z najnowszym dyrektywami Unii Europejskiej.<\/span><\/p>\n","protected":false},"excerpt":{"rendered":"<p>Ud\u017awig 1000 KG<\/p>\n","protected":false},"featured_media":16279,"template":"","meta":{"_acf_changed":false,"_et_pb_use_builder":"","_et_pb_old_content":"","_et_gb_content_width":""},"product_brand":[],"product_cat":[329],"product_tag":[],"class_list":{"0":"post-5490","1":"product","2":"type-product","3":"status-publish","4":"has-post-thumbnail","6":"product_cat-zurawie-o-duzym-udzwigu-trakcja-reczna","7":"pa_portata-max-kg-1000-pl","9":"first","10":"instock","11":"shipping-taxable","12":"product-type-simple"},"acf":[],"gallery_images":[287707,287727,287757,287767,287717,287737,287747],"_links":{"self":[{"href":"https:\/\/liftingfx.girafdev.com\/pl\/wp-json\/wp\/v2\/product\/5490","targetHints":{"allow":["GET"]}}],"collection":[{"href":"https:\/\/liftingfx.girafdev.com\/pl\/wp-json\/wp\/v2\/product"}],"about":[{"href":"https:\/\/liftingfx.girafdev.com\/pl\/wp-json\/wp\/v2\/types\/product"}],"wp:featuredmedia":[{"embeddable":true,"href":"https:\/\/liftingfx.girafdev.com\/pl\/wp-json\/wp\/v2\/media\/16279"}],"wp:attachment":[{"href":"https:\/\/liftingfx.girafdev.com\/pl\/wp-json\/wp\/v2\/media?parent=5490"}],"wp:term":[{"taxonomy":"product_brand","embeddable":true,"href":"https:\/\/liftingfx.girafdev.com\/pl\/wp-json\/wp\/v2\/product_brand?post=5490"},{"taxonomy":"product_cat","embeddable":true,"href":"https:\/\/liftingfx.girafdev.com\/pl\/wp-json\/wp\/v2\/product_cat?post=5490"},{"taxonomy":"product_tag","embeddable":true,"href":"https:\/\/liftingfx.girafdev.com\/pl\/wp-json\/wp\/v2\/product_tag?post=5490"}],"curies":[{"name":"wp","href":"https:\/\/api.w.org\/{rel}","templated":true}]}}