{"id":5489,"date":"2022-02-22T14:32:27","date_gmt":"2022-02-22T13:32:27","guid":{"rendered":"https:\/\/liftingfx.girafdev.com?post_type=product&#038;p=5489"},"modified":"2025-07-03T08:45:00","modified_gmt":"2025-07-03T06:45:00","slug":"gz1000-1-000-kg-zuraw-hydrauliczny-o-duzym-udzwigu-reczne-podnoszenie-opuszczanie","status":"publish","type":"product","link":"https:\/\/liftingfx.girafdev.com\/pl\/product\/gz1000-1-000-kg-zuraw-hydrauliczny-o-duzym-udzwigu-reczne-podnoszenie-opuszczanie\/","title":{"rendered":"GZ1000 PROFESJONALNY \u017bURAW WARSZTATOWY"},"content":{"rendered":"<p><b>\u017buraw z przeciwwag\u0105 model GZ1000<\/b><span style=\"font-weight: 400;\"> to kompaktowy sprz\u0119t mobilny przeznaczony do <\/span><b>podnoszenia \u0142adunk\u00f3w o masie do 1000 kg<\/b><span style=\"font-weight: 400;\">. Ten typ \u017curawia idealnie nadaje si\u0119 do stosowania w \u015brodowiskach przemys\u0142owych lub logistycznych, gdzie wymagane jest mobilne i elastyczne rozwi\u0105zanie podnosz\u0105ce.<\/span><\/p>\n<p><span style=\"font-weight: 400;\">Wyposa\u017cony jest w ster z nylonowymi ko\u0142ami o \u015brednicy 200 mm, co pozwala na \u0142atwe sterowanie \u017curawiem. Ten szczeg\u00f3\u0142 zapewnia du\u017c\u0105 \u0142atwo\u015b\u0107 poruszania si\u0119 i pozycjonowania nawet w ograniczonych przestrzeniach, r\u00f3wnie\u017c dzi\u0119ki przednim wymiarom wynosz\u0105cym 800 mm.<\/span><\/p>\n<p><span style=\"font-weight: 400;\">Konstrukcja w ca\u0142o\u015bci wykonana z malowanej stali, wyposa\u017cona w dwie praktyczne podpory wid\u0142owe u podstawy, idealna do podnoszenia i transportu d\u017awigu na du\u017ce odleg\u0142o\u015bci w\u00f3zkiem wid\u0142owym. Podnoszenie ramienia odbywa si\u0119 za pomoc\u0105 r\u0119cznej pompy dwustronnego dzia\u0142ania, a opuszczanie \u0142adunku odbywa si\u0119 w spos\u00f3b regulowany, dzi\u0119ki obrotowi ergonomicznego pokr\u0119t\u0142a, co pozwala na precyzyjn\u0105 kontrol\u0119 pr\u0119dko\u015bci.<\/span><\/p>\n<p><span style=\"font-weight: 400;\">Uk\u0142ad hydrauliczny wyposa\u017cony jest w zaw\u00f3r blokuj\u0105cy, kt\u00f3ry zapobiega opadni\u0119ciu \u0142adunku w przypadku przypadkowego p\u0119kni\u0119cia rur oraz zaw\u00f3r bezpiecze\u0144stwa chroni\u0105cy \u017curaw przed przeci\u0105\u017ceniem.<\/span><\/p>\n<p><span style=\"font-weight: 400;\">Rami\u0119 mo\u017cna regulowa\u0107 w czterech r\u00f3\u017cnych pozycjach, a dzi\u0119ki opcjonalnemu przed\u0142u\u017ceniu mo\u017cliwe jest osi\u0105gni\u0119cie wspornika <\/span><b>o maksymalnej wysoko\u015bci 2000 mm<\/b><span style=\"font-weight: 400;\">.<\/span><\/p>\n<p><span style=\"font-weight: 400;\">\u017buraw ten szczeg\u00f3lnie nadaje si\u0119 do <\/span><b>monta\u017cu i demonta\u017cu cz\u0119\u015bci mechanicznych wymagaj\u0105cych<\/b><span style=\"font-weight: 400;\"> cz\u0119stej konserwacji <\/span><b>oraz monta\u017cu podzespo\u0142\u00f3w maszyn przemys\u0142owych<\/b><span style=\"font-weight: 400;\">. \u017buraw GZ 1000 u\u0142atwia te operacje, zmniejszaj\u0105c obci\u0105\u017cenie fizyczne i umo\u017cliwiaj\u0105c szybkie i bezpieczne interwencje.<\/span><\/p>\n","protected":false},"excerpt":{"rendered":"<p><span data-sheets-root=\"1\">UD\u0179WIG<\/span> 1000 KG<\/p>\n","protected":false},"featured_media":16269,"template":"","meta":{"_acf_changed":false,"_et_pb_use_builder":"","_et_pb_old_content":"","_et_gb_content_width":""},"product_brand":[],"product_cat":[329],"product_tag":[],"class_list":{"0":"post-5489","1":"product","2":"type-product","3":"status-publish","4":"has-post-thumbnail","6":"product_cat-zurawie-o-duzym-udzwigu-trakcja-reczna","7":"pa_portata-max-kg-1000-pl","9":"first","10":"instock","11":"shipping-taxable","12":"product-type-simple"},"acf":[],"gallery_images":[288666,288656,288686,306684,306704,306694],"_links":{"self":[{"href":"https:\/\/liftingfx.girafdev.com\/pl\/wp-json\/wp\/v2\/product\/5489","targetHints":{"allow":["GET"]}}],"collection":[{"href":"https:\/\/liftingfx.girafdev.com\/pl\/wp-json\/wp\/v2\/product"}],"about":[{"href":"https:\/\/liftingfx.girafdev.com\/pl\/wp-json\/wp\/v2\/types\/product"}],"wp:featuredmedia":[{"embeddable":true,"href":"https:\/\/liftingfx.girafdev.com\/pl\/wp-json\/wp\/v2\/media\/16269"}],"wp:attachment":[{"href":"https:\/\/liftingfx.girafdev.com\/pl\/wp-json\/wp\/v2\/media?parent=5489"}],"wp:term":[{"taxonomy":"product_brand","embeddable":true,"href":"https:\/\/liftingfx.girafdev.com\/pl\/wp-json\/wp\/v2\/product_brand?post=5489"},{"taxonomy":"product_cat","embeddable":true,"href":"https:\/\/liftingfx.girafdev.com\/pl\/wp-json\/wp\/v2\/product_cat?post=5489"},{"taxonomy":"product_tag","embeddable":true,"href":"https:\/\/liftingfx.girafdev.com\/pl\/wp-json\/wp\/v2\/product_tag?post=5489"}],"curies":[{"name":"wp","href":"https:\/\/api.w.org\/{rel}","templated":true}]}}