{"id":5485,"date":"2022-03-14T07:43:07","date_gmt":"2022-03-14T06:43:07","guid":{"rendered":"https:\/\/liftingfx.girafdev.com?post_type=product&#038;p=5485"},"modified":"2025-07-02T16:39:32","modified_gmt":"2025-07-02T14:39:32","slug":"01m5aisi-500-kg-zuraw-obrotowy-ze-stali-nierdzewnej-z-przeciwwaga-360-reczne-podnoszenie-opuszczanie","status":"publish","type":"product","link":"https:\/\/liftingfx.girafdev.com\/pl\/product\/01m5aisi-500-kg-zuraw-obrotowy-ze-stali-nierdzewnej-z-przeciwwaga-360-reczne-podnoszenie-opuszczanie\/","title":{"rendered":"01M5AISI \u017bURAW ZE STALI NIERDZEWNEJ"},"content":{"rendered":"<p>[et_pb_section fb_built=&#8221;1&#8243; _builder_version=&#8221;4.27.3&#8243; _module_preset=&#8221;default&#8221; da_disable_devices=&#8221;off|off|off&#8221; global_colors_info=&#8221;{}&#8221; da_is_popup=&#8221;off&#8221; da_exit_intent=&#8221;off&#8221; da_has_close=&#8221;on&#8221; da_alt_close=&#8221;off&#8221; da_dark_close=&#8221;off&#8221; da_not_modal=&#8221;on&#8221; da_is_singular=&#8221;off&#8221; da_with_loader=&#8221;off&#8221; da_has_shadow=&#8221;on&#8221;][\/et_pb_section]<\/p>\n","protected":false},"excerpt":{"rendered":"<p>Ud\u017awig 500 KG<\/p>\n","protected":false},"featured_media":316855,"template":"","meta":{"_acf_changed":false,"_et_pb_use_builder":"on","_et_pb_old_content":"<b>\u017buraw obrotowy ze stali nierdzewnej<\/b><span style=\"font-weight: 400\"> z przeciwwag\u0105 360\u00b0, r\u0119czne podnoszenie \/ opuszczanie.\u00a0<\/span><b>No\u015bno\u015b\u0107 500 kg.<\/b><span style=\"font-weight: 400\">\u00a0<\/span>\r\n\r\n<b>Z podw\u00f3jnie dzia\u0142aj\u0105c\u0105 pomp\u0105 hydrauliczn\u0105<\/b><span style=\"font-weight: 400\">\u00a0(podniesienie przy ka\u017cdym ruchu d\u017awigni pompy).\u00a0<\/span><b>Delikatne opuszczanie \u0142adunku za pomoc\u0105 precyzyjnie regulowanego zaworu.<\/b><span style=\"font-weight: 400\">\u00a0<\/span><b>Uk\u0142ad hydrauliczny \u017curawik\u00f3w wyposa\u017cony jest standardowo w zaw\u00f3r przeci\u0105\u017ceniowy oraz zaw\u00f3r zapobiegaj\u0105cy nag\u0142emu upuszczeniu \u0142adunku w przypadku p\u0119kni\u0119cia przewod\u00f3w.<\/b><span style=\"font-weight: 400\">4-po\u0142o\u017ceniowe przestawne rami\u0119 no\u015bne.\u00a0<\/span>\r\n\r\n<b>Do miejsc pracy nara\u017conych na zjawisko utleniania lub tam, gdzie wyst\u0119puje wysoki poziom czysto\u015b\u0107 i odporno\u015b\u0107 na korozj\u0119 maj\u0105 kluczowe znaczenie. Do zastosowa\u0144 w szpitalach, kuchniach, zak\u0142adach przetw\u00f3rstwa spo\u017cywczego i firmach farmaceutycznych.<\/b>\r\n\r\n<span style=\"font-weight: 400\">Zastosowanie konstrukcji z przeciwwag\u0105 w \u017curawikach wyeliminowa\u0142o potrzeb\u0119 posiadania podwozia (przednich n\u00f3g), dzi\u0119ki czemu urz\u0105dzenia te s\u0105 \u0142atwe w manewrowaniu. Nawet przy pe\u0142nym obci\u0105\u017ceniu \u017curawiki s\u0105 bardzo \u0142atwe w prowadzeniu.\u00a0<\/span>\r\n\r\n<span style=\"font-weight: 400\">U\u0142o\u017cyskowany system obrotu umo\u017cliwia precyzyjny i p\u0142ynny obr\u00f3t o 360\u00b0, u\u0142atwiaj\u0105c precyzyjne ustawienie ramienia. Ta funkcja jest szczeg\u00f3lnie przydatna, gdy trzeba wykonywa\u0107 powtarzalne ruchy lub w ograniczonych przestrzeniach, gdzie istotna jest precyzja.<\/span>\r\n\r\n<span style=\"font-weight: 400\">Wszystkie \u017curawie firmy Flex Lifting\u00a0 s\u0105 produkowane z wysokiej jako\u015bci materia\u0142\u00f3w i posiadaj\u0105 certyfikat CE zgodnie z najnowszym dyrektywami Unii Europejskiej.<\/span>","_et_gb_content_width":""},"product_brand":[],"product_cat":[330],"product_tag":[],"class_list":{"0":"post-5485","1":"product","2":"type-product","3":"status-publish","4":"has-post-thumbnail","6":"product_cat-zurawie-trakcja-reczna-z-ramieniem-obrotowym-360","7":"pa_portata-max-kg-500-pl","9":"first","10":"instock","11":"shipping-taxable","12":"product-type-simple"},"acf":[],"gallery_images":[316849,306674,306664,316879,316869,316859],"_links":{"self":[{"href":"https:\/\/liftingfx.girafdev.com\/pl\/wp-json\/wp\/v2\/product\/5485","targetHints":{"allow":["GET"]}}],"collection":[{"href":"https:\/\/liftingfx.girafdev.com\/pl\/wp-json\/wp\/v2\/product"}],"about":[{"href":"https:\/\/liftingfx.girafdev.com\/pl\/wp-json\/wp\/v2\/types\/product"}],"wp:featuredmedia":[{"embeddable":true,"href":"https:\/\/liftingfx.girafdev.com\/pl\/wp-json\/wp\/v2\/media\/316855"}],"wp:attachment":[{"href":"https:\/\/liftingfx.girafdev.com\/pl\/wp-json\/wp\/v2\/media?parent=5485"}],"wp:term":[{"taxonomy":"product_brand","embeddable":true,"href":"https:\/\/liftingfx.girafdev.com\/pl\/wp-json\/wp\/v2\/product_brand?post=5485"},{"taxonomy":"product_cat","embeddable":true,"href":"https:\/\/liftingfx.girafdev.com\/pl\/wp-json\/wp\/v2\/product_cat?post=5485"},{"taxonomy":"product_tag","embeddable":true,"href":"https:\/\/liftingfx.girafdev.com\/pl\/wp-json\/wp\/v2\/product_tag?post=5485"}],"curies":[{"name":"wp","href":"https:\/\/api.w.org\/{rel}","templated":true}]}}