{"id":5476,"date":"2022-02-22T13:43:14","date_gmt":"2022-02-22T12:43:14","guid":{"rendered":"https:\/\/liftingfx.girafdev.com?post_type=product&#038;p=5476"},"modified":"2025-08-04T09:22:47","modified_gmt":"2025-08-04T07:22:47","slug":"01b2se-200-kg-zuraw-elektryczne-podnoszenie-opuszczanie-wysuwanie-wsuwanie-ramienia-wysiegnika","status":"publish","type":"product","link":"https:\/\/liftingfx.girafdev.com\/pl\/product\/01b2se-200-kg-zuraw-elektryczne-podnoszenie-opuszczanie-wysuwanie-wsuwanie-ramienia-wysiegnika\/","title":{"rendered":"01B2SE_1000 MOBILNE ROZWI\u0104ZANIE DO PODNOSZENIA"},"content":{"rendered":"<p><b>\u017buraw obrotowy z przeciwwag\u0105 360\u00b0, elektryczne podnoszenie \/ opuszczanie \/ wysuwanie \/ wsuwanie ramienia wysi\u0119gnika.<\/b><span style=\"font-weight: 400\">\u00a0No\u015bno\u015b\u0107 <\/span><b>200 kg<\/b><span style=\"font-weight: 400\">.\u00a0<\/span><\/p>\n<p><span style=\"font-weight: 400\">Wyposa\u017cony w 4-funkcyjny rozdzielacz d\u017awigni do podnoszenia wysi\u0119gnika, opuszczania wysi\u0119gnika, przed\u0142u\u017cania wysi\u0119gnika i wci\u0105gania wysi\u0119gnika. Idealny do pozycjonowania \u0142adunk\u00f3w z du\u017c\u0105 precyzj\u0105 dzi\u0119ki proporcjonalnej pr\u0119dko\u015bci. Ekstremalnie kompaktowa budowa (780 mm szeroko\u015bci).\u00a0<\/span><\/p>\n<p><b>Uk\u0142ad hydrauliczny \u017curawik\u00f3w wyposa\u017cony jest standardowo w zaw\u00f3r przeci\u0105\u017ceniowy oraz zaw\u00f3r zapobiegaj\u0105cy nag\u0142emu upuszczeniu \u0142adunku w przypadku p\u0119kni\u0119cia przewod\u00f3w.<\/b><span style=\"font-weight: 400\">\u00a0<\/span><\/p>\n<p><span style=\"font-weight: 400\">Wytrzyma\u0142e i p\u0142ynnie poruszaj\u0105ce si\u0119 ko\u0142a skr\u0119tne wyposa\u017cone w hamulce postojowe. Rama dolna \u017curawika wyposa\u017cona jest w specjalne wsporniki dla w\u00f3zk\u00f3w wid\u0142owych- do bezpiecznego podnoszenia i transportu \u017curawika na d\u0142ugich dystansach.\u00a0<\/span><\/p>\n<p><span style=\"font-weight: 400\">Dzi\u0119ki swojej kompaktowej i w\u0105skiej budowie przeje\u017cd\u017ca bez problemu przez normalne otwory drzwiowe, wje\u017cd\u017ca do wind i mo\u017ce by\u0107 transportowany ka\u017cdym standardowym samochodem dostawczym.\u00a0<\/span><\/p>\n<p><span style=\"font-weight: 400\">Nasze \u017curawie wykorzystywane s\u0105 do prac prze\u0142adunkowych oraz naprawczych, a tak\u017ce bezpiecznego transportu materia\u0142\u00f3w w halach produkcyjnych lub magazynowych. Bardzo cz\u0119sto wykorzystywane s\u0105 do prac zwi\u0105zanych z obs\u0142ug\u0105 maszyn przemys\u0142owych, np. przy umieszczaniu \u0142adunk\u00f3w na obrabiarkach, wymianie narz\u0119dzi i form w CNC, czy pozycjonowaniu form do wtryskarek.\u00a0<\/span><\/p>\n<p>Zasilany bezobs\u0142ugowym akumulatorem AGM, ten d\u017awig mo\u017ce by\u0107 r\u00f3wnie\u017c wyposa\u017cony w akumulator litowy.<span style=\"font-weight: 400\"> Zewn\u0119trzna \u0142adowarka akumulatora. <\/span><\/p>\n<p><b>Wielofunkcyjny wy\u015bwietlacz wskazuj\u0105cy poziom na\u0142adowania, napi\u0119cie akumulatora i licznik godzin pracy.<\/b><\/p>\n<p><span style=\"font-weight: 400\">Wszystkie \u017curawie firmy Flex Lifting s\u0105 produkowane z wysokiej jako\u015bci materia\u0142\u00f3w i posiadaj\u0105 certyfikat CE zgodnie z najnowszym dyrektywami Unii Europejskiej<\/span><\/p>\n","protected":false},"excerpt":{"rendered":"<p><span data-sheets-root=\"1\">UD\u0179WIG<\/span> 200 KG<\/p>\n","protected":false},"featured_media":286368,"template":"","meta":{"_acf_changed":false,"_et_pb_use_builder":"","_et_pb_old_content":"","_et_gb_content_width":""},"product_brand":[],"product_cat":[330],"product_tag":[],"class_list":{"0":"post-5476","1":"product","2":"type-product","3":"status-publish","4":"has-post-thumbnail","6":"product_cat-zurawie-trakcja-reczna-z-ramieniem-obrotowym-360","7":"pa_portata-max-kg-200-pl","9":"first","10":"instock","11":"shipping-taxable","12":"product-type-simple"},"acf":[],"gallery_images":[286362,286332,306614,286312,286342,286352],"_links":{"self":[{"href":"https:\/\/liftingfx.girafdev.com\/pl\/wp-json\/wp\/v2\/product\/5476","targetHints":{"allow":["GET"]}}],"collection":[{"href":"https:\/\/liftingfx.girafdev.com\/pl\/wp-json\/wp\/v2\/product"}],"about":[{"href":"https:\/\/liftingfx.girafdev.com\/pl\/wp-json\/wp\/v2\/types\/product"}],"wp:featuredmedia":[{"embeddable":true,"href":"https:\/\/liftingfx.girafdev.com\/pl\/wp-json\/wp\/v2\/media\/286368"}],"wp:attachment":[{"href":"https:\/\/liftingfx.girafdev.com\/pl\/wp-json\/wp\/v2\/media?parent=5476"}],"wp:term":[{"taxonomy":"product_brand","embeddable":true,"href":"https:\/\/liftingfx.girafdev.com\/pl\/wp-json\/wp\/v2\/product_brand?post=5476"},{"taxonomy":"product_cat","embeddable":true,"href":"https:\/\/liftingfx.girafdev.com\/pl\/wp-json\/wp\/v2\/product_cat?post=5476"},{"taxonomy":"product_tag","embeddable":true,"href":"https:\/\/liftingfx.girafdev.com\/pl\/wp-json\/wp\/v2\/product_tag?post=5476"}],"curies":[{"name":"wp","href":"https:\/\/api.w.org\/{rel}","templated":true}]}}