{"id":5443,"date":"2022-02-22T12:04:00","date_gmt":"2022-02-22T11:04:00","guid":{"rendered":"https:\/\/liftingfx.girafdev.com?post_type=product&#038;p=5443"},"modified":"2025-08-04T09:19:00","modified_gmt":"2025-08-04T07:19:00","slug":"01b2p-200-kg-przejezdny-zuraw-warsztatowy-z-przeciwwaga-360-opuszczanie-elektryczne-z-regulowana-predkoscia","status":"publish","type":"product","link":"https:\/\/liftingfx.girafdev.com\/pl\/product\/01b2p-200-kg-przejezdny-zuraw-warsztatowy-z-przeciwwaga-360-opuszczanie-elektryczne-z-regulowana-predkoscia\/","title":{"rendered":"01B2P \u017bURAW HYDRAULICZNY"},"content":{"rendered":"<p><b>Przejezdny \u017curaw warsztatowy z przeciwwag\u0105 360 \u00b0, opuszczanie elektryczne z regulowan\u0105 pr\u0119dko\u015bci\u0105. No\u015bno\u015b\u0107 200 kg.<\/b><span style=\"font-weight: 400\">\u00a0<\/span><\/p>\n<p><span style=\"font-weight: 400\">\u017buraw mo\u017cna obr\u00f3ci\u0107 o 360 stopni, aby spe\u0142ni\u0107 wymagania operacyjne w r\u00f3\u017cnych kierunkach. \u017buraw wyposa\u017cony jest w kaseta sterownicza do podnoszenia i opuszczania ramienia. Rami\u0119 teleskopowe z 4 mo\u017cliwymi pozycjami i bezpiecznym hakiem d\u017awigowym (obracanym w zakresie 360\u00b0). Urz\u0105dzenie mo\u017cna blokowa\u0107 co 30\u00b0. Cech\u0105, kt\u00f3ra sprawia, \u017ce <\/span><span style=\"font-weight: 400\">\u200b\u200b<\/span><span style=\"font-weight: 400\">model 01B2P jest niewiarygodnie zwrotny, s\u0105 przednie wymiary wynosz\u0105ce zaledwie 780 mm.\u00a0<\/span><\/p>\n<p><b>Uk\u0142ad hydrauliczny \u017curawik\u00f3w wyposa\u017cony jest standardowo w zaw\u00f3r przeci\u0105\u017ceniowy oraz zaw\u00f3r zapobiegaj\u0105cy nag\u0142emu upuszczeniu \u0142adunku w przypadku p\u0119kni\u0119cia przewod\u00f3w.Wytrzyma\u0142e i p\u0142ynnie poruszaj\u0105ce si\u0119 ko\u0142a skr\u0119tne wyposa\u017cone w hamulce postojowe.<\/b><span style=\"font-weight: 400\">\u00a0<\/span><\/p>\n<p><span style=\"font-weight: 400\">Zewn\u0119trzna \u0142adowarka akumulatora.\u00a0<\/span>Zasilany bezobs\u0142ugowym akumulatorem AGM, ten d\u017awig mo\u017ce by\u0107 r\u00f3wnie\u017c wyposa\u017cony w akumulator litowy.<\/p>\n<p><b>Wielofunkcyjny wy\u015bwietlacz wskazuj\u0105cy poziom na\u0142adowania, napi\u0119cie akumulatora i licznik godzin pracy.<\/b><\/p>\n<p><span style=\"font-weight: 400\">Dostawa w komplecie gotowym do u\u017cytku, wraz z przeciwwag\u0105. Rama dolna \u017curawika wyposa\u017cona jest w specjalne wsporniki dla w\u00f3zk\u00f3w wid\u0142owych- do bezpiecznego podnoszenia i transportu \u017curawika na d\u0142ugich dystansach.\u00a0<\/span><\/p>\n<p><span style=\"font-weight: 400\">\u017burawiki s\u0105 najcz\u0119\u015bciej\u00a0<\/span><b>u\u017cywane do podnoszenia i pozycjonowania \u0142adunk\u00f3w<\/b><span style=\"font-weight: 400\">\u00a0w pracy. Doskonale sprawdzaj\u0105 si\u0119 tam, gdzie cz\u0119sto zachodzi potrzeba\u00a0<\/span><b>przemieszczania \u0142adunk\u00f3w nad przeszkodami.\u00a0<\/b><span style=\"font-weight: 400\">Mog\u0105 by\u0107 stosowane w miejscach pracy, gdzie nie ma mo\u017cliwo\u015bci zamontowania \u017curawia na sta\u0142e do pod\u0142o\u017ca, np. w w\u0105skich pomieszczeniach, liniach monta\u017cowych i ograniczonych przestrzeniach \u2013 opisywane urz\u0105dzenia pozwalaj\u0105 na podnoszenie \u0142adunk\u00f3w na wysoko\u015bci, gdy nie mo\u017cna zastosowa\u0107 innych mechanizm\u00f3w. Produkty te s\u0105 wykorzystywane do prac przy maszynach przemys\u0142owych, np. do umieszczania \u0142adunk\u00f3w na obrabiarkach, podczas wymiany narz\u0119dzi w maszynach typu CNC, czy pozycjonowaniu form do wtryskarek.\u00a0<\/span><\/p>\n<p><span style=\"font-weight: 400\">Wszystkie \u017curawie firmy Flex Lifting\u00a0 s\u0105 produkowane z wysokiej jako\u015bci materia\u0142\u00f3w i posiadaj\u0105 certyfikat CE zgodnie z najnowszym dyrektywami Unii Europejskiej.<\/span><\/p>\n","protected":false},"excerpt":{"rendered":"<p><span data-sheets-root=\"1\">UD\u0179WIG<\/span> 200 KG<\/p>\n","protected":false},"featured_media":317340,"template":"","meta":{"_acf_changed":false,"_et_pb_use_builder":"","_et_pb_old_content":"","_et_gb_content_width":""},"product_brand":[],"product_cat":[330],"product_tag":[],"class_list":{"0":"post-5443","1":"product","2":"type-product","3":"status-publish","4":"has-post-thumbnail","6":"product_cat-zurawie-trakcja-reczna-z-ramieniem-obrotowym-360","7":"pa_portata-max-kg-200-pl","9":"first","10":"instock","11":"shipping-taxable","12":"product-type-simple"},"acf":[],"gallery_images":[317334,317398,317384,317374,317354,317344],"_links":{"self":[{"href":"https:\/\/liftingfx.girafdev.com\/pl\/wp-json\/wp\/v2\/product\/5443","targetHints":{"allow":["GET"]}}],"collection":[{"href":"https:\/\/liftingfx.girafdev.com\/pl\/wp-json\/wp\/v2\/product"}],"about":[{"href":"https:\/\/liftingfx.girafdev.com\/pl\/wp-json\/wp\/v2\/types\/product"}],"wp:featuredmedia":[{"embeddable":true,"href":"https:\/\/liftingfx.girafdev.com\/pl\/wp-json\/wp\/v2\/media\/317340"}],"wp:attachment":[{"href":"https:\/\/liftingfx.girafdev.com\/pl\/wp-json\/wp\/v2\/media?parent=5443"}],"wp:term":[{"taxonomy":"product_brand","embeddable":true,"href":"https:\/\/liftingfx.girafdev.com\/pl\/wp-json\/wp\/v2\/product_brand?post=5443"},{"taxonomy":"product_cat","embeddable":true,"href":"https:\/\/liftingfx.girafdev.com\/pl\/wp-json\/wp\/v2\/product_cat?post=5443"},{"taxonomy":"product_tag","embeddable":true,"href":"https:\/\/liftingfx.girafdev.com\/pl\/wp-json\/wp\/v2\/product_tag?post=5443"}],"curies":[{"name":"wp","href":"https:\/\/api.w.org\/{rel}","templated":true}]}}