{"id":5435,"date":"2022-02-22T11:49:46","date_gmt":"2022-02-22T10:49:46","guid":{"rendered":"https:\/\/liftingfx.girafdev.com?post_type=product&#038;p=5435"},"modified":"2025-08-04T09:18:27","modified_gmt":"2025-08-04T07:18:27","slug":"01b5-500-kg-mini-dzwig-z-przeciwwaga-360-elektryczne-podnoszenie-opuszczanie-jednobiegowe","status":"publish","type":"product","link":"https:\/\/liftingfx.girafdev.com\/pl\/product\/01b5-500-kg-mini-dzwig-z-przeciwwaga-360-elektryczne-podnoszenie-opuszczanie-jednobiegowe\/","title":{"rendered":"01B5 \u017bURAW HYDRAULICZNY P\u00d3\u0141ELEKTRYCZNY"},"content":{"rendered":"<p><b>Mini \u017curaw z ramieniem obrotowym i podnoszeniem elektrycznym. No\u015bno\u015b\u0107 500 kg.<\/b><span style=\"font-weight: 400\">\u00a0\u017buraw mo\u017cna obr\u00f3ci\u0107 o 360 stopni , aby spe\u0142ni\u0107 wymagania operacyjne w r\u00f3\u017cnych kierunkach.\u00a0<\/span><b>\u017buraw wyposa\u017cony jest w kaseta sterownicza do podnoszenia i opuszczania ramienia.<\/b><span style=\"font-weight: 400\">\u00a0Rami\u0119 teleskopowe z 4 mo\u017cliwymi pozycjami i bezpiecznym hakiem d\u017awigowym (obracanym w zakresie 360\u00b0). Urz\u0105dzenie mo\u017cna blokowa\u0107 co 30\u00b0.<\/span><\/p>\n<p><span style=\"font-weight: 400\">Cech\u0105, kt\u00f3ra sprawia, \u017ce <\/span><span style=\"font-weight: 400\">\u200b\u200b<\/span><span style=\"font-weight: 400\">model 01B5 jest niewiarygodnie zwrotny, s\u0105 przednie wymiary wynosz\u0105ce zaledwie 980 mm. Uk\u0142ad hydrauliczny \u017curawik\u00f3w wyposa\u017cony jest standardowo w zaw\u00f3r przeci\u0105\u017ceniowy oraz zaw\u00f3r zapobiegaj\u0105cy nag\u0142emu upuszczeniu \u0142adunku w przypadku p\u0119kni\u0119cia przewod\u00f3w.Wytrzyma\u0142e i p\u0142ynnie poruszaj\u0105ce si\u0119 ko\u0142a skr\u0119tne wyposa\u017cone w hamulce postojowe. Dostawa w komplecie gotowym do u\u017cytku, wraz z przeciwwag\u0105. Rama dolna \u017curawika wyposa\u017cona jest w specjalne wsporniki dla w\u00f3zk\u00f3w wid\u0142owych- do bezpiecznego podnoszenia i transportu \u017curawika na d\u0142ugich dystansach.\u00a0<\/span><\/p>\n<p>Zasilany bezobs\u0142ugowym akumulatorem AGM, ten d\u017awig mo\u017ce by\u0107 r\u00f3wnie\u017c wyposa\u017cony w akumulator litowy.\u00a0<span style=\"font-weight: 400\">Zewn\u0119trzna \u0142adowarka akumulatora.<\/span><\/p>\n<p><b>Wielofunkcyjny wy\u015bwietlacz wskazuj\u0105cy poziom na\u0142adowania, napi\u0119cie akumulatora i licznik godzin pracy.<\/b><\/p>\n<p><span style=\"font-weight: 400\">Ma\u0142e d\u017awigi, dzi\u0119ki swoim rozmiarom i mo\u017cliwo\u015bciom, pozwalaj\u0105 \u015bwiadczy\u0107 us\u0142ugi d\u017awigowe w wielu przypadkach, w kt\u00f3rych klasyczne d\u017awigi nie mog\u0105 by\u0107 wykorzystane ze wzgl\u0119du na swoj\u0105 wielko\u015b\u0107 i ci\u0119\u017car.\u00a0<\/span><\/p>\n<p><span style=\"font-weight: 400\">Wszystkie \u017curawie firmy Flex Lifting\u00a0 s\u0105 produkowane z wysokiej jako\u015bci materia\u0142\u00f3w i posiadaj\u0105 certyfikat CE zgodnie z najnowszym dyrektywami Unii Europejskiej.<\/span><\/p>\n<div id=\"gtx-trans\" style=\"position: absolute;left: 49px;top: 251.781px\">\n<div class=\"gtx-trans-icon\"><\/div>\n<\/div>\n","protected":false},"excerpt":{"rendered":"<p>Udzwig 500 KG<\/p>\n","protected":false},"featured_media":313416,"template":"","meta":{"_acf_changed":false,"_et_pb_use_builder":"","_et_pb_old_content":"","_et_gb_content_width":""},"product_brand":[],"product_cat":[330],"product_tag":[],"class_list":{"0":"post-5435","1":"product","2":"type-product","3":"status-publish","4":"has-post-thumbnail","6":"product_cat-zurawie-trakcja-reczna-z-ramieniem-obrotowym-360","7":"pa_portata-max-kg-500-pl","9":"first","10":"instock","11":"shipping-taxable","12":"product-type-simple"},"acf":[],"gallery_images":[313416,313446,313436,313426,313406,313396],"_links":{"self":[{"href":"https:\/\/liftingfx.girafdev.com\/pl\/wp-json\/wp\/v2\/product\/5435","targetHints":{"allow":["GET"]}}],"collection":[{"href":"https:\/\/liftingfx.girafdev.com\/pl\/wp-json\/wp\/v2\/product"}],"about":[{"href":"https:\/\/liftingfx.girafdev.com\/pl\/wp-json\/wp\/v2\/types\/product"}],"wp:featuredmedia":[{"embeddable":true,"href":"https:\/\/liftingfx.girafdev.com\/pl\/wp-json\/wp\/v2\/media\/313416"}],"wp:attachment":[{"href":"https:\/\/liftingfx.girafdev.com\/pl\/wp-json\/wp\/v2\/media?parent=5435"}],"wp:term":[{"taxonomy":"product_brand","embeddable":true,"href":"https:\/\/liftingfx.girafdev.com\/pl\/wp-json\/wp\/v2\/product_brand?post=5435"},{"taxonomy":"product_cat","embeddable":true,"href":"https:\/\/liftingfx.girafdev.com\/pl\/wp-json\/wp\/v2\/product_cat?post=5435"},{"taxonomy":"product_tag","embeddable":true,"href":"https:\/\/liftingfx.girafdev.com\/pl\/wp-json\/wp\/v2\/product_tag?post=5435"}],"curies":[{"name":"wp","href":"https:\/\/api.w.org\/{rel}","templated":true}]}}