{"id":5342,"date":"2022-02-22T11:06:49","date_gmt":"2022-02-22T10:06:49","guid":{"rendered":"https:\/\/liftingfx.girafdev.com?post_type=product&#038;p=5342"},"modified":"2025-07-01T12:01:22","modified_gmt":"2025-07-01T10:01:22","slug":"01m2-200-kg-zuraw-obrotowy-z-przeciwwaga-360-reczne-podnoszenie-opuszczanie","status":"publish","type":"product","link":"https:\/\/liftingfx.girafdev.com\/pl\/product\/01m2-200-kg-zuraw-obrotowy-z-przeciwwaga-360-reczne-podnoszenie-opuszczanie\/","title":{"rendered":"01M2 \u017bURAW OBROTOWY Z PRZECIWWAG\u0104"},"content":{"rendered":"<p>[et_pb_section fb_built=&#8221;1&#8243; _builder_version=&#8221;4.25.2&#8243; _module_preset=&#8221;default&#8221; da_disable_devices=&#8221;off|off|off&#8221; global_colors_info=&#8221;{}&#8221; da_is_popup=&#8221;off&#8221; da_exit_intent=&#8221;off&#8221; da_has_close=&#8221;on&#8221; da_alt_close=&#8221;off&#8221; da_dark_close=&#8221;off&#8221; da_not_modal=&#8221;on&#8221; da_is_singular=&#8221;off&#8221; da_with_loader=&#8221;off&#8221; da_has_shadow=&#8221;on&#8221;][\/et_pb_section]<\/p>\n","protected":false},"excerpt":{"rendered":"<p>UD\u0179WIG 200 KG<\/p>\n","protected":false},"featured_media":307611,"template":"","meta":{"_acf_changed":false,"_et_pb_use_builder":"on","_et_pb_old_content":"<b>\u017buraw obrotowy z przeciwwag\u0105 o ud\u017awigu 200 kg, model 01M2, jest wyposa\u017cony w sterowan\u0105 d\u017awigni\u0105 szybk\u0105 i lekk\u0105 pomp\u0119 podw\u00f3jnego dzia\u0142ania.<\/b><span style=\"font-weight: 400\">\r\n<\/span><b>Pokr\u0119t\u0142o sterowania opadaniem umo\u017cliwia regulacj\u0119 pr\u0119dko\u015bci opadania.<\/b>\r\n\r\n<span style=\"font-weight: 400\">Nasz model 01M2 zosta\u0142 zaprojektowany z my\u015bl\u0105 o \u0142atwym podnoszeniu \u0142adunk\u00f3w i jest \u017curawiem obrotowym z przeciwwag\u0105 o ud\u017awigu 200 kg. Jest on cz\u0119\u015bci\u0105 szerokiej gamy \u017curawi obrotowych 360\u00b0 z przeciwwag\u0105, z r\u0119czn\u0105 trakcj\u0105, o maksymalnym ud\u017awigu do 500 kg i wysi\u0119gu do 2050 mm. Sterowane d\u017awigni\u0105 hydrauliczn\u0105 lub elektrycznie. Stanowi\u0105 najbardziej ekonomiczne i elastyczne rozwi\u0105zanie do podnoszenia i transportu \u0142adunk\u00f3w w wielu zastosowaniach, takich jak centra obr\u00f3bcze i obrabiarki, dostawy na linie monta\u017cowe, operacje monta\u017cowe, przenoszenie towar\u00f3w.<\/span>\r\n\r\n<span style=\"font-weight: 400\">Dzi\u0119ki kompaktowym wymiarom s\u0105 \u0142atwe w manewrowaniu nawet przy pe\u0142nym obci\u0105\u017ceniu i mog\u0105 by\u0107 bez wysi\u0142ku przemieszczane w ograniczonych przestrzeniach. Wszystkie komponenty s\u0105 produkowane we W\u0142oszech, aby zapewni\u0107 najwy\u017csz\u0105 jako\u015b\u0107 konstrukcji i brak wad.<\/span>\r\n\r\n<b>Uk\u0142ad hydrauliczny jest wyposa\u017cony w zaw\u00f3r blokuj\u0105cy, kt\u00f3ry zapobiega spadni\u0119ciu \u0142adunku w razie przypadkowego p\u0119kni\u0119cia rur oraz zaw\u00f3r zgrubny, kt\u00f3ry zapobiega przeci\u0105\u017ceniu \u017curawia.<\/b>\r\n\r\n<span style=\"font-weight: 400\">S\u0105 one wyposa\u017cone w 2 ko\u0142a obrotowe o du\u017cej no\u015bno\u015bci z mocowaniami zderzak\u00f3w i hamulcami postojowymi oraz w 2 sta\u0142e ko\u0142a przednie z \u0142o\u017cyskami. Rama jest wykonana z malowanej stali i jest wyposa\u017cona u podstawy w 2 przydatne wsporniki w\u00f3zka wid\u0142owego (do podnoszenia i transportu \u017curawia w ca\u0142kowicie bezpieczny spos\u00f3b na du\u017ce odleg\u0142o\u015bci). Wytrzyma\u0142y uchwyt do pchania mo\u017cna zdemontowa\u0107. Dost\u0119pne s\u0105 r\u00f3wnie\u017c 2 uchwyty do \u0142atwego obracania balastu. Hak obrotowy. Rami\u0119 obrotowe z blokad\u0105 co 30\u00b0.<\/span>\r\n\r\n<b>Rami\u0119 mo\u017cna wysun\u0105\u0107 w 4 pozycjach, a opcjonalne przed\u0142u\u017cenie ramienia pozwala uzyska\u0107 maksymalny zasi\u0119g 2050 mm.<\/b>\r\n\r\n<span style=\"font-weight: 400\">\u0141atwy w u\u017cyciu. Nie wymaga instalacji. \u017buraw z przeciwwag\u0105 01M2 to idealne rozwi\u0105zanie dla wszystkich firm, kt\u00f3re chc\u0105 poprawi\u0107 efektywno\u015b\u0107 swoich proces\u00f3w produkcyjnych, zapewniaj\u0105c jednocze\u015bnie maksymalne bezpiecze\u0144stwo operatora.<\/span>","_et_gb_content_width":""},"product_brand":[],"product_cat":[330],"product_tag":[],"class_list":{"0":"post-5342","1":"product","2":"type-product","3":"status-publish","4":"has-post-thumbnail","6":"product_cat-zurawie-trakcja-reczna-z-ramieniem-obrotowym-360","7":"pa_portata-max-kg-200-pl","9":"first","10":"instock","11":"shipping-taxable","12":"product-type-simple"},"acf":[],"gallery_images":[308014,308024,308004,307984,308034,308044],"_links":{"self":[{"href":"https:\/\/liftingfx.girafdev.com\/pl\/wp-json\/wp\/v2\/product\/5342","targetHints":{"allow":["GET"]}}],"collection":[{"href":"https:\/\/liftingfx.girafdev.com\/pl\/wp-json\/wp\/v2\/product"}],"about":[{"href":"https:\/\/liftingfx.girafdev.com\/pl\/wp-json\/wp\/v2\/types\/product"}],"wp:featuredmedia":[{"embeddable":true,"href":"https:\/\/liftingfx.girafdev.com\/pl\/wp-json\/wp\/v2\/media\/307611"}],"wp:attachment":[{"href":"https:\/\/liftingfx.girafdev.com\/pl\/wp-json\/wp\/v2\/media?parent=5342"}],"wp:term":[{"taxonomy":"product_brand","embeddable":true,"href":"https:\/\/liftingfx.girafdev.com\/pl\/wp-json\/wp\/v2\/product_brand?post=5342"},{"taxonomy":"product_cat","embeddable":true,"href":"https:\/\/liftingfx.girafdev.com\/pl\/wp-json\/wp\/v2\/product_cat?post=5342"},{"taxonomy":"product_tag","embeddable":true,"href":"https:\/\/liftingfx.girafdev.com\/pl\/wp-json\/wp\/v2\/product_tag?post=5342"}],"curies":[{"name":"wp","href":"https:\/\/api.w.org\/{rel}","templated":true}]}}