{"id":307753,"date":"2025-01-22T17:24:17","date_gmt":"2025-01-22T16:24:17","guid":{"rendered":"https:\/\/liftingfx.girafdev.com?post_type=product&#038;p=307753"},"modified":"2025-01-22T17:44:04","modified_gmt":"2025-01-22T16:44:04","slug":"lbac250-trawersa-do-podnoszenia-workow-big-bag-udzwig-250-kg-copy","status":"publish","type":"product","link":"https:\/\/liftingfx.girafdev.com\/pl\/product\/lbac250-trawersa-do-podnoszenia-workow-big-bag-udzwig-250-kg-copy\/","title":{"rendered":"LBAC500 TRAWERSA DO PODNOSZENIA WORKOW BIG-BAG &#8211; UD\u0179WIG 500 KG"},"content":{"rendered":"<h2>UD\u0179WIG 500 KG<\/h2>\n<p class=\"h1\">Trawersa LBAC500 do podnoszenia work\u00f3w BIG-BAG.<\/p>\n<p>Wyposa\u017cona jest w cztery obrotowe haki 360\u00b0, kt\u00f3re gwarantuj\u0105 niezawodne trzymanie w ka\u017cdych warunkach pracy. Przy maksymalnym ud\u017awigu 500 kg LBAC500 wyr\u00f3\u017cnia si\u0119 wydajno\u015bci\u0105 i niezawodno\u015bci\u0105, poniewa\u017c jest zaprojektowana z solidn\u0105 konstrukcj\u0105 stalow\u0105. Zakres regulacji 800, 1100 i 1400 mm.<\/p>\n<p>Model LBAC500 firmy Flex Lifting mo\u017cna wygodnie zamontowa\u0107 na wszystkich naszych d\u017awigach i jest idealnym rozwi\u0105zaniem do obs\u0142ugi i podnoszenia big bag\u00f3w o r\u00f3\u017cnych rozmiarach.<\/p>\n<p><a href=\"https:\/\/liftingfx.girafdev.comwp-content\/uploads\/2025\/01\/LBAC500-drawing.pdf\">Zobacz rysunek<\/a><\/p>\n","protected":false},"excerpt":{"rendered":"<p>UD\u0179WIG 500 KG Trawersa LBAC500 do podnoszenia work\u00f3w BIG-BAG. Wyposa\u017cona jest w cztery obrotowe haki 360\u00b0, kt\u00f3re gwarantuj\u0105 niezawodne trzymanie w ka\u017cdych warunkach pracy. Przy maksymalnym ud\u017awigu 500 kg LBAC500 wyr\u00f3\u017cnia si\u0119 wydajno\u015bci\u0105 i niezawodno\u015bci\u0105, poniewa\u017c jest zaprojektowana z solidn\u0105 konstrukcj\u0105 stalow\u0105. Zakres regulacji 800, 1100 i 1400 mm. Model LBAC500 firmy Flex Lifting mo\u017cna [&hellip;]<\/p>\n","protected":false},"featured_media":307762,"template":"","meta":{"_acf_changed":false,"_et_pb_use_builder":"off","_et_pb_old_content":"","_et_gb_content_width":""},"product_brand":[],"product_cat":[400],"product_tag":[],"class_list":{"0":"post-307753","1":"product","2":"type-product","3":"status-publish","4":"has-post-thumbnail","6":"product_cat-akcesoria","8":"first","9":"instock","10":"shipping-taxable","11":"product-type-simple"},"acf":[],"gallery_images":[307756],"_links":{"self":[{"href":"https:\/\/liftingfx.girafdev.com\/pl\/wp-json\/wp\/v2\/product\/307753","targetHints":{"allow":["GET"]}}],"collection":[{"href":"https:\/\/liftingfx.girafdev.com\/pl\/wp-json\/wp\/v2\/product"}],"about":[{"href":"https:\/\/liftingfx.girafdev.com\/pl\/wp-json\/wp\/v2\/types\/product"}],"wp:featuredmedia":[{"embeddable":true,"href":"https:\/\/liftingfx.girafdev.com\/pl\/wp-json\/wp\/v2\/media\/307762"}],"wp:attachment":[{"href":"https:\/\/liftingfx.girafdev.com\/pl\/wp-json\/wp\/v2\/media?parent=307753"}],"wp:term":[{"taxonomy":"product_brand","embeddable":true,"href":"https:\/\/liftingfx.girafdev.com\/pl\/wp-json\/wp\/v2\/product_brand?post=307753"},{"taxonomy":"product_cat","embeddable":true,"href":"https:\/\/liftingfx.girafdev.com\/pl\/wp-json\/wp\/v2\/product_cat?post=307753"},{"taxonomy":"product_tag","embeddable":true,"href":"https:\/\/liftingfx.girafdev.com\/pl\/wp-json\/wp\/v2\/product_tag?post=307753"}],"curies":[{"name":"wp","href":"https:\/\/api.w.org\/{rel}","templated":true}]}}