{"id":301922,"date":"2024-12-10T10:48:25","date_gmt":"2024-12-10T09:48:25","guid":{"rendered":"https:\/\/flexlifting.girafdev.com\/?post_type=product&#038;p=301922"},"modified":"2025-01-22T14:38:32","modified_gmt":"2025-01-22T13:38:32","slug":"regulowana-belka-podnoszaca-udzwig-250-kg","status":"publish","type":"product","link":"https:\/\/liftingfx.girafdev.com\/pl\/product\/regulowana-belka-podnoszaca-udzwig-250-kg\/","title":{"rendered":"LBA250 REGULOWANA BELKA PODNOSZ\u0104CA &#8211; UD\u0179WIG 250 KG"},"content":{"rendered":"<h2>UD\u0179WIG 250 KG<\/h2>\n<p>Belka podnosz\u0105ca LBA250 to bardzo wszechstronne narz\u0119dzie podnosz\u0105ce, przeznaczone do przenoszenia du\u017cych \u0142adunk\u00f3w w zr\u00f3wnowa\u017cony spos\u00f3b, optymalizuj\u0105c og\u00f3lne wymiary zar\u00f3wno pod wzgl\u0119dem wysoko\u015bci, jak i szeroko\u015bci. Urz\u0105dzenie to wyposa\u017cone jest w dwa obrotowe haki \u0142adunkowe o 360\u00b0, wyposa\u017cone w blokady bezpiecze\u0144stwa, kt\u00f3re gwarantuj\u0105 nienaganne uszczelnienie w ka\u017cdych warunkach pracy. Przy maksymalnym ud\u017awigu 250 kg, zawiesie zosta\u0142o poddane cynkowaniu antyoksydacyjnemu, co zapewnia doskona\u0142\u0105 odporno\u015b\u0107 i trwa\u0142o\u015b\u0107.<br \/>\nPonadto belk\u0119 podnosz\u0105c\u0105 LBA250 mo\u017cna regulowa\u0107 na d\u0142ugo\u015b\u0107, co pozwala na dostosowanie jej do r\u00f3\u017cnych rozmiar\u00f3w podnoszonych \u0142adunk\u00f3w. Po\u0142o\u017cenie hak\u00f3w mo\u017cna \u0142atwo modyfikowa\u0107 w rozstawie 400, 700 i 1000 mm, dzi\u0119ki agrafkom z mechanicznym ogranicznikiem, co zapewnia elastyczne i bezpieczne u\u017cytkowanie.<\/p>\n<p><a href=\"https:\/\/liftingfx.girafdev.comwp-content\/uploads\/2024\/12\/LBA250.pdf\">Zobacz rysunek<\/a><\/p>\n","protected":false},"excerpt":{"rendered":"<p>UD\u0179WIG 250 KG Belka podnosz\u0105ca LBA250 to bardzo wszechstronne narz\u0119dzie podnosz\u0105ce, przeznaczone do przenoszenia du\u017cych \u0142adunk\u00f3w w zr\u00f3wnowa\u017cony spos\u00f3b, optymalizuj\u0105c og\u00f3lne wymiary zar\u00f3wno pod wzgl\u0119dem wysoko\u015bci, jak i szeroko\u015bci. Urz\u0105dzenie to wyposa\u017cone jest w dwa obrotowe haki \u0142adunkowe o 360\u00b0, wyposa\u017cone w blokady bezpiecze\u0144stwa, kt\u00f3re gwarantuj\u0105 nienaganne uszczelnienie w ka\u017cdych warunkach pracy. Przy maksymalnym ud\u017awigu [&hellip;]<\/p>\n","protected":false},"featured_media":301942,"template":"","meta":{"_acf_changed":false,"_et_pb_use_builder":"off","_et_pb_old_content":"","_et_gb_content_width":""},"product_brand":[],"product_cat":[400],"product_tag":[],"class_list":{"0":"post-301922","1":"product","2":"type-product","3":"status-publish","4":"has-post-thumbnail","6":"product_cat-akcesoria","8":"first","9":"instock","10":"shipping-taxable","11":"product-type-simple"},"acf":[],"gallery_images":[301936],"_links":{"self":[{"href":"https:\/\/liftingfx.girafdev.com\/pl\/wp-json\/wp\/v2\/product\/301922","targetHints":{"allow":["GET"]}}],"collection":[{"href":"https:\/\/liftingfx.girafdev.com\/pl\/wp-json\/wp\/v2\/product"}],"about":[{"href":"https:\/\/liftingfx.girafdev.com\/pl\/wp-json\/wp\/v2\/types\/product"}],"wp:featuredmedia":[{"embeddable":true,"href":"https:\/\/liftingfx.girafdev.com\/pl\/wp-json\/wp\/v2\/media\/301942"}],"wp:attachment":[{"href":"https:\/\/liftingfx.girafdev.com\/pl\/wp-json\/wp\/v2\/media?parent=301922"}],"wp:term":[{"taxonomy":"product_brand","embeddable":true,"href":"https:\/\/liftingfx.girafdev.com\/pl\/wp-json\/wp\/v2\/product_brand?post=301922"},{"taxonomy":"product_cat","embeddable":true,"href":"https:\/\/liftingfx.girafdev.com\/pl\/wp-json\/wp\/v2\/product_cat?post=301922"},{"taxonomy":"product_tag","embeddable":true,"href":"https:\/\/liftingfx.girafdev.com\/pl\/wp-json\/wp\/v2\/product_tag?post=301922"}],"curies":[{"name":"wp","href":"https:\/\/api.w.org\/{rel}","templated":true}]}}