{"id":301882,"date":"2024-12-10T10:18:01","date_gmt":"2024-12-10T09:18:01","guid":{"rendered":"https:\/\/flexlifting.girafdev.com\/?post_type=product&#038;p=301882"},"modified":"2025-01-22T14:43:57","modified_gmt":"2025-01-22T13:43:57","slug":"belka-podnoszaca-udzwig-500-kg","status":"publish","type":"product","link":"https:\/\/liftingfx.girafdev.com\/pl\/product\/belka-podnoszaca-udzwig-500-kg\/","title":{"rendered":"LBF500 BELKA PODNOSZ\u0104CA &#8211; UD\u0179WIG 500 KG"},"content":{"rendered":"<h2>UD\u0179WIG 500 KG<\/h2>\n<p>Belka podnosz\u0105ca LBF500 to bardzo wszechstronny sprz\u0119t podnosz\u0105cy, zaprojektowany w celu u\u0142atwienia przenoszenia znacznie du\u017cych \u0142adunk\u00f3w w zr\u00f3wnowa\u017cony spos\u00f3b, optymalizuj\u0105c ca\u0142kowite wymiary zar\u00f3wno pod wzgl\u0119dem wysoko\u015bci, jak i szeroko\u015bci.<\/p>\n<p>Wyposa\u017cony jest w dwa obracane o 360\u00b0 haki \u0142adunkowe o rozstawie \u015brodk\u00f3w 600 mm, wyposa\u017cone w blokady bezpiecze\u0144stwa, kt\u00f3re zapewniaj\u0105 maksymalne uszczelnienie w ka\u017cdych warunkach pracy. Waga o maksymalnym ud\u017awigu 500 kg zosta\u0142a poddana procesowi cynkowania, co gwarantuje wysok\u0105 wytrzyma\u0142o\u015b\u0107 i trwa\u0142o\u015b\u0107 w czasie.<\/p>\n<p><a href=\"https:\/\/liftingfx.girafdev.comwp-content\/uploads\/2024\/12\/LBF500.pdf\">Zobacz rysunek<\/a><\/p>\n","protected":false},"excerpt":{"rendered":"<p>UD\u0179WIG 500 KG Belka podnosz\u0105ca LBF500 to bardzo wszechstronny sprz\u0119t podnosz\u0105cy, zaprojektowany w celu u\u0142atwienia przenoszenia znacznie du\u017cych \u0142adunk\u00f3w w zr\u00f3wnowa\u017cony spos\u00f3b, optymalizuj\u0105c ca\u0142kowite wymiary zar\u00f3wno pod wzgl\u0119dem wysoko\u015bci, jak i szeroko\u015bci. Wyposa\u017cony jest w dwa obracane o 360\u00b0 haki \u0142adunkowe o rozstawie \u015brodk\u00f3w 600 mm, wyposa\u017cone w blokady bezpiecze\u0144stwa, kt\u00f3re zapewniaj\u0105 maksymalne uszczelnienie w [&hellip;]<\/p>\n","protected":false},"featured_media":301911,"template":"","meta":{"_acf_changed":false,"_et_pb_use_builder":"off","_et_pb_old_content":"","_et_gb_content_width":""},"product_brand":[],"product_cat":[400],"product_tag":[],"class_list":{"0":"post-301882","1":"product","2":"type-product","3":"status-publish","4":"has-post-thumbnail","6":"product_cat-akcesoria","8":"first","9":"instock","10":"shipping-taxable","11":"product-type-simple"},"acf":[],"gallery_images":[301905],"_links":{"self":[{"href":"https:\/\/liftingfx.girafdev.com\/pl\/wp-json\/wp\/v2\/product\/301882","targetHints":{"allow":["GET"]}}],"collection":[{"href":"https:\/\/liftingfx.girafdev.com\/pl\/wp-json\/wp\/v2\/product"}],"about":[{"href":"https:\/\/liftingfx.girafdev.com\/pl\/wp-json\/wp\/v2\/types\/product"}],"wp:featuredmedia":[{"embeddable":true,"href":"https:\/\/liftingfx.girafdev.com\/pl\/wp-json\/wp\/v2\/media\/301911"}],"wp:attachment":[{"href":"https:\/\/liftingfx.girafdev.com\/pl\/wp-json\/wp\/v2\/media?parent=301882"}],"wp:term":[{"taxonomy":"product_brand","embeddable":true,"href":"https:\/\/liftingfx.girafdev.com\/pl\/wp-json\/wp\/v2\/product_brand?post=301882"},{"taxonomy":"product_cat","embeddable":true,"href":"https:\/\/liftingfx.girafdev.com\/pl\/wp-json\/wp\/v2\/product_cat?post=301882"},{"taxonomy":"product_tag","embeddable":true,"href":"https:\/\/liftingfx.girafdev.com\/pl\/wp-json\/wp\/v2\/product_tag?post=301882"}],"curies":[{"name":"wp","href":"https:\/\/api.w.org\/{rel}","templated":true}]}}