{"id":300795,"date":"2024-12-02T17:56:45","date_gmt":"2024-12-02T16:56:45","guid":{"rendered":"https:\/\/flexlifting.girafdev.com\/?post_type=product&#038;p=300795"},"modified":"2025-01-22T14:48:51","modified_gmt":"2025-01-22T13:48:51","slug":"belka-podnoszaca-250-kg","status":"publish","type":"product","link":"https:\/\/liftingfx.girafdev.com\/pl\/product\/belka-podnoszaca-250-kg\/","title":{"rendered":"LBF250 BELKA PODNOSZ\u0104CA &#8211; UD\u0179WIG 250 KG"},"content":{"rendered":"<h2>UD\u0179WIG 250 KG<\/h2>\n<p>Belka podnosz\u0105ca LBF250 to bardzo wszechstronny sprz\u0119t podnosz\u0105cy, zaprojektowany w celu u\u0142atwienia przenoszenia znacznie du\u017cych \u0142adunk\u00f3w w zr\u00f3wnowa\u017cony spos\u00f3b, optymalizuj\u0105c ca\u0142kowite wymiary zar\u00f3wno pod wzgl\u0119dem wysoko\u015bci, jak i szeroko\u015bci.<\/p>\n<p>Wyposa\u017cony jest w dwa obracane o 360\u00b0 haki \u0142adunkowe o rozstawie \u015brodk\u00f3w 600 mm, wyposa\u017cone w blokady bezpiecze\u0144stwa, kt\u00f3re zapewniaj\u0105 maksymalne uszczelnienie w ka\u017cdych warunkach pracy. Waga o maksymalnym ud\u017awigu 250 kg zosta\u0142a poddana procesowi cynkowania, co gwarantuje wysok\u0105 wytrzyma\u0142o\u015b\u0107 i trwa\u0142o\u015b\u0107 w czasie.<\/p>\n<p><a href=\"https:\/\/liftingfx.girafdev.comwp-content\/uploads\/2024\/12\/LBF250-1.pdf\">Zobacz rysunek<\/a><\/p>\n","protected":false},"excerpt":{"rendered":"<p>UD\u0179WIG 250 KG Belka podnosz\u0105ca LBF250 to bardzo wszechstronny sprz\u0119t podnosz\u0105cy, zaprojektowany w celu u\u0142atwienia przenoszenia znacznie du\u017cych \u0142adunk\u00f3w w zr\u00f3wnowa\u017cony spos\u00f3b, optymalizuj\u0105c ca\u0142kowite wymiary zar\u00f3wno pod wzgl\u0119dem wysoko\u015bci, jak i szeroko\u015bci. Wyposa\u017cony jest w dwa obracane o 360\u00b0 haki \u0142adunkowe o rozstawie \u015brodk\u00f3w 600 mm, wyposa\u017cone w blokady bezpiecze\u0144stwa, kt\u00f3re zapewniaj\u0105 maksymalne uszczelnienie w [&hellip;]<\/p>\n","protected":false},"featured_media":300785,"template":"","meta":{"_acf_changed":false,"_et_pb_use_builder":"off","_et_pb_old_content":"","_et_gb_content_width":""},"product_brand":[],"product_cat":[400],"product_tag":[],"class_list":{"0":"post-300795","1":"product","2":"type-product","3":"status-publish","4":"has-post-thumbnail","6":"product_cat-akcesoria","8":"first","9":"instock","10":"shipping-taxable","11":"product-type-simple"},"acf":[],"gallery_images":[300785],"_links":{"self":[{"href":"https:\/\/liftingfx.girafdev.com\/pl\/wp-json\/wp\/v2\/product\/300795","targetHints":{"allow":["GET"]}}],"collection":[{"href":"https:\/\/liftingfx.girafdev.com\/pl\/wp-json\/wp\/v2\/product"}],"about":[{"href":"https:\/\/liftingfx.girafdev.com\/pl\/wp-json\/wp\/v2\/types\/product"}],"wp:featuredmedia":[{"embeddable":true,"href":"https:\/\/liftingfx.girafdev.com\/pl\/wp-json\/wp\/v2\/media\/300785"}],"wp:attachment":[{"href":"https:\/\/liftingfx.girafdev.com\/pl\/wp-json\/wp\/v2\/media?parent=300795"}],"wp:term":[{"taxonomy":"product_brand","embeddable":true,"href":"https:\/\/liftingfx.girafdev.com\/pl\/wp-json\/wp\/v2\/product_brand?post=300795"},{"taxonomy":"product_cat","embeddable":true,"href":"https:\/\/liftingfx.girafdev.com\/pl\/wp-json\/wp\/v2\/product_cat?post=300795"},{"taxonomy":"product_tag","embeddable":true,"href":"https:\/\/liftingfx.girafdev.com\/pl\/wp-json\/wp\/v2\/product_tag?post=300795"}],"curies":[{"name":"wp","href":"https:\/\/api.w.org\/{rel}","templated":true}]}}