{"id":296328,"date":"2024-09-04T14:51:23","date_gmt":"2024-09-04T12:51:23","guid":{"rendered":"https:\/\/flexlifting.girafdev.com\/prodotto\/gz1000bser\/"},"modified":"2025-08-04T09:30:56","modified_gmt":"2025-08-04T07:30:56","slug":"gz1000bser-1000-kg-warsztatowy-dzwig-ze-zdalnym-sterowaniem","status":"publish","type":"product","link":"https:\/\/liftingfx.girafdev.com\/pl\/product\/gz1000bser-1000-kg-warsztatowy-dzwig-ze-zdalnym-sterowaniem\/","title":{"rendered":"GZ1000BSER MOBILNY SYSTEM PODNOSZENIA"},"content":{"rendered":"<p><span style=\"font-weight: 400\">Model GZ1000BSER to <\/span><b>\u017curaw z przeciwwag\u0105<\/b><span style=\"font-weight: 400\">, kt\u00f3ry stanowi elastyczne i wydajne rozwi\u0105zanie upraszczaj\u0105ce <\/span><b>podnoszenie i przenoszenie \u0142adunk\u00f3w o masie do 1000 kg<\/b><span style=\"font-weight: 400\">.<\/span><\/p>\n<p><span style=\"font-weight: 400\">Dzi\u0119ki dyszlowi po\u0142\u0105czonemu z dwoma nylonowymi ko\u0142ami skr\u0119tnymi i kompaktowej szeroko\u015bci 800 mm \u017curaw ten oferuje wyj\u0105tkowy promie\u0144 skr\u0119tu. Rama wykonana jest z malowanej stali i wyposa\u017cona jest u podstawy w 2 podpory przydatne do podnoszenia i bezpiecznego transportu d\u017awigu na du\u017ce odleg\u0142o\u015bci za pomoc\u0105 w\u00f3zka wid\u0142owego.<\/span><\/p>\n<p><b>Dzi\u0119ki zdalnemu sterowaniu i mo\u017cliwo\u015bci regulacji pr\u0119dko\u015bci za pomoc\u0105 potencjometru<\/b><span style=\"font-weight: 400\"> mini \u017curaw GZ1000BSER oferuje milimetrow\u0105 precyzj\u0119 w ruchach podnoszenia, opuszczania i wysuwania ramion.<\/span><\/p>\n<p><span style=\"font-weight: 400\">Uk\u0142ad hydrauliczny wyposa\u017cony jest w zaw\u00f3r blokuj\u0105cy, kt\u00f3ry zapobiega opadni\u0119ciu \u0142adunku w przypadku przypadkowego p\u0119kni\u0119cia rury oraz zaw\u00f3r ci\u015bnieniowy, kt\u00f3ry zapobiega przeci\u0105\u017ceniu \u017curawia.<\/span><\/p>\n<p><span style=\"font-weight: 400\">Istnieje mo\u017cliwo\u015b\u0107 zamontowania przed\u0142u\u017cenia (opcjonalnie) umo\u017cliwiaj\u0105cego wyd\u0142u\u017cenie ramienia do maksymalnej d\u0142ugo\u015bci 2000 mm.<\/span><\/p>\n<p>Zasilany bezobs\u0142ugowym akumulatorem AGM, ten d\u017awig mo\u017ce by\u0107 r\u00f3wnie\u017c wyposa\u017cony w akumulator litowy. <span style=\"font-weight: 400\">Zewn\u0119trzna \u0142adowarka akumulator\u00f3w.<\/span><\/p>\n<p><b>Wielofunkcyjny wy\u015bwietlacz wskazuj\u0105cy poziom na\u0142adowania, napi\u0119cie akumulatora i licznik godzin pracy.<\/b><\/p>\n<p><b>\u017buraw samojezdny GZ1000BSER<\/b><span style=\"font-weight: 400\"> idealnie nadaje si\u0119 do operacji monta\u017cu i demonta\u017cu cz\u0119\u015bci mechanicznych wymagaj\u0105cych cz\u0119stej konserwacji, a tak\u017ce do monta\u017cu podzespo\u0142\u00f3w w maszynach przemys\u0142owych. Model ten upraszcza te czynno\u015bci, odci\u0105\u017ca prac\u0119 fizyczn\u0105 i gwarantuje szybk\u0105 i bezpieczn\u0105 interwencj\u0119.<\/span><\/p>\n<div id=\"gtx-trans\" style=\"position: absolute;left: 849px;top: 290.781px\">\n<div class=\"gtx-trans-icon\"><\/div>\n<\/div>\n","protected":false},"excerpt":{"rendered":"<p>UD\u0179WIG 1000 KG<\/p>\n","protected":false},"featured_media":288200,"template":"","meta":{"_acf_changed":false,"_et_pb_use_builder":"","_et_pb_old_content":"","_et_gb_content_width":""},"product_brand":[],"product_cat":[329,872],"product_tag":[],"class_list":{"0":"post-296328","1":"product","2":"type-product","3":"status-publish","4":"has-post-thumbnail","6":"product_cat-zurawie-o-duzym-udzwigu-trakcja-reczna","7":"product_cat-senza-categoria-pl","8":"pa_portata-max-kg-1000-pl","10":"first","11":"instock","12":"shipping-taxable","13":"product-type-simple"},"acf":[],"gallery_images":[288215,288235,288225,291310,288245,288205],"_links":{"self":[{"href":"https:\/\/liftingfx.girafdev.com\/pl\/wp-json\/wp\/v2\/product\/296328","targetHints":{"allow":["GET"]}}],"collection":[{"href":"https:\/\/liftingfx.girafdev.com\/pl\/wp-json\/wp\/v2\/product"}],"about":[{"href":"https:\/\/liftingfx.girafdev.com\/pl\/wp-json\/wp\/v2\/types\/product"}],"wp:featuredmedia":[{"embeddable":true,"href":"https:\/\/liftingfx.girafdev.com\/pl\/wp-json\/wp\/v2\/media\/288200"}],"wp:attachment":[{"href":"https:\/\/liftingfx.girafdev.com\/pl\/wp-json\/wp\/v2\/media?parent=296328"}],"wp:term":[{"taxonomy":"product_brand","embeddable":true,"href":"https:\/\/liftingfx.girafdev.com\/pl\/wp-json\/wp\/v2\/product_brand?post=296328"},{"taxonomy":"product_cat","embeddable":true,"href":"https:\/\/liftingfx.girafdev.com\/pl\/wp-json\/wp\/v2\/product_cat?post=296328"},{"taxonomy":"product_tag","embeddable":true,"href":"https:\/\/liftingfx.girafdev.com\/pl\/wp-json\/wp\/v2\/product_tag?post=296328"}],"curies":[{"name":"wp","href":"https:\/\/api.w.org\/{rel}","templated":true}]}}