{"id":295991,"date":"2024-09-02T13:56:26","date_gmt":"2024-09-02T11:56:26","guid":{"rendered":"https:\/\/flexlifting.girafdev.com\/prodotto\/01b5l\/"},"modified":"2025-08-04T09:27:54","modified_gmt":"2025-08-04T07:27:54","slug":"01b5l-500-kg-obrotowy-dzwig-z-przeciwwaga-podnoszenie-opuszczanie-elektryczn-e","status":"publish","type":"product","link":"https:\/\/liftingfx.girafdev.com\/pl\/product\/01b5l-500-kg-obrotowy-dzwig-z-przeciwwaga-podnoszenie-opuszczanie-elektryczn-e\/","title":{"rendered":"01B5L MOBILNY SPRZ\u0118T PODNOSZ\u0104CY"},"content":{"rendered":"<p><b>\u017buraw obrotowy<\/b><span style=\"font-weight: 400\"> 01B5L umo\u017cliwia <\/span><b>podnoszenie i przemieszczanie \u0142adunk\u00f3w o masie do 500 kg. <\/b><span style=\"font-weight: 400\">Dzi\u0119ki swobodnemu obrotowi o 360\u00b0 lub blokadzie co 30\u00b0 mo\u017cliwe jest pozycjonowanie \u0142adunk\u00f3w z maksymaln\u0105 precyzj\u0105. Pier\u015bcie\u0144 obrotowy wyposa\u017cony w \u0142o\u017cyska gwarantuje p\u0142ynne i niewymagaj\u0105ce wysi\u0142ku ruchy. Obr\u00f3t ramienia u\u0142atwiaj\u0105 dwa ergonomiczne uchwyty umieszczone na bala\u015bcie.<\/span><\/p>\n<p><b>Po\u0142o\u017cenie d\u017awigni steruj\u0105cej zosta\u0142o zaprojektowane tak, aby zapewni\u0107 operatorowi maksymaln\u0105 widoczno\u015b\u0107 i bezpieczn\u0105 kontrol\u0119 nad \u0142adunkiem w ka\u017cdej fazie pracy.<\/b><\/p>\n<p><span style=\"font-weight: 400\">Model 01B5L to kompaktowy i wydajny \u017curaw, charakteryzuj\u0105cy si\u0119 przednim rozstawem wynosz\u0105cym zaledwie 980 mm, najmniejszy na rynku. System ruchu sk\u0142adaj\u0105cy si\u0119 z 2 obrotowych k\u00f3\u0142 o du\u017cej wytrzyma\u0142o\u015bci ze wspornikami zderzak\u00f3w i hamulcami postojowymi oraz 2 sta\u0142ych k\u00f3\u0142 przednich z \u0142o\u017cyskami zapewnia wyj\u0105tkow\u0105 zwrotno\u015b\u0107. Malowana stalowa rama, zintegrowane wsporniki w\u00f3zka wid\u0142owego, obrotowy hak z blokad\u0105 bezpiecze\u0144stwa i zdejmowany uchwyt do pchania sprawiaj\u0105, \u017ce ten \u017curaw jest wszechstronnym i niezawodnym rozwi\u0105zaniem na ka\u017cd\u0105 potrzeb\u0119.<\/span><\/p>\n<p><span style=\"font-weight: 400\">Rami\u0119 podnosi si\u0119 i opuszcza za pomoc\u0105 ergonomicznej d\u017awigni, kt\u00f3ra umo\u017cliwia precyzyjn\u0105 i stopniow\u0105 regulacj\u0119 pr\u0119dko\u015bci. Uk\u0142ad hydrauliczny wyposa\u017cony w zaw\u00f3r bezpiecze\u0144stwa i zaw\u00f3r przeci\u0105\u017ceniowy gwarantuje maksymaln\u0105 ochron\u0119 w ka\u017cdych warunkach pracy. Rami\u0119 rozk\u0142adane w czterech pozycjach i dodatkowo rozszerzane dzi\u0119ki przed\u0142u\u017ckom mechanicznym oferuje <\/span><b>maksymalny wysi\u0119g wynosz\u0105cy 2050 mm<\/b><span style=\"font-weight: 400\">, zapewniaj\u0105c elastyczno\u015b\u0107 i precyzj\u0119 w ka\u017cdej operacji.<\/span><\/p>\n<p><span style=\"font-weight: 400\">Zewn\u0119trzna \u0142adowarka akumulator\u00f3w.\u00a0<\/span>Zasilany bezobs\u0142ugowym akumulatorem AGM, ten d\u017awig mo\u017ce by\u0107 r\u00f3wnie\u017c wyposa\u017cony w akumulator litowy.<\/p>\n<p><b>Wielofunkcyjny wy\u015bwietlacz wskazuj\u0105cy poziom na\u0142adowania, napi\u0119cie akumulatora i licznik godzin pracy.<\/b><\/p>\n","protected":false},"excerpt":{"rendered":"<p><span data-sheets-root=\"1\">UD\u0179WIG<\/span> 500 KG<\/p>\n","protected":false},"featured_media":315013,"template":"","meta":{"_acf_changed":false,"_et_pb_use_builder":"","_et_pb_old_content":"","_et_gb_content_width":""},"product_brand":[],"product_cat":[330],"product_tag":[],"class_list":{"0":"post-295991","1":"product","2":"type-product","3":"status-publish","4":"has-post-thumbnail","6":"product_cat-zurawie-trakcja-reczna-z-ramieniem-obrotowym-360","7":"pa_portata-max-kg-500-pl","9":"first","10":"instock","11":"shipping-taxable","12":"product-type-simple"},"acf":[],"gallery_images":[315013,315033,315023,315003,314993,314983],"_links":{"self":[{"href":"https:\/\/liftingfx.girafdev.com\/pl\/wp-json\/wp\/v2\/product\/295991","targetHints":{"allow":["GET"]}}],"collection":[{"href":"https:\/\/liftingfx.girafdev.com\/pl\/wp-json\/wp\/v2\/product"}],"about":[{"href":"https:\/\/liftingfx.girafdev.com\/pl\/wp-json\/wp\/v2\/types\/product"}],"wp:featuredmedia":[{"embeddable":true,"href":"https:\/\/liftingfx.girafdev.com\/pl\/wp-json\/wp\/v2\/media\/315013"}],"wp:attachment":[{"href":"https:\/\/liftingfx.girafdev.com\/pl\/wp-json\/wp\/v2\/media?parent=295991"}],"wp:term":[{"taxonomy":"product_brand","embeddable":true,"href":"https:\/\/liftingfx.girafdev.com\/pl\/wp-json\/wp\/v2\/product_brand?post=295991"},{"taxonomy":"product_cat","embeddable":true,"href":"https:\/\/liftingfx.girafdev.com\/pl\/wp-json\/wp\/v2\/product_cat?post=295991"},{"taxonomy":"product_tag","embeddable":true,"href":"https:\/\/liftingfx.girafdev.com\/pl\/wp-json\/wp\/v2\/product_tag?post=295991"}],"curies":[{"name":"wp","href":"https:\/\/api.w.org\/{rel}","templated":true}]}}