{"id":295842,"date":"2024-11-21T06:20:30","date_gmt":"2024-11-21T05:20:30","guid":{"rendered":"https:\/\/flexlifting.girafdev.com\/prodotto\/o1b2ser_400\/"},"modified":"2025-08-04T09:28:30","modified_gmt":"2025-08-04T07:28:30","slug":"01b2ser_400-200-kg-warsztatowy-obrotowy-dzwig-ze-zdalnym-sterowaniem","status":"publish","type":"product","link":"https:\/\/liftingfx.girafdev.com\/pl\/product\/01b2ser_400-200-kg-warsztatowy-obrotowy-dzwig-ze-zdalnym-sterowaniem\/","title":{"rendered":"01B2SER_400 MINI \u017bURAW OBROTOWY"},"content":{"rendered":"<p><b>\u017buraw z przeciwwag\u0105 01B2SER_400<\/b><span style=\"font-weight: 400\"> zosta\u0142 zaprojektowany tak, aby by\u0142 \u0142atwy w obs\u0142udze i bezpieczny. Balast z ergonomicznymi uchwytami i wieniec obrotowy z \u0142o\u017cyskami zapewniaj\u0105 p\u0142ynny i \u0142atwy obr\u00f3t<\/span><b>. Ud\u017awig 200 kg i obr\u00f3t o 360\u00b0 sprawiaj\u0105<\/b><span style=\"font-weight: 400\">, \u017ce jest to wszechstronny i niezawodny sprz\u0119t do szerokiego zakresu zastosowa\u0144.<\/span><\/p>\n<p><span style=\"font-weight: 400\">Dzi\u0119ki zdalnemu sterowaniu i mo\u017cliwo\u015bci regulacji pr\u0119dko\u015bci za pomoc\u0105 potencjometru mini \u017curaw 01B2SER_400 oferuje milimetrow\u0105 precyzj\u0119 w ruchach podnoszenia, opuszczania i wysuwania ramion.<\/span><\/p>\n<p><b>Mini \u017curaw 01B2SER_400<\/b><span style=\"font-weight: 400\"> jest wyposa\u017cony w rami\u0119 elektryczne o skoku 400 mm i, z opcjonalnym przed\u0142u\u017ceniem mechanicznym, osi\u0105ga <\/span><b>maksymaln\u0105 d\u0142ugo\u015b\u0107 1312 mm<\/b><span style=\"font-weight: 400\">.<\/span><\/p>\n<p><span style=\"font-weight: 400\">\u017buraw jest wyposa\u017cony w cztery nylonowe ko\u0142a. Taka konfiguracja zapewnia wyj\u0105tkow\u0105 stabilno\u015b\u0107 i precyzyjn\u0105 zwrotno\u015b\u0107 nawet w warunkach du\u017cego obci\u0105\u017cenia. Rama wykonana jest ze stali malowanej dla wi\u0119kszej odporno\u015bci na korozj\u0119 i jest wyposa\u017cona w specjalne wsporniki do podnoszenia w\u00f3zka wid\u0142owego, umo\u017cliwiaj\u0105ce \u0142atwe przemieszczanie \u017curawia w ka\u017cdym \u015brodowisku pracy.<\/span><\/p>\n<p><b>Uk\u0142ad hydrauliczny wyposa\u017cony jest w zaw\u00f3r blokuj\u0105cy, kt\u00f3ry zapobiega opadni\u0119ciu \u0142adunku w przypadku przypadkowego p\u0119kni\u0119cia rury oraz zaw\u00f3r ci\u015bnieniowy, kt\u00f3ry zapobiega przeci\u0105\u017ceniu \u017curawia.<\/b><\/p>\n<p>Zasilany bezobs\u0142ugowym akumulatorem AGM, ten d\u017awig mo\u017ce by\u0107 r\u00f3wnie\u017c wyposa\u017cony w akumulator litowy.\u00a0<span style=\"font-weight: 400\">Zewn\u0119trzna \u0142adowarka akumulator\u00f3w. <\/span><\/p>\n<p><span style=\"font-weight: 400\">Hak obrotowy z blokad\u0105 zabezpieczaj\u0105c\u0105. Solidny uchwyt do pchania, kt\u00f3ry mo\u017cna zdemontowa\u0107.<\/span><\/p>\n<p><b>Wielofunkcyjny wy\u015bwietlacz wskazuj\u0105cy poziom na\u0142adowania, napi\u0119cie akumulatora i licznik godzin pracy.<\/b><\/p>\n<p><span style=\"font-weight: 400\">Model 01B2SER_400 to najpopularniejszy model do przenoszenia \u0142adunk\u00f3w z pod\u0142o\u017ca na maszynach 3D, tokarkach, na zabezpieczeniach obwodowych, w\u0105skich szczelinach itp., a dzi\u0119ki obrotowi o 360\u00b0 we wszystkich zastosowaniach, w kt\u00f3rych nie ma miejsca na przesuwanie \u0142adowa\u0107 za pomoc\u0105 w\u00f3zka wid\u0142owego lub innego du\u017cego sprz\u0119tu d\u017awigowego.<\/span><\/p>\n","protected":false},"excerpt":{"rendered":"<p>UD\u0179WIG 200 KG<\/p>\n","protected":false},"featured_media":295822,"template":"","meta":{"_acf_changed":false,"_et_pb_use_builder":"","_et_pb_old_content":"<b>\u017buraw z przeciwwag\u0105 01B2SER_400<\/b><span style=\"font-weight: 400;\"> zosta\u0142 zaprojektowany tak, aby by\u0142 \u0142atwy w obs\u0142udze i bezpieczny. Balast z ergonomicznymi uchwytami i wieniec obrotowy z \u0142o\u017cyskami zapewniaj\u0105 p\u0142ynny i \u0142atwy obr\u00f3t<\/span><b>. Ud\u017awig 200 kg i obr\u00f3t o 360\u00b0 sprawiaj\u0105<\/b><span style=\"font-weight: 400;\">, \u017ce jest to wszechstronny i niezawodny sprz\u0119t do szerokiego zakresu zastosowa\u0144.<\/span>\r\n\r\n<span style=\"font-weight: 400;\">Dzi\u0119ki zdalnemu sterowaniu i mo\u017cliwo\u015bci regulacji pr\u0119dko\u015bci za pomoc\u0105 potencjometru mini \u017curaw 01B2SER_400 oferuje milimetrow\u0105 precyzj\u0119 w ruchach podnoszenia, opuszczania i wysuwania ramion.<\/span>\r\n\r\n<b>Mini \u017curaw 01B2SER_400<\/b><span style=\"font-weight: 400;\"> jest wyposa\u017cony w rami\u0119 elektryczne o skoku 400 mm i, z opcjonalnym przed\u0142u\u017ceniem mechanicznym, osi\u0105ga <\/span><b>maksymaln\u0105 d\u0142ugo\u015b\u0107 1312 mm<\/b><span style=\"font-weight: 400;\">.<\/span>\r\n\r\n<span style=\"font-weight: 400;\">\u017buraw jest wyposa\u017cony w cztery nylonowe ko\u0142a. Taka konfiguracja zapewnia wyj\u0105tkow\u0105 stabilno\u015b\u0107 i precyzyjn\u0105 zwrotno\u015b\u0107 nawet w warunkach du\u017cego obci\u0105\u017cenia. Rama wykonana jest ze stali malowanej dla wi\u0119kszej odporno\u015bci na korozj\u0119 i jest wyposa\u017cona w specjalne wsporniki do podnoszenia w\u00f3zka wid\u0142owego, umo\u017cliwiaj\u0105ce \u0142atwe przemieszczanie \u017curawia w ka\u017cdym \u015brodowisku pracy.<\/span>\r\n\r\n<b>Uk\u0142ad hydrauliczny wyposa\u017cony jest w zaw\u00f3r blokuj\u0105cy, kt\u00f3ry zapobiega opadni\u0119ciu \u0142adunku w przypadku przypadkowego p\u0119kni\u0119cia rury oraz zaw\u00f3r ci\u015bnieniowy, kt\u00f3ry zapobiega przeci\u0105\u017ceniu \u017curawia.<\/b>\r\n\r\n<span style=\"font-weight: 400;\">Zasilany akumulatorem kwasowo-o\u0142owiowym, \u017curaw ten mo\u017ce by\u0107 r\u00f3wnie\u017c wyposa\u017cony w szczelny akumulator AGM lub akumulator litowy. Zewn\u0119trzna \u0142adowarka akumulator\u00f3w. Hak obrotowy z blokad\u0105 zabezpieczaj\u0105c\u0105. Solidny uchwyt do pchania, kt\u00f3ry mo\u017cna zdemontowa\u0107.<\/span>\r\n\r\n<b>Wielofunkcyjny wy\u015bwietlacz wskazuj\u0105cy poziom na\u0142adowania, napi\u0119cie akumulatora i licznik godzin pracy.<\/b>\r\n\r\n<span style=\"font-weight: 400;\">Model 01B2SER_400 to najpopularniejszy model do przenoszenia \u0142adunk\u00f3w z pod\u0142o\u017ca na maszynach 3D, tokarkach, na zabezpieczeniach obwodowych, w\u0105skich szczelinach itp., a dzi\u0119ki obrotowi o 360\u00b0 we wszystkich zastosowaniach, w kt\u00f3rych nie ma miejsca na przesuwanie \u0142adowa\u0107 za pomoc\u0105 w\u00f3zka wid\u0142owego lub innego du\u017cego sprz\u0119tu d\u017awigowego.<\/span>","_et_gb_content_width":""},"product_brand":[],"product_cat":[328],"product_tag":[],"class_list":{"0":"post-295842","1":"product","2":"type-product","3":"status-publish","4":"has-post-thumbnail","6":"product_cat-zurawie-trakcja-elektryczna-wysiegnik-podwojny-i-wysiegnik-potrojny","7":"pa_portata-max-kg-200-pl","9":"first","10":"instock","11":"shipping-taxable","12":"product-type-simple"},"acf":[],"gallery_images":[295816,295796,295786,295766,295776,295806],"_links":{"self":[{"href":"https:\/\/liftingfx.girafdev.com\/pl\/wp-json\/wp\/v2\/product\/295842","targetHints":{"allow":["GET"]}}],"collection":[{"href":"https:\/\/liftingfx.girafdev.com\/pl\/wp-json\/wp\/v2\/product"}],"about":[{"href":"https:\/\/liftingfx.girafdev.com\/pl\/wp-json\/wp\/v2\/types\/product"}],"wp:featuredmedia":[{"embeddable":true,"href":"https:\/\/liftingfx.girafdev.com\/pl\/wp-json\/wp\/v2\/media\/295822"}],"wp:attachment":[{"href":"https:\/\/liftingfx.girafdev.com\/pl\/wp-json\/wp\/v2\/media?parent=295842"}],"wp:term":[{"taxonomy":"product_brand","embeddable":true,"href":"https:\/\/liftingfx.girafdev.com\/pl\/wp-json\/wp\/v2\/product_brand?post=295842"},{"taxonomy":"product_cat","embeddable":true,"href":"https:\/\/liftingfx.girafdev.com\/pl\/wp-json\/wp\/v2\/product_cat?post=295842"},{"taxonomy":"product_tag","embeddable":true,"href":"https:\/\/liftingfx.girafdev.com\/pl\/wp-json\/wp\/v2\/product_tag?post=295842"}],"curies":[{"name":"wp","href":"https:\/\/api.w.org\/{rel}","templated":true}]}}