{"id":16543,"date":"2023-12-15T09:04:10","date_gmt":"2023-12-15T08:04:10","guid":{"rendered":"https:\/\/liftingfx.girafdev.com?post_type=product&#038;p=16543"},"modified":"2025-06-27T18:23:15","modified_gmt":"2025-06-27T16:23:15","slug":"atlas1te3r-mobilny-w-pelni-elektryczny-zuraw-wysiegnik-podwojny-nosnosc-1000-kg","status":"publish","type":"product","link":"https:\/\/liftingfx.girafdev.com\/pl\/product\/atlas1te3r-mobilny-w-pelni-elektryczny-zuraw-wysiegnik-podwojny-nosnosc-1000-kg\/","title":{"rendered":"ATLAS 1TE3R  \u017bURAW PRZEMYS\u0141OWY Z PRZECIWWAG\u0104"},"content":{"rendered":"<p><span style=\"font-weight: 400;\">Model ATLAS 1TE3R to <\/span><b>w pe\u0142ni elektryczny \u017curaw z nap\u0119dem silnikowym<\/b><span style=\"font-weight: 400;\"> o maksymalnym ud\u017awigu 1000 kg.<\/span><\/p>\n<p><span style=\"font-weight: 400;\">\u017buraw elektryczny ATLAS 1TE3R wyposa\u017cony jest w potr\u00f3jne rami\u0119 teleskopowe, kt\u00f3re osi\u0105ga swobodny wysi\u0119g ponad 3 metry.<\/span><\/p>\n<p><span style=\"font-weight: 400;\">Jedn\u0105 z podstawowych cech tego <\/span><b>\u017curawia Pick &amp; Carry<\/b><span style=\"font-weight: 400;\"> jest jego w\u0142asny nap\u0119d, poniewa\u017c mo\u017ce on porusza\u0107 si\u0119 wraz z wisz\u0105cym \u0142adunkiem, poniewa\u017c nie ma stabilizator\u00f3w.<\/span><\/p>\n<p><span style=\"font-weight: 400;\">ATLAS 1TE3R to \u017curaw zmotoryzowany o najmniejszych wymiarach w swojej kategorii (tylko 800 mm szeroko\u015bci), kt\u00f3ry dzi\u0119ki swojej wyj\u0105tkowej zwrotno\u015bci zapewnia maksymaln\u0105 elastyczno\u015b\u0107 pracy w ka\u017cdych warunkach, nawet w ograniczonych przestrzeniach. Wyj\u0105tkowy k\u0105t skr\u0119tu i mo\u017cliwo\u015b\u0107 obrotu wok\u00f3\u0142 siebie sprawiaj\u0105, \u017ce idealnie nadaje si\u0119 do pracy w z\u0142o\u017conych \u015brodowiskach i ograniczonych przestrzeniach.<\/span><\/p>\n<p><span style=\"font-weight: 400;\">Wyposa\u017cenie standardowe: szczelne i bezobs\u0142ugowe akumulatory AGM, zewn\u0119trzna \u0142adowarka akumulator\u00f3w, kolumna \u015bwietlna LED sygnalizuj\u0105ca prawid\u0142ow\u0105 prac\u0119 \u017curawia i ostrzegaj\u0105ca w przypadku przeci\u0105\u017cenia, wy\u0142\u0105cznik awaryjny. <\/span><b>\u017buraw ATLAS 1TE3R<\/b><span style=\"font-weight: 400;\"> wyposa\u017cony jest tak\u017ce w wielofunkcyjny wy\u015bwietlacz pokazuj\u0105cy poziom na\u0142adowania, napi\u0119cie akumulatora oraz godziny pracy.<\/span><\/p>\n<p><span style=\"font-weight: 400;\">Podnoszenie, opuszczanie, wysuwanie i wsuwanie wysi\u0119gnika jest sterowane elektrycznie. Wszystkie ruchy s\u0105 regulowane przez operatora za pomoc\u0105 pilota. <\/span><b>Pilot wyposa\u017cony jest w potencjometr, kt\u00f3ry pozwala kontrolowa\u0107 pr\u0119dko\u015b\u0107 i proporcjonalno\u015b\u0107 ruch\u00f3w ramienia \u017curawia.<\/b><\/p>\n<p><b>Funkcje bezpiecze\u0144stwa:<\/b><\/p>\n<p><b>Dynamiczny ogranicznik obci\u0105\u017cenia<\/b><span style=\"font-weight: 400;\">, kt\u00f3ry zapobiega przeci\u0105\u017ceniom i potencjalnym wypadkom. Stale monitoruje podnoszony lub przesuwany \u0142adunek i automatycznie ogranicza operacj\u0119, je\u015bli \u0142adunek przekroczy ustawiony limit bezpiecze\u0144stwa.<\/span><\/p>\n<p><span style=\"font-weight: 400;\">Zaw\u00f3r blokuj\u0105cy uruchamia si\u0119 automatycznie w przypadku p\u0119kni\u0119cia w\u0119\u017ca hydraulicznego, zapobiegaj\u0105c niekontrolowanemu upadkowi \u0142adunku.<\/span><\/p>\n<p><span style=\"font-weight: 400;\">Sternik wyposa\u017cony jest w selektor pr\u0119dko\u015bci, kt\u00f3ry pozwala dostosowa\u0107 pr\u0119dko\u015b\u0107 pojazdu do r\u00f3\u017cnych potrzeb eksploatacyjnych. Dost\u0119pne s\u0105 dwie pozycje:<\/span><\/p>\n<ul>\n<li><span style=\"font-weight: 400;\"> Tryb wolny: ogranicza maksymaln\u0105 pr\u0119dko\u015b\u0107 do 1,5 km\/h, idealny do precyzyjnych manewr\u00f3w w ograniczonych przestrzeniach i delikatnego przenoszenia \u0142adunk\u00f3w.<\/span><\/li>\n<li><span style=\"font-weight: 400;\"> Pr\u0119dko\u015b\u0107 standardowa: pozwala na maksymaln\u0105 pr\u0119dko\u015b\u0107 3 km\/h, odpowiedni\u0105 do pokonywania d\u0142ugich dystans\u00f3w w standardowych warunkach<\/span><\/li>\n<\/ul>\n<p><span style=\"font-weight: 400;\">ATLAS 1TE3R mo\u017cna wyposa\u017cy\u0107 w wszelkiego rodzaju osprz\u0119t podnosz\u0105cy do konkretnych zastosowa\u0144: przyssawki podnosz\u0105ce, belki podnosz\u0105ce, zaciski, przechy\u0142y, magnesy trwa\u0142e itp.<\/span><\/p>\n","protected":false},"excerpt":{"rendered":"<p>ZE STEROWANIEM D\u0179WIGNIOWYMI<\/p>\n<p>UD\u0179WIG 1000 KG<\/p>\n","protected":false},"featured_media":16504,"template":"","meta":{"_acf_changed":false,"_et_pb_use_builder":"","_et_pb_old_content":"","_et_gb_content_width":""},"product_brand":[],"product_cat":[328],"product_tag":[],"class_list":{"0":"post-16543","1":"product","2":"type-product","3":"status-publish","4":"has-post-thumbnail","6":"product_cat-zurawie-trakcja-elektryczna-wysiegnik-podwojny-i-wysiegnik-potrojny","7":"pa_portata-max-kg-1000-pl","9":"first","10":"instock","11":"shipping-taxable","12":"product-type-simple"},"acf":[],"gallery_images":[283522,283512,283562,283552,283532,283542,283572],"_links":{"self":[{"href":"https:\/\/liftingfx.girafdev.com\/pl\/wp-json\/wp\/v2\/product\/16543","targetHints":{"allow":["GET"]}}],"collection":[{"href":"https:\/\/liftingfx.girafdev.com\/pl\/wp-json\/wp\/v2\/product"}],"about":[{"href":"https:\/\/liftingfx.girafdev.com\/pl\/wp-json\/wp\/v2\/types\/product"}],"wp:featuredmedia":[{"embeddable":true,"href":"https:\/\/liftingfx.girafdev.com\/pl\/wp-json\/wp\/v2\/media\/16504"}],"wp:attachment":[{"href":"https:\/\/liftingfx.girafdev.com\/pl\/wp-json\/wp\/v2\/media?parent=16543"}],"wp:term":[{"taxonomy":"product_brand","embeddable":true,"href":"https:\/\/liftingfx.girafdev.com\/pl\/wp-json\/wp\/v2\/product_brand?post=16543"},{"taxonomy":"product_cat","embeddable":true,"href":"https:\/\/liftingfx.girafdev.com\/pl\/wp-json\/wp\/v2\/product_cat?post=16543"},{"taxonomy":"product_tag","embeddable":true,"href":"https:\/\/liftingfx.girafdev.com\/pl\/wp-json\/wp\/v2\/product_tag?post=16543"}],"curies":[{"name":"wp","href":"https:\/\/api.w.org\/{rel}","templated":true}]}}