{"id":16533,"date":"2023-12-15T08:55:02","date_gmt":"2023-12-15T07:55:02","guid":{"rendered":"https:\/\/liftingfx.girafdev.com?post_type=product&#038;p=16533"},"modified":"2025-06-27T18:05:19","modified_gmt":"2025-06-27T16:05:19","slug":"orbit500er-zuraw-z-ramieniem-obrotowym-w-pelni-elektryczne-nosnosc-500-kg","status":"publish","type":"product","link":"https:\/\/liftingfx.girafdev.com\/pl\/product\/orbit500er-zuraw-z-ramieniem-obrotowym-w-pelni-elektryczne-nosnosc-500-kg\/","title":{"rendered":"ORBIT 500ER \u017bURAW WYSI\u0118GNIKOWY ELEKTRYCZNY"},"content":{"rendered":"<p><b>\u017buraw ORBIT 500ER to w pe\u0142ni elektryczny \u017curaw obrotowy, kt\u00f3ry umo\u017cliwia podnoszenie \u0142adunk\u00f3w o masie do 500 kg.<\/b><\/p>\n<p><span style=\"font-weight: 400;\">Ten mobilny sprz\u0119t podnosz\u0105cy jest standardowo wyposa\u017cony w podw\u00f3jne elektryczne wysi\u0119gnik, kt\u00f3ry umo\u017cliwia osi\u0105gni\u0119cie wysi\u0119gu wynosz\u0105cego 2410 mm oraz w ko\u0142o z silnikiem steruj\u0105cym, kt\u00f3re zapewnia optymaln\u0105 zwrotno\u015b\u0107 nawet w \u015brodowiskach pracy o ograniczonej przestrzeni.<\/span><\/p>\n<p><b>Pilot zdalnego sterowania wyposa\u017cony w potencjometr umo\u017cliwia operatorowi sterowanie wszystkimi ruchami ramienia teleskopowego z niezwyk\u0142\u0105 precyzj\u0105 i p\u0142ynno\u015bci\u0105, od podnoszenia do wysuwania. Zmotoryzowany obr\u00f3t uzupe\u0142nia wszechstronno\u015b\u0107 tego \u017curawia, dzi\u0119ki czemu idealnie nadaje si\u0119 do operacji podnoszenia w ograniczonych przestrzeniach.<\/b><\/p>\n<p><b>\u017buraw zmotoryzowany ORBIT 500ER<\/b><span style=\"font-weight: 400;\"> to wszechstronne rozwi\u0105zanie podnosz\u0105ce, kt\u00f3re dzi\u0119ki obrotowi o 210 \u00b0 i ramieniu teleskopowemu upraszcza i optymalizuje wszystkie operacje za\u0142adunku i roz\u0142adunku form, oprzyrz\u0105dowanie centr\u00f3w obr\u00f3bczych CNC, pozycjonowanie blachy na maszynach do ci\u0119cia plazmowego , konserwacja i monta\u017c podzespo\u0142\u00f3w na r\u00f3\u017cnego typu maszynach.<\/span><\/p>\n<p><b>\u017buraw elektrohydrauliczny Orbit 500ER<\/b><span style=\"font-weight: 400;\"> to idealne rozwi\u0105zanie dla tych, kt\u00f3rzy potrzebuj\u0105 maksymalnej manewrowo\u015bci w ograniczonych przestrzeniach. Jego ograniczona szeroko\u015b\u0107 990 mm oraz obr\u00f3t uk\u0142adu ramienia-balastu bez dodatkowej masy czyni\u0105 go wyj\u0105tkowym w swoim rodzaju.<\/span><\/p>\n<p><span style=\"font-weight: 400;\">Wyposa\u017cenie standardowe: szczelne i bezobs\u0142ugowe akumulatory AGM, zewn\u0119trzna \u0142adowarka akumulator\u00f3w, wska\u017anik \u015bwietlny LED informuj\u0105cy o prawid\u0142owej pracy i sygnalizuj\u0105cy ewentualne przeci\u0105\u017cenia, przycisk zatrzymania awaryjnego. \u017buraw ORBIT 500ER wyposa\u017cony jest tak\u017ce w wielofunkcyjny wy\u015bwietlacz, kt\u00f3ry pokazuje poziom na\u0142adowania, napi\u0119cie akumulatora oraz godziny pracy.<\/span><\/p>\n<p><b>Funkcje bezpiecze\u0144stwa:<\/b><\/p>\n<p><b>Dynamiczny ogranicznik obci\u0105\u017cenia<\/b><span style=\"font-weight: 400;\">, kt\u00f3ry zapobiega przeci\u0105\u017ceniom i potencjalnym wypadkom. Stale monitoruje podnoszony lub przenoszony \u0142adunek i automatycznie ogranicza operacj\u0119, je\u015bli \u0142adunek przekroczy ustalony limit bezpiecze\u0144stwa.<\/span><\/p>\n<p><b>Zaw\u00f3r blokuj\u0105cy<\/b><span style=\"font-weight: 400;\"> uruchamia si\u0119 automatycznie w przypadku p\u0119kni\u0119cia przewod\u00f3w uk\u0142adu hydraulicznego, zapobiegaj\u0105c niekontrolowanemu opadni\u0119ciu \u0142adunku.<\/span><\/p>\n<p><span style=\"font-weight: 400;\">Na sterze znajduje si\u0119 selektor pr\u0119dko\u015bci, kt\u00f3ry pozwala dostosowa\u0107 pr\u0119dko\u015b\u0107 pojazdu do r\u00f3\u017cnych potrzeb operacyjnych.<\/span><\/p>\n<ul>\n<li><span style=\"font-weight: 400;\"> Tryb wolny: ogranicza maksymaln\u0105 pr\u0119dko\u015b\u0107 do 1,5 km\/h, idealny do precyzyjnych manewr\u00f3w w ciasnych przestrzeniach i delikatnego przenoszenia \u0142adunk\u00f3w.<\/span><\/li>\n<li><span style=\"font-weight: 400;\"> Pr\u0119dko\u015b\u0107 standardowa: pozwala na maksymaln\u0105 pr\u0119dko\u015b\u0107 3 km\/h, odpowiedni\u0105 do pokonywania d\u0142ugich dystans\u00f3w w standardowych warunkach<\/span><\/li>\n<\/ul>\n","protected":false},"excerpt":{"rendered":"<p>ZE STEROWANIEM RADIOWYM<\/p>\n<p><span data-sheets-root=\"1\">UD\u0179WIG <\/span>500 kg<\/p>\n","protected":false},"featured_media":308708,"template":"","meta":{"_acf_changed":false,"_et_pb_use_builder":"","_et_pb_old_content":"","_et_gb_content_width":""},"product_brand":[],"product_cat":[328],"product_tag":[],"class_list":{"0":"post-16533","1":"product","2":"type-product","3":"status-publish","4":"has-post-thumbnail","6":"product_cat-zurawie-trakcja-elektryczna-wysiegnik-podwojny-i-wysiegnik-potrojny","7":"pa_portata-max-kg-500-pl","9":"first","10":"instock","11":"shipping-taxable","12":"product-type-simple"},"acf":[],"gallery_images":[308692,308702,308712,308682,308672,308662,308652],"_links":{"self":[{"href":"https:\/\/liftingfx.girafdev.com\/pl\/wp-json\/wp\/v2\/product\/16533","targetHints":{"allow":["GET"]}}],"collection":[{"href":"https:\/\/liftingfx.girafdev.com\/pl\/wp-json\/wp\/v2\/product"}],"about":[{"href":"https:\/\/liftingfx.girafdev.com\/pl\/wp-json\/wp\/v2\/types\/product"}],"wp:featuredmedia":[{"embeddable":true,"href":"https:\/\/liftingfx.girafdev.com\/pl\/wp-json\/wp\/v2\/media\/308708"}],"wp:attachment":[{"href":"https:\/\/liftingfx.girafdev.com\/pl\/wp-json\/wp\/v2\/media?parent=16533"}],"wp:term":[{"taxonomy":"product_brand","embeddable":true,"href":"https:\/\/liftingfx.girafdev.com\/pl\/wp-json\/wp\/v2\/product_brand?post=16533"},{"taxonomy":"product_cat","embeddable":true,"href":"https:\/\/liftingfx.girafdev.com\/pl\/wp-json\/wp\/v2\/product_cat?post=16533"},{"taxonomy":"product_tag","embeddable":true,"href":"https:\/\/liftingfx.girafdev.com\/pl\/wp-json\/wp\/v2\/product_tag?post=16533"}],"curies":[{"name":"wp","href":"https:\/\/api.w.org\/{rel}","templated":true}]}}