{"id":16471,"date":"2023-12-14T17:18:29","date_gmt":"2023-12-14T16:18:29","guid":{"rendered":"https:\/\/liftingfx.girafdev.com?post_type=product&#038;p=16471"},"modified":"2025-06-27T17:28:03","modified_gmt":"2025-06-27T15:28:03","slug":"orbit200er-mobilny-w-pelni-elektryczny-zuraw-nosnosc-200-kg","status":"publish","type":"product","link":"https:\/\/liftingfx.girafdev.com\/pl\/product\/orbit200er-mobilny-w-pelni-elektryczny-zuraw-nosnosc-200-kg\/","title":{"rendered":"ORBIT 200ER SYSTEM PODNOSZENIA ELEKTRYCZNEGO"},"content":{"rendered":"<p><b>\u017buraw ORBIT 200ER to w pe\u0142ni elektryczny \u017curaw obrotowy, kt\u00f3ry umo\u017cliwia podnoszenie \u0142adunk\u00f3w o masie do 200 kg.<\/b><\/p>\n<p><span style=\"font-weight: 400;\">Ten mobilny sprz\u0119t podnosz\u0105cy jest standardowo wyposa\u017cony w podw\u00f3jne elektryczne wysi\u0119gnik, kt\u00f3ry umo\u017cliwia osi\u0105gni\u0119cie wysi\u0119gu wynosz\u0105cego 2000 mm oraz w ko\u0142o z silnikiem steruj\u0105cym, kt\u00f3re zapewnia optymaln\u0105 zwrotno\u015b\u0107 nawet w \u015brodowiskach pracy o ograniczonej przestrzeni.<\/span><\/p>\n<p><b>Pilot zdalnego sterowania wyposa\u017cony w potencjometr umo\u017cliwia operatorowi sterowanie wszystkimi ruchami ramienia teleskopowego z niezwyk\u0142\u0105 precyzj\u0105 i p\u0142ynno\u015bci\u0105, od podnoszenia do wysuwania. Elektryczny obr\u00f3t uzupe\u0142nia wszechstronno\u015b\u0107 tego \u017curawia, dzi\u0119ki czemu idealnie nadaje si\u0119 do podnoszenia w ograniczonych przestrzeniach.<\/b><\/p>\n<p><b>\u017buraw zmotoryzowany ORBIT 200ER<\/b><span style=\"font-weight: 400;\"> to wszechstronne rozwi\u0105zanie podnosz\u0105ce, kt\u00f3re dzi\u0119ki obrotowi o 210 \u00b0 i ramieniu teleskopowemu upraszcza i optymalizuje wszystkie operacje za\u0142adunku i roz\u0142adunku form, oprzyrz\u0105dowanie centr\u00f3w obr\u00f3bczych CNC, pozycjonowanie blachy na maszynach do ci\u0119cia plazmowego , konserwacja i monta\u017c podzespo\u0142\u00f3w na r\u00f3\u017cnego typu maszynach.<\/span><\/p>\n<p><b>\u017buraw elektrohydrauliczny Orbit 200ER<\/b><span style=\"font-weight: 400;\"> to idealne rozwi\u0105zanie dla tych, kt\u00f3rzy potrzebuj\u0105 maksymalnej manewrowo\u015bci w ograniczonych przestrzeniach. Jego ograniczona szeroko\u015b\u0107 800 mm oraz obr\u00f3t uk\u0142adu ramienia-balastu bez dodatkowej masy czyni\u0105 go wyj\u0105tkowym w swoim rodzaju.<\/span><\/p>\n<p><b>\u017buraw elektrohydrauliczny ORBIT 200ER<\/b><span style=\"font-weight: 400;\"> jest wyposa\u017cony w sterowanie d\u017awigniowe umo\u017cliwiaj\u0105ce aktywacj\u0119 nast\u0119puj\u0105cych funkcji z regulowan\u0105 i proporcjonaln\u0105 pr\u0119dko\u015bci\u0105: podnoszenie, opuszczanie, wysuwanie, cofanie i obr\u00f3t ramienia.<\/span><\/p>\n<p><span style=\"font-weight: 400;\">Wyposa\u017cenie standardowe: szczelne i bezobs\u0142ugowe akumulatory AGM, zewn\u0119trzna \u0142adowarka akumulator\u00f3w, wska\u017anik \u015bwietlny LED informuj\u0105cy o prawid\u0142owej pracy i sygnalizuj\u0105cy ewentualne przeci\u0105\u017cenia, przycisk zatrzymania awaryjnego. \u017buraw ORBIT 200ER wyposa\u017cony jest tak\u017ce w wielofunkcyjny wy\u015bwietlacz, kt\u00f3ry pokazuje poziom na\u0142adowania, napi\u0119cie akumulatora oraz godziny pracy.<\/span><\/p>\n<p><b>Funkcje bezpiecze\u0144stwa:<\/b><\/p>\n<p><b>Dynamiczny ogranicznik obci\u0105\u017cenia<\/b><span style=\"font-weight: 400;\">, kt\u00f3ry zapobiega przeci\u0105\u017ceniom i potencjalnym wypadkom. Stale monitoruje podnoszony lub przenoszony \u0142adunek i automatycznie ogranicza operacj\u0119, je\u015bli \u0142adunek przekroczy ustalony limit bezpiecze\u0144stwa.<\/span><\/p>\n<p><b>Zaw\u00f3r blokuj\u0105cy<\/b><span style=\"font-weight: 400;\"> uruchamia si\u0119 automatycznie w przypadku p\u0119kni\u0119cia przewod\u00f3w uk\u0142adu hydraulicznego, zapobiegaj\u0105c niekontrolowanemu opadni\u0119ciu \u0142adunku.<\/span><\/p>\n<p><span style=\"font-weight: 400;\">Na sterze znajduje si\u0119 selektor pr\u0119dko\u015bci, kt\u00f3ry pozwala dostosowa\u0107 pr\u0119dko\u015b\u0107 pojazdu do r\u00f3\u017cnych potrzeb operacyjnych.<\/span><\/p>\n<ul>\n<li><span style=\"font-weight: 400;\"> Tryb wolny: ogranicza maksymaln\u0105 pr\u0119dko\u015b\u0107 do 1,5 km\/h, idealny do precyzyjnych manewr\u00f3w w ciasnych przestrzeniach i delikatnego przenoszenia \u0142adunk\u00f3w.<\/span><\/li>\n<li><span style=\"font-weight: 400;\"> Pr\u0119dko\u015b\u0107 standardowa: pozwala na maksymaln\u0105 pr\u0119dko\u015b\u0107 3 km\/h, odpowiedni\u0105 do pokonywania d\u0142ugich dystans\u00f3w w standardowych warunkach<\/span><\/li>\n<\/ul>\n","protected":false},"excerpt":{"rendered":"<p>ZE STEROWANIEM RADIOWYM<\/p>\n<p><span data-sheets-root=\"1\">UD\u0179WIG <\/span>200 Kg<\/p>\n","protected":false},"featured_media":16652,"template":"","meta":{"_acf_changed":false,"_et_pb_use_builder":"","_et_pb_old_content":"\u017buraw z ramieniem obrotowym w pe\u0142ni elektryczne.\r\n\r\n<strong>Mobilny w pe\u0142ni elektryczny \u017curaw Orbit 200, wysi\u0119gnik podw\u00f3jny, No\u015bno\u015b\u0107 200 kg.<\/strong>\r\n\r\n<strong>Nap\u0119d elektryczny; elektryczne podnoszenie i opuszczanie ramienia; elektryczne wysuwanie i wsuwanie ramienia; elektryczny obr\u00f3t ramienia o 210 \u00b0.<\/strong>\r\n\r\nSeria ORBIT 200E dost\u0119pna jest w 2 wersjach:\r\n\r\nORBIT 200EL elektryczne sterowane za pomoc\u0105 proporcjonalnych d\u017awigni\r\nORBIT 200ER za pomoc\u0105 proporcjonalnego sterowania radiowegoregulowana pr\u0119dko\u015b\u0107\r\n\r\n<strong>D\u0142ugo\u015b\u0107 tylko 1200 mm i szeroko\u015b\u0107 tylko 800mm, wielko\u015b\u0107 europalety.<\/strong>\r\n\r\nSamobie\u017cny \u017curaw z nap\u0119dem akumulatorowym typu Pick&Carry (podnie\u015b i przenie\u015b). Odpowiedni do prac w magazynach oraz wsz\u0119dzie tam, gdzie u\u017cywanie innego rodzaju d\u017awig\u00f3w jest utrudnione ze wzgl\u0119du na ograniczon\u0105 przestrze\u0144.\r\n\r\nWysoko\u015b\u0107 podnoszenia 3700 mm - D\u0142ugo\u015b\u0107 robocza wysi\u0119gnika 2000 mm ( prz\u00f3d i bok ).\r\n\r\nNap\u0119d z prowadzeniem za po\u015brednictwem ergonomicznego dyszla wyposa\u017conego w klakson i przyciski zapobiegaj\u0105ce zgnieceniu - Przycisk Zaj\u0105c\/\u017b\u00f3\u0142w umo\u017cliwiaj\u0105cy jazd\u0119 z 2 pr\u0119dko\u015bciami Zalety: - Przeznaczony do za\u0142adunku przedniego - System ograniczania maksymalnego dozwolonego obci\u0105\u017cenia - Umo\u017cliwia operowanie z zawieszonym \u0142adunkiem - Podno\u015bnik o najmniejszych wymiarach w swojej kategorii - Wyj\u0105tkowy k\u0105t skr\u0119tu, kt\u00f3ry umo\u017cliwia poruszanie si\u0119 lub obracanie si\u0119 w ograniczonej przestrzeni - Mo\u017cliwo\u015b\u0107 transportu za pomoc\u0105 w\u00f3zka wid\u0142owego.\r\n\r\nRama dolna \u017curawika wyposa\u017cona jest w specjalne wsporniki dla w\u00f3zk\u00f3w wid\u0142owych- do bezpiecznego podnoszenia i transportu \u017curawika na d\u0142ugich dystansach. We wszystkich produktach firmy Flex LIfting standardem s\u0105 ograniczniki momentu obci\u0105\u017caj\u0105cego.\r\n\r\nWszystkie \u017curawie firmy Flex Lifting\u00a0 s\u0105 produkowane z wysokiej jako\u015bci materia\u0142\u00f3w i posiadaj\u0105 certyfikat CE zgodnie z najnowszym dyrektywami Unii Europejskiej.\r\n\r\nZurawie Flex Lifting Pick & Carry to nie tylko ogromna funkcjonalno\u015b\u0107, ale r\u00f3wnie\u017c bezpiecze\u0144stwo i ekologiczna praca. Dzi\u0119ki zaawansowanym dodatkom i szeregom funkcji mo\u017cliwa jest nie tylko komfortowa, ale r\u00f3wnie\u017c bezpieczna praca.\r\n\r\n\u017burawie samojezdne Flex Lifting Pick & Carry s\u0105 zasilane ca\u0142kowicie akumulatorowo. Umo\u017cliwia to prac\u0119 bez emisji. Ha\u0142as emitowany przez maszyny mie\u015bci sie tym samym w dolnym zakresie g\u0142o\u015bno\u015bci.\r\n\r\n\u00a0\r\n\r\n\u00a0","_et_gb_content_width":""},"product_brand":[],"product_cat":[329],"product_tag":[],"class_list":{"0":"post-16471","1":"product","2":"type-product","3":"status-publish","4":"has-post-thumbnail","6":"product_cat-zurawie-o-duzym-udzwigu-trakcja-reczna","7":"pa_portata-max-kg-200-pl","9":"first","10":"instock","11":"shipping-taxable","12":"product-type-simple"},"acf":[],"gallery_images":[302168,315749,315759,315769,315779,315789,315799,315809],"_links":{"self":[{"href":"https:\/\/liftingfx.girafdev.com\/pl\/wp-json\/wp\/v2\/product\/16471","targetHints":{"allow":["GET"]}}],"collection":[{"href":"https:\/\/liftingfx.girafdev.com\/pl\/wp-json\/wp\/v2\/product"}],"about":[{"href":"https:\/\/liftingfx.girafdev.com\/pl\/wp-json\/wp\/v2\/types\/product"}],"wp:featuredmedia":[{"embeddable":true,"href":"https:\/\/liftingfx.girafdev.com\/pl\/wp-json\/wp\/v2\/media\/16652"}],"wp:attachment":[{"href":"https:\/\/liftingfx.girafdev.com\/pl\/wp-json\/wp\/v2\/media?parent=16471"}],"wp:term":[{"taxonomy":"product_brand","embeddable":true,"href":"https:\/\/liftingfx.girafdev.com\/pl\/wp-json\/wp\/v2\/product_brand?post=16471"},{"taxonomy":"product_cat","embeddable":true,"href":"https:\/\/liftingfx.girafdev.com\/pl\/wp-json\/wp\/v2\/product_cat?post=16471"},{"taxonomy":"product_tag","embeddable":true,"href":"https:\/\/liftingfx.girafdev.com\/pl\/wp-json\/wp\/v2\/product_tag?post=16471"}],"curies":[{"name":"wp","href":"https:\/\/api.w.org\/{rel}","templated":true}]}}