{"id":16442,"date":"2023-12-14T17:02:08","date_gmt":"2023-12-14T16:02:08","guid":{"rendered":"https:\/\/liftingfx.girafdev.com?post_type=product&#038;p=16442"},"modified":"2025-06-26T10:59:11","modified_gmt":"2025-06-26T08:59:11","slug":"flexg1000dbr-1000-kg-zuraw-elektryczny-z-ramieniem-obrotowym","status":"publish","type":"product","link":"https:\/\/liftingfx.girafdev.com\/pl\/product\/flexg1000dbr-1000-kg-zuraw-elektryczny-z-ramieniem-obrotowym\/","title":{"rendered":"FLEX G1000DBR \u017bURAW HYDRAULICZNY Z PRZECIWWAG\u0104"},"content":{"rendered":"<p><b>\u017buraw FLEX G1000DBR to w pe\u0142ni elektryczny \u017curaw obrotowy, kt\u00f3ry umo\u017cliwia podnoszenie \u0142adunk\u00f3w o masie do 1000 kg.<\/b><\/p>\n<p>&nbsp;<\/p>\n<p><span style=\"font-weight: 400;\">Ten mobilny sprz\u0119t d\u017awigowy jest standardowo wyposa\u017cony w podw\u00f3jny elektryczny wysi\u0119gnik, kt\u00f3ry pozwala mu osi\u0105gn\u0105\u0107 wysoko\u015b\u0107 wspornika 2400 mm oraz kierownic\u0119, kt\u00f3ra umo\u017cliwia manewrowanie \u017curawiem nawet w ograniczonych przestrzeniach.<\/span><\/p>\n<p><b>Wyposa\u017cony w najnowszej generacji radiowy joystick, \u017curaw ten zapewnia precyzyjne pozycjonowanie \u0142adunku dzi\u0119ki ci\u0105g\u0142ej modulacji pr\u0119dko\u015bci wszystkich ruch\u00f3w. Zmotoryzowany obr\u00f3t uzupe\u0142nia parametry techniczne tego modelu, idealnie nadaj\u0105c si\u0119 do zastosowa\u0144 wymagaj\u0105cych du\u017cej precyzji i wszechstronno\u015bci.<\/b><\/p>\n<p><b>\u017buraw zmotoryzowany Flex G1000DBR<\/b><span style=\"font-weight: 400;\"> to wszechstronne rozwi\u0105zanie podnosz\u0105ce, kt\u00f3re dzi\u0119ki obrotowi o 220\u00b0 i ramieniu teleskopowemu upraszcza i optymalizuje wszystkie operacje za\u0142adunku i roz\u0142adunku form, oprzyrz\u0105dowanie centr\u00f3w obr\u00f3bczych CNC, pozycjonowanie blachy na maszynach do ci\u0119cia plazmowego , konserwacja i monta\u017c podzespo\u0142\u00f3w na r\u00f3\u017cnego typu maszynach.<\/span><\/p>\n<p><b>Aby zapewni\u0107 maksymaln\u0105 zwrotno\u015b\u0107 nawet w ograniczonych przestrzeniach, ten \u017curaw elektrohydrauliczny mo\u017ce zosta\u0107 wyposa\u017cony w jeszcze bardziej kompaktowy balast, zaprojektowany tak, aby nie przekracza\u0142 wymiar\u00f3w samej maszyny, niezale\u017cnie od po\u0142o\u017cenia ramienia.<\/b><\/p>\n<p><span style=\"font-weight: 400;\">Wyposa\u017cenie standardowe: szczelne i bezobs\u0142ugowe akumulatory AGM, zewn\u0119trzna \u0142adowarka akumulator\u00f3w, wska\u017anik \u015bwietlny LED informuj\u0105cy o prawid\u0142owej pracy i sygnalizuj\u0105cy ewentualne przeci\u0105\u017cenia, przycisk zatrzymania awaryjnego. \u017buraw Flex G1000DBR wyposa\u017cony jest tak\u017ce w wielofunkcyjny wy\u015bwietlacz, kt\u00f3ry pokazuje poziom na\u0142adowania, napi\u0119cie akumulatora oraz godziny pracy.<\/span><\/p>\n<p><b>Funkcje bezpiecze\u0144stwa:<\/b><\/p>\n<p><b>Dynamiczny ogranicznik obci\u0105\u017cenia<\/b><span style=\"font-weight: 400;\">, kt\u00f3ry zapobiega przeci\u0105\u017ceniom i potencjalnym wypadkom. Stale monitoruje podnoszony lub przenoszony \u0142adunek i automatycznie ogranicza operacj\u0119, je\u015bli \u0142adunek przekroczy ustalony limit bezpiecze\u0144stwa.<\/span><\/p>\n<p><b>Zaw\u00f3r blokuj\u0105cy<\/b><span style=\"font-weight: 400;\"> uruchamia si\u0119 automatycznie w przypadku p\u0119kni\u0119cia przewod\u00f3w uk\u0142adu hydraulicznego, zapobiegaj\u0105c niekontrolowanemu opadni\u0119ciu \u0142adunku.<\/span><\/p>\n<p><span style=\"font-weight: 400;\">Na sterze znajduje si\u0119 selektor pr\u0119dko\u015bci, kt\u00f3ry pozwala dostosowa\u0107 pr\u0119dko\u015b\u0107 pojazdu do r\u00f3\u017cnych potrzeb operacyjnych.<\/span><\/p>\n<ul>\n<li><span style=\"font-weight: 400;\"> Tryb wolny: ogranicza maksymaln\u0105 pr\u0119dko\u015b\u0107 do 1,5 km\/h, idealny do precyzyjnych manewr\u00f3w w ciasnych przestrzeniach i delikatnego przenoszenia \u0142adunk\u00f3w.<\/span><\/li>\n<li><span style=\"font-weight: 400;\"> Pr\u0119dko\u015b\u0107 standardowa: pozwala na maksymaln\u0105 pr\u0119dko\u015b\u0107 3 km\/h, odpowiedni\u0105 do pokonywania d\u0142ugich dystans\u00f3w w standardowych warunkach<\/span><\/li>\n<\/ul>\n","protected":false},"excerpt":{"rendered":"<p>ZE STEROWANIEM RADIOWYM<\/p>\n<p><span data-sheets-root=\"1\">UD\u0179WIG <\/span>1000 kg<\/p>\n","protected":false},"featured_media":309093,"template":"","meta":{"_acf_changed":false,"_et_pb_use_builder":"","_et_pb_old_content":"","_et_gb_content_width":""},"product_brand":[],"product_cat":[327],"product_tag":[],"class_list":{"0":"post-16442","1":"product","2":"type-product","3":"status-publish","4":"has-post-thumbnail","6":"product_cat-zurawie-trakcja-elektryczna-wysiegnik-pojedynczy","7":"pa_portata-max-kg-1000-pl","9":"first","10":"instock","11":"shipping-taxable","12":"product-type-simple"},"acf":[],"gallery_images":[309087,309107,309097,309077,309067,309117,309127],"_links":{"self":[{"href":"https:\/\/liftingfx.girafdev.com\/pl\/wp-json\/wp\/v2\/product\/16442","targetHints":{"allow":["GET"]}}],"collection":[{"href":"https:\/\/liftingfx.girafdev.com\/pl\/wp-json\/wp\/v2\/product"}],"about":[{"href":"https:\/\/liftingfx.girafdev.com\/pl\/wp-json\/wp\/v2\/types\/product"}],"wp:featuredmedia":[{"embeddable":true,"href":"https:\/\/liftingfx.girafdev.com\/pl\/wp-json\/wp\/v2\/media\/309093"}],"wp:attachment":[{"href":"https:\/\/liftingfx.girafdev.com\/pl\/wp-json\/wp\/v2\/media?parent=16442"}],"wp:term":[{"taxonomy":"product_brand","embeddable":true,"href":"https:\/\/liftingfx.girafdev.com\/pl\/wp-json\/wp\/v2\/product_brand?post=16442"},{"taxonomy":"product_cat","embeddable":true,"href":"https:\/\/liftingfx.girafdev.com\/pl\/wp-json\/wp\/v2\/product_cat?post=16442"},{"taxonomy":"product_tag","embeddable":true,"href":"https:\/\/liftingfx.girafdev.com\/pl\/wp-json\/wp\/v2\/product_tag?post=16442"}],"curies":[{"name":"wp","href":"https:\/\/api.w.org\/{rel}","templated":true}]}}