{"id":16411,"date":"2023-12-14T16:45:38","date_gmt":"2023-12-14T15:45:38","guid":{"rendered":"https:\/\/liftingfx.girafdev.com?post_type=product&#038;p=16411"},"modified":"2025-06-26T10:00:13","modified_gmt":"2025-06-26T08:00:13","slug":"flexf1000dbr-1000-kg-zuraw-z-ramieniem-stalym-w-pelni-elektryczne-wysiegnik-podwojny","status":"publish","type":"product","link":"https:\/\/liftingfx.girafdev.com\/pl\/product\/flexf1000dbr-1000-kg-zuraw-z-ramieniem-stalym-w-pelni-elektryczne-wysiegnik-podwojny\/","title":{"rendered":"FLEX F1000DBR PRZEMYS\u0141OWY D\u0179WIG ELEKTRYCZNY"},"content":{"rendered":"<p><b>\u017buraw FLEX F1000DBR to \u017curaw z przeciwwag\u0105, ze sta\u0142\u0105 kolumn\u0105 i trakcj\u0105 elektryczn\u0105, kt\u00f3ry pozwala na podnoszenie \u0142adunk\u00f3w o masie do 1000 kg.<\/b><\/p>\n<p><span style=\"font-weight: 400;\">Wyposa\u017cony jest w podw\u00f3jne rami\u0119 teleskopowe, kt\u00f3re umo\u017cliwia dosi\u0119gni\u0119cie wspornika o wysoko\u015bci 2500 mm.<\/span><\/p>\n<p><b>\u017buraw elektryczny FLEX F1000DBR <\/b><span style=\"font-weight: 400;\">zapewnia precyzyjn\u0105 i bezpieczn\u0105 kontrol\u0119 wszystkich operacji. Obrotowe ko\u0142o nap\u0119dowe i sta\u0142e ko\u0142a przednie zapewniaj\u0105 optymaln\u0105 zwrotno\u015b\u0107 nawet na ograniczonej przestrzeni. Funkcje elektryczne z mo\u017cliwo\u015bci\u0105 regulacji pr\u0119dko\u015bci umo\u017cliwiaj\u0105 dostosowanie \u017curawia do ka\u017cdego obci\u0105\u017cenia i sytuacji.<\/span><\/p>\n<p><b>Pilot zdalnego sterowania wyposa\u017cony w potencjometr umo\u017cliwia operatorowi sterowanie wszystkimi ruchami ramienia teleskopowego z niezwyk\u0142\u0105 precyzj\u0105 i p\u0142ynno\u015bci\u0105, od podnoszenia do wysuwania.<\/b><\/p>\n<p><span style=\"font-weight: 400;\">Dzi\u0119ki zintegrowanej przeciwwadze jest to mobilne i wszechstronne rozwi\u0105zanie podnosz\u0105ce. Bez konieczno\u015bci stosowania stabilizator\u00f3w nasz \u017curaw mo\u017ce pracowa\u0107 w ciasnych przestrzeniach i szybko przemieszcza\u0107 si\u0119 z jednego punktu do drugiego. Jest to idealne rozwi\u0105zanie dla os\u00f3b poszukuj\u0105cych rozwi\u0105zania elastycznego i \u0142atwego w obs\u0142udze.<\/span><\/p>\n<p><span style=\"font-weight: 400;\">Dzi\u0119ki swojej elastyczno\u015bci <\/span><b>\u017curaw zmotoryzowany FLEX F1000DBR <\/b><span style=\"font-weight: 400;\">umo\u017cliwia \u0142atwe dotarcie i ustawienie dowolnego rodzaju \u0142adunku, nawet w w\u0105skich lub trudno dost\u0119pnych przestrzeniach, takich jak obrabiarki, rega\u0142y i sto\u0142y monta\u017cowe.<\/span><\/p>\n<p><b>Funkcje bezpiecze\u0144stwa:<\/b><\/p>\n<p><span style=\"font-weight: 400;\">Dynamiczny ogranicznik obci\u0105\u017cenia, kt\u00f3ry zapobiega przeci\u0105\u017ceniom i potencjalnym wypadkom. Stale monitoruje podnoszony lub przenoszony \u0142adunek i automatycznie ogranicza operacj\u0119, je\u015bli \u0142adunek przekroczy ustalony limit bezpiecze\u0144stwa.<\/span><\/p>\n<p><span style=\"font-weight: 400;\">Zaw\u00f3r blokuj\u0105cy uruchamia si\u0119 automatycznie w przypadku p\u0119kni\u0119cia przewod\u00f3w uk\u0142adu hydraulicznego, zapobiegaj\u0105c niekontrolowanemu opadni\u0119ciu \u0142adunku.<\/span><\/p>\n<p><span style=\"font-weight: 400;\">Ster wyposa\u017cony jest w selektor pr\u0119dko\u015bci, kt\u00f3ry umo\u017cliwia dostosowanie pr\u0119dko\u015bci pojazdu do r\u00f3\u017cnych potrzeb eksploatacyjnych.<\/span><\/p>\n<ul>\n<li><span style=\"font-weight: 400;\"> Tryb wolny: ogranicza maksymaln\u0105 pr\u0119dko\u015b\u0107 do 1,5 km\/h, idealny do precyzyjnych manewr\u00f3w w ciasnych przestrzeniach i delikatnego przenoszenia \u0142adunk\u00f3w.<\/span><\/li>\n<li><span style=\"font-weight: 400;\"> Pr\u0119dko\u015b\u0107 standardowa: pozwala na maksymaln\u0105 pr\u0119dko\u015b\u0107 3 km\/h, odpowiedni\u0105 do pokonywania d\u0142ugich dystans\u00f3w w standardowych warunkach<\/span><\/li>\n<\/ul>\n<p><span style=\"font-weight: 400;\">Wyposa\u017cenie standardowe: szczelne i bezobs\u0142ugowe akumulatory AGM, zewn\u0119trzna \u0142adowarka akumulator\u00f3w, wska\u017anik \u015bwietlny LED informuj\u0105cy o prawid\u0142owej pracy i sygnalizuj\u0105cy ewentualne przeci\u0105\u017cenia, przycisk zatrzymania awaryjnego. <\/span><b>\u017buraw FLEX F1000DBR <\/b><span style=\"font-weight: 400;\">wyposa\u017cony jest tak\u017ce w wielofunkcyjny wy\u015bwietlacz, kt\u00f3ry pokazuje poziom na\u0142adowania, napi\u0119cie akumulatora oraz godziny pracy. <\/span><\/p>\n","protected":false},"excerpt":{"rendered":"<p>ZE STEROWANIEM RADIOWYM<\/p>\n<p><span data-sheets-root=\"1\">UD\u0179WIG 1<\/span>000 Kg<\/p>\n","protected":false},"featured_media":16399,"template":"","meta":{"_acf_changed":false,"_et_pb_use_builder":"","_et_pb_old_content":"","_et_gb_content_width":""},"product_brand":[],"product_cat":[327],"product_tag":[],"class_list":{"0":"post-16411","1":"product","2":"type-product","3":"status-publish","4":"has-post-thumbnail","6":"product_cat-zurawie-trakcja-elektryczna-wysiegnik-pojedynczy","7":"pa_portata-max-kg-1000-pl","9":"first","10":"instock","11":"shipping-taxable","12":"product-type-simple"},"acf":[],"gallery_images":[303761,303771,303751,303731,303741,303721,303711],"_links":{"self":[{"href":"https:\/\/liftingfx.girafdev.com\/pl\/wp-json\/wp\/v2\/product\/16411","targetHints":{"allow":["GET"]}}],"collection":[{"href":"https:\/\/liftingfx.girafdev.com\/pl\/wp-json\/wp\/v2\/product"}],"about":[{"href":"https:\/\/liftingfx.girafdev.com\/pl\/wp-json\/wp\/v2\/types\/product"}],"wp:featuredmedia":[{"embeddable":true,"href":"https:\/\/liftingfx.girafdev.com\/pl\/wp-json\/wp\/v2\/media\/16399"}],"wp:attachment":[{"href":"https:\/\/liftingfx.girafdev.com\/pl\/wp-json\/wp\/v2\/media?parent=16411"}],"wp:term":[{"taxonomy":"product_brand","embeddable":true,"href":"https:\/\/liftingfx.girafdev.com\/pl\/wp-json\/wp\/v2\/product_brand?post=16411"},{"taxonomy":"product_cat","embeddable":true,"href":"https:\/\/liftingfx.girafdev.com\/pl\/wp-json\/wp\/v2\/product_cat?post=16411"},{"taxonomy":"product_tag","embeddable":true,"href":"https:\/\/liftingfx.girafdev.com\/pl\/wp-json\/wp\/v2\/product_tag?post=16411"}],"curies":[{"name":"wp","href":"https:\/\/api.w.org\/{rel}","templated":true}]}}