{"id":16341,"date":"2023-12-14T15:34:20","date_gmt":"2023-12-14T14:34:20","guid":{"rendered":"https:\/\/liftingfx.girafdev.com?post_type=product&#038;p=16341"},"modified":"2025-06-25T16:13:06","modified_gmt":"2025-06-25T14:13:06","slug":"flexg500sbr-500-kg-zuraw-elektryczny-z-ramieniem-obrotowym","status":"publish","type":"product","link":"https:\/\/liftingfx.girafdev.com\/pl\/product\/flexg500sbr-500-kg-zuraw-elektryczny-z-ramieniem-obrotowym\/","title":{"rendered":"FLEX G500SBR HYDRAULICZNY \u017bURAW MOBILNY"},"content":{"rendered":"<p><span style=\"font-weight: 400;\">\u017buraw FLEX G500BR to <\/span><b>\u017curaw obrotowy z przeciwwag\u0105 i nap\u0119dem elektrycznym<\/b><span style=\"font-weight: 400;\">, kt\u00f3ry umo\u017cliwia podnoszenie \u0142adunk\u00f3w o masie do 500 kg.<\/span><\/p>\n<p><span style=\"font-weight: 400;\">Ten sprz\u0119t podnosz\u0105cy jest wyposa\u017cony w rami\u0119 elektryczne o skoku 1000 mm, co gwarantuje wysi\u0119g 1430 mm. Opcjonalne wysuwanie mechaniczne o sta\u0142ym ud\u017awigu 100 kg umo\u017cliwia swobodny zwis do 1930 mm.<\/span><\/p>\n<p><span style=\"font-weight: 400;\">Obr\u00f3t ramienia, kt\u00f3re mo\u017cna blokowa\u0107 co 30\u00b0, odbywa si\u0119 r\u0119cznie i jest u\u0142atwiony dzi\u0119ki obecno\u015bci \u0142o\u017cysk oraz dw\u00f3ch ergonomicznych uchwyt\u00f3w umieszczonych w g\u00f3rnej cz\u0119\u015bci balastu. \u017buraw jest wyposa\u017cony w 2 ko\u0142a sta\u0142e i jedno nap\u0119dzane silnikiem, po\u0142\u0105czone bezpo\u015brednio z dyszlem, co zapewnia maksymaln\u0105 zwrotno\u015b\u0107 w ograniczonych przestrzeniach.<\/span><\/p>\n<p><span style=\"font-weight: 400;\">Wyposa\u017cenie standardowe: szczelne i bezobs\u0142ugowe akumulatory AGM, zewn\u0119trzna \u0142adowarka akumulator\u00f3w, kolumna \u015bwietlna LED sygnalizuj\u0105ca prawid\u0142ow\u0105 prac\u0119 \u017curawia i ostrzegaj\u0105ca w przypadku przeci\u0105\u017cenia, wy\u0142\u0105cznik awaryjny.<\/span><\/p>\n<p><b>\u017buraw Flex G500SBR<\/b><span style=\"font-weight: 400;\"> wyposa\u017cony jest tak\u017ce w wielofunkcyjny wy\u015bwietlacz pokazuj\u0105cy poziom na\u0142adowania, napi\u0119cie akumulatora oraz godziny pracy.<\/span><\/p>\n<p><span style=\"font-weight: 400;\">Podnoszenie, opuszczanie, wysuwanie i wsuwanie wysi\u0119gnika jest sterowane elektrycznie. Wszystkie ruchy s\u0105 regulowane przez operatora za pomoc\u0105 pilota. <\/span><b>Pilot wyposa\u017cony jest w potencjometr, kt\u00f3ry pozwala kontrolowa\u0107 pr\u0119dko\u015b\u0107 i proporcjonalno\u015b\u0107 ruch\u00f3w ramienia \u017curawia.<\/b><\/p>\n<p><span style=\"font-weight: 400;\">Jest to <\/span><b>uniwersalny \u017curaw samojezdny<\/b><span style=\"font-weight: 400;\"> o nieograniczonych mo\u017cliwo\u015bciach zastosowania. Za pomoc\u0105 <\/span><b>mini \u017curawia FLEX G500SBR<\/b><span style=\"font-weight: 400;\"> dzi\u0119ki obrotowi o 270\u00b0 i ramieniu teleskopowemu mo\u017cliwe jest pozycjonowanie komponent\u00f3w takich jak formy, cz\u0119\u015bci zamienne, p\u00f3\u0142produkty i inne \u0142adunki na centrach obr\u00f3bczych CNC, rega\u0142ach, sto\u0142ach monta\u017cowych itp.<\/span><\/p>\n<p><b>Funkcje bezpiecze\u0144stwa:<\/b><\/p>\n<p><b>Dynamiczny ogranicznik obci\u0105\u017cenia<\/b><span style=\"font-weight: 400;\">, kt\u00f3ry zapobiega przeci\u0105\u017ceniom i potencjalnym wypadkom. Stale monitoruje podnoszony lub przesuwany \u0142adunek i automatycznie ogranicza operacj\u0119, je\u015bli \u0142adunek przekroczy ustawiony limit bezpiecze\u0144stwa.<\/span><\/p>\n<p><span style=\"font-weight: 400;\">Zaw\u00f3r blokuj\u0105cy uruchamia si\u0119 automatycznie w przypadku p\u0119kni\u0119cia w\u0119\u017ca hydraulicznego, zapobiegaj\u0105c niekontrolowanemu upadkowi \u0142adunku.<\/span><\/p>\n<p><span style=\"font-weight: 400;\">Sternik wyposa\u017cony jest w selektor pr\u0119dko\u015bci, kt\u00f3ry pozwala dostosowa\u0107 pr\u0119dko\u015b\u0107 pojazdu do r\u00f3\u017cnych potrzeb eksploatacyjnych. Dost\u0119pne s\u0105 dwie pozycje:<\/span><\/p>\n<ul>\n<li><span style=\"font-weight: 400;\"> Tryb wolny: ogranicza maksymaln\u0105 pr\u0119dko\u015b\u0107 do 1,5 km\/h, idealny do precyzyjnych manewr\u00f3w w ograniczonych przestrzeniach i delikatnego przenoszenia \u0142adunk\u00f3w.<\/span><\/li>\n<li><span style=\"font-weight: 400;\"> Pr\u0119dko\u015b\u0107 standardowa: pozwala na maksymaln\u0105 pr\u0119dko\u015b\u0107 3 km\/h, odpowiedni\u0105 do pokonywania d\u0142ugich dystans\u00f3w w standardowych warunkach<\/span><\/li>\n<\/ul>\n<p><b>\u017buraw z przeciwwag\u0105 FLEXG500SBR<\/b><span style=\"font-weight: 400;\"> umo\u017cliwia przemieszczanie i podnoszenie \u0142adunk\u00f3w w pe\u0142nej zgodno\u015bci z obowi\u0105zuj\u0105cymi przepisami w celu ochrony bezpiecze\u0144stwa operatora.<\/span><\/p>\n","protected":false},"excerpt":{"rendered":"<p>ZE STEROWANIEM RADIOWYM<\/p>\n<p><span data-sheets-root=\"1\">UD\u0179WIG <\/span>500 kg<\/p>\n","protected":false},"featured_media":308952,"template":"","meta":{"_acf_changed":false,"_et_pb_use_builder":"","_et_pb_old_content":"","_et_gb_content_width":""},"product_brand":[],"product_cat":[327],"product_tag":[],"class_list":{"0":"post-16341","1":"product","2":"type-product","3":"status-publish","4":"has-post-thumbnail","6":"product_cat-zurawie-trakcja-elektryczna-wysiegnik-pojedynczy","7":"pa_portata-max-kg-500-pl","9":"first","10":"instock","11":"shipping-taxable","12":"product-type-simple"},"acf":[],"gallery_images":[308946,308976,308966,308956,308936,308926,308916],"_links":{"self":[{"href":"https:\/\/liftingfx.girafdev.com\/pl\/wp-json\/wp\/v2\/product\/16341","targetHints":{"allow":["GET"]}}],"collection":[{"href":"https:\/\/liftingfx.girafdev.com\/pl\/wp-json\/wp\/v2\/product"}],"about":[{"href":"https:\/\/liftingfx.girafdev.com\/pl\/wp-json\/wp\/v2\/types\/product"}],"wp:featuredmedia":[{"embeddable":true,"href":"https:\/\/liftingfx.girafdev.com\/pl\/wp-json\/wp\/v2\/media\/308952"}],"wp:attachment":[{"href":"https:\/\/liftingfx.girafdev.com\/pl\/wp-json\/wp\/v2\/media?parent=16341"}],"wp:term":[{"taxonomy":"product_brand","embeddable":true,"href":"https:\/\/liftingfx.girafdev.com\/pl\/wp-json\/wp\/v2\/product_brand?post=16341"},{"taxonomy":"product_cat","embeddable":true,"href":"https:\/\/liftingfx.girafdev.com\/pl\/wp-json\/wp\/v2\/product_cat?post=16341"},{"taxonomy":"product_tag","embeddable":true,"href":"https:\/\/liftingfx.girafdev.com\/pl\/wp-json\/wp\/v2\/product_tag?post=16341"}],"curies":[{"name":"wp","href":"https:\/\/api.w.org\/{rel}","templated":true}]}}