{"id":14124,"date":"2023-07-28T13:41:31","date_gmt":"2023-07-28T11:41:31","guid":{"rendered":"https:\/\/liftingfx.girafdev.com?post_type=product&#038;p=14124"},"modified":"2025-06-25T18:18:48","modified_gmt":"2025-06-25T16:18:48","slug":"flexf1000dbl-1000-kg-zuraw-z-ramieniem-stalym-w-pelni-elektryczne-wysiegnik-podwojny","status":"publish","type":"product","link":"https:\/\/liftingfx.girafdev.com\/pl\/product\/flexf1000dbl-1000-kg-zuraw-z-ramieniem-stalym-w-pelni-elektryczne-wysiegnik-podwojny\/","title":{"rendered":"FLEX F1000DBL MOBILNE ROZWI\u0104ZANIE PODNOSZENIA"},"content":{"rendered":"<p><b>\u017buraw FLEX F1000DBL to \u017curaw z przeciwwag\u0105, ze sta\u0142\u0105 kolumn\u0105 i trakcj\u0105 elektryczn\u0105, kt\u00f3ry pozwala na podnoszenie \u0142adunk\u00f3w o masie do 1000 kg.<\/b><\/p>\n<p><span style=\"font-weight: 400;\">Wyposa\u017cony jest w podw\u00f3jne rami\u0119 teleskopowe, kt\u00f3re umo\u017cliwia dosi\u0119gni\u0119cie wspornika o wysoko\u015bci 2500 mm.<\/span><\/p>\n<p><b>\u017buraw elektryczny Flex F1000DBL<\/b><span style=\"font-weight: 400;\"> zapewnia precyzyjn\u0105 i bezpieczn\u0105 kontrol\u0119 wszystkich operacji. Obrotowe ko\u0142o nap\u0119dowe i sta\u0142e ko\u0142a przednie zapewniaj\u0105 optymaln\u0105 zwrotno\u015b\u0107 nawet na ograniczonej przestrzeni. Funkcje elektryczne z mo\u017cliwo\u015bci\u0105 regulacji pr\u0119dko\u015bci umo\u017cliwiaj\u0105 dostosowanie \u017curawia do ka\u017cdego obci\u0105\u017cenia i sytuacji.<\/span><\/p>\n<p><b>Ruchy podnoszenia, opuszczania, wysuwania i cofania ramienia teleskopowego s\u0105 obs\u0142ugiwane i precyzyjnie kontrolowane przez operatora za pomoc\u0105 prostych d\u017awigni. Szybko\u015b\u0107 ka\u017cdego ruchu jest proporcjonalna do dzia\u0142ania wywieranego na d\u017awigni\u0119, zapewniaj\u0105c intuicyjne i precyzyjne sterowanie.<\/b><\/p>\n<p><span style=\"font-weight: 400;\">Zintegrowany system balastowy umo\u017cliwia podnoszenie \u0142adunku na wspornikach bez konieczno\u015bci instalowania stabilizator\u00f3w bocznych. Jest to zatem uniwersalny \u017curaw samojezdny o nieograniczonych mo\u017cliwo\u015bciach wykorzystania i natychmiast gotowy do u\u017cycia.<\/span><\/p>\n<p><span style=\"font-weight: 400;\">Dzi\u0119ki swojej elastyczno\u015bci <\/span><b>\u017curaw zmotoryzowany FLEX F1000DBL<\/b><span style=\"font-weight: 400;\"> umo\u017cliwia \u0142atwe dotarcie i ustawienie dowolnego rodzaju \u0142adunku, nawet w w\u0105skich lub trudno dost\u0119pnych przestrzeniach, takich jak obrabiarki, rega\u0142y i sto\u0142y monta\u017cowe.<\/span><\/p>\n<p><b>Funkcje bezpiecze\u0144stwa:<\/b><\/p>\n<p><span style=\"font-weight: 400;\">Dynamiczny ogranicznik obci\u0105\u017cenia, kt\u00f3ry zapobiega przeci\u0105\u017ceniom i potencjalnym wypadkom. Stale monitoruje podnoszony lub przenoszony \u0142adunek i automatycznie ogranicza operacj\u0119, je\u015bli \u0142adunek przekroczy ustalony limit bezpiecze\u0144stwa.<\/span><\/p>\n<p><span style=\"font-weight: 400;\">Zaw\u00f3r blokuj\u0105cy uruchamia si\u0119 automatycznie w przypadku p\u0119kni\u0119cia przewod\u00f3w uk\u0142adu hydraulicznego, zapobiegaj\u0105c niekontrolowanemu opadni\u0119ciu \u0142adunku.<\/span><\/p>\n<p><span style=\"font-weight: 400;\">Ster wyposa\u017cony jest w selektor pr\u0119dko\u015bci, kt\u00f3ry umo\u017cliwia dostosowanie pr\u0119dko\u015bci pojazdu do r\u00f3\u017cnych potrzeb eksploatacyjnych.<\/span><\/p>\n<ul>\n<li><span style=\"font-weight: 400;\"> Tryb wolny: ogranicza maksymaln\u0105 pr\u0119dko\u015b\u0107 do 1,5 km\/h, idealny do precyzyjnych manewr\u00f3w w ciasnych przestrzeniach i delikatnego przenoszenia \u0142adunk\u00f3w.<\/span><\/li>\n<li><span style=\"font-weight: 400;\"> Pr\u0119dko\u015b\u0107 standardowa: pozwala na maksymaln\u0105 pr\u0119dko\u015b\u0107 3 km\/h, odpowiedni\u0105 do pokonywania d\u0142ugich dystans\u00f3w w standardowych warunkach<\/span><\/li>\n<\/ul>\n<p><span style=\"font-weight: 400;\">Wyposa\u017cenie standardowe: szczelne i bezobs\u0142ugowe akumulatory AGM, zewn\u0119trzna \u0142adowarka akumulator\u00f3w, wska\u017anik \u015bwietlny LED informuj\u0105cy o prawid\u0142owej pracy i sygnalizuj\u0105cy ewentualne przeci\u0105\u017cenia, przycisk zatrzymania awaryjnego. <\/span><b>\u017buraw FLEX F1000DBL<\/b><span style=\"font-weight: 400;\"> wyposa\u017cony jest tak\u017ce w wielofunkcyjny wy\u015bwietlacz, kt\u00f3ry pokazuje poziom na\u0142adowania, napi\u0119cie akumulatora oraz godziny pracy.\u00a0<\/span><\/p>\n","protected":false},"excerpt":{"rendered":"<p>ZE STEROWANIEM D\u0179WIGNIOWYMI<\/p>\n<p>UD\u0179WIG 1000 KG<\/p>\n","protected":false},"featured_media":311864,"template":"","meta":{"_acf_changed":false,"_et_pb_use_builder":"","_et_pb_old_content":"","_et_gb_content_width":""},"product_brand":[],"product_cat":[327],"product_tag":[],"class_list":{"0":"post-14124","1":"product","2":"type-product","3":"status-publish","4":"has-post-thumbnail","6":"product_cat-zurawie-trakcja-elektryczna-wysiegnik-pojedynczy","7":"pa_portata-max-kg-1000-pl","9":"first","10":"instock","11":"shipping-taxable","12":"product-type-simple"},"acf":[],"gallery_images":[311858,311808,311818,311828,311838,311848,311868],"_links":{"self":[{"href":"https:\/\/liftingfx.girafdev.com\/pl\/wp-json\/wp\/v2\/product\/14124","targetHints":{"allow":["GET"]}}],"collection":[{"href":"https:\/\/liftingfx.girafdev.com\/pl\/wp-json\/wp\/v2\/product"}],"about":[{"href":"https:\/\/liftingfx.girafdev.com\/pl\/wp-json\/wp\/v2\/types\/product"}],"wp:featuredmedia":[{"embeddable":true,"href":"https:\/\/liftingfx.girafdev.com\/pl\/wp-json\/wp\/v2\/media\/311864"}],"wp:attachment":[{"href":"https:\/\/liftingfx.girafdev.com\/pl\/wp-json\/wp\/v2\/media?parent=14124"}],"wp:term":[{"taxonomy":"product_brand","embeddable":true,"href":"https:\/\/liftingfx.girafdev.com\/pl\/wp-json\/wp\/v2\/product_brand?post=14124"},{"taxonomy":"product_cat","embeddable":true,"href":"https:\/\/liftingfx.girafdev.com\/pl\/wp-json\/wp\/v2\/product_cat?post=14124"},{"taxonomy":"product_tag","embeddable":true,"href":"https:\/\/liftingfx.girafdev.com\/pl\/wp-json\/wp\/v2\/product_tag?post=14124"}],"curies":[{"name":"wp","href":"https:\/\/api.w.org\/{rel}","templated":true}]}}