{"id":13910,"date":"2022-08-02T11:00:53","date_gmt":"2022-08-02T09:00:53","guid":{"rendered":"https:\/\/liftingfx.girafdev.com?post_type=product&#038;p=13910"},"modified":"2025-01-06T08:11:54","modified_gmt":"2025-01-06T07:11:54","slug":"flexf1000sbl-mobilny-w-pelni-elektryczny-zuraw-nosnosc-1000-kg","status":"publish","type":"product","link":"https:\/\/liftingfx.girafdev.com\/pl\/product\/flexf1000sbl-mobilny-w-pelni-elektryczny-zuraw-nosnosc-1000-kg\/","title":{"rendered":"FLEX F1000SBL ZE STEROWANIEM D\u0179WIGNIOWYMI"},"content":{"rendered":"<p><strong>Mobilny w pe\u0142ni elektryczny \u017curaw Flex F1000SBL<\/strong> , pojedynczy wysi\u0119gnik elektryczny, <strong>No\u015bno\u015b\u0107 1.000 kg.<\/strong><\/p>\n<p>Nap\u0119d elektryczny; elektryczne podnoszenie i opuszczanie ramienia; elektryczne wysuwanie i wsuwanie ramienia.<\/p>\n<p><strong>Flex F1000SBL elektryczne sterowane za pomoc\u0105 proporcjonalnych d\u017awigni<\/strong><\/p>\n<p>Samobie\u017cny \u017curaw z nap\u0119dem akumulatorowym typu Pick&amp;Carry (podnie\u015b i przenie\u015b). Odpowiedni do prac w magazynach oraz wsz\u0119dzie tam, gdzie u\u017cywanie innego rodzaju d\u017awig\u00f3w jest utrudnione ze wzgl\u0119du na ograniczon\u0105 przestrze\u0144.<\/p>\n<p>Nap\u0119d z prowadzeniem za po\u015brednictwem ergonomicznego dyszla wyposa\u017conego w klakson i przyciski zapobiegaj\u0105ce zgnieceniu \u2013 Przycisk Zaj\u0105c\/\u017b\u00f3\u0142w umo\u017cliwiaj\u0105cy jazd\u0119 z 2 pr\u0119dko\u015bciami Zalety: \u2013 Przeznaczony do za\u0142adunku przedniego \u2013 System ograniczania maksymalnego dozwolonego obci\u0105\u017cenia \u2013 Umo\u017cliwia operowanie z zawieszonym \u0142adunkiem \u2013 Podno\u015bnik o najmniejszych wymiarach w swojej kategorii \u2013 Wyj\u0105tkowy k\u0105t skr\u0119tu, kt\u00f3ry umo\u017cliwia poruszanie si\u0119 lub obracanie si\u0119 w ograniczonej przestrzeni \u2013 Mo\u017cliwo\u015b\u0107 transportu za pomoc\u0105 w\u00f3zka wid\u0142owego.<\/p>\n<p>Rama dolna \u017curawika wyposa\u017cona jest w specjalne wsporniki dla w\u00f3zk\u00f3w wid\u0142owych- do bezpiecznego podnoszenia i transportu \u017curawika na d\u0142ugich dystansach. We wszystkich produktach firmy Flex LIfting standardem s\u0105 ograniczniki momentu obci\u0105\u017caj\u0105cego.<\/p>\n<p>Wszystkie \u017curawie firmy Flex Lifting s\u0105 produkowane z wysokiej jako\u015bci materia\u0142\u00f3w i posiadaj\u0105 certyfikat CE zgodnie z najnowszym dyrektywami Unii Europejskiej.<\/p>\n<p>Zurawie firmy Flex Lifting Pick &amp; Carry to nie tylko ogromna funkcjonalno\u015b\u0107, ale r\u00f3wnie\u017c bezpiecze\u0144stwo i ekologiczna praca. Dzi\u0119ki zaawansowanym dodatkom i szeregom funkcji mo\u017cliwa jest nie tylko komfortowa, ale r\u00f3wnie\u017c bezpieczna praca.<\/p>\n<p>\u017burawie samojezdne firmy Flex Lifting Pick &amp; Carry s\u0105 zasilane ca\u0142kowicie akumulatorowo. Umo\u017cliwia to prac\u0119 bez emisji. Ha\u0142as emitowany przez maszyny mie\u015bci sie tym samym w dolnym zakresie g\u0142o\u015bno\u015bci.<\/p>\n","protected":false},"excerpt":{"rendered":"<p>Mobilny w pe\u0142ni elektryczny \u017curaw Flex F1000SBL , pojedynczy wysi\u0119gnik elektryczny, No\u015bno\u015b\u0107 1.000 kg<\/p>\n","protected":false},"featured_media":16360,"template":"","meta":{"_acf_changed":false,"_et_pb_use_builder":"","_et_pb_old_content":"","_et_gb_content_width":""},"product_brand":[],"product_cat":[327],"product_tag":[],"class_list":{"0":"post-13910","1":"product","2":"type-product","3":"status-publish","4":"has-post-thumbnail","6":"product_cat-zurawie-trakcja-elektryczna-wysiegnik-pojedynczy","7":"pa_portata-max-kg-1000-pl","9":"first","10":"instock","11":"shipping-taxable","12":"product-type-simple"},"acf":[],"gallery_images":[15934,13397,10315,10322,12030,12037,13058],"_links":{"self":[{"href":"https:\/\/liftingfx.girafdev.com\/pl\/wp-json\/wp\/v2\/product\/13910","targetHints":{"allow":["GET"]}}],"collection":[{"href":"https:\/\/liftingfx.girafdev.com\/pl\/wp-json\/wp\/v2\/product"}],"about":[{"href":"https:\/\/liftingfx.girafdev.com\/pl\/wp-json\/wp\/v2\/types\/product"}],"wp:featuredmedia":[{"embeddable":true,"href":"https:\/\/liftingfx.girafdev.com\/pl\/wp-json\/wp\/v2\/media\/16360"}],"wp:attachment":[{"href":"https:\/\/liftingfx.girafdev.com\/pl\/wp-json\/wp\/v2\/media?parent=13910"}],"wp:term":[{"taxonomy":"product_brand","embeddable":true,"href":"https:\/\/liftingfx.girafdev.com\/pl\/wp-json\/wp\/v2\/product_brand?post=13910"},{"taxonomy":"product_cat","embeddable":true,"href":"https:\/\/liftingfx.girafdev.com\/pl\/wp-json\/wp\/v2\/product_cat?post=13910"},{"taxonomy":"product_tag","embeddable":true,"href":"https:\/\/liftingfx.girafdev.com\/pl\/wp-json\/wp\/v2\/product_tag?post=13910"}],"curies":[{"name":"wp","href":"https:\/\/api.w.org\/{rel}","templated":true}]}}