{"id":318476,"date":"2025-06-18T09:16:37","date_gmt":"2025-06-18T07:16:37","guid":{"rendered":"https:\/\/liftingfx.girafdev.com?page_id=318476"},"modified":"2025-06-20T11:28:55","modified_gmt":"2025-06-20T09:28:55","slug":"dzwigi-z-certyfikatem-atex","status":"publish","type":"page","link":"https:\/\/liftingfx.girafdev.com\/pl\/dzwigi-z-certyfikatem-atex\/","title":{"rendered":"D\u0179WIGI Z CERTYFIKATEM ATEX"},"content":{"rendered":"<p>[et_pb_section fb_built=&#8221;1&#8243; _builder_version=&#8221;4.25.2&#8243; _module_preset=&#8221;default&#8221; background_color=&#8221;#000000&#8243; background_image=&#8221;https:\/\/liftingfx.girafdev.comwp-content\/uploads\/2024\/07\/pattren-123-20356-222025.png&#8221; background_size=&#8221;contain&#8221; background_position=&#8221;center_left&#8221; background_horizontal_offset=&#8221;100%&#8221; custom_margin=&#8221;|||0px|false|false&#8221; custom_padding=&#8221;8%|||0px|false|false&#8221; background_last_edited=&#8221;on|tablet&#8221; background_size_tablet=&#8221;cover&#8221; background_size_phone=&#8221;cover&#8221; da_disable_devices=&#8221;off|off|off&#8221; locked=&#8221;off&#8221; global_colors_info=&#8221;{}&#8221; da_is_popup=&#8221;off&#8221; da_exit_intent=&#8221;off&#8221; da_has_close=&#8221;on&#8221; da_alt_close=&#8221;off&#8221; da_dark_close=&#8221;off&#8221; da_not_modal=&#8221;on&#8221; da_is_singular=&#8221;off&#8221; da_with_loader=&#8221;off&#8221; da_has_shadow=&#8221;on&#8221;][et_pb_row column_structure=&#8221;2_3,1_3&#8243; _builder_version=&#8221;4.27.3&#8243; _module_preset=&#8221;default&#8221; custom_margin=&#8221;|auto|||false|false&#8221; custom_padding=&#8221;81px|||||&#8221; hover_enabled=&#8221;0&#8243; global_colors_info=&#8221;{}&#8221; module_class=&#8221;bn-head&#8221; sticky_enabled=&#8221;0&#8243;][et_pb_column type=&#8221;2_3&#8243; _builder_version=&#8221;4.22.2&#8243; _module_preset=&#8221;default&#8221; global_colors_info=&#8221;{}&#8221;][et_pb_heading title=&#8221;D\u0179WIGI Z CERTYFIKATEM ATEX&#8221; _builder_version=&#8221;4.27.3&#8243; _module_preset=&#8221;default&#8221; title_font=&#8221;Poppins|700||on|||||&#8221; title_text_color=&#8221;#FFFFFF&#8221; title_font_size=&#8221;60px&#8221; title_font_size_tablet=&#8221;60px&#8221; title_font_size_phone=&#8221;30px&#8221; title_font_size_last_edited=&#8221;on|phone&#8221; global_colors_info=&#8221;{}&#8221;][\/et_pb_heading][\/et_pb_column][et_pb_column type=&#8221;1_3&#8243; _builder_version=&#8221;4.22.2&#8243; _module_preset=&#8221;default&#8221; global_colors_info=&#8221;{}&#8221;][et_pb_image src=&#8221;https:\/\/liftingfx.girafdev.comwp-content\/uploads\/2025\/06\/atex.png&#8221; title_text=&#8221;atex&#8221; _builder_version=&#8221;4.27.3&#8243; _module_preset=&#8221;default&#8221; global_colors_info=&#8221;{}&#8221;][\/et_pb_image][\/et_pb_column][\/et_pb_row][et_pb_row _builder_version=&#8221;4.22.2&#8243; _module_preset=&#8221;default&#8221; custom_margin=&#8221;|auto|||false|false&#8221; border_width_top=&#8221;1px&#8221; border_color_top=&#8221;#444444&#8243; global_colors_info=&#8221;{}&#8221;][et_pb_column type=&#8221;4_4&#8243; _builder_version=&#8221;4.22.2&#8243; _module_preset=&#8221;default&#8221; global_colors_info=&#8221;{}&#8221;][lwp_divi_breadcrumbs _builder_version=&#8221;4.22.2&#8243; _module_preset=&#8221;default&#8221; module_text_color=&#8221;#e2e2e2&#8243; global_colors_info=&#8221;{}&#8221;][\/lwp_divi_breadcrumbs][\/et_pb_column][\/et_pb_row][\/et_pb_section][et_pb_section fb_built=&#8221;1&#8243; _builder_version=&#8221;4.22.2&#8243; _module_preset=&#8221;default&#8221; custom_padding=&#8221;20px|||||&#8221; top_divider_style=&#8221;waves2&#8243; top_divider_color=&#8221;#E02B20&#8243; top_divider_height=&#8221;33px&#8221; top_divider_flip=&#8221;vertical&#8221; da_disable_devices=&#8221;off|off|off&#8221; global_colors_info=&#8221;{}&#8221; da_is_popup=&#8221;off&#8221; da_exit_intent=&#8221;off&#8221; da_has_close=&#8221;on&#8221; da_alt_close=&#8221;off&#8221; da_dark_close=&#8221;off&#8221; da_not_modal=&#8221;on&#8221; da_is_singular=&#8221;off&#8221; da_with_loader=&#8221;off&#8221; da_has_shadow=&#8221;on&#8221;][et_pb_row _builder_version=&#8221;4.22.2&#8243; _module_preset=&#8221;default&#8221; global_colors_info=&#8221;{}&#8221;][et_pb_column type=&#8221;4_4&#8243; _builder_version=&#8221;4.22.2&#8243; _module_preset=&#8221;default&#8221; global_colors_info=&#8221;{}&#8221;][\/et_pb_column][\/et_pb_row][et_pb_row column_structure=&#8221;1_3,1_3,1_3&#8243; disabled_on=&#8221;off|off|off&#8221; _builder_version=&#8221;4.27.3&#8243; _module_preset=&#8221;default&#8221; global_colors_info=&#8221;{}&#8221;][et_pb_column type=&#8221;1_3&#8243; _builder_version=&#8221;4.27.3&#8243; _dynamic_attributes=&#8221;link_option_url&#8221; _module_preset=&#8221;default&#8221; link_option_url=&#8221;@ET-DC@eyJkeW5hbWljIjp0cnVlLCJjb250ZW50IjoicG9zdF9saW5rX3VybF9wYWdlIiwic2V0dGluZ3MiOnsicG9zdF9pZCI6IjIxMDkyIn19@&#8221; global_colors_info=&#8221;{}&#8221;][et_pb_image src=&#8221;https:\/\/liftingfx.girafdev.comwp-content\/uploads\/2025\/06\/290643-GRU-MANUALE-FLEXLIFT-3G-IIB-T2_095414.jpg&#8221; title_text=&#8221;290643-GRU-MANUALE-FLEXLIFT-3G-IIB-T2_095414&#8243; _builder_version=&#8221;4.27.3&#8243; _module_preset=&#8221;default&#8221; global_colors_info=&#8221;{}&#8221;][\/et_pb_image][\/et_pb_column][et_pb_column type=&#8221;1_3&#8243; _builder_version=&#8221;4.22.2&#8243; _module_preset=&#8221;default&#8221; global_colors_info=&#8221;{}&#8221;][et_pb_image src=&#8221;https:\/\/liftingfx.girafdev.comwp-content\/uploads\/2025\/06\/290643-GRU-MANUALE-FLEXLIFT-3G-IIB-T2_095453.jpg&#8221; title_text=&#8221;290643-GRU-MANUALE-FLEXLIFT-3G-IIB-T2_095453&#8243; _builder_version=&#8221;4.27.3&#8243; _module_preset=&#8221;default&#8221; global_colors_info=&#8221;{}&#8221;][\/et_pb_image][\/et_pb_column][et_pb_column type=&#8221;1_3&#8243; _builder_version=&#8221;4.22.2&#8243; _module_preset=&#8221;default&#8221; global_colors_info=&#8221;{}&#8221;][et_pb_image src=&#8221;https:\/\/liftingfx.girafdev.comwp-content\/uploads\/2025\/06\/img88.jpg&#8221; title_text=&#8221;img88&#8243; _builder_version=&#8221;4.27.3&#8243; _module_preset=&#8221;default&#8221; global_colors_info=&#8221;{}&#8221;][\/et_pb_image][\/et_pb_column][\/et_pb_row][\/et_pb_section][et_pb_section fb_built=&#8221;1&#8243; module_class=&#8221;under_hook&#8221; _builder_version=&#8221;4.25.2&#8243; _module_preset=&#8221;default&#8221; background_enable_color=&#8221;off&#8221; background_image=&#8221;https:\/\/liftingfx.girafdev.comwp-content\/uploads\/2022\/05\/mini-gru-500-kg-motorizzata-Flex-G500SB-con-trazione-elettrica.jpg&#8221; parallax=&#8221;on&#8221; parallax_method=&#8221;off&#8221; da_disable_devices=&#8221;off|off|off&#8221; locked=&#8221;off&#8221; global_colors_info=&#8221;{}&#8221; da_is_popup=&#8221;off&#8221; da_exit_intent=&#8221;off&#8221; da_has_close=&#8221;on&#8221; da_alt_close=&#8221;off&#8221; da_dark_close=&#8221;off&#8221; da_not_modal=&#8221;on&#8221; da_is_singular=&#8221;off&#8221; da_with_loader=&#8221;off&#8221; da_has_shadow=&#8221;on&#8221;][et_pb_row column_structure=&#8221;1_4,3_4&#8243; _builder_version=&#8221;4.25.2&#8243; _module_preset=&#8221;default&#8221; global_colors_info=&#8221;{}&#8221;][et_pb_column type=&#8221;1_4&#8243; _builder_version=&#8221;4.22.2&#8243; _module_preset=&#8221;default&#8221; global_colors_info=&#8221;{}&#8221;][et_pb_icon font_icon=&#8221;&#xf0a4;||fa||400&#8243; icon_color=&#8221;#ffffff&#8221; disabled_on=&#8221;on|on|off&#8221; _builder_version=&#8221;4.27.3&#8243; _module_preset=&#8221;default&#8221; global_colors_info=&#8221;{}&#8221;][\/et_pb_icon][et_pb_icon font_icon=&#8221;&#xf0a7;||fa||400&#8243; icon_color=&#8221;#ffffff&#8221; disabled_on=&#8221;off|off|on&#8221; _builder_version=&#8221;4.27.3&#8243; _module_preset=&#8221;default&#8221; global_colors_info=&#8221;{}&#8221;][\/et_pb_icon][\/et_pb_column][et_pb_column type=&#8221;3_4&#8243; _builder_version=&#8221;4.22.2&#8243; _module_preset=&#8221;default&#8221; global_colors_info=&#8221;{}&#8221;][et_pb_heading title=&#8221;Mobilne rozwi\u0105zania podnosz\u0105ce ATEX do \u015brodowisk niebezpiecznych&#8221; admin_label=&#8221;Header&#8221; _builder_version=&#8221;4.27.3&#8243; _module_preset=&#8221;default&#8221; title_level=&#8221;h3&#8243; title_text_align=&#8221;center&#8221; title_text_color=&#8221;#ec1c24&#8243; custom_margin=&#8221;||35px||false|false&#8221; global_colors_info=&#8221;{}&#8221;][\/et_pb_heading][et_pb_heading title=&#8221;Dost\u0119pne na \u017cyczenie i podlegaj\u0105ce sprawdzeniu wykonalno\u015bci zgodnie z dyrektyw\u0105 ATEX&#8221; admin_label=&#8221;Header&#8221; _builder_version=&#8221;4.27.3&#8243; _module_preset=&#8221;default&#8221; title_level=&#8221;h2&#8243; title_text_align=&#8221;center&#8221; title_text_color=&#8221;#ec1c24&#8243; title_line_height=&#8221;1.5em&#8221; custom_margin=&#8221;||35px||false|false&#8221; custom_padding=&#8221;15px||||false|false&#8221; global_colors_info=&#8221;{}&#8221;][\/et_pb_heading][\/et_pb_column][\/et_pb_row][\/et_pb_section][et_pb_section fb_built=&#8221;1&#8243; _builder_version=&#8221;4.27.3&#8243; _module_preset=&#8221;default&#8221; da_disable_devices=&#8221;off|off|off&#8221; global_colors_info=&#8221;{}&#8221; da_is_popup=&#8221;off&#8221; da_exit_intent=&#8221;off&#8221; da_has_close=&#8221;on&#8221; da_alt_close=&#8221;off&#8221; da_dark_close=&#8221;off&#8221; da_not_modal=&#8221;on&#8221; da_is_singular=&#8221;off&#8221; da_with_loader=&#8221;off&#8221; da_has_shadow=&#8221;on&#8221;][et_pb_row _builder_version=&#8221;4.27.3&#8243; _module_preset=&#8221;default&#8221; global_colors_info=&#8221;{}&#8221;][et_pb_column type=&#8221;4_4&#8243; _builder_version=&#8221;4.27.3&#8243; _module_preset=&#8221;default&#8221; global_colors_info=&#8221;{}&#8221;][et_pb_text _builder_version=&#8221;4.27.3&#8243; _module_preset=&#8221;default&#8221; global_colors_info=&#8221;{}&#8221;]<\/p>\n<p><span style=\"font-weight: 400;\">\u017burawie Flex Lifting mog\u0105 by\u0107 dostosowane do pracy w \u015brodowiskach niebezpiecznych, takich jak zak\u0142ady chemiczne i petrochemiczne, miejsca wydobycia ropy naftowej i gazu, operacje g\u00f3rnicze oraz obszary budowy lub konserwacji tuneli. S\u0105 to sektory, w kt\u00f3rych bezpiecze\u0144stwo, niezawodno\u015b\u0107 i zgodno\u015b\u0107 z normami mi\u0119dzynarodowymi s\u0105 niezb\u0119dne.<\/span><\/p>\n<p><b>Certyfikacja ATEX na \u017c\u0105danie<\/b><\/p>\n<p><span style=\"font-weight: 400;\">Wersje naszych \u017curawi z certyfikatem ATEX s\u0105 dost\u0119pne na zam\u00f3wienie do u\u017cytku w strefach sklasyfikowanych jako zagro\u017cone wybuchem. Dostarczamy modele zgodne z <\/span><b>dyrektyw\u0105 ATEX 2014\/34\/UE<\/b><span style=\"font-weight: 400;\"> i spe\u0142niaj\u0105ce wymagania okre\u015blonych norm dotycz\u0105cych urz\u0105dze\u0144 stosowanych w potencjalnie wybuchowych atmosferach.<\/span><\/p>\n<p><span style=\"font-weight: 400;\">Te \u017curawie mog\u0105 by\u0107 skonfigurowane do pracy w:<\/span><\/p>\n<ul>\n<li style=\"font-weight: 400;\" aria-level=\"1\"><b>Strefa 1 i Strefa 2<\/b><span style=\"font-weight: 400;\"> (gazy): gdzie mog\u0105 wyst\u0119powa\u0107 atmosfery wybuchowe spowodowane przez gazy, pary lub mg\u0142y.<\/span><\/li>\n<li style=\"font-weight: 400;\" aria-level=\"1\"><b>Strefa 21 i Strefa 22<\/b><span style=\"font-weight: 400;\"> (py\u0142y): gdzie atmosfery wybuchowe mog\u0105 powstawa\u0107 w wyniku obecno\u015bci py\u0142\u00f3w palnych podczas normalnej pracy.<\/span><\/li>\n<\/ul>\n<p><span style=\"font-weight: 400;\">Ka\u017cda jednostka z certyfikatem ATEX dostarczana jest z pe\u0142n\u0105 dokumentacj\u0105, w tym:<\/span><\/p>\n<ul>\n<li style=\"font-weight: 400;\" aria-level=\"1\"><span style=\"font-weight: 400;\">Deklaracja zgodno\u015bci<\/span><\/li>\n<li style=\"font-weight: 400;\" aria-level=\"1\"><span style=\"font-weight: 400;\">Dokumentacja dotycz\u0105ca ochrony przeciwwybuchowej<\/span><\/li>\n<li style=\"font-weight: 400;\" aria-level=\"1\"><span style=\"font-weight: 400;\">Instrukcja obs\u0142ugi i konserwacji z instrukcjami specyficznymi dla ATEX<\/span><\/li>\n<\/ul>\n<p><b>Charakterystyka techniczna<\/b><\/p>\n<p><span style=\"font-weight: 400;\">Dostarczane przez nas \u017curawie z certyfikatem ATEX s\u0105 specjalnie zaprojektowane, aby zapewni\u0107 bezpieczn\u0105 prac\u0119 w \u015brodowiskach zagro\u017conych wybuchem. Systemy elektryczne s\u0105 ca\u0142kowicie uszczelnione, aby zapobiec przedostawaniu si\u0119 gaz\u00f3w lub py\u0142\u00f3w, a wszystkie kluczowe komponenty \u2014 takie jak akumulatory, z\u0142\u0105cza, czujniki i jednostki steruj\u0105ce \u2014 posiadaj\u0105 zatwierdzenie ATEX. Aby zminimalizowa\u0107 ryzyko zap\u0142onu, zar\u00f3wno ze \u017ar\u00f3de\u0142 elektrycznych, jak i mechanicznych, \u017curawie s\u0105 produkowane z wykorzystaniem komponent\u00f3w i materia\u0142\u00f3w, kt\u00f3re ograniczaj\u0105 temperatur\u0119 powierzchni i eliminuj\u0105 ryzyko iskrzenia. Te kluczowe czynniki zapewniaj\u0105, \u017ce \u017curawie mog\u0105 dzia\u0142a\u0107 niezawodnie i bezpiecznie nawet w \u015bci\u015ble regulowanych strefach wybuchowych, zachowuj\u0105c jednocze\u015bnie trwa\u0142o\u015b\u0107 i funkcjonalno\u015b\u0107 w wymagaj\u0105cych warunkach.<\/span><\/p>\n<p>[\/et_pb_text][\/et_pb_column][\/et_pb_row][\/et_pb_section]<\/p>\n","protected":false},"excerpt":{"rendered":"<p><div class=\"et_pb_module lwp_divi_breadcrumbs lwp_divi_breadcrumbs_0\">\n\t\t\t\t\n\t\t\t\t\n\t\t\t\t\n\t\t\t\t\n\t\t\t\t\n\t\t\t\t\n\t\t\t\t<div class=\"et_pb_module_inner\">\n\t\t\t\t\t<div class=\"lwp-breadcrumbs\"> <span class=\"before\"><\/span> <span vocab=\"https:\/\/schema.org\/\" typeof=\"BreadcrumbList\"><span property=\"itemListElement\" typeof=\"ListItem\"><a property=\"item\" typeof=\"WebPage\" href=\"https:\/\/liftingfx.girafdev.com\/pl\/\" class=\"home\"><span property=\"name\">Home<\/span><\/a><meta property=\"position\" content=\"1\"><\/span> <span class=\"separator et-pb-icon\">&amp;#x39;<\/span> <\/span><\/div>\n\t\t\t\t<\/div>\n\t\t\t<\/div>\u017burawie Flex Lifting mog\u0105 by\u0107 dostosowane do pracy w \u015brodowiskach niebezpiecznych, takich jak zak\u0142ady chemiczne i petrochemiczne, miejsca wydobycia ropy naftowej i gazu, operacje g\u00f3rnicze oraz obszary budowy lub konserwacji tuneli. S\u0105 to sektory, w kt\u00f3rych bezpiecze\u0144stwo, niezawodno\u015b\u0107 i zgodno\u015b\u0107 z normami mi\u0119dzynarodowymi s\u0105 niezb\u0119dne. Certyfikacja ATEX na \u017c\u0105danie Wersje naszych [&hellip;]<\/p>\n","protected":false},"author":11,"featured_media":0,"parent":0,"menu_order":0,"comment_status":"closed","ping_status":"closed","template":"","meta":{"_acf_changed":false,"_et_pb_use_builder":"on","_et_pb_old_content":"","_et_gb_content_width":"","footnotes":""},"class_list":["post-318476","page","type-page","status-publish","hentry"],"acf":[],"_links":{"self":[{"href":"https:\/\/liftingfx.girafdev.com\/pl\/wp-json\/wp\/v2\/pages\/318476","targetHints":{"allow":["GET"]}}],"collection":[{"href":"https:\/\/liftingfx.girafdev.com\/pl\/wp-json\/wp\/v2\/pages"}],"about":[{"href":"https:\/\/liftingfx.girafdev.com\/pl\/wp-json\/wp\/v2\/types\/page"}],"author":[{"embeddable":true,"href":"https:\/\/liftingfx.girafdev.com\/pl\/wp-json\/wp\/v2\/users\/11"}],"replies":[{"embeddable":true,"href":"https:\/\/liftingfx.girafdev.com\/pl\/wp-json\/wp\/v2\/comments?post=318476"}],"version-history":[{"count":4,"href":"https:\/\/liftingfx.girafdev.com\/pl\/wp-json\/wp\/v2\/pages\/318476\/revisions"}],"predecessor-version":[{"id":318889,"href":"https:\/\/liftingfx.girafdev.com\/pl\/wp-json\/wp\/v2\/pages\/318476\/revisions\/318889"}],"wp:attachment":[{"href":"https:\/\/liftingfx.girafdev.com\/pl\/wp-json\/wp\/v2\/media?parent=318476"}],"curies":[{"name":"wp","href":"https:\/\/api.w.org\/{rel}","templated":true}]}}