{"id":318430,"date":"2025-06-19T07:17:21","date_gmt":"2025-06-19T05:17:21","guid":{"rendered":"https:\/\/liftingfx.girafdev.com?page_id=318430"},"modified":"2025-07-26T06:17:57","modified_gmt":"2025-07-26T04:17:57","slug":"dzwigi-z-certyfikatem-ul","status":"publish","type":"page","link":"https:\/\/liftingfx.girafdev.com\/pl\/dzwigi-z-certyfikatem-ul\/","title":{"rendered":"D\u0179WIGI Z CERTYFIKATEM UL"},"content":{"rendered":"<p>[et_pb_section fb_built=&#8221;1&#8243; _builder_version=&#8221;4.25.2&#8243; _module_preset=&#8221;default&#8221; background_color=&#8221;#000000&#8243; background_image=&#8221;https:\/\/liftingfx.girafdev.comwp-content\/uploads\/2024\/07\/pattren-123-20356-222025.png&#8221; background_size=&#8221;contain&#8221; background_position=&#8221;center_left&#8221; background_horizontal_offset=&#8221;100%&#8221; custom_margin=&#8221;|||0px|false|false&#8221; custom_padding=&#8221;8%|||0px|false|false&#8221; background_last_edited=&#8221;on|tablet&#8221; background_size_tablet=&#8221;cover&#8221; background_size_phone=&#8221;cover&#8221; da_disable_devices=&#8221;off|off|off&#8221; locked=&#8221;off&#8221; global_colors_info=&#8221;{}&#8221; da_is_popup=&#8221;off&#8221; da_exit_intent=&#8221;off&#8221; da_has_close=&#8221;on&#8221; da_alt_close=&#8221;off&#8221; da_dark_close=&#8221;off&#8221; da_not_modal=&#8221;on&#8221; da_is_singular=&#8221;off&#8221; da_with_loader=&#8221;off&#8221; da_has_shadow=&#8221;on&#8221;][et_pb_row column_structure=&#8221;2_3,1_3&#8243; _builder_version=&#8221;4.27.3&#8243; _module_preset=&#8221;default&#8221; custom_margin=&#8221;|auto|||false|false&#8221; custom_padding=&#8221;81px|||||&#8221; hover_enabled=&#8221;0&#8243; global_colors_info=&#8221;{}&#8221; module_class=&#8221;bn-head&#8221; sticky_enabled=&#8221;0&#8243;][et_pb_column type=&#8221;2_3&#8243; _builder_version=&#8221;4.22.2&#8243; _module_preset=&#8221;default&#8221; global_colors_info=&#8221;{}&#8221;][et_pb_heading title=&#8221;D\u017awigi z certyfikatem UL&#8221; _builder_version=&#8221;4.27.3&#8243; _module_preset=&#8221;default&#8221; title_font=&#8221;Poppins|700||on|||||&#8221; title_text_color=&#8221;#FFFFFF&#8221; title_font_size=&#8221;60px&#8221; title_font_size_tablet=&#8221;60px&#8221; title_font_size_phone=&#8221;30px&#8221; title_font_size_last_edited=&#8221;on|phone&#8221; global_colors_info=&#8221;{}&#8221;][\/et_pb_heading][\/et_pb_column][et_pb_column type=&#8221;1_3&#8243; _builder_version=&#8221;4.22.2&#8243; _module_preset=&#8221;default&#8221; global_colors_info=&#8221;{}&#8221;][et_pb_image src=&#8221;https:\/\/liftingfx.girafdev.comwp-content\/uploads\/2025\/06\/ulimg.png&#8221; title_text=&#8221;ulimg&#8221; _builder_version=&#8221;4.27.3&#8243; _module_preset=&#8221;default&#8221; hover_enabled=&#8221;0&#8243; global_colors_info=&#8221;{}&#8221; width=&#8221;40%&#8221; sticky_enabled=&#8221;0&#8243;][\/et_pb_image][\/et_pb_column][\/et_pb_row][et_pb_row _builder_version=&#8221;4.22.2&#8243; _module_preset=&#8221;default&#8221; custom_margin=&#8221;|auto|||false|false&#8221; border_width_top=&#8221;1px&#8221; border_color_top=&#8221;#444444&#8243; global_colors_info=&#8221;{}&#8221;][et_pb_column type=&#8221;4_4&#8243; _builder_version=&#8221;4.22.2&#8243; _module_preset=&#8221;default&#8221; global_colors_info=&#8221;{}&#8221;][lwp_divi_breadcrumbs _builder_version=&#8221;4.22.2&#8243; _module_preset=&#8221;default&#8221; module_text_color=&#8221;#e2e2e2&#8243; global_colors_info=&#8221;{}&#8221;][\/lwp_divi_breadcrumbs][\/et_pb_column][\/et_pb_row][\/et_pb_section][et_pb_section fb_built=&#8221;1&#8243; _builder_version=&#8221;4.22.2&#8243; _module_preset=&#8221;default&#8221; custom_padding=&#8221;20px|||||&#8221; top_divider_style=&#8221;waves2&#8243; top_divider_color=&#8221;#E02B20&#8243; top_divider_height=&#8221;33px&#8221; top_divider_flip=&#8221;vertical&#8221; da_disable_devices=&#8221;off|off|off&#8221; global_colors_info=&#8221;{}&#8221; da_is_popup=&#8221;off&#8221; da_exit_intent=&#8221;off&#8221; da_has_close=&#8221;on&#8221; da_alt_close=&#8221;off&#8221; da_dark_close=&#8221;off&#8221; da_not_modal=&#8221;on&#8221; da_is_singular=&#8221;off&#8221; da_with_loader=&#8221;off&#8221; da_has_shadow=&#8221;on&#8221;][et_pb_row _builder_version=&#8221;4.22.2&#8243; _module_preset=&#8221;default&#8221; global_colors_info=&#8221;{}&#8221;][et_pb_column type=&#8221;4_4&#8243; _builder_version=&#8221;4.22.2&#8243; _module_preset=&#8221;default&#8221; global_colors_info=&#8221;{}&#8221;][\/et_pb_column][\/et_pb_row][et_pb_row disabled_on=&#8221;off|off|off&#8221; _builder_version=&#8221;4.27.3&#8243; _module_preset=&#8221;default&#8221; global_colors_info=&#8221;{}&#8221;][et_pb_column type=&#8221;4_4&#8243; _builder_version=&#8221;4.27.3&#8243; _dynamic_attributes=&#8221;link_option_url&#8221; _module_preset=&#8221;default&#8221; link_option_url=&#8221;@ET-DC@eyJkeW5hbWljIjp0cnVlLCJjb250ZW50IjoicG9zdF9saW5rX3VybF9wYWdlIiwic2V0dGluZ3MiOnsicG9zdF9pZCI6IjIxMDkyIn19@&#8221; global_colors_info=&#8221;{}&#8221;][et_pb_image src=&#8221;https:\/\/liftingfx.girafdev.comwp-content\/uploads\/2025\/06\/img55.jpg&#8221; title_text=&#8221;img55&#8243; _builder_version=&#8221;4.27.3&#8243; _module_preset=&#8221;default&#8221; global_colors_info=&#8221;{}&#8221;][\/et_pb_image][\/et_pb_column][\/et_pb_row][\/et_pb_section][et_pb_section fb_built=&#8221;1&#8243; module_class=&#8221;under_hook&#8221; _builder_version=&#8221;4.25.2&#8243; _module_preset=&#8221;default&#8221; background_enable_color=&#8221;off&#8221; background_image=&#8221;https:\/\/liftingfx.girafdev.comwp-content\/uploads\/2022\/05\/mini-gru-500-kg-motorizzata-Flex-G500SB-con-trazione-elettrica.jpg&#8221; parallax=&#8221;on&#8221; parallax_method=&#8221;off&#8221; da_disable_devices=&#8221;off|off|off&#8221; locked=&#8221;off&#8221; global_colors_info=&#8221;{}&#8221; da_is_popup=&#8221;off&#8221; da_exit_intent=&#8221;off&#8221; da_has_close=&#8221;on&#8221; da_alt_close=&#8221;off&#8221; da_dark_close=&#8221;off&#8221; da_not_modal=&#8221;on&#8221; da_is_singular=&#8221;off&#8221; da_with_loader=&#8221;off&#8221; da_has_shadow=&#8221;on&#8221;][et_pb_row column_structure=&#8221;1_4,3_4&#8243; _builder_version=&#8221;4.25.2&#8243; _module_preset=&#8221;default&#8221; global_colors_info=&#8221;{}&#8221;][et_pb_column type=&#8221;1_4&#8243; _builder_version=&#8221;4.22.2&#8243; _module_preset=&#8221;default&#8221; global_colors_info=&#8221;{}&#8221;][et_pb_icon font_icon=&#8221;&#xf0a4;||fa||400&#8243; icon_color=&#8221;#ffffff&#8221; disabled_on=&#8221;on|on|off&#8221; _builder_version=&#8221;4.27.3&#8243; _module_preset=&#8221;default&#8221; global_colors_info=&#8221;{}&#8221;][\/et_pb_icon][et_pb_icon font_icon=&#8221;&#xf0a7;||fa||400&#8243; icon_color=&#8221;#ffffff&#8221; disabled_on=&#8221;off|off|on&#8221; _builder_version=&#8221;4.27.3&#8243; _module_preset=&#8221;default&#8221; global_colors_info=&#8221;{}&#8221;][\/et_pb_icon][\/et_pb_column][et_pb_column type=&#8221;3_4&#8243; _builder_version=&#8221;4.22.2&#8243; _module_preset=&#8221;default&#8221; global_colors_info=&#8221;{}&#8221;][et_pb_heading title=&#8221;Mobilne d\u017awigi z certyfikatem UL na rynek p\u00f3\u0142nocnoameryka\u0144ski&#8221; admin_label=&#8221;Header&#8221; _builder_version=&#8221;4.27.3&#8243; _module_preset=&#8221;default&#8221; title_level=&#8221;h3&#8243; title_text_align=&#8221;center&#8221; title_text_color=&#8221;#ec1c24&#8243; custom_margin=&#8221;||35px||false|false&#8221; global_colors_info=&#8221;{}&#8221;][\/et_pb_heading][et_pb_heading title=&#8221;CERTYFIKACJA UL DOST\u0118PNA W PRAWIE WSZYSTKICH NASZYCH MODELACH Z KR\u00d3TKIMI TERMINAMI REALIZACJI&#8221; admin_label=&#8221;Header&#8221; _builder_version=&#8221;4.27.3&#8243; _module_preset=&#8221;default&#8221; title_level=&#8221;h2&#8243; title_text_align=&#8221;center&#8221; title_text_color=&#8221;#ec1c24&#8243; title_line_height=&#8221;1.5em&#8221; custom_margin=&#8221;||35px||false|false&#8221; custom_padding=&#8221;15px||||false|false&#8221; global_colors_info=&#8221;{}&#8221;][\/et_pb_heading][\/et_pb_column][\/et_pb_row][\/et_pb_section][et_pb_section fb_built=&#8221;1&#8243; _builder_version=&#8221;4.27.3&#8243; _module_preset=&#8221;default&#8221; da_disable_devices=&#8221;off|off|off&#8221; global_colors_info=&#8221;{}&#8221; da_is_popup=&#8221;off&#8221; da_exit_intent=&#8221;off&#8221; da_has_close=&#8221;on&#8221; da_alt_close=&#8221;off&#8221; da_dark_close=&#8221;off&#8221; da_not_modal=&#8221;on&#8221; da_is_singular=&#8221;off&#8221; da_with_loader=&#8221;off&#8221; da_has_shadow=&#8221;on&#8221;][et_pb_row _builder_version=&#8221;4.27.3&#8243; _module_preset=&#8221;default&#8221; global_colors_info=&#8221;{}&#8221;][et_pb_column type=&#8221;4_4&#8243; _builder_version=&#8221;4.27.3&#8243; _module_preset=&#8221;default&#8221; global_colors_info=&#8221;{}&#8221;][et_pb_text _builder_version=&#8221;4.27.3&#8243; _module_preset=&#8221;default&#8221; global_colors_info=&#8221;{}&#8221;]<\/p>\n<p><span style=\"font-weight: 400;\">Certyfikat UL to globalnie rozpoznawalny znak bezpiecze\u0144stwa i jako\u015bci, wydawany przez niezale\u017cn\u0105 organizacj\u0119 z siedzib\u0105 w Stanach Zjednoczonych. Produkt posiadaj\u0105cy <\/span><b>certyfikat UL<\/b><span style=\"font-weight: 400;\"> oznacza, \u017ce ca\u0142y system przeszed\u0142 rygorystyczne testy i spe\u0142nia specyficzne normy bezpiecze\u0144stwa oraz wydajno\u015bci wymagane na rynku p\u00f3\u0142nocnoameryka\u0144skim.<\/span><\/p>\n<p><span style=\"font-weight: 400;\">Certyfikat ten jest szczeg\u00f3lnie wa\u017cny dla urz\u0105dze\u0144 elektrycznych i przemys\u0142owych, poniewa\u017c zapewnia zgodno\u015b\u0107 produkt\u00f3w z przepisami USA dotycz\u0105cymi zagro\u017ce\u0144 po\u017carowych, pora\u017cenia pr\u0105dem elektrycznym, zagro\u017ce\u0144 mechanicznych oraz integralno\u015bci systemu. W bran\u017cy d\u017awigowej obejmuje to ocen\u0119 takich element\u00f3w jak panele elektryczne, silniki, systemy sterowania oraz urz\u0105dzenia zabezpieczaj\u0105ce \u2014 oceniane jako zintegrowany system.<\/span><\/p>\n<p><span style=\"font-weight: 400;\">Cho\u0107 certyfikat UL nie jest obowi\u0105zkowy poza USA, stanowi kluczowy wym\u00f3g sprzeda\u017cy i instalacji sprz\u0119tu w USA i Kanadzie. Poza zgodno\u015bci\u0105 z przepisami, certyfikat jest r\u00f3wnie\u017c silnym sygna\u0142em niezawodno\u015bci technicznej, jako\u015bci produkcji i zaanga\u017cowania w bezpiecze\u0144stwo \u2014 cech wysoko cenionych przez klient\u00f3w, integrator\u00f3w i inspektor\u00f3w bezpiecze\u0144stwa.<\/span><\/p>\n<p><b>Prawie wszystkie nasze d\u017awigi wyposa\u017cone w systemy elektryczne mog\u0105 zosta\u0107 certyfikowane UL<\/b><span style=\"font-weight: 400;\">, co zapewnia spe\u0142nienie wszystkich obowi\u0105zuj\u0105cych norm bezpiecze\u0144stwa oraz mo\u017cliwo\u015b\u0107 bezproblemowej integracji w instalacjach wymagaj\u0105cych pe\u0142nej zgodno\u015bci z przepisami p\u00f3\u0142nocnoameryka\u0144skimi.<\/span><\/p>\n<p><span style=\"font-weight: 400;\">Nasze skupienie na rozwi\u0105zaniach z certyfikatem UL odzwierciedla nasze zobowi\u0105zanie do oferowania bezpiecznego, niezawodnego i globalnie uznanego sprz\u0119tu, kt\u00f3ry wspiera najbardziej wymagaj\u0105ce \u015brodowiska pracy.<\/span><\/p>\n<p>[\/et_pb_text][\/et_pb_column][\/et_pb_row][\/et_pb_section]<\/p>\n","protected":false},"excerpt":{"rendered":"<p><div class=\"et_pb_module lwp_divi_breadcrumbs lwp_divi_breadcrumbs_0\">\n\t\t\t\t\n\t\t\t\t\n\t\t\t\t\n\t\t\t\t\n\t\t\t\t\n\t\t\t\t\n\t\t\t\t<div class=\"et_pb_module_inner\">\n\t\t\t\t\t<div class=\"lwp-breadcrumbs\"> <span class=\"before\"><\/span> <span vocab=\"https:\/\/schema.org\/\" typeof=\"BreadcrumbList\"><span property=\"itemListElement\" typeof=\"ListItem\"><a property=\"item\" typeof=\"WebPage\" href=\"https:\/\/liftingfx.girafdev.com\/pl\/\" class=\"home\"><span property=\"name\">Home<\/span><\/a><meta property=\"position\" content=\"1\"><\/span> <span class=\"separator et-pb-icon\">&amp;#x39;<\/span> <\/span><\/div>\n\t\t\t\t<\/div>\n\t\t\t<\/div>Certyfikat UL to globalnie rozpoznawalny znak bezpiecze\u0144stwa i jako\u015bci, wydawany przez niezale\u017cn\u0105 organizacj\u0119 z siedzib\u0105 w Stanach Zjednoczonych. Produkt posiadaj\u0105cy certyfikat UL oznacza, \u017ce ca\u0142y system przeszed\u0142 rygorystyczne testy i spe\u0142nia specyficzne normy bezpiecze\u0144stwa oraz wydajno\u015bci wymagane na rynku p\u00f3\u0142nocnoameryka\u0144skim. Certyfikat ten jest szczeg\u00f3lnie wa\u017cny dla urz\u0105dze\u0144 elektrycznych i przemys\u0142owych, poniewa\u017c [&hellip;]<\/p>\n","protected":false},"author":11,"featured_media":0,"parent":0,"menu_order":0,"comment_status":"closed","ping_status":"closed","template":"","meta":{"_acf_changed":false,"_et_pb_use_builder":"on","_et_pb_old_content":"","_et_gb_content_width":"","footnotes":""},"class_list":["post-318430","page","type-page","status-publish","hentry"],"acf":[],"_links":{"self":[{"href":"https:\/\/liftingfx.girafdev.com\/pl\/wp-json\/wp\/v2\/pages\/318430","targetHints":{"allow":["GET"]}}],"collection":[{"href":"https:\/\/liftingfx.girafdev.com\/pl\/wp-json\/wp\/v2\/pages"}],"about":[{"href":"https:\/\/liftingfx.girafdev.com\/pl\/wp-json\/wp\/v2\/types\/page"}],"author":[{"embeddable":true,"href":"https:\/\/liftingfx.girafdev.com\/pl\/wp-json\/wp\/v2\/users\/11"}],"replies":[{"embeddable":true,"href":"https:\/\/liftingfx.girafdev.com\/pl\/wp-json\/wp\/v2\/comments?post=318430"}],"version-history":[{"count":4,"href":"https:\/\/liftingfx.girafdev.com\/pl\/wp-json\/wp\/v2\/pages\/318430\/revisions"}],"predecessor-version":[{"id":320259,"href":"https:\/\/liftingfx.girafdev.com\/pl\/wp-json\/wp\/v2\/pages\/318430\/revisions\/320259"}],"wp:attachment":[{"href":"https:\/\/liftingfx.girafdev.com\/pl\/wp-json\/wp\/v2\/media?parent=318430"}],"curies":[{"name":"wp","href":"https:\/\/api.w.org\/{rel}","templated":true}]}}