{"id":291855,"date":"2022-02-17T14:53:19","date_gmt":"2022-02-17T13:53:19","guid":{"rendered":"https:\/\/flexlifting.girafdev.com\/?page_id=291855"},"modified":"2025-01-29T08:44:19","modified_gmt":"2025-01-29T07:44:19","slug":"przemysl-farmaceutyczny","status":"publish","type":"page","link":"https:\/\/liftingfx.girafdev.com\/pl\/sektory\/przemysl-farmaceutyczny\/","title":{"rendered":"PRZEMYS\u0141 FARMACEUTYCZNY"},"content":{"rendered":"<p>[et_pb_section fb_built=&#8221;1&#8243; admin_label=&#8221;section&#8221; _builder_version=&#8221;4.16&#8243; da_disable_devices=&#8221;off|off|off&#8221; global_colors_info=&#8221;{}&#8221; da_is_popup=&#8221;off&#8221; da_exit_intent=&#8221;off&#8221; da_has_close=&#8221;on&#8221; da_alt_close=&#8221;off&#8221; da_dark_close=&#8221;off&#8221; da_not_modal=&#8221;on&#8221; da_is_singular=&#8221;off&#8221; da_with_loader=&#8221;off&#8221; da_has_shadow=&#8221;on&#8221;][et_pb_row admin_label=&#8221;row&#8221; _builder_version=&#8221;4.16&#8243; background_size=&#8221;initial&#8221; background_position=&#8221;top_left&#8221; background_repeat=&#8221;repeat&#8221; global_colors_info=&#8221;{}&#8221;][et_pb_column type=&#8221;4_4&#8243; _builder_version=&#8221;4.16&#8243; custom_padding=&#8221;|||&#8221; global_colors_info=&#8221;{}&#8221; custom_padding__hover=&#8221;|||&#8221;][et_pb_text admin_label=&#8221;Text&#8221; _builder_version=&#8221;4.27.3&#8243; background_size=&#8221;initial&#8221; background_position=&#8221;top_left&#8221; background_repeat=&#8221;repeat&#8221; hover_enabled=&#8221;0&#8243; global_colors_info=&#8221;{}&#8221; sticky_enabled=&#8221;0&#8243;]<\/p>\n<h2><strong>Ergonomiczne i elastyczne rozwi\u0105zania ze STALI NIERDZEWNEJ dla przemys\u0142u farmaceutycznegoo<\/strong><\/h2>\n<p>&nbsp;<\/p>\n<p>Flex lifting oferuje gam\u0119 \u017curawi samojezdnych z przeciwwag\u0105 do przenoszenia i podnoszenia pojemnik\u00f3w, komponent\u00f3w linii pakuj\u0105cych, urz\u0105dze\u0144 do pakowania i \u0142adunk\u00f3w masowych dla przemys\u0142u farmaceutycznego. W szczeg\u00f3lno\u015bci modele wykonane <strong>ze stali nierdzewnej AISI 316 i 304<\/strong> gwarantuj\u0105 ochron\u0119 antykorozyjn\u0105 przed czynnikami chemicznymi i zapewniaj\u0105 zgodno\u015b\u0107 z najbardziej rygorystycznymi normami higieny.<\/p>\n<p>Ergonomia i elastyczno\u015b\u0107 naszych \u017curawi samojezdnych u\u0142atwia przygotowanie nowych dedykowanych uk\u0142ad\u00f3w i ochron\u0119 zdrowia pracownik\u00f3w zgodnie z obowi\u0105zuj\u0105cymi przepisami bezpiecze\u0144stwa.<\/p>\n<div class=\"mgl-root\" data-gallery-options=\"{&quot;image_ids&quot;:[&quot;289531&quot;,&quot;289501&quot;,&quot;289491&quot;,&quot;289481&quot;],&quot;id&quot;:&quot;69f8e1cc6cbb9&quot;,&quot;size&quot;:&quot;large&quot;,&quot;infinite&quot;:false,&quot;custom_class&quot;:null,&quot;link&quot;:&quot;file&quot;,&quot;is_preview&quot;:false,&quot;updir&quot;:&quot;https:\\\/\\\/liftingfx.girafdev.com\\\/wp-content\\\/uploads\\\/&quot;,&quot;captions&quot;:&quot;none&quot;,&quot;animation&quot;:false,&quot;layout&quot;:&quot;square&quot;,&quot;justified_row_height&quot;:200,&quot;justified_gutter&quot;:5,&quot;masonry_gutter&quot;:5,&quot;masonry_columns&quot;:3,&quot;square_gutter&quot;:5,&quot;square_columns&quot;:&quot;4&quot;,&quot;cascade_gutter&quot;:5,&quot;class_id&quot;:&quot;mgl-gallery-69f8e1cc6cbb9&quot;,&quot;layouts&quot;:[],&quot;tiles_gutter&quot;:5,&quot;tiles_gutter_tablet&quot;:5,&quot;tiles_gutter_mobile&quot;:5,&quot;tiles_density&quot;:&quot;high&quot;,&quot;tiles_density_tablet&quot;:&quot;medium&quot;,&quot;tiles_density_mobile&quot;:&quot;low&quot;,&quot;horizontal_gutter&quot;:5,&quot;horizontal_image_height&quot;:500,&quot;horizontal_hide_scrollbar&quot;:false,&quot;carousel_gutter&quot;:5,&quot;carousel_arrow_nav_enabled&quot;:true,&quot;carousel_dot_nav_enabled&quot;:true,&quot;carousel_image_height&quot;:500,&quot;map_gutter&quot;:10,&quot;map_height&quot;:400}\" data-gallery-images=\"[]\" data-atts=\"{&quot;link&quot;:&quot;file&quot;,&quot;columns&quot;:&quot;4&quot;,&quot;ids&quot;:&quot;289531,289501,289491,289481&quot;,&quot;layout&quot;:&quot;square&quot;}\"><div class=\"mgl-gallery-container\"><\/div><div class=\"mgl-gallery-images\"><\/div><\/div>\n<p>[\/et_pb_text][\/et_pb_column][\/et_pb_row][\/et_pb_section]<\/p>\n","protected":false},"excerpt":{"rendered":"<p>Ergonomiczne i elastyczne rozwi\u0105zania ze STALI NIERDZEWNEJ dla przemys\u0142u farmaceutycznegoo &nbsp; Flex lifting oferuje gam\u0119 \u017curawi samojezdnych z przeciwwag\u0105 do przenoszenia i podnoszenia pojemnik\u00f3w, komponent\u00f3w linii pakuj\u0105cych, urz\u0105dze\u0144 do pakowania i \u0142adunk\u00f3w masowych dla przemys\u0142u farmaceutycznego. W szczeg\u00f3lno\u015bci modele wykonane ze stali nierdzewnej AISI 316 i 304 gwarantuj\u0105 ochron\u0119 antykorozyjn\u0105 przed czynnikami chemicznymi i zapewniaj\u0105 [&hellip;]<\/p>\n","protected":false},"author":9,"featured_media":0,"parent":291638,"menu_order":0,"comment_status":"closed","ping_status":"closed","template":"","meta":{"_acf_changed":false,"_et_pb_use_builder":"on","_et_pb_old_content":"<h2><strong>Ergonomiczne rozwi\u0105zania podnosz\u0105ce ze stali nierdzewnej dla przemys\u0142u farmaceutycznego<\/strong><\/h2>\r\n\u00a0\r\n\r\n<strong>\u017burawie ze stali nierdzewnej<\/strong> s\u0105 idealnym rozwi\u0105zaniem dla przemys\u0142u farmaceutycznego, gdzie kluczowa jest higiena i bezpiecze\u0144stwo.\r\n\r\nFlex Lifting oferuje <strong>urz\u0105dzenia d\u017awigowe ze stali nierdzewnej<\/strong>, zaprojektowane z my\u015bl\u0105 o specyficznych potrzebach tej bran\u017cy.\r\n\r\n<strong>\u017burawie Flex Lifting ze stali nierdzewnej<\/strong> s\u0105 cz\u0119sto wykorzystywane w przemy\u015ble farmaceutycznym do wykonywania nast\u0119puj\u0105cych czynno\u015bci:\r\n<ul>\r\n \t<li>transport surowc\u00f3w, p\u00f3\u0142produkt\u00f3w i wyrob\u00f3w gotowych w obr\u0119bie zak\u0142ad\u00f3w produkcyjnych<\/li>\r\n \t<li>sk\u0142adowanie i odzysk materia\u0142\u00f3w w magazynach i sk\u0142adach<\/li>\r\n \t<li>instalacja, konserwacja i naprawa maszyn i urz\u0105dze\u0144<\/li>\r\n \t<li>transport pr\u00f3bek i odczynnik\u00f3w do laboratori\u00f3w badawczo-rozwojowych<\/li>\r\n<\/ul>\r\nNasze \u017curawie z wysuwanym ramieniem ze stali nierdzewnej charakteryzuj\u0105 si\u0119:\r\n<ul>\r\n \t<li>Solidna konstrukcja: \u017curawie wykonane s\u0105 z wysokiej jako\u015bci stali nierdzewnej, kt\u00f3ra zapewnia wytrzyma\u0142o\u015b\u0107 i trwa\u0142o\u015b\u0107<\/li>\r\n \t<li>Higieniczna konstrukcja: G\u0142adkie, nieporowate powierzchnie ze stali nierdzewnej u\u0142atwiaj\u0105 czyszczenie i odka\u017canie, zapobiegaj\u0105c zanieczyszczeniu<\/li>\r\n \t<li>Niezawodno\u015b\u0107: \u017burawie Flex Lifting zaprojektowano tak, aby zapewnia\u0142y niezawodn\u0105 i d\u0142ugotrwa\u0142\u0105 prac\u0119, redukuj\u0105c koszty konserwacji i eksploatacji<\/li>\r\n \t<li>Bezpiecze\u0144stwo: \u017burawie Flex Lifting zapewniaj\u0105 maksymalne bezpiecze\u0144stwo operatora i produktu dzi\u0119ki solidnej konstrukcji i zintegrowanym funkcjom bezpiecze\u0144stwa<\/li>\r\n<\/ul>\r\n[gallery link=\"file\" columns=\"4\" ids=\"289531,289501,289491,289481\"]","_et_gb_content_width":"","footnotes":""},"class_list":["post-291855","page","type-page","status-publish","hentry"],"acf":[],"_links":{"self":[{"href":"https:\/\/liftingfx.girafdev.com\/pl\/wp-json\/wp\/v2\/pages\/291855","targetHints":{"allow":["GET"]}}],"collection":[{"href":"https:\/\/liftingfx.girafdev.com\/pl\/wp-json\/wp\/v2\/pages"}],"about":[{"href":"https:\/\/liftingfx.girafdev.com\/pl\/wp-json\/wp\/v2\/types\/page"}],"author":[{"embeddable":true,"href":"https:\/\/liftingfx.girafdev.com\/pl\/wp-json\/wp\/v2\/users\/9"}],"replies":[{"embeddable":true,"href":"https:\/\/liftingfx.girafdev.com\/pl\/wp-json\/wp\/v2\/comments?post=291855"}],"version-history":[{"count":9,"href":"https:\/\/liftingfx.girafdev.com\/pl\/wp-json\/wp\/v2\/pages\/291855\/revisions"}],"predecessor-version":[{"id":308745,"href":"https:\/\/liftingfx.girafdev.com\/pl\/wp-json\/wp\/v2\/pages\/291855\/revisions\/308745"}],"up":[{"embeddable":true,"href":"https:\/\/liftingfx.girafdev.com\/pl\/wp-json\/wp\/v2\/pages\/291638"}],"wp:attachment":[{"href":"https:\/\/liftingfx.girafdev.com\/pl\/wp-json\/wp\/v2\/media?parent=291855"}],"curies":[{"name":"wp","href":"https:\/\/api.w.org\/{rel}","templated":true}]}}