{"id":279136,"date":"2024-06-11T14:13:12","date_gmt":"2024-06-11T12:13:12","guid":{"rendered":"https:\/\/bigleap.tech\/flex2\/?page_id=279136"},"modified":"2025-05-28T12:09:28","modified_gmt":"2025-05-28T10:09:28","slug":"our-production-pol","status":"publish","type":"page","link":"https:\/\/liftingfx.girafdev.com\/pl\/o-nas\/our-production-pol\/","title":{"rendered":"our production pol"},"content":{"rendered":"<p>[et_pb_section fb_built=&#8221;1&#8243; _builder_version=&#8221;4.22.2&#8243; _module_preset=&#8221;default&#8221; background_color=&#8221;#000000&#8243; background_image=&#8221;https:\/\/liftingfx.girafdev.comwp-content\/uploads\/2024\/07\/pattren-123-20356-222025.png&#8221; background_size=&#8221;contain&#8221; background_position=&#8221;center_left&#8221; background_horizontal_offset=&#8221;100%&#8221; custom_margin=&#8221;|||0px|false|false&#8221; custom_padding=&#8221;7%||15px|0px|false|false&#8221; background_last_edited=&#8221;on|tablet&#8221; background_size_tablet=&#8221;cover&#8221; background_size_phone=&#8221;cover&#8221; da_disable_devices=&#8221;off|off|off&#8221; locked=&#8221;off&#8221; global_colors_info=&#8221;{}&#8221; da_is_popup=&#8221;off&#8221; da_exit_intent=&#8221;off&#8221; da_has_close=&#8221;on&#8221; da_alt_close=&#8221;off&#8221; da_dark_close=&#8221;off&#8221; da_not_modal=&#8221;on&#8221; da_is_singular=&#8221;off&#8221; da_with_loader=&#8221;off&#8221; da_has_shadow=&#8221;on&#8221;][et_pb_row _builder_version=&#8221;4.22.2&#8243; _module_preset=&#8221;default&#8221; custom_margin=&#8221;|auto|||false|false&#8221; custom_padding=&#8221;81px|||||&#8221; global_colors_info=&#8221;{}&#8221;][et_pb_column type=&#8221;4_4&#8243; _builder_version=&#8221;4.22.2&#8243; _module_preset=&#8221;default&#8221; global_colors_info=&#8221;{}&#8221;][et_pb_heading title=&#8221;PRODUKCJA&#8221; admin_label=&#8221;Intestazione&#8221; _builder_version=&#8221;4.25.2&#8243; _module_preset=&#8221;default&#8221; title_font=&#8221;Poppins|700||on|||||&#8221; title_text_color=&#8221;#FFFFFF&#8221; title_font_size=&#8221;60px&#8221; global_colors_info=&#8221;{}&#8221;][\/et_pb_heading][\/et_pb_column][\/et_pb_row][et_pb_row _builder_version=&#8221;4.22.2&#8243; _module_preset=&#8221;default&#8221; custom_margin=&#8221;|auto|||false|false&#8221; border_width_top=&#8221;1px&#8221; border_color_top=&#8221;#444444&#8243; global_colors_info=&#8221;{}&#8221;][et_pb_column type=&#8221;4_4&#8243; _builder_version=&#8221;4.22.2&#8243; _module_preset=&#8221;default&#8221; global_colors_info=&#8221;{}&#8221;][lwp_divi_breadcrumbs separator_color=&#8221;#FFFFFF&#8221; current_text_color=&#8221;#FFFFFF&#8221; _builder_version=&#8221;4.27.3&#8243; _module_preset=&#8221;default&#8221; global_colors_info=&#8221;{}&#8221;][\/lwp_divi_breadcrumbs][\/et_pb_column][\/et_pb_row][\/et_pb_section][et_pb_section fb_built=&#8221;1&#8243; specialty=&#8221;on&#8221; module_class=&#8221;no-lightbox&#8221; _builder_version=&#8221;4.20.4&#8243; _module_preset=&#8221;default&#8221; custom_padding=&#8221;0px||0px||false|false&#8221; da_disable_devices=&#8221;off|off|off&#8221; locked=&#8221;off&#8221; global_colors_info=&#8221;{}&#8221; da_is_popup=&#8221;off&#8221; da_exit_intent=&#8221;off&#8221; da_has_close=&#8221;on&#8221; da_alt_close=&#8221;off&#8221; da_dark_close=&#8221;off&#8221; da_not_modal=&#8221;on&#8221; da_is_singular=&#8221;off&#8221; da_with_loader=&#8221;off&#8221; da_has_shadow=&#8221;on&#8221;][et_pb_column type=&#8221;1_2&#8243; specialty_columns=&#8221;2&#8243; _builder_version=&#8221;4.16&#8243; custom_padding=&#8221;|||&#8221; global_colors_info=&#8221;{}&#8221; custom_padding__hover=&#8221;|||&#8221;][et_pb_row_inner _builder_version=&#8221;4.16&#8243; _module_preset=&#8221;default&#8221; global_colors_info=&#8221;{}&#8221;][et_pb_column_inner saved_specialty_column_type=&#8221;1_2&#8243; _builder_version=&#8221;4.16&#8243; _module_preset=&#8221;default&#8221; global_colors_info=&#8221;{}&#8221;][et_pb_image src=&#8221;https:\/\/liftingfx.girafdev.comwp-content\/uploads\/2024\/11\/AXA-24-2-Photoroom.png&#8221; title_text=&#8221;AXA -24 (2)-Photoroom&#8221; force_fullwidth=&#8221;on&#8221; _builder_version=&#8221;4.27.3&#8243; _module_preset=&#8221;default&#8221; animation_style=&#8221;fade&#8221; box_shadow_style=&#8221;preset4&#8243; box_shadow_color=&#8221;#E02B20&#8243; global_colors_info=&#8221;{}&#8221;][\/et_pb_image][\/et_pb_column_inner][\/et_pb_row_inner][\/et_pb_column][et_pb_column type=&#8221;1_2&#8243; _builder_version=&#8221;4.16&#8243; custom_padding=&#8221;|||&#8221; global_colors_info=&#8221;{}&#8221; custom_padding__hover=&#8221;|||&#8221;][et_pb_blurb title=&#8221;R&#038;D&#8221; use_icon=&#8221;on&#8221; icon_placement=&#8221;left&#8221; content_max_width=&#8221;100%&#8221; image_icon_width_last_edited=&#8221;off|desktop&#8221; admin_label=&#8221;R&#038;D&#8221; _builder_version=&#8221;4.25.2&#8243; header_level=&#8221;h3&#8243; header_font=&#8221;Oswald|||on|||||&#8221; header_text_color=&#8221;#E02B20&#8243; header_font_size=&#8221;18px&#8221; header_letter_spacing=&#8221;2px&#8221; header_line_height=&#8221;1.7em&#8221; body_font=&#8221;Open Sans|600|||||||&#8221; body_font_size=&#8221;16px&#8221; body_line_height=&#8221;1.8em&#8221; animation_style=&#8221;slide&#8221; animation_direction=&#8221;right&#8221; border_color_all_image=&#8221;rgba(51,51,51,0)&#8221; border_style_all_image=&#8221;none&#8221; image_max_width_last_edited=&#8221;off|desktop&#8221; global_colors_info=&#8221;{}&#8221;]<\/p>\n<p>Nasz dzia\u0142 Bada\u0144 i Rozwoju zawsze koncentruje si\u0119 na ci\u0105g\u0142ym doskonaleniu technologicznym wszystkich naszych suwnic w celu zapewnienia niezawodnych i bezpiecznych warunk\u00f3w u\u017cytkowania i eksploatacji.<\/p>\n<p>[\/et_pb_blurb][et_pb_blurb title=&#8221;PROCES PRODUKCYJNY&#8221; use_icon=&#8221;on&#8221; icon_placement=&#8221;left&#8221; content_max_width=&#8221;100%&#8221; image_icon_width_last_edited=&#8221;off|desktop&#8221; admin_label=&#8221;MANUFACTURING&#8221; _builder_version=&#8221;4.25.2&#8243; header_level=&#8221;h3&#8243; header_font=&#8221;Oswald|||on|||||&#8221; header_text_color=&#8221;#E02B20&#8243; header_font_size=&#8221;18px&#8221; header_letter_spacing=&#8221;2px&#8221; header_line_height=&#8221;1.7em&#8221; body_font=&#8221;Open Sans|600|||||||&#8221; body_font_size=&#8221;16px&#8221; body_line_height=&#8221;1.8em&#8221; animation_style=&#8221;slide&#8221; animation_direction=&#8221;right&#8221; animation_duration=&#8221;1200ms&#8221; border_color_all_image=&#8221;rgba(51,51,51,0)&#8221; border_style_all_image=&#8221;none&#8221; image_max_width_last_edited=&#8221;off|desktop&#8221; global_colors_info=&#8221;{}&#8221;]<\/p>\n<p>Nasze procesy produkcyjne s\u0105 \u015bci\u015ble kontrolowane w celu zapewnienia zgodno\u015bci komponent\u00f3w we wszystkich naszych dzia\u0142ach. \u017burawie firmy Flex Lifting by AxA Group s\u0105 od ponad 50 lat synonimem niezawodno\u015bci, wytrzyma\u0142o\u015bci ergonomii i do\u015bwiadczenia.<\/p>\n<p>[\/et_pb_blurb][et_pb_blurb title=&#8221;SUPPLY CHAIN&#8221; use_icon=&#8221;on&#8221; icon_placement=&#8221;left&#8221; content_max_width=&#8221;100%&#8221; image_icon_width_last_edited=&#8221;off|desktop&#8221; admin_label=&#8221;SUPPLY CHAIN&#8221; _builder_version=&#8221;4.25.2&#8243; header_level=&#8221;h3&#8243; header_font=&#8221;Oswald|||on|||||&#8221; header_text_color=&#8221;#E02B20&#8243; header_font_size=&#8221;18px&#8221; header_letter_spacing=&#8221;2px&#8221; header_line_height=&#8221;1.7em&#8221; body_font=&#8221;Open Sans|600|||||||&#8221; body_font_size=&#8221;16px&#8221; body_line_height=&#8221;1.8em&#8221; animation_style=&#8221;slide&#8221; animation_direction=&#8221;right&#8221; animation_duration=&#8221;1400ms&#8221; border_color_all_image=&#8221;rgba(51,51,51,0)&#8221; border_style_all_image=&#8221;none&#8221; image_max_width_last_edited=&#8221;off|desktop&#8221; global_colors_info=&#8221;{}&#8221;]<\/p>\n<p>Od projektowania do monta\u017cu, od komponent\u00f3w po dostawc\u00f3w, nasze produkty s\u0105 w 100% wyprodukowane we W\u0142oszech. Wsp\u00f3\u0142pracujemy z najlepszymi europejskimi dostawcami, dostarczaj\u0105c naszym klientom innowacyjny sprz\u0119t charakteryzuj\u0105cy si\u0119 najwy\u017csz\u0105 jako\u015bci\u0105, niezawodno\u015bci\u0105 i dba\u0142o\u015bci\u0105 o \u015brodowisko.<\/p>\n<p>[\/et_pb_blurb][et_pb_blurb title=&#8221;CERTYFIKACJA PRODUKTU&#8221; use_icon=&#8221;on&#8221; icon_placement=&#8221;left&#8221; content_max_width=&#8221;100%&#8221; image_icon_width_last_edited=&#8221;off|desktop&#8221; admin_label=&#8221;CERTIFICATION&#8221; _builder_version=&#8221;4.25.2&#8243; header_font=&#8221;Oswald|||on|||||&#8221; header_text_color=&#8221;#E02B20&#8243; header_font_size=&#8221;18px&#8221; header_letter_spacing=&#8221;2px&#8221; header_line_height=&#8221;1.7em&#8221; body_font=&#8221;Open Sans|600|||||||&#8221; body_font_size=&#8221;16px&#8221; body_line_height=&#8221;1.8em&#8221; animation_style=&#8221;slide&#8221; animation_direction=&#8221;right&#8221; animation_duration=&#8221;1600ms&#8221; border_color_all_image=&#8221;rgba(51,51,51,0)&#8221; border_style_all_image=&#8221;none&#8221; image_max_width_last_edited=&#8221;off|desktop&#8221; global_colors_info=&#8221;{}&#8221;]<\/p>\n<p>Wszystkie nasze \u017curawie s\u0105 zgodne z obowi\u0105zuj\u0105cymi przepisami europejskimi, w tym Dyrektyw\u0105 Maszynow\u0105 2006\/42\/WE, Dyrektyw\u0105 2014\/35\/UE (niskonapi\u0119ciowe) oraz Dyrektyw\u0105 2014\/30\/UE (kompatybilno\u015b\u0107 elektromagnetyczna).<\/p>\n<p>[\/et_pb_blurb][et_pb_blurb title=&#8221;OBS\u0141UGA KLIENTA&#8221; use_icon=&#8221;on&#8221; icon_placement=&#8221;left&#8221; content_max_width=&#8221;100%&#8221; image_icon_width_last_edited=&#8221;off|desktop&#8221; admin_label=&#8221;CUSTOMER CARE&#8221; _builder_version=&#8221;4.25.2&#8243; header_font=&#8221;Oswald|||on|||||&#8221; header_text_color=&#8221;#E02B20&#8243; header_font_size=&#8221;18px&#8221; header_letter_spacing=&#8221;2px&#8221; header_line_height=&#8221;1.7em&#8221; body_font=&#8221;Open Sans|600|||||||&#8221; body_font_size=&#8221;16px&#8221; body_line_height=&#8221;1.8em&#8221; animation_style=&#8221;slide&#8221; animation_direction=&#8221;right&#8221; animation_duration=&#8221;1600ms&#8221; border_color_all_image=&#8221;rgba(51,51,51,0)&#8221; border_style_all_image=&#8221;none&#8221; image_max_width_last_edited=&#8221;off|desktop&#8221; global_colors_info=&#8221;{}&#8221;]<\/p>\n<p>Mo\u017cesz na nas liczy\u0107 o ka\u017cdej porze, w ka\u017cdym miejscu i w przypadku ka\u017cdego produktu.<\/p>\n<p>Cz\u0119\u015bci zamiennych dostarczonych w ci\u0105gu 24 \/ 36 h od zam\u00f3wienia.<\/p>\n<p>[\/et_pb_blurb][\/et_pb_column][\/et_pb_section][et_pb_section fb_built=&#8221;1&#8243; prev_background_color=&#8221;#ffffff&#8221; _builder_version=&#8221;4.22.2&#8243; _module_preset=&#8221;default&#8221; background_color=&#8221;#6f6a6e&#8221; custom_padding=&#8221;75px|||||&#8221; top_divider_style=&#8221;waves2&#8243; top_divider_height=&#8221;52px&#8221; da_disable_devices=&#8221;off|off|off&#8221; locked=&#8221;off&#8221; global_colors_info=&#8221;{}&#8221; da_is_popup=&#8221;off&#8221; da_exit_intent=&#8221;off&#8221; da_has_close=&#8221;on&#8221; da_alt_close=&#8221;off&#8221; da_dark_close=&#8221;off&#8221; da_not_modal=&#8221;on&#8221; da_is_singular=&#8221;off&#8221; da_with_loader=&#8221;off&#8221; da_has_shadow=&#8221;on&#8221;][et_pb_row _builder_version=&#8221;4.16&#8243; _module_preset=&#8221;default&#8221; global_colors_info=&#8221;{}&#8221;][et_pb_column type=&#8221;4_4&#8243; _builder_version=&#8221;4.16&#8243; _module_preset=&#8221;default&#8221; global_colors_info=&#8221;{}&#8221;][et_pb_text _builder_version=&#8221;4.25.2&#8243; _module_preset=&#8221;default&#8221; header_2_text_align=&#8221;center&#8221; header_2_text_color=&#8221;#FFFFFF&#8221; header_2_line_height=&#8221;1.3em&#8221; global_colors_info=&#8221;{}&#8221;]<\/p>\n<h2>Zobacz u naszych \u017curawi<\/h2>\n<p>[\/et_pb_text][et_pb_button button_url=&#8221;https:\/\/liftingfx.girafdev.compl\/zurawie-z-przeciwwaga\/&#8221; button_text=&#8221;Odkryj nasze d\u017awigi&#8221; button_alignment=&#8221;center&#8221; _builder_version=&#8221;4.27.3&#8243; _module_preset=&#8221;default&#8221; custom_button=&#8221;on&#8221; button_text_size=&#8221;14px&#8221; button_text_color=&#8221;#FFFFFF&#8221; button_bg_color=&#8221;#E02B20&#8243; button_border_width=&#8221;0px&#8221; button_border_radius=&#8221;2px&#8221; button_letter_spacing=&#8221;2px&#8221; button_font=&#8221;Open Sans|700||on|||||&#8221; hover_enabled=&#8221;0&#8243; global_colors_info=&#8221;{}&#8221; button_bg_color__hover_enabled=&#8221;on|hover&#8221; button_bg_color__hover=&#8221;rgba(0,0,0,0.7)&#8221; button_bg_enable_color__hover=&#8221;on&#8221; button_border_radius__hover_enabled=&#8221;on|hover&#8221; button_border_radius__hover=&#8221;2px&#8221; sticky_enabled=&#8221;0&#8243;][\/et_pb_button][\/et_pb_column][\/et_pb_row][\/et_pb_section]<\/p>\n","protected":false},"excerpt":{"rendered":"<p><div class=\"et_pb_module lwp_divi_breadcrumbs lwp_divi_breadcrumbs_0\">\n\t\t\t\t\n\t\t\t\t\n\t\t\t\t\n\t\t\t\t\n\t\t\t\t\n\t\t\t\t\n\t\t\t\t<div class=\"et_pb_module_inner\">\n\t\t\t\t\t<div class=\"lwp-breadcrumbs\"> <span class=\"before\"><\/span> <span vocab=\"https:\/\/schema.org\/\" typeof=\"BreadcrumbList\"><span property=\"itemListElement\" typeof=\"ListItem\"><a property=\"item\" typeof=\"WebPage\" href=\"https:\/\/liftingfx.girafdev.com\/pl\/\" class=\"home\"><span property=\"name\">Home<\/span><\/a><meta property=\"position\" content=\"1\"><\/span> <span class=\"separator et-pb-icon\">&amp;#x39;<\/span> <\/span><\/div>\n\t\t\t\t<\/div>\n\t\t\t<\/div>Nasz dzia\u0142 Bada\u0144 i Rozwoju zawsze koncentruje si\u0119 na ci\u0105g\u0142ym doskonaleniu technologicznym wszystkich naszych suwnic w celu zapewnienia niezawodnych i bezpiecznych warunk\u00f3w u\u017cytkowania i eksploatacji.Nasze procesy produkcyjne s\u0105 \u015bci\u015ble kontrolowane w celu zapewnienia zgodno\u015bci komponent\u00f3w we wszystkich naszych dzia\u0142ach. \u017burawie firmy Flex Lifting by AxA Group s\u0105 od ponad 50 [&hellip;]<\/p>\n","protected":false},"author":9,"featured_media":4920,"parent":279222,"menu_order":0,"comment_status":"closed","ping_status":"closed","template":"","meta":{"_acf_changed":false,"_et_pb_use_builder":"on","_et_pb_old_content":"","_et_gb_content_width":"","footnotes":""},"class_list":["post-279136","page","type-page","status-publish","has-post-thumbnail","hentry"],"acf":[],"_links":{"self":[{"href":"https:\/\/liftingfx.girafdev.com\/pl\/wp-json\/wp\/v2\/pages\/279136","targetHints":{"allow":["GET"]}}],"collection":[{"href":"https:\/\/liftingfx.girafdev.com\/pl\/wp-json\/wp\/v2\/pages"}],"about":[{"href":"https:\/\/liftingfx.girafdev.com\/pl\/wp-json\/wp\/v2\/types\/page"}],"author":[{"embeddable":true,"href":"https:\/\/liftingfx.girafdev.com\/pl\/wp-json\/wp\/v2\/users\/9"}],"replies":[{"embeddable":true,"href":"https:\/\/liftingfx.girafdev.com\/pl\/wp-json\/wp\/v2\/comments?post=279136"}],"version-history":[{"count":8,"href":"https:\/\/liftingfx.girafdev.com\/pl\/wp-json\/wp\/v2\/pages\/279136\/revisions"}],"predecessor-version":[{"id":317930,"href":"https:\/\/liftingfx.girafdev.com\/pl\/wp-json\/wp\/v2\/pages\/279136\/revisions\/317930"}],"up":[{"embeddable":true,"href":"https:\/\/liftingfx.girafdev.com\/pl\/wp-json\/wp\/v2\/pages\/279222"}],"wp:featuredmedia":[{"embeddable":true,"href":"https:\/\/liftingfx.girafdev.com\/pl\/wp-json\/wp\/v2\/media\/4920"}],"wp:attachment":[{"href":"https:\/\/liftingfx.girafdev.com\/pl\/wp-json\/wp\/v2\/media?parent=279136"}],"curies":[{"name":"wp","href":"https:\/\/api.w.org\/{rel}","templated":true}]}}