{"id":317018,"date":"2025-05-14T13:44:13","date_gmt":"2025-05-14T11:44:13","guid":{"rendered":"https:\/\/liftingfx.girafdev.com?post_type=product&#038;p=317018"},"modified":"2025-06-25T17:47:35","modified_gmt":"2025-06-25T15:47:35","slug":"flex-g750dbr-mobil-motvektskran","status":"publish","type":"product","link":"https:\/\/liftingfx.girafdev.com\/no\/product\/flex-g750dbr-mobil-motvektskran\/","title":{"rendered":"FLEX G750DBR MOBIL MOTVEKTSKRAN"},"content":{"rendered":"<p><span style=\"font-weight: 400;\">FLEX G750DBR kranen er en <\/span><b>motvekt svingkran med elektrisk trekkraft<\/b><span style=\"font-weight: 400;\"> som tillater l\u00f8fting av last p\u00e5 opptil 750 kg.<\/span><\/p>\n<p><span style=\"font-weight: 400;\">Rotasjonen av armen, l\u00e5sbar hver 30\u00b0, gj\u00f8res manuelt og forenkles av tilstedev\u00e6relsen av lagre og to ergonomiske h\u00e5ndtak plassert p\u00e5 toppen av ballasten. Kranen er utstyrt med 2 faste hjul og et motordrevet hjul, koblet direkte til draget, og garanterer maksimal man\u00f8vrerbarhet p\u00e5 trange steder.<\/span><\/p>\n<p><span style=\"font-weight: 400;\">Standardutstyr: forseglede og vedlikeholdsfrie AGM-batterier, ekstern batterilader, s\u00f8yle med LED-lys som indikerer korrekt drift av kranen og advarsel ved overbelastning, n\u00f8dbryter.<\/span><\/p>\n<p><b>Flex G750DBR-kranen<\/b><span style=\"font-weight: 400;\"> er ogs\u00e5 utstyrt med et multifunksjonsdisplay som viser ladeniv\u00e5, batterispenning og driftstimer.<\/span><\/p>\n<p><span style=\"font-weight: 400;\">Heving, senking, forlengelse og tilbaketrekking av armen er elektrisk styrt. Alle bevegelser kan justeres av operat\u00f8ren ved hjelp av en fjernkontroll. <\/span><b>Fjernkontrollen er utstyrt med et potensiometer som lar deg styre hastigheten og proporsjonaliteten til bevegelsene til kranarmen.<\/b><\/p>\n<p><span style=\"font-weight: 400;\">Det er en <\/span><b>universell mobilkran<\/b><span style=\"font-weight: 400;\"> med ubegrensede bruksmuligheter. Ved \u00e5 bruke <\/span><b>FLEX G750DBR minikran,<\/b><span style=\"font-weight: 400;\"> takket v\u00e6re dens 270\u00b0 rotasjon og teleskoparm, er det mulig \u00e5 plassere komponenter som st\u00f8peformer, reservedeler, halvfabrikata og andre belastninger p\u00e5 CNC maskineringssentre, hyller, monteringsbord, etc.<\/span><\/p>\n<p><b>Sikkerhetsfunksjoner:<\/b><\/p>\n<p><b>Dynamisk lastbegrenser<\/b><span style=\"font-weight: 400;\"> som forhindrer overbelastning og mulige ulykker. Overv\u00e5ker konstant lasten som l\u00f8ftes eller flyttes og begrenser automatisk driften hvis lasten overskrider den innstilte sikkerhetsgrensen.<\/span><\/p>\n<p><b>Sperreventilen <\/b><span style=\"font-weight: 400;\">aktiveres automatisk ved brudd p\u00e5 hydraulikkslangen, og hindrer at lasten faller ukontrollert.<\/span><\/p>\n<p><span style=\"font-weight: 400;\">Lederhodet er utstyrt med en hastighetsvelger som gj\u00f8r at kj\u00f8ret\u00f8yets hastighet kan justeres til ulike driftsbehov. Det er to tilgjengelige elementer:<\/span><\/p>\n<ul>\n<li><span style=\"font-weight: 400;\"> Sakte modus: begrenser maksimal hastighet til 1,5 km\/t, ideelt for presise man\u00f8vrer p\u00e5 trange steder og delikat h\u00e5ndtering av last.<\/span><\/li>\n<li><span style=\"font-weight: 400;\"> Standardhastighet: tillater en maksimal hastighet p\u00e5 3 km\/t, egnet for \u00e5 dekke lange avstander under standardforhold<\/span><\/li>\n<\/ul>\n<p><b>FLEX G750DBR motvektskranen<\/b><span style=\"font-weight: 400;\"> lar deg flytte og l\u00f8fte last i full overensstemmelse med gjeldende standarder for \u00e5 beskytte operat\u00f8rsikkerheten.<\/span><\/p>\n","protected":false},"excerpt":{"rendered":"<p>MED FJERNKONTROLL<\/p>\n<p><span style=\"vertical-align: inherit;\"><span style=\"vertical-align: inherit;\"><span style=\"vertical-align: inherit;\"><span style=\"vertical-align: inherit;\">L\u00d8FTEKAPASITET 750 kg\u00a0<\/span><\/span><\/span><\/span><\/p>\n","protected":false},"featured_media":317066,"template":"","meta":{"_acf_changed":false,"_et_pb_use_builder":"","_et_pb_old_content":"","_et_gb_content_width":""},"product_brand":[],"product_cat":[600],"product_tag":[],"class_list":{"0":"post-317018","1":"product","2":"type-product","3":"status-publish","4":"has-post-thumbnail","6":"product_cat-gru-a-trazione-elettrica-pick-carry-con-doppio-e-triplo-sfilo-elettrico-no","7":"pa_portata-max-kg-750-no","9":"first","10":"instock","11":"shipping-taxable","12":"product-type-simple"},"acf":[],"gallery_images":[317061,317121,317111,317101,317091,317081,317071],"_links":{"self":[{"href":"https:\/\/liftingfx.girafdev.com\/no\/wp-json\/wp\/v2\/product\/317018","targetHints":{"allow":["GET"]}}],"collection":[{"href":"https:\/\/liftingfx.girafdev.com\/no\/wp-json\/wp\/v2\/product"}],"about":[{"href":"https:\/\/liftingfx.girafdev.com\/no\/wp-json\/wp\/v2\/types\/product"}],"wp:featuredmedia":[{"embeddable":true,"href":"https:\/\/liftingfx.girafdev.com\/no\/wp-json\/wp\/v2\/media\/317066"}],"wp:attachment":[{"href":"https:\/\/liftingfx.girafdev.com\/no\/wp-json\/wp\/v2\/media?parent=317018"}],"wp:term":[{"taxonomy":"product_brand","embeddable":true,"href":"https:\/\/liftingfx.girafdev.com\/no\/wp-json\/wp\/v2\/product_brand?post=317018"},{"taxonomy":"product_cat","embeddable":true,"href":"https:\/\/liftingfx.girafdev.com\/no\/wp-json\/wp\/v2\/product_cat?post=317018"},{"taxonomy":"product_tag","embeddable":true,"href":"https:\/\/liftingfx.girafdev.com\/no\/wp-json\/wp\/v2\/product_tag?post=317018"}],"curies":[{"name":"wp","href":"https:\/\/api.w.org\/{rel}","templated":true}]}}