{"id":316429,"date":"2025-05-08T11:04:46","date_gmt":"2025-05-08T09:04:46","guid":{"rendered":"https:\/\/liftingfx.girafdev.com?post_type=product&#038;p=316429"},"modified":"2025-06-25T17:29:42","modified_gmt":"2025-06-25T15:29:42","slug":"flex-g750dbl-batteridrevet-elektrisk-kran-750-kg","status":"publish","type":"product","link":"https:\/\/liftingfx.girafdev.com\/no\/product\/flex-g750dbl-batteridrevet-elektrisk-kran-750-kg\/","title":{"rendered":"FLEX G750DBL BATTERIDREVET ELEKTRISK KRAN"},"content":{"rendered":"<p>Flex G750DBL-modellen er en <strong>batteridrevet elektrisk kran<\/strong> med en maksimal <strong>l\u00f8ftekapasitet p\u00e5 opptil 750 kg<\/strong>.<\/p>\n<p>Dette l\u00f8fteutstyret er utstyrt med en elektrisk arm som garanterer en rekkevidde p\u00e5 2400 mm.<\/p>\n<p><span style=\"font-weight: 400;\">Rotasjonen av armen, l\u00e5sbar hver 30\u00b0, gj\u00f8res manuelt og forenkles av tilstedev\u00e6relsen av lagre og to ergonomiske h\u00e5ndtak plassert p\u00e5 toppen av ballasten. Kranen er utstyrt med 2 faste hjul og et motordrevet hjul, koblet direkte til draget, og garanterer maksimal man\u00f8vrerbarhet p\u00e5 trange steder.<\/span><\/p>\n<p><span style=\"font-weight: 400;\">Standardutstyr: forseglede og vedlikeholdsfrie AGM-batterier, ekstern batterilader, s\u00f8yle med LED-lys som indikerer korrekt drift av kranen og advarsel ved overbelastning, n\u00f8dbryter.<\/span><\/p>\n<p><b>Flex G750DBL-kranen<\/b><span style=\"font-weight: 400;\"> er ogs\u00e5 utstyrt med et multifunksjonsdisplay som viser ladeniv\u00e5, batterispenning og driftstimer.<\/span><\/p>\n<p><span style=\"font-weight: 400;\">Heving, senking, forlengelse og tilbaketrekking av armen er elektrisk styrt. Alle bevegelser reguleres av operat\u00f8ren ved hjelp av kontrollspaker plassert p\u00e5 kranens kontrollpanel. <\/span><b>Hastighet og proporsjonalitet styres ved bevegelse av spaken.<\/b><\/p>\n<p><span style=\"font-weight: 400;\">Det er en <\/span><b>universell mobilkran<\/b><span style=\"font-weight: 400;\"> med ubegrensede bruksmuligheter. Ved \u00e5 bruke <\/span><b>FLEX G750DBL minikran,<\/b><span style=\"font-weight: 400;\"> takket v\u00e6re dens 270\u00b0 rotasjon og teleskoparm, er det mulig \u00e5 plassere komponenter som st\u00f8peformer, reservedeler, halvfabrikata og andre belastninger p\u00e5 CNC maskineringssentre, hyller, monteringsbord, etc.<\/span><\/p>\n<p><b>Sikkerhetsfunksjoner:<\/b><\/p>\n<p><b>Dynamisk lastbegrenser<\/b><span style=\"font-weight: 400;\"> som forhindrer overbelastning og mulige ulykker. Overv\u00e5ker konstant lasten som l\u00f8ftes eller flyttes og begrenser automatisk driften hvis lasten overskrider den innstilte sikkerhetsgrensen.<\/span><\/p>\n<p><b>Sperreventilen <\/b><span style=\"font-weight: 400;\">aktiveres automatisk ved brudd p\u00e5 hydraulikkslangen, og hindrer at lasten faller ukontrollert.<\/span><\/p>\n<p><span style=\"font-weight: 400;\">Lederhodet er utstyrt med en hastighetsvelger som gj\u00f8r at kj\u00f8ret\u00f8yets hastighet kan justeres til ulike driftsbehov. Det er to tilgjengelige elementer:<\/span><\/p>\n<ul>\n<li><span style=\"font-weight: 400;\"> Sakte modus: begrenser maksimal hastighet til 1,5 km\/t, ideelt for presise man\u00f8vrer p\u00e5 trange steder og delikat h\u00e5ndtering av last.<\/span><\/li>\n<li><span style=\"font-weight: 400;\"> Standardhastighet: tillater en maksimal hastighet p\u00e5 3 km\/t, egnet for \u00e5 dekke lange avstander under standardforhold<\/span><\/li>\n<\/ul>\n<p><b>FLEXG750DBL motvektskranen<\/b><span style=\"font-weight: 400;\"> lar deg flytte og l\u00f8fte last i full overensstemmelse med gjeldende standarder for \u00e5 beskytte operat\u00f8rsikkerheten.<\/span><\/p>\n","protected":false},"excerpt":{"rendered":"<p>MED KONTROLLSPAKER<\/p>\n<p><span style=\"vertical-align: inherit;\"><span style=\"vertical-align: inherit;\">L\u00d8FTEKAPASITET 750 kg capacity<\/span><\/span><\/p>\n","protected":false},"featured_media":316437,"template":"","meta":{"_acf_changed":false,"_et_pb_use_builder":"","_et_pb_old_content":"<strong>The electric counterbalanced crane FLEX G500SBL is a power driven counterbalanced swivel crane. Capacity 500Kg.<\/strong>\r\n<ul>\r\n \t<li>It is equipped with an easy-sliding drive wheel and a pair of airtight AGM batteries.<\/li>\r\n \t<li>Electric lifting and lowering, extension and retraction at adjustable and proportional speed.<\/li>\r\n \t<li>The electric counterbalanced crane is extremely versatile, agile and easily maneuverable even in confined spaces.<\/li>\r\n<\/ul>\r\nThe\u00a0<strong>counterbalanced mobile mini crane<\/strong>\u00a0FLEX G500SBL is a\u00a0<strong>universal lifting solution<\/strong>\u00a0with unlimited use possibilities. Thanks to its 270 degrees free rotating Jib arm , this\u00a0<strong>lifting equipment<\/strong>\u00a0is ideal for placements of moulds and various loads over obstruction\/barrier,on 3D machines, lathes,narrow openings, assembly lines and over perimeter protections.\r\n\r\n<b>FLEX G500SBL\u00a0<\/b>is equipped with a\u00a0<b>4-function\u00a0<\/b><b>distribution<\/b>\u00a0<b>lever<\/b>\u00a0for:\u00a0arm lifting \u2013 arm lowering \u2013 boom extension \u2013 boom retraction.\u00a0All movements can be operated with adjustable and proportional speed.\r\n\r\n<strong>TILLER ARM<\/strong>\r\n\r\nMaximum ergonomics :\u00a0the operator can firmly grip the tiller handles with both hands Safe driving\u00a0: Tiller arm safety switch disables operation in non-allowed positions Slow\/fast speed :\u00a02-speed driving Slow mode of 1.5 km\/hr ideal for tight spaces and to safely move the load Standard speed of 3.0 km\/hr to drive the crane along long distances Audible motion warning device\u00a0:\u00a0Horn with anti-noise polyester axial capacitor Anti-crush belly button:\u00a0anti-crush button with automatic reversing switch to ensure the safety of the operator in every maneuvering operation 2 butterfly controls:\u00a0\u00a0for forward travel and backward travel controls\r\n\r\n<strong>CONTROLS, WARNING LIGHTS AND STANDARD FEATURES<\/strong>\r\n\r\n2 position\u00a0key switch\u00a0;\u00a0emergency button\u00a0;\u00a0Green indicator light\u00a0showing maximum load position and the upward\/downward motion and extension & retraction motion are active;\u00a0Red control light\u00a0showing maximum load capacity (when the red light is activated is not possible to lift the load and extend the jib ); Indicator showing the\u00a0battery charge level;\u00a0Schuko socket\u00a0for 220V charge ; Visual warning\u00a0LED beacon; 24V\u00a0intermittent buzzer\u00a0when the crane is moving to increase operator safety;\u00a0Storage compartment.\r\n\r\n<strong>POWER DRIVE<\/strong>\r\n\r\nAC\u00a0traction motor\u00a0with recovery braking. Permanent magnet\u00a0drive wheel\u00a0in direct current 24V 700W; high frequency\u00a0MOSFET controller.","_et_gb_content_width":""},"product_brand":[],"product_cat":[600],"product_tag":[],"class_list":{"0":"post-316429","1":"product","2":"type-product","3":"status-publish","4":"has-post-thumbnail","6":"product_cat-gru-a-trazione-elettrica-pick-carry-con-doppio-e-triplo-sfilo-elettrico-no","7":"pa_portata-max-kg-750-no","9":"first","10":"instock","11":"shipping-taxable","12":"product-type-simple"},"acf":[],"gallery_images":[316442,316452,316462,316472,316482,316492,316502],"_links":{"self":[{"href":"https:\/\/liftingfx.girafdev.com\/no\/wp-json\/wp\/v2\/product\/316429","targetHints":{"allow":["GET"]}}],"collection":[{"href":"https:\/\/liftingfx.girafdev.com\/no\/wp-json\/wp\/v2\/product"}],"about":[{"href":"https:\/\/liftingfx.girafdev.com\/no\/wp-json\/wp\/v2\/types\/product"}],"wp:featuredmedia":[{"embeddable":true,"href":"https:\/\/liftingfx.girafdev.com\/no\/wp-json\/wp\/v2\/media\/316437"}],"wp:attachment":[{"href":"https:\/\/liftingfx.girafdev.com\/no\/wp-json\/wp\/v2\/media?parent=316429"}],"wp:term":[{"taxonomy":"product_brand","embeddable":true,"href":"https:\/\/liftingfx.girafdev.com\/no\/wp-json\/wp\/v2\/product_brand?post=316429"},{"taxonomy":"product_cat","embeddable":true,"href":"https:\/\/liftingfx.girafdev.com\/no\/wp-json\/wp\/v2\/product_cat?post=316429"},{"taxonomy":"product_tag","embeddable":true,"href":"https:\/\/liftingfx.girafdev.com\/no\/wp-json\/wp\/v2\/product_tag?post=316429"}],"curies":[{"name":"wp","href":"https:\/\/api.w.org\/{rel}","templated":true}]}}