{"id":307714,"date":"2025-01-22T14:57:31","date_gmt":"2025-01-22T13:57:31","guid":{"rendered":"https:\/\/liftingfx.girafdev.com?post_type=product&#038;p=307714"},"modified":"2025-01-22T16:40:02","modified_gmt":"2025-01-22T15:40:02","slug":"lbac250-lofteak-for-big-bags-kapasitet-250-kg","status":"publish","type":"product","link":"https:\/\/liftingfx.girafdev.com\/no\/product\/lbac250-lofteak-for-big-bags-kapasitet-250-kg\/","title":{"rendered":"LBAC250 Kryss l\u00f8fte\u00e5k for Big Bags kapasitet 250 kg"},"content":{"rendered":"<h2>KAPASITET MAX 250 KG<\/h2>\n<p>L\u00f8fte\u00e5k for Big Bags LBAC250. Enkel og sv\u00e6rt sikker l\u00f8fting av store sekker p\u00e5 4 sikkerhetskroker.Utallige andre bruksomr\u00e5der i forbindelse med stropper.\u00a0Lastekapasitet 250 kg.<\/p>\n<p>Dette l\u00f8fte\u00e5ket er beregnet for l\u00f8ft og transport av storsekker.<\/p>\n<p><a href=\"https:\/\/liftingfx.girafdev.comwp-content\/uploads\/2025\/01\/LBAC250-drawing.pdf\">Se tegning<\/a><\/p>\n<p>&nbsp;<\/p>\n","protected":false},"excerpt":{"rendered":"<p>KAPASITET MAX 250 KG L\u00f8fte\u00e5k for Big Bags LBAC250. Enkel og sv\u00e6rt sikker l\u00f8fting av store sekker p\u00e5 4 sikkerhetskroker.Utallige andre bruksomr\u00e5der i forbindelse med stropper.\u00a0Lastekapasitet 250 kg. Dette l\u00f8fte\u00e5ket er beregnet for l\u00f8ft og transport av storsekker. Se tegning &nbsp;<\/p>\n","protected":false},"featured_media":307723,"template":"","meta":{"_acf_changed":false,"_et_pb_use_builder":"off","_et_pb_old_content":"","_et_gb_content_width":""},"product_brand":[],"product_cat":[673],"product_tag":[],"class_list":{"0":"post-307714","1":"product","2":"type-product","3":"status-publish","4":"has-post-thumbnail","6":"product_cat-tilbehor","8":"first","9":"instock","10":"shipping-taxable","11":"product-type-simple"},"acf":[],"gallery_images":[307718],"_links":{"self":[{"href":"https:\/\/liftingfx.girafdev.com\/no\/wp-json\/wp\/v2\/product\/307714","targetHints":{"allow":["GET"]}}],"collection":[{"href":"https:\/\/liftingfx.girafdev.com\/no\/wp-json\/wp\/v2\/product"}],"about":[{"href":"https:\/\/liftingfx.girafdev.com\/no\/wp-json\/wp\/v2\/types\/product"}],"wp:featuredmedia":[{"embeddable":true,"href":"https:\/\/liftingfx.girafdev.com\/no\/wp-json\/wp\/v2\/media\/307723"}],"wp:attachment":[{"href":"https:\/\/liftingfx.girafdev.com\/no\/wp-json\/wp\/v2\/media?parent=307714"}],"wp:term":[{"taxonomy":"product_brand","embeddable":true,"href":"https:\/\/liftingfx.girafdev.com\/no\/wp-json\/wp\/v2\/product_brand?post=307714"},{"taxonomy":"product_cat","embeddable":true,"href":"https:\/\/liftingfx.girafdev.com\/no\/wp-json\/wp\/v2\/product_cat?post=307714"},{"taxonomy":"product_tag","embeddable":true,"href":"https:\/\/liftingfx.girafdev.com\/no\/wp-json\/wp\/v2\/product_tag?post=307714"}],"curies":[{"name":"wp","href":"https:\/\/api.w.org\/{rel}","templated":true}]}}